{"id":18984,"date":"2019-04-22T14:09:34","date_gmt":"2019-04-22T14:09:34","guid":{"rendered":"https:\/\/linfuseur.com\/18984-2\/"},"modified":"2024-01-10T13:59:00","modified_gmt":"2024-01-10T13:59:00","slug":"rezepte-detox-getranke-linfuseur","status":"publish","type":"page","link":"https:\/\/linfuseur.com\/de\/rezepte-detox-getranke-linfuseur\/","title":{"rendered":"Rezepte f\u00fcr Detox-Getr\u00e4nke von L&#8217;infuseur"},"content":{"rendered":"\n<div class=\"wp-block-columns is-layout-flex wp-container-core-columns-is-layout-9d6595d7 wp-block-columns-is-layout-flex\">\n<div class=\"wp-block-column is-layout-flow wp-block-column-is-layout-flow\">\n<figure class=\"wp-block-image size-large\"><img decoding=\"async\" width=\"500\" height=\"693\" src=\"https:\/\/linfuseur.com\/wp-content\/uploads\/2019\/06\/couverture-livre.jpg\" alt=\"\" class=\"wp-image-1637\" srcset=\"https:\/\/linfuseur.com\/wp-content\/uploads\/2019\/06\/couverture-livre.jpg 500w, https:\/\/linfuseur.com\/wp-content\/uploads\/2019\/06\/couverture-livre-216x300.jpg 216w\" sizes=\"(max-width: 500px) 100vw, 500px\" \/><\/figure><\/div>\n\n\n\n<div class=\"wp-block-column is-vertically-aligned-center is-layout-flow wp-block-column-is-layout-flow\">\n<h2 class=\"wp-block-heading\"><strong>\u201eFaites entrer les infusions dans votre vie\u201c, Rezepte f\u00fcr pflanzliche Detox-Getr\u00e4nke von C\u00e9line Ruffet<\/strong><\/h2>\n\n\n\n<p>Autorin: C\u00e9line Ruffet<br\/>Fotos: Delphine Constantini und Natacha Arnoult<\/p>\n\n\n\n<p>In ihrem Buch<em> \u201eFaites entrer les infusions dans votre vie\u201c<\/em> stellt Ihnen C\u00e9line Ruffet Rezepte f\u00fcr Detox-Getr\u00e4nke aus Pflanzen und nat\u00fcrlichen Zutaten vor, die Sie zu Hause im Garten oder auf dem Balkon anbauen k\u00f6nnen. Fernab von medizinischen Abkochungen und Omas Kr\u00e4utertees ergeben diese neu \u00fcberarbeiteten und mit frischen Produkten kreierten Rezepte elegante Kr\u00e4utertees. Sie sind einfach zuzubereiten und Sie k\u00f6nnen diese Healthy-, Gourmet- oder Detox-Tees ganz leicht in Ihrer K\u00fcche zubereiten.<\/p>\n\n\n\n<p>Diese warmen oder kalten hausgemachten Kr\u00e4utertees werden Sie im Sommer wie im Winter begeistern und sind ideal, um Sie bei Ihren Wohlf\u00fchlritualen zu begleiten, um Ihr Gleichgewicht wiederzufinden, Energie zu tanken und Ihr Wohlbefinden zu steigern.<\/p>\n\n\n\n<div style=\"height:20px\" aria-hidden=\"true\" class=\"wp-block-spacer\"><\/div>\n\n\n\n<blockquote class=\"wp-block-quote is-style-default is-layout-flow wp-block-quote-is-layout-flow\"><p><em>Vergessen Sie Ihre Vorurteile gegen\u00fcber Kr\u00e4utertee und lassen Sie Kr\u00e4utertees in Ihren Alltag einziehen.<\/em><\/p><\/blockquote>\n\n\n\n<div style=\"height:20px\" aria-hidden=\"true\" class=\"wp-block-spacer\"><\/div>\n\n\n\n<div class=\"wp-block-buttons is-content-justification-center is-layout-flex wp-block-buttons-is-layout-flex\">\n<div class=\"wp-block-button\"><a class=\"wp-block-button__link has-white-color has-black-background-color has-text-color has-background no-border-radius\" href=\"https:\/\/linfuseur.com\/de\/produit\/buch-linfuseur\/?attribute_pa_condionnement=livre\">Bestellen<\/a><\/div>\n<\/div>\n<\/div>\n<\/div>\n\n<div style=\"height:20px\" aria-hidden=\"true\" class=\"wp-block-spacer\"><\/div>\n\n<h2 class=\"wp-block-heading\"><strong>Entdecken Sie die Rezepte von C\u00e9line Ruffet<\/strong><\/h2>\n\n<p>C\u00e9line Ruffet verr\u00e4t uns das Geheimnis von 3 Rezepten f\u00fcr entgiftende, verdauungsf\u00f6rdernde und belebende Getr\u00e4nke mit vielen positiven Eigenschaften, die einen kleinen Vorgeschmack auf die nat\u00fcrlichen und wohltuenden Rezepte bieten, die sie in ihrem ganzen Buch mit Ihnen teilt.<\/p>\n\n<div style=\"height:20px\" aria-hidden=\"true\" class=\"wp-block-spacer\"><\/div>\n\n<div class=\"wp-block-columns recette-column is-layout-flex wp-container-core-columns-is-layout-9d6595d7 wp-block-columns-is-layout-flex\">\n<div class=\"wp-block-column is-layout-flow wp-block-column-is-layout-flow\">\n<figure class=\"wp-block-image size-large\"><img decoding=\"async\" width=\"470\" height=\"470\" src=\"https:\/\/linfuseur.com\/wp-content\/uploads\/2020\/08\/recette-eaudetox.jpg\" alt=\"\" class=\"wp-image-4593\" srcset=\"https:\/\/linfuseur.com\/wp-content\/uploads\/2020\/08\/recette-eaudetox.jpg 470w, https:\/\/linfuseur.com\/wp-content\/uploads\/2020\/08\/recette-eaudetox-247x247.jpg 247w, https:\/\/linfuseur.com\/wp-content\/uploads\/2020\/08\/recette-eaudetox-100x100.jpg 100w, https:\/\/linfuseur.com\/wp-content\/uploads\/2020\/08\/recette-eaudetox-300x300.jpg 300w, https:\/\/linfuseur.com\/wp-content\/uploads\/2020\/08\/recette-eaudetox-150x150.jpg 150w, https:\/\/linfuseur.com\/wp-content\/uploads\/2020\/08\/recette-eaudetox-200x200.jpg 200w\" sizes=\"(max-width: 470px) 100vw, 470px\" \/><\/figure><\/div>\n\n\n\n<div class=\"wp-block-column is-layout-flow wp-block-column-is-layout-flow\">\n<h3 class=\"wp-block-heading\"><strong>DETOX-WASSER<\/strong><\/h3>\n\n\n\n<p>Detox &amp; hei\u00df oder kalt<\/p>\n\n\n\n<p><strong>Zutaten<\/strong><\/p>\n\n\n\n<ul class=\"wp-block-list\"><li>1 Liter Wasser<\/li><li>4 Zweige Rosmarin<\/li><li>3 Scheiben frischer, gesch\u00e4lter Ingwer<\/li><li>6 Scheiben frisch gesch\u00e4lte Kurkumawurzel<\/li><li>Saft von 1\/2 Zitrone<\/li><li>3 Zimtstangen<\/li><\/ul>\n\n\n<p><strong>Rezept<\/strong><\/p>\n\n\n\n<ol class=\"wp-block-list\" type=\"1\"><li>Die Ingwer- und Kurkumascheiben mit dem L\u00f6ffelr\u00fccken leicht zerdr\u00fccken.<\/li><li>Geben Sie alle Zutaten in eine Teekanne.<\/li><li>Gie\u00dfen Sie das k\u00f6chelnde Wasser hinein und lassen Sie den Tee 7 Minuten ziehen.<\/li><li>Filtern Sie ihn.<\/li><li>Trinken Sie lauwarm.<\/li><\/ol><\/div>\n<\/div>\n\n<hr class=\"wp-block-separator is-style-default\"\/>\n\n<div class=\"wp-block-columns recette-column is-layout-flex wp-container-core-columns-is-layout-9d6595d7 wp-block-columns-is-layout-flex\">\n<div class=\"wp-block-column is-layout-flow wp-block-column-is-layout-flow\">\n<h3 class=\"wp-block-heading\"><strong>APFELESSIG-ELIXIER MIT THYMIAN<\/strong><\/h3>\n\n\n\n<p>Detox &amp; hei\u00df<\/p>\n\n\n\n<p><strong>Zutaten:<\/strong><\/p>\n\n\n\n<ul class=\"wp-block-list\"><li>50 Zentiliter Wasser<\/li><li>4 Essl\u00f6ffel Apfelessig<\/li><li>4 Zweige Thymian<\/li><li>Saft von 1\/2 Zitrone<\/li><li>1 Zimtstange<\/li><li>Etwas Honig oder Agavensirup<\/li><li>1 Prise Cayennepfeffer (optional)<\/li><\/ul>\n\n\n<p><strong>Rezept:<\/strong><\/p>\n\n\n\n<ol class=\"wp-block-list\" type=\"1\"><li>Geben Sie den Zimt und den Thymian in einen Topf mit Wasser.<\/li><li>Bringen Sie das Wasser zum Kochen und reduzieren Sie dann die Hitze auf ein leichtes Kochen.<\/li><li>Warten Sie 2 bis 3 Minuten, stellen Sie dann die Hitze ab und lassen Sie den Tee 5 bis 7 Minuten ziehen.<\/li><li>F\u00fcgen Sie den Zitronensaft, den Apfelessig, den Pfeffer und den Honig hinzu.<\/li><li>Filtern und hei\u00df trinken.<\/li><\/ol>\n\n\n<p>Eine m\u00f6gliche Variante ist, ein St\u00fcck kandierten Ingwer in den Boden seiner Teekanne zu geben, falls Sie diesen zu Hause haben.<\/p>\n<\/div>\n\n\n\n<div class=\"wp-block-column is-layout-flow wp-block-column-is-layout-flow\">\n<figure class=\"wp-block-image size-large\"><img decoding=\"async\" width=\"462\" height=\"569\" src=\"https:\/\/linfuseur.com\/wp-content\/uploads\/2020\/08\/elixir_vinaigre_cidre_thym.jpg\" alt=\"\" class=\"wp-image-4594\" srcset=\"https:\/\/linfuseur.com\/wp-content\/uploads\/2020\/08\/elixir_vinaigre_cidre_thym.jpg 462w, https:\/\/linfuseur.com\/wp-content\/uploads\/2020\/08\/elixir_vinaigre_cidre_thym-244x300.jpg 244w\" sizes=\"(max-width: 462px) 100vw, 462px\" \/><\/figure><\/div>\n<\/div>\n\n<hr class=\"wp-block-separator is-style-default\"\/>\n\n<div class=\"wp-block-columns recette-column is-layout-flex wp-container-core-columns-is-layout-9d6595d7 wp-block-columns-is-layout-flex\">\n<div class=\"wp-block-column is-layout-flow wp-block-column-is-layout-flow\">\n<figure class=\"wp-block-image size-large\"><img decoding=\"async\" width=\"470\" height=\"409\" src=\"https:\/\/linfuseur.com\/wp-content\/uploads\/2020\/08\/eau-fraiche-romarin.jpg\" alt=\"\" class=\"wp-image-4596\" srcset=\"https:\/\/linfuseur.com\/wp-content\/uploads\/2020\/08\/eau-fraiche-romarin.jpg 470w, https:\/\/linfuseur.com\/wp-content\/uploads\/2020\/08\/eau-fraiche-romarin-300x261.jpg 300w\" sizes=\"(max-width: 470px) 100vw, 470px\" \/><\/figure><\/div>\n\n\n\n<div class=\"wp-block-column is-layout-flow wp-block-column-is-layout-flow\">\n<h3 class=\"wp-block-heading\"><strong>FRISCHES ROSMARINWASSER<\/strong><\/h3>\n\n\n\n<p>Verdauungsf\u00f6rdernd &amp; frisch<\/p>\n\n\n\n<p><strong>Zutaten:<\/strong><\/p>\n\n\n\n<ul class=\"wp-block-list\"><li>50 Zentiliter Wasser<\/li><li>4 Zweige Rosmarin<\/li><li>3 Ananasscheiben<\/li><li>2 Erdbeeren, in Scheiben geschnitten<\/li><\/ul>\n\n\n<p><strong>Rezept:<\/strong><\/p>\n\n\n\n<ol class=\"wp-block-list\" type=\"1\"><li>Geben Sie den Rosmarin, die Ananasscheiben<br\/>und Erdbeeren in einer Karaffe.<\/li><li>F\u00fcllen Sie Wasser ein.<\/li><li>Mindestens 2 Stunden lang k\u00fchl stellen.<\/li><\/ol>\n\n\n<p>Es ist auch eine Variation mit Sprudelwasser m\u00f6glich<\/p>\n<\/div>\n<\/div>\n","protected":false},"excerpt":{"rendered":"<p>\u201eFaites entrer les infusions dans votre vie\u201c, Rezepte f\u00fcr pflanzliche Detox-Getr\u00e4nke von C\u00e9line Ruffet Autorin: C\u00e9line RuffetFotos: Delphine Constantini und Natacha Arnoult In ihrem Buch \u201eFaites entrer les infusions dans votre vie\u201c stellt Ihnen C\u00e9line Ruffet Rezepte f\u00fcr Detox-Getr\u00e4nke aus Pflanzen und nat\u00fcrlichen Zutaten vor, die Sie zu Hause im Garten oder auf dem BalkonLire la suite<\/p>\n","protected":false},"author":263,"featured_media":0,"parent":0,"menu_order":0,"comment_status":"closed","ping_status":"closed","template":"","meta":{"_acf_changed":false,"footnotes":""},"class_list":["post-18984","page","type-page","status-publish","hentry"],"acf":[],"yoast_head":"<!-- This site is optimized with the Yoast SEO plugin v26.8 - https:\/\/yoast.com\/product\/yoast-seo-wordpress\/ -->\n<title>Rezepte f\u00fcr Detox-Getr\u00e4nke von L&#039;infuseur - L&#039;infuseur Paris<\/title>\n<meta name=\"description\" content=\"\u201eFaites entrer les infusions dans votre vie\u201c, ein Buch mit Rezepten f\u00fcr entgiftende und leckere Getr\u00e4nke zum Selbermachen von C\u00e9line Ruffet.\" \/>\n<meta name=\"robots\" content=\"index, follow, max-snippet:-1, max-image-preview:large, max-video-preview:-1\" \/>\n<link rel=\"canonical\" href=\"https:\/\/linfuseur.com\/de\/rezepte-detox-getranke-linfuseur\/\" \/>\n<meta property=\"og:locale\" content=\"de_DE\" \/>\n<meta property=\"og:type\" content=\"article\" \/>\n<meta property=\"og:title\" content=\"Rezepte f\u00fcr Detox-Getr\u00e4nke von L&#039;infuseur - L&#039;infuseur Paris\" \/>\n<meta property=\"og:description\" content=\"\u201eFaites entrer les infusions dans votre vie\u201c, ein Buch mit Rezepten f\u00fcr entgiftende und leckere Getr\u00e4nke zum Selbermachen von C\u00e9line Ruffet.\" \/>\n<meta property=\"og:url\" content=\"https:\/\/linfuseur.com\/de\/rezepte-detox-getranke-linfuseur\/\" \/>\n<meta property=\"og:site_name\" content=\"L&#039;infuseur Paris\" \/>\n<meta property=\"article:modified_time\" content=\"2024-01-10T13:59:00+00:00\" \/>\n<meta property=\"og:image\" content=\"https:\/\/linfuseur.com\/wp-content\/uploads\/2019\/06\/couverture-livre.jpg\" \/>\n<meta name=\"twitter:label1\" content=\"Gesch\u00e4tzte Lesezeit\" \/>\n\t<meta name=\"twitter:data1\" content=\"2\u00a0Minuten\" \/>\n<script type=\"application\/ld+json\" class=\"yoast-schema-graph\">{\"@context\":\"https:\/\/schema.org\",\"@graph\":[{\"@type\":\"WebPage\",\"@id\":\"https:\/\/linfuseur.com\/de\/rezepte-detox-getranke-linfuseur\/\",\"url\":\"https:\/\/linfuseur.com\/de\/rezepte-detox-getranke-linfuseur\/\",\"name\":\"Rezepte f\u00fcr Detox-Getr\u00e4nke von L'infuseur - L&#039;infuseur Paris\",\"isPartOf\":{\"@id\":\"https:\/\/linfuseur.com\/de\/#website\"},\"primaryImageOfPage\":{\"@id\":\"https:\/\/linfuseur.com\/de\/rezepte-detox-getranke-linfuseur\/#primaryimage\"},\"image\":{\"@id\":\"https:\/\/linfuseur.com\/de\/rezepte-detox-getranke-linfuseur\/#primaryimage\"},\"thumbnailUrl\":\"https:\/\/linfuseur.com\/wp-content\/uploads\/2019\/06\/couverture-livre.jpg\",\"datePublished\":\"2019-04-22T14:09:34+00:00\",\"dateModified\":\"2024-01-10T13:59:00+00:00\",\"description\":\"\u201eFaites entrer les infusions dans votre vie\u201c, ein Buch mit Rezepten f\u00fcr entgiftende und leckere Getr\u00e4nke zum Selbermachen von C\u00e9line Ruffet.\",\"breadcrumb\":{\"@id\":\"https:\/\/linfuseur.com\/de\/rezepte-detox-getranke-linfuseur\/#breadcrumb\"},\"inLanguage\":\"de\",\"potentialAction\":[{\"@type\":\"ReadAction\",\"target\":[\"https:\/\/linfuseur.com\/de\/rezepte-detox-getranke-linfuseur\/\"]}]},{\"@type\":\"ImageObject\",\"inLanguage\":\"de\",\"@id\":\"https:\/\/linfuseur.com\/de\/rezepte-detox-getranke-linfuseur\/#primaryimage\",\"url\":\"https:\/\/linfuseur.com\/wp-content\/uploads\/2019\/06\/couverture-livre.jpg\",\"contentUrl\":\"https:\/\/linfuseur.com\/wp-content\/uploads\/2019\/06\/couverture-livre.jpg\"},{\"@type\":\"BreadcrumbList\",\"@id\":\"https:\/\/linfuseur.com\/de\/rezepte-detox-getranke-linfuseur\/#breadcrumb\",\"itemListElement\":[{\"@type\":\"ListItem\",\"position\":1,\"name\":\"Home\",\"item\":\"https:\/\/linfuseur.com\/de\/\"},{\"@type\":\"ListItem\",\"position\":2,\"name\":\"Rezepte f\u00fcr Detox-Getr\u00e4nke von L&#8217;infuseur\"}]},{\"@type\":\"WebSite\",\"@id\":\"https:\/\/linfuseur.com\/de\/#website\",\"url\":\"https:\/\/linfuseur.com\/de\/\",\"name\":\"L'infuseur Paris\",\"description\":\"L&#039;infuseur Paris - Collection d&#039;infusions\",\"potentialAction\":[{\"@type\":\"SearchAction\",\"target\":{\"@type\":\"EntryPoint\",\"urlTemplate\":\"https:\/\/linfuseur.com\/de\/?s={search_term_string}\"},\"query-input\":{\"@type\":\"PropertyValueSpecification\",\"valueRequired\":true,\"valueName\":\"search_term_string\"}}],\"inLanguage\":\"de\"}]}<\/script>\n<!-- \/ Yoast SEO plugin. -->","yoast_head_json":{"title":"Rezepte f\u00fcr Detox-Getr\u00e4nke von L'infuseur - L&#039;infuseur Paris","description":"\u201eFaites entrer les infusions dans votre vie\u201c, ein Buch mit Rezepten f\u00fcr entgiftende und leckere Getr\u00e4nke zum Selbermachen von C\u00e9line Ruffet.","robots":{"index":"index","follow":"follow","max-snippet":"max-snippet:-1","max-image-preview":"max-image-preview:large","max-video-preview":"max-video-preview:-1"},"canonical":"https:\/\/linfuseur.com\/de\/rezepte-detox-getranke-linfuseur\/","og_locale":"de_DE","og_type":"article","og_title":"Rezepte f\u00fcr Detox-Getr\u00e4nke von L'infuseur - L&#039;infuseur Paris","og_description":"\u201eFaites entrer les infusions dans votre vie\u201c, ein Buch mit Rezepten f\u00fcr entgiftende und leckere Getr\u00e4nke zum Selbermachen von C\u00e9line Ruffet.","og_url":"https:\/\/linfuseur.com\/de\/rezepte-detox-getranke-linfuseur\/","og_site_name":"L&#039;infuseur Paris","article_modified_time":"2024-01-10T13:59:00+00:00","og_image":[{"url":"https:\/\/linfuseur.com\/wp-content\/uploads\/2019\/06\/couverture-livre.jpg","type":"","width":"","height":""}],"twitter_misc":{"Gesch\u00e4tzte Lesezeit":"2\u00a0Minuten"},"schema":{"@context":"https:\/\/schema.org","@graph":[{"@type":"WebPage","@id":"https:\/\/linfuseur.com\/de\/rezepte-detox-getranke-linfuseur\/","url":"https:\/\/linfuseur.com\/de\/rezepte-detox-getranke-linfuseur\/","name":"Rezepte f\u00fcr Detox-Getr\u00e4nke von L'infuseur - L&#039;infuseur Paris","isPartOf":{"@id":"https:\/\/linfuseur.com\/de\/#website"},"primaryImageOfPage":{"@id":"https:\/\/linfuseur.com\/de\/rezepte-detox-getranke-linfuseur\/#primaryimage"},"image":{"@id":"https:\/\/linfuseur.com\/de\/rezepte-detox-getranke-linfuseur\/#primaryimage"},"thumbnailUrl":"https:\/\/linfuseur.com\/wp-content\/uploads\/2019\/06\/couverture-livre.jpg","datePublished":"2019-04-22T14:09:34+00:00","dateModified":"2024-01-10T13:59:00+00:00","description":"\u201eFaites entrer les infusions dans votre vie\u201c, ein Buch mit Rezepten f\u00fcr entgiftende und leckere Getr\u00e4nke zum Selbermachen von C\u00e9line Ruffet.","breadcrumb":{"@id":"https:\/\/linfuseur.com\/de\/rezepte-detox-getranke-linfuseur\/#breadcrumb"},"inLanguage":"de","potentialAction":[{"@type":"ReadAction","target":["https:\/\/linfuseur.com\/de\/rezepte-detox-getranke-linfuseur\/"]}]},{"@type":"ImageObject","inLanguage":"de","@id":"https:\/\/linfuseur.com\/de\/rezepte-detox-getranke-linfuseur\/#primaryimage","url":"https:\/\/linfuseur.com\/wp-content\/uploads\/2019\/06\/couverture-livre.jpg","contentUrl":"https:\/\/linfuseur.com\/wp-content\/uploads\/2019\/06\/couverture-livre.jpg"},{"@type":"BreadcrumbList","@id":"https:\/\/linfuseur.com\/de\/rezepte-detox-getranke-linfuseur\/#breadcrumb","itemListElement":[{"@type":"ListItem","position":1,"name":"Home","item":"https:\/\/linfuseur.com\/de\/"},{"@type":"ListItem","position":2,"name":"Rezepte f\u00fcr Detox-Getr\u00e4nke von L&#8217;infuseur"}]},{"@type":"WebSite","@id":"https:\/\/linfuseur.com\/de\/#website","url":"https:\/\/linfuseur.com\/de\/","name":"L'infuseur Paris","description":"L&#039;infuseur Paris - Collection d&#039;infusions","potentialAction":[{"@type":"SearchAction","target":{"@type":"EntryPoint","urlTemplate":"https:\/\/linfuseur.com\/de\/?s={search_term_string}"},"query-input":{"@type":"PropertyValueSpecification","valueRequired":true,"valueName":"search_term_string"}}],"inLanguage":"de"}]}},"_links":{"self":[{"href":"https:\/\/linfuseur.com\/de\/wp-json\/wp\/v2\/pages\/18984","targetHints":{"allow":["GET"]}}],"collection":[{"href":"https:\/\/linfuseur.com\/de\/wp-json\/wp\/v2\/pages"}],"about":[{"href":"https:\/\/linfuseur.com\/de\/wp-json\/wp\/v2\/types\/page"}],"author":[{"embeddable":true,"href":"https:\/\/linfuseur.com\/de\/wp-json\/wp\/v2\/users\/263"}],"replies":[{"embeddable":true,"href":"https:\/\/linfuseur.com\/de\/wp-json\/wp\/v2\/comments?post=18984"}],"version-history":[{"count":5,"href":"https:\/\/linfuseur.com\/de\/wp-json\/wp\/v2\/pages\/18984\/revisions"}],"predecessor-version":[{"id":21945,"href":"https:\/\/linfuseur.com\/de\/wp-json\/wp\/v2\/pages\/18984\/revisions\/21945"}],"wp:attachment":[{"href":"https:\/\/linfuseur.com\/de\/wp-json\/wp\/v2\/media?parent=18984"}],"curies":[{"name":"wp","href":"https:\/\/api.w.org\/{rel}","templated":true}]}}