{"id":18993,"date":"2015-01-14T22:13:00","date_gmt":"2015-01-14T22:13:00","guid":{"rendered":"https:\/\/linfuseur.com\/18993-2\/"},"modified":"2023-10-25T15:53:52","modified_gmt":"2023-10-25T15:53:52","slug":"18993-2","status":"publish","type":"page","link":"https:\/\/linfuseur.com\/de\/18993-2\/","title":{"rendered":"Kr\u00e4utertees, die Genuss und nat\u00fcrliche Wirkungen von Pflanzen in Einklang bringen"},"content":{"rendered":"\n<div class=\"wp-block-columns are-vertically-aligned-center is-layout-flex wp-container-core-columns-is-layout-9d6595d7 wp-block-columns-is-layout-flex\">\n<div class=\"wp-block-column is-vertically-aligned-center is-layout-flow wp-block-column-is-layout-flow\">\n<figure class=\"wp-block-image size-large\"><img decoding=\"async\" width=\"500\" height=\"500\" src=\"https:\/\/linfuseur.com\/wp-content\/uploads\/2020\/08\/marque.jpg\" alt=\"\" class=\"wp-image-4494\" srcset=\"https:\/\/linfuseur.com\/wp-content\/uploads\/2020\/08\/marque.jpg 500w, https:\/\/linfuseur.com\/wp-content\/uploads\/2020\/08\/marque-247x247.jpg 247w, https:\/\/linfuseur.com\/wp-content\/uploads\/2020\/08\/marque-100x100.jpg 100w, https:\/\/linfuseur.com\/wp-content\/uploads\/2020\/08\/marque-300x300.jpg 300w, https:\/\/linfuseur.com\/wp-content\/uploads\/2020\/08\/marque-150x150.jpg 150w, https:\/\/linfuseur.com\/wp-content\/uploads\/2020\/08\/marque-200x200.jpg 200w\" sizes=\"(max-width: 500px) 100vw, 500px\" \/><\/figure><\/div>\n\n\n\n<div class=\"wp-block-column is-vertically-aligned-center is-layout-flow wp-block-column-is-layout-flow\">\n<h2 class=\"wp-block-heading\"><strong>Kr\u00e4utertees f\u00fcr eine sinnerf\u00fcllte R\u00fcckkehr zur Nat\u00fcrlichkeit, eine bewusste Entschleunigung.<\/strong><\/h2>\n\n\n\n<p>L&#8217;infuseur, die Pioniermarke f\u00fcr hochwertige nat\u00fcrliche Kr\u00e4utertees, bietet eine Kollektion einzigartiger Kr\u00e4uter- und Teemischungen, die geschmackvoll und wohltuend sind. Entdecken Sie Texturen, Farben und Aromen, die Genuss und Wohlbefinden in Einklang bringen. Grob geschnittene Pflanzen, qualitativ hochwertige Rohstoffe, raffinierte Mischungen und ein subtiler Geschmack laden zum Tr\u00e4umen ein.<\/p>\n\n\n\n<p>Weil die Besinnung auf das Wesentliche und das Wiederfinden von Sinn heute eine Priorit\u00e4t ist, erinnert L&#8217;infuseur mit sorgf\u00e4ltig ausgew\u00e4hlten Produkten, franz\u00f6sischer Herstellung und umweltfreundlichen Verpackungen an die Bedeutung einer R\u00fcckkehr zur Natur und ihren positiven Wirkungen.<\/p>\n\n\n\n<p>Kr\u00e4utertees wie eine Atempause f\u00fcr jeden Moment des Tages, die diesem Getr\u00e4nk, das viel zu lange mit Omas Kr\u00e4utertee oder medizinischen Abkochungen in Verbindung gebracht wurde, eine echte Seele verleihen.<\/p>\n<\/div>\n<\/div>\n\n<div class=\"wp-block-columns are-vertically-aligned-center reverse-column is-layout-flex wp-container-core-columns-is-layout-9d6595d7 wp-block-columns-is-layout-flex\">\n<div class=\"wp-block-column is-vertically-aligned-center is-layout-flow wp-block-column-is-layout-flow\">\n<h2 class=\".title-journal wp-block-heading\">Die Sch\u00f6pferin<\/h2>\n\n\n\n<p>F\u00fcr C\u00e9line Ruffet, Autorin des Buches &#8220;Faites entrer les infusions dans votre vie&#8221; und CEO von L&#8217;infuseur, waren es die Momente, die sie mit ihrer Gro\u00dfmutter bei dampfenden Tassen Tee teilte,<strong> <\/strong>die schon sehr fr\u00fch ihre Leidenschaft f\u00fcr Kr\u00e4uter, Blumen, Fr\u00fcchte und sch\u00f6ne Mischungen weckten. Von diesem Moment an war der Moment der Zubereitung f\u00fcr sie ein wertvoller.<\/p>\n\n\n\n<p>Die von ihr 2012 gegr\u00fcndete Marke L&#8217;infuseur bietet eine Kollektion von Kr\u00e4utertees und eine neue Reihe von Bio-Tees, die in Frankreich hergestellt werden. Die Wahl, nat\u00fcrlich gesunde Produkte anzubieten, ist eine echte Lebensentscheidung, denn wenn man sich innerlich etwas Gutes tut, sieht man es auch \u00e4u\u00dferlich.<\/p>\n\n\n\n<p>Ein Leben, das wie ein Versprechen auf ein ges\u00fcnderes, ausgeglicheneres und gl\u00fccklicheres Leben klingt.<\/p>\n\n\n\n<p>Raffinierte und gro\u00dfz\u00fcgige Kreationen aus Pflanzen, Gew\u00fcrzen, Fr\u00fcchten und Blumen sind das Markenzeichen dieses Hauses. Au\u00dfergew\u00f6hnliche Mischungen in eleganten Boxen aus recycelbarem Karton, die Genuss und Nutzen in Einklang bringen.<\/p>\n<\/div>\n\n\n\n<div class=\"wp-block-column is-vertically-aligned-center is-layout-flow wp-block-column-is-layout-flow\">\n<figure class=\"wp-block-image size-large\"><img decoding=\"async\" width=\"500\" height=\"500\" src=\"https:\/\/linfuseur.com\/wp-content\/uploads\/2020\/08\/celine.jpg\" alt=\"\" class=\"wp-image-4493\" srcset=\"https:\/\/linfuseur.com\/wp-content\/uploads\/2020\/08\/celine.jpg 500w, https:\/\/linfuseur.com\/wp-content\/uploads\/2020\/08\/celine-247x247.jpg 247w, https:\/\/linfuseur.com\/wp-content\/uploads\/2020\/08\/celine-100x100.jpg 100w, https:\/\/linfuseur.com\/wp-content\/uploads\/2020\/08\/celine-300x300.jpg 300w, https:\/\/linfuseur.com\/wp-content\/uploads\/2020\/08\/celine-150x150.jpg 150w, https:\/\/linfuseur.com\/wp-content\/uploads\/2020\/08\/celine-200x200.jpg 200w\" sizes=\"(max-width: 500px) 100vw, 500px\" \/><\/figure><\/div>\n<\/div>\n\n<h2 class=\"wp-block-heading\"><strong>Unsere Werte<\/strong><\/h2>\n\n<blockquote class=\"wp-block-quote is-style-large is-layout-flow wp-block-quote-is-layout-flow\"><p><em>Die Qualit\u00e4t unserer Produkte, der Respekt vor den Pflanzen, die menschlichen Beziehungen zu unseren Partnern und ihr Know-how sind unser Antrieb. Sie erm\u00f6glichen es uns, Ihnen <em>einzigartige<\/em> Kr\u00e4utertees anzubieten.<\/em><\/p><\/blockquote>\n\n<p>L&#8217;infuseur arbeitet mit einem Netzwerk von lokalen Partnern zusammen, die \u00fcber ganz Frankreich verteilt sind. Es handelt sich dabei um Familienunternehmen, die seit mehreren Generationen f\u00fcr ihre Expertise bekannt sind. Sie sind wertvolle, f\u00fcr ihre Arbeit gesch\u00e4tzte Partner. Know-how, Weitergabe, Respekt vor den Menschen und der Umwelt sind wichtige Werte f\u00fcr uns<em>.<\/em><\/p>\n\n<p>Viele Pflanzen kommen aus Frankreich, wie Brennnessel, Fenchel, Thymian, schwarze Johannisbeere und Chicor\u00e9e. Andere aus L\u00e4ndern, die f\u00fcr bestimmte Produktionen bekannt sind.<\/p>\n\n<p>F\u00fcr die Kr\u00e4utertees <a href=\"https:\/\/linfuseur.com\/de\/produit\/\">LIGNE<\/a> und <a href=\"https:\/\/linfuseur.com\/de\/produit\/\">CALME<\/a> stammt der Rooibos aus S\u00fcdafrika. Der Ceylon-Zimt f\u00fcr den Kr\u00e4utertee <a href=\"https:\/\/linfuseur.com\/de\/produit\/\">TONIQUE<\/a> stammt aus Sri Lanka. Und der Kakao in <a href=\"https:\/\/linfuseur.com\/de\/produit\/\">DELICE<\/a> stammt von der Elfenbeink\u00fcste.<\/p>\n\n<p>Unsere h\u00fcbschen Pappschachteln werden in S\u00fcdfrankreich hergestellt und sind recycelbar. Unsere Beutel bestehen aus Maisst\u00e4rke, einer pflanzlichen Alternative zu Plastik. Dank eines thermischen Verfahrens werden keine Klebstoffe verwendet. Ein Teil unserer Herstellung erfolgt noch von Hand.<\/p>\n","protected":false},"excerpt":{"rendered":"<p>Kr\u00e4utertees f\u00fcr eine sinnerf\u00fcllte R\u00fcckkehr zur Nat\u00fcrlichkeit, eine bewusste Entschleunigung. L&#8217;infuseur, die Pioniermarke f\u00fcr hochwertige nat\u00fcrliche Kr\u00e4utertees, bietet eine Kollektion einzigartiger Kr\u00e4uter- und Teemischungen, die geschmackvoll und wohltuend sind. Entdecken Sie Texturen, Farben und Aromen, die Genuss und Wohlbefinden in Einklang bringen. Grob geschnittene Pflanzen, qualitativ hochwertige Rohstoffe, raffinierte Mischungen und ein subtiler Geschmack ladenLire la suite<\/p>\n","protected":false},"author":263,"featured_media":0,"parent":0,"menu_order":0,"comment_status":"closed","ping_status":"closed","template":"","meta":{"_acf_changed":false,"footnotes":""},"class_list":["post-18993","page","type-page","status-publish","hentry"],"acf":[],"yoast_head":"<!-- This site is optimized with the Yoast SEO plugin v26.8 - https:\/\/yoast.com\/product\/yoast-seo-wordpress\/ -->\n<title>L&#039;infuseur: Kr\u00e4utertee mit nat\u00fcrlicher Wirkung - L&#039;infuseur Paris<\/title>\n<meta name=\"description\" content=\"L&#039;infuseur, eine Pioniermarke f\u00fcr hochwertige nat\u00fcrliche Kr\u00e4utertees, bietet eine Kollektion von Kr\u00e4utermischungen und Bio-Tees an.\" \/>\n<meta name=\"robots\" content=\"index, follow, max-snippet:-1, max-image-preview:large, max-video-preview:-1\" \/>\n<link rel=\"canonical\" href=\"https:\/\/linfuseur.com\/de\/18993-2\/\" \/>\n<meta property=\"og:locale\" content=\"de_DE\" \/>\n<meta property=\"og:type\" content=\"article\" \/>\n<meta property=\"og:title\" content=\"L&#039;infuseur: Kr\u00e4utertee mit nat\u00fcrlicher Wirkung - L&#039;infuseur Paris\" \/>\n<meta property=\"og:description\" content=\"L&#039;infuseur, eine Pioniermarke f\u00fcr hochwertige nat\u00fcrliche Kr\u00e4utertees, bietet eine Kollektion von Kr\u00e4utermischungen und Bio-Tees an.\" \/>\n<meta property=\"og:url\" content=\"https:\/\/linfuseur.com\/de\/18993-2\/\" \/>\n<meta property=\"og:site_name\" content=\"L&#039;infuseur Paris\" \/>\n<meta property=\"article:modified_time\" content=\"2023-10-25T15:53:52+00:00\" \/>\n<meta property=\"og:image\" content=\"https:\/\/linfuseur.com\/wp-content\/uploads\/2020\/08\/marque.jpg\" \/>\n<meta name=\"twitter:label1\" content=\"Gesch\u00e4tzte Lesezeit\" \/>\n\t<meta name=\"twitter:data1\" content=\"3\u00a0Minuten\" \/>\n<script type=\"application\/ld+json\" class=\"yoast-schema-graph\">{\"@context\":\"https:\/\/schema.org\",\"@graph\":[{\"@type\":\"WebPage\",\"@id\":\"https:\/\/linfuseur.com\/de\/18993-2\/\",\"url\":\"https:\/\/linfuseur.com\/de\/18993-2\/\",\"name\":\"L'infuseur: Kr\u00e4utertee mit nat\u00fcrlicher Wirkung - L&#039;infuseur Paris\",\"isPartOf\":{\"@id\":\"https:\/\/linfuseur.com\/de\/#website\"},\"primaryImageOfPage\":{\"@id\":\"https:\/\/linfuseur.com\/de\/18993-2\/#primaryimage\"},\"image\":{\"@id\":\"https:\/\/linfuseur.com\/de\/18993-2\/#primaryimage\"},\"thumbnailUrl\":\"https:\/\/linfuseur.com\/wp-content\/uploads\/2020\/08\/marque.jpg\",\"datePublished\":\"2015-01-14T22:13:00+00:00\",\"dateModified\":\"2023-10-25T15:53:52+00:00\",\"description\":\"L'infuseur, eine Pioniermarke f\u00fcr hochwertige nat\u00fcrliche Kr\u00e4utertees, bietet eine Kollektion von Kr\u00e4utermischungen und Bio-Tees an.\",\"breadcrumb\":{\"@id\":\"https:\/\/linfuseur.com\/de\/18993-2\/#breadcrumb\"},\"inLanguage\":\"de\",\"potentialAction\":[{\"@type\":\"ReadAction\",\"target\":[\"https:\/\/linfuseur.com\/de\/18993-2\/\"]}]},{\"@type\":\"ImageObject\",\"inLanguage\":\"de\",\"@id\":\"https:\/\/linfuseur.com\/de\/18993-2\/#primaryimage\",\"url\":\"https:\/\/linfuseur.com\/wp-content\/uploads\/2020\/08\/marque.jpg\",\"contentUrl\":\"https:\/\/linfuseur.com\/wp-content\/uploads\/2020\/08\/marque.jpg\"},{\"@type\":\"BreadcrumbList\",\"@id\":\"https:\/\/linfuseur.com\/de\/18993-2\/#breadcrumb\",\"itemListElement\":[{\"@type\":\"ListItem\",\"position\":1,\"name\":\"Home\",\"item\":\"https:\/\/linfuseur.com\/de\/\"},{\"@type\":\"ListItem\",\"position\":2,\"name\":\"Kr\u00e4utertees, die Genuss und nat\u00fcrliche Wirkungen von Pflanzen in Einklang bringen\"}]},{\"@type\":\"WebSite\",\"@id\":\"https:\/\/linfuseur.com\/de\/#website\",\"url\":\"https:\/\/linfuseur.com\/de\/\",\"name\":\"L'infuseur Paris\",\"description\":\"L&#039;infuseur Paris - Collection d&#039;infusions\",\"potentialAction\":[{\"@type\":\"SearchAction\",\"target\":{\"@type\":\"EntryPoint\",\"urlTemplate\":\"https:\/\/linfuseur.com\/de\/?s={search_term_string}\"},\"query-input\":{\"@type\":\"PropertyValueSpecification\",\"valueRequired\":true,\"valueName\":\"search_term_string\"}}],\"inLanguage\":\"de\"}]}<\/script>\n<!-- \/ Yoast SEO plugin. -->","yoast_head_json":{"title":"L'infuseur: Kr\u00e4utertee mit nat\u00fcrlicher Wirkung - L&#039;infuseur Paris","description":"L'infuseur, eine Pioniermarke f\u00fcr hochwertige nat\u00fcrliche Kr\u00e4utertees, bietet eine Kollektion von Kr\u00e4utermischungen und Bio-Tees an.","robots":{"index":"index","follow":"follow","max-snippet":"max-snippet:-1","max-image-preview":"max-image-preview:large","max-video-preview":"max-video-preview:-1"},"canonical":"https:\/\/linfuseur.com\/de\/18993-2\/","og_locale":"de_DE","og_type":"article","og_title":"L'infuseur: Kr\u00e4utertee mit nat\u00fcrlicher Wirkung - L&#039;infuseur Paris","og_description":"L'infuseur, eine Pioniermarke f\u00fcr hochwertige nat\u00fcrliche Kr\u00e4utertees, bietet eine Kollektion von Kr\u00e4utermischungen und Bio-Tees an.","og_url":"https:\/\/linfuseur.com\/de\/18993-2\/","og_site_name":"L&#039;infuseur Paris","article_modified_time":"2023-10-25T15:53:52+00:00","og_image":[{"url":"https:\/\/linfuseur.com\/wp-content\/uploads\/2020\/08\/marque.jpg","type":"","width":"","height":""}],"twitter_misc":{"Gesch\u00e4tzte Lesezeit":"3\u00a0Minuten"},"schema":{"@context":"https:\/\/schema.org","@graph":[{"@type":"WebPage","@id":"https:\/\/linfuseur.com\/de\/18993-2\/","url":"https:\/\/linfuseur.com\/de\/18993-2\/","name":"L'infuseur: Kr\u00e4utertee mit nat\u00fcrlicher Wirkung - L&#039;infuseur Paris","isPartOf":{"@id":"https:\/\/linfuseur.com\/de\/#website"},"primaryImageOfPage":{"@id":"https:\/\/linfuseur.com\/de\/18993-2\/#primaryimage"},"image":{"@id":"https:\/\/linfuseur.com\/de\/18993-2\/#primaryimage"},"thumbnailUrl":"https:\/\/linfuseur.com\/wp-content\/uploads\/2020\/08\/marque.jpg","datePublished":"2015-01-14T22:13:00+00:00","dateModified":"2023-10-25T15:53:52+00:00","description":"L'infuseur, eine Pioniermarke f\u00fcr hochwertige nat\u00fcrliche Kr\u00e4utertees, bietet eine Kollektion von Kr\u00e4utermischungen und Bio-Tees an.","breadcrumb":{"@id":"https:\/\/linfuseur.com\/de\/18993-2\/#breadcrumb"},"inLanguage":"de","potentialAction":[{"@type":"ReadAction","target":["https:\/\/linfuseur.com\/de\/18993-2\/"]}]},{"@type":"ImageObject","inLanguage":"de","@id":"https:\/\/linfuseur.com\/de\/18993-2\/#primaryimage","url":"https:\/\/linfuseur.com\/wp-content\/uploads\/2020\/08\/marque.jpg","contentUrl":"https:\/\/linfuseur.com\/wp-content\/uploads\/2020\/08\/marque.jpg"},{"@type":"BreadcrumbList","@id":"https:\/\/linfuseur.com\/de\/18993-2\/#breadcrumb","itemListElement":[{"@type":"ListItem","position":1,"name":"Home","item":"https:\/\/linfuseur.com\/de\/"},{"@type":"ListItem","position":2,"name":"Kr\u00e4utertees, die Genuss und nat\u00fcrliche Wirkungen von Pflanzen in Einklang bringen"}]},{"@type":"WebSite","@id":"https:\/\/linfuseur.com\/de\/#website","url":"https:\/\/linfuseur.com\/de\/","name":"L'infuseur Paris","description":"L&#039;infuseur Paris - Collection d&#039;infusions","potentialAction":[{"@type":"SearchAction","target":{"@type":"EntryPoint","urlTemplate":"https:\/\/linfuseur.com\/de\/?s={search_term_string}"},"query-input":{"@type":"PropertyValueSpecification","valueRequired":true,"valueName":"search_term_string"}}],"inLanguage":"de"}]}},"_links":{"self":[{"href":"https:\/\/linfuseur.com\/de\/wp-json\/wp\/v2\/pages\/18993","targetHints":{"allow":["GET"]}}],"collection":[{"href":"https:\/\/linfuseur.com\/de\/wp-json\/wp\/v2\/pages"}],"about":[{"href":"https:\/\/linfuseur.com\/de\/wp-json\/wp\/v2\/types\/page"}],"author":[{"embeddable":true,"href":"https:\/\/linfuseur.com\/de\/wp-json\/wp\/v2\/users\/263"}],"replies":[{"embeddable":true,"href":"https:\/\/linfuseur.com\/de\/wp-json\/wp\/v2\/comments?post=18993"}],"version-history":[{"count":5,"href":"https:\/\/linfuseur.com\/de\/wp-json\/wp\/v2\/pages\/18993\/revisions"}],"predecessor-version":[{"id":19796,"href":"https:\/\/linfuseur.com\/de\/wp-json\/wp\/v2\/pages\/18993\/revisions\/19796"}],"wp:attachment":[{"href":"https:\/\/linfuseur.com\/de\/wp-json\/wp\/v2\/media?parent=18993"}],"curies":[{"name":"wp","href":"https:\/\/api.w.org\/{rel}","templated":true}]}}