{"id":19010,"date":"2015-01-14T22:14:51","date_gmt":"2015-01-14T22:14:51","guid":{"rendered":"https:\/\/linfuseur.com\/19010-2\/"},"modified":"2023-10-25T15:53:42","modified_gmt":"2023-10-25T15:53:42","slug":"19010-2","status":"publish","type":"page","link":"https:\/\/linfuseur.com\/de\/19010-2\/","title":{"rendered":"AGB"},"content":{"rendered":"\n<h3 class=\"wp-block-heading\">Rechtliche Hinweise<\/h3>\n\n<p>Die Website <a href=\"..\/\">www.linfuseur.com<\/a> wird von L&#8217;infuseur mit Sitz in 11 rue de Suresnes 92420 Vaucresson gestaltet und verwaltet, das von der Eintragung in das Handels- und Gesellschaftsregister (Registre du Commerce et des Soci\u00e9t\u00e9s, RCS) und das Handwerksverzeichnis (Registre des M\u00e9tiers, RM) befreit ist.<\/p>\n\n<p>SIREN 790 837 843<\/p>\n\n<p>Herausgeberin: C\u00e9line RUFFET<br\/>Kontakt: contact@linfuseur.com<br\/>Host: Infomaniak<\/p>\n\n<h3 class=\"wp-block-heading\">Anwendungsbereich<\/h3>\n\n<p>Diese Allgemeinen Gesch\u00e4ftsbedingungen gelten f\u00fcr alle Bestellungen, die \u00fcber die Website von L&#8217;infuseur aufgegeben werden, sowie f\u00fcr alle telefonisch aufgegebenen Bestellungen, und zwar ungeachtet der Klauseln, die in den Dokumenten des K\u00e4ufers enthalten sein k\u00f6nnen.<\/p>\n\n<p>Der Kunde erkl\u00e4rt, dass er die vorliegenden Allgemeinen Gesch\u00e4ftsbedingungen zur Kenntnis genommen hat und mit ihnen einverstanden ist. In F\u00e4llen, die nicht in diesen Allgemeinen Gesch\u00e4ftsbedingungen geregelt sind, gelten die Fernabsatzregeln des Ortes, an dem das Unternehmen seinen Sitz hat. Dieser Vertrag unterliegt dem franz\u00f6sischen Recht.<\/p>\n\n<h3 class=\"wp-block-heading\">Bestellungen<\/h3>\n\n<p>L&#8217;infuseur verpflichtet sich, die per Internet get\u00e4tigten oder telefonisch eingegangenen Bestellungen gem\u00e4\u00df den vorliegenden Allgemeinen Gesch\u00e4ftsbedingungen zu erf\u00fcllen, solange der Vorrat reicht und solange der jeweilige Verkauf l\u00e4uft.<\/p>\n\n<p>Mit der Best\u00e4tigung der Bestellung erkl\u00e4rt der Kunde, dass er die vorliegenden Allgemeinen Gesch\u00e4ftsbedingungen zur Kenntnis genommen hat und ihnen zustimmt.<\/p>\n\n<p>Falls die Ware nicht vorr\u00e4tig ist und die Lieferung dadurch verz\u00f6gert wird, kann L&#8217;infuseur nicht haftbar gemacht werden.<\/p>\n\n<p>Sollte ein Produkt nicht vorr\u00e4tig sein, werden wir Ihnen mitteilen, wie lange es dauert, bis das gew\u00fcnschte Produkt verf\u00fcgbar ist. Sie haben dann die M\u00f6glichkeit, Ihre Bestellung zu \u00e4ndern oder zu stornieren. Im Falle einer Stornierung aufgrund einer vor\u00fcbergehenden oder endg\u00fcltigen Nichtverf\u00fcgbarkeit der Produkte verpflichten wir uns, Ihnen so schnell wie m\u00f6glich eine R\u00fcckerstattung zu leisten.<\/p>\n\n<p>L&#8217;infuseur beh\u00e4lt sich das Recht vor, eine Bestellung aus irgendeinem Grund nicht aufzunehmen, insbesondere aufgrund von Problemen bei der Produktversorgung, Problemen mit der eingegangenen Bestellung oder vorhersehbaren Problemen mit der Lieferung.<\/p>\n\n<p>L&#8217;infuseur beh\u00e4lt sich das Recht vor, Bestellungen zu stornieren, die nicht konform oder zweifelhaft sind, sowie Bestellungen von Kunden, mit denen ein Rechtsstreit besteht.<\/p>\n\n<p>Wenn der Nutzer seine Bestellung stornieren m\u00f6chte, muss die Stornierung per E-Mail an <a href=\"mailto:contact@linfuseur.com\">contact@linfuseur.com<\/a> sp\u00e4testens 12 Stunden nach Best\u00e4tigung der Bestellung durch den Kunden erfolgen.<\/p>\n\n<p>Eventuelle Verz\u00f6gerungen berechtigen den K\u00e4ufer nicht, den Verkauf zu stornieren, die Ware abzulehnen oder Schadenersatz zu fordern.<\/p>\n\n<h3 class=\"wp-block-heading\">Zahlung<\/h3>\n\n<p>Der Verkauf wird nach Annahme der Transaktion durch die sicheren Online-Zahlungsdienste rechtskr\u00e4ftig.<\/p>\n\n<p>Die vom Zahlungssystem aufgezeichneten Daten stellen den Beweis f\u00fcr die Finanztransaktionen dar.<br\/>Um registriert zu werden, muss die Bestellung vollst\u00e4ndig bezahlt werden. Nicht beglichene Bestellungen werden nicht ausgeliefert. Jede unbezahlte Rechnung oder jeder Zahlungsfehler (falsche Bankverbindung, fehlende Deckung auf dem Konto des Kunden \u2026) wird mit 15 \u20ac berechnet.<\/p>\n\n<p>Die Produkte bleiben bis zur vollst\u00e4ndigen Bezahlung des Preises Eigentum von L&#8217;infuseur.<\/p>\n\n<h3 class=\"wp-block-heading\">Preis<\/h3>\n\n<p>Sofern nicht anders angegeben, verstehen sich die Preise inklusive Mehrwertsteuer und sind in Euro angegeben.<br\/>Die Produkte unterliegen der franz\u00f6sischen Mehrwertsteuer.<\/p>\n\n<p>Die angezeigten Preise sind Nettopreise und beinhalten den Preis der Produkte, die Kosten f\u00fcr die Handhabung, Verpackung und Aufbewahrung der Produkte. Sie beinhalten nicht die Beteiligung an den Versand- und Lieferkosten.<\/p>\n\n<p>Diese Versand- und Lieferkosten variieren je nach Anzahl der bestellten Produkte und dem Ort der Lieferung.<\/p>\n\n<h3 class=\"wp-block-heading\">Lieferung<\/h3>\n\n<p>Sobald die Zahlung f\u00fcr Ihre Bestellung eingegangen ist, erhalten Sie Ihr Paket so schnell wie m\u00f6glich. L&#8217;infuseur garantiert, dass die Produkte mit aller notwendigen Sorgfalt behandelt wurden, um ihre \u00dcbereinstimmung mit der Beschreibung auf der Website zum Zeitpunkt der Bestellung zu gew\u00e4hrleisten.<\/p>\n\n<p>L&#8217;infuseur kann nicht daf\u00fcr verantwortlich gemacht werden, wenn die Ware nicht mehr vorr\u00e4tig ist und die Lieferung der Bestellung dadurch verz\u00f6gert wird.<\/p>\n\n<p>Der Kunde ist verpflichtet, seine Pakete bei der Lieferung sorgf\u00e4ltig zu pr\u00fcfen, um eventuelle Vorbehalte sofort beim Spediteur geltend zu machen.<\/p>\n\n<p>Wir versenden Ihre Pakete von Montag bis Freitag \u00fcber den Service von La Poste Colissimo oder \u00fcber Chronopost.<\/p>\n\n<ul class=\"wp-block-list\"><li>Bestellungen, die von Montag bis Freitag vor 12 Uhr aufgegeben werden, werden noch am selben Tag versandt.<\/li><li>Bestellungen, die von Montag bis Donnerstag nach 12 Uhr aufgegeben werden, werden am n\u00e4chsten Tag versandt.<\/li><li>Bestellungen, die von Freitag nach 12 Uhr bis Sonntagabend aufgegeben werden, werden am darauffolgenden Montag versandt.<\/li><li>Bestellungen, die an Feiertagen aufgegeben werden, werden am n\u00e4chsten Werktag versandt.<\/li><\/ul>\n<p>Die Bestellungen werden an die bei der Bestellung angegebene Lieferadresse geliefert. Bitte geben Sie eine genaue und detaillierte Adresse an. Wenn Sie besondere Angaben zur Lieferadresse machen m\u00f6chten, teilen Sie uns diese bitte vorab mit.<\/p>\n\n<p>Wenn Sie bei Ihrer Bestellung mehrere Lieferadressen angegeben haben, wird jede Zieladresse unabh\u00e4ngig berechnet.<\/p>\n\n<h6 class=\"wp-block-heading\">Metropolitan-Frankreich<\/h6>\n\n<p>F\u00fcr Colissimo-Bestellungen mit einem Bestellwert von 60 \u20ac oder mehr fallen in Metropolitan-Frankreich keine Versandkosten an.<\/p>\n\n<p>Eine Versandkostenbeteiligung von 4,90 \u20ac wird f\u00fcr Colissimo-Bestellungen mit einem Bestellwert von weniger als 60 \u20ac erhoben.<\/p>\n\n<p>F\u00fcr Chronopost-Bestellungen wird ein Versandkostenanteil von 9,90 \u20ac erhoben.<\/p>\n\n<h6 class=\"wp-block-heading\">Belgien<\/h6>\n\n<p>Die Versandkosten sind in Belgien f\u00fcr alle Colissimo Expert-Bestellungen mit einem Betrag von 80 \u20ac oder mehr kostenlos.<\/p>\n\n<h6 class=\"wp-block-heading\">Europa<\/h6>\n\n<p>Die Lieferung in Europa erfolgt per Colissimo. Die Versandkosten sind vom Kunden zu tragen. Die Kosten und Fristen variieren je nach Zielort und Colissimo-Preisliste.<\/p>\n\n<h6 class=\"wp-block-heading\">Vereinigtes K\u00f6nigreich<\/h6>\n\n<p>Aufgrund des Brexits ist die Lieferung nach Gro\u00dfbritannien vor\u00fcbergehend eingestellt.<\/p>\n\n<h6 class=\"wp-block-heading\">Andere Lieferl\u00e4nder<\/h6>\n\n<p>Aufgrund der aktuellen Gesundheitslage werden Lieferungen in den Rest der Welt vor\u00fcbergehend ausgesetzt.<\/p>\n\n<p>Au\u00dferhalb der Europ\u00e4ischen Union k\u00f6nnen zum Preis unserer Produkte Zoll- oder Importsteuern hinzukommen, die vom Kunden zu tragen sind. Es liegt daher in der Verantwortung des Kunden, sich bei seinem \u00f6rtlichen Zollamt \u00fcber deren H\u00f6he zu informieren.<\/p>\n\n<h3 class=\"wp-block-heading\">Transport<\/h3>\n\n<p>Der Versand unserer Waren erfolgt auf Risiko des K\u00e4ufers, unabh\u00e4ngig von den Versandmodalit\u00e4ten und selbst wenn die Preise franko ausgewiesen sind.<\/p>\n\n<h3 class=\"wp-block-heading\">Widerrufsrecht<\/h3>\n\n<p>Gem\u00e4\u00df Artikel L. 121-20-2 des Verbraucherschutzgesetzes kann das Widerrufsrecht nicht ausge\u00fcbt werden bei Vertr\u00e4gen \u00fcber die Lieferung von Waren, die aufgrund ihrer Beschaffenheit schnell verderben oder verfallen k\u00f6nnen oder die nicht zur\u00fcckgesandt werden k\u00f6nnen. Er gilt auch nicht f\u00fcr die Lieferung von Waren, die eindeutig personalisiert sind. Bei anderen Produkten oder Dienstleistungen und gem\u00e4\u00df den Bestimmungen von Artikel L. 121-16 des Verbraucherschutzgesetzes verf\u00fcgt der Kunde ab der Lieferung \u00fcber eine Frist von 14 Werktagen, um die Bestellung zum Zwecke des Umtauschs oder der R\u00fcckerstattung zur\u00fcckzugeben.<br\/>Der Verbraucher muss die Kosten f\u00fcr die R\u00fccksendung der Waren tragen. Das Produkt muss zwingend in seiner Originalverpackung, unbesch\u00e4digt, mit allen eventuellen Zubeh\u00f6rteilen, Gebrauchsanweisungen und Dokumentationen zur\u00fcckgesandt werden.<br\/>Die Aus\u00fcbung des Widerrufsrechts verpflichtet den H\u00e4ndler zur R\u00fcckerstattung der vom K\u00e4ufer gezahlten Betr\u00e4ge (mit Ausnahme der R\u00fccksendekosten) innerhalb von 30 Tagen.<\/p>\n\n<p>R\u00fccksendungen erfolgen an:<\/p>\n\n<p>L\u2019infuseur<br\/>11 rue de Suresnes<br\/>92420 Vaucresson<\/p>\n\n<h3 class=\"wp-block-heading\">Reklamationen<\/h3>\n\n<p>Eventuelle Verz\u00f6gerungen berechtigen den K\u00e4ufer nicht, den Verkauf zu stornieren, die Ware abzulehnen oder Schadenersatz zu fordern.<br\/>Im Falle einer Reklamation tr\u00e4gt der K\u00e4ufer die Transportkosten und andere Kosten (Zoll) f\u00fcr die R\u00fccksendung der Produkte an L&#8217;infuseur.<br\/>Der Kunde kann bei der Lieferung der Produkte nur dann Vorbehalte anmelden, wenn die Lieferung quantitativ nicht mit der Bestellung \u00fcbereinstimmt oder wenn das Paket mit den Produkten stark besch\u00e4digt ist. Diese Vorbehalte m\u00fcssen bei der Lieferung oder sp\u00e4testens vier Stunden nach der Lieferung schriftlich beim Transportunternehmen geltend gemacht werden. Eine Kopie dieser Vorbehalte muss sp\u00e4testens 12 Stunden, nachdem diese Vorbehalte gemacht wurden, an L&#8217;infuseur (per E-Mail an contact@linfuseur.com) gesendet werden.<br\/>Es werden keine R\u00fccksendungen von Produkten akzeptiert und wir nehmen keinen Umtausch vor. Wenn das oben beschriebene Verfahren eingehalten wurde und die Vorbehalte nachweislich darauf zur\u00fcckzuf\u00fchren sind, dass das Paket und die Produkte stark besch\u00e4digt sind, wird L&#8217;infuseur nach eigenem Ermessen eine Gutschrift ausstellen, dem Kunden den gezahlten Preis zur\u00fcckerstatten oder eine neue Lieferung \u00e4hnlicher Produkte veranlassen.<\/p>\n\n<h3 class=\"wp-block-heading\">Haftung<\/h3>\n\n<p>Die angebotenen Produkte sind konform mit der geltenden franz\u00f6sischen Gesetzgebung. L\u2019infuseur haftet nicht f\u00fcr die Nichtbeachtung der Gesetzgebung des Landes, in das die Produkte geliefert werden. Es obliegt dem Kunden, bei den \u00f6rtlichen Beh\u00f6rden die Einfuhr- oder Nutzungsm\u00f6glichkeiten der Produkte oder Dienstleistungen, die er zu bestellen beabsichtigt, zu \u00fcberpr\u00fcfen.<br\/>Der Kunde ist allein verantwortlich f\u00fcr die Auswahl der Produkte, ihre Aufbewahrung ab dem Zeitpunkt der Lieferung und ihre Verwendung. In keinem Fall kann L&#8217;infuseur f\u00fcr Sch\u00e4den haftbar gemacht werden, die aus diesem Grund entstehen.<br\/>L&#8217;infuseur garantiert, dass sich die Produkte bei der \u00dcbergabe an den Spediteur in einwandfreiem Zustand befinden. Dies ist die einzige Garantie, die von L&#8217;infuseur gew\u00e4hrt wird. Es werden keine weiteren ausdr\u00fccklichen oder stillschweigenden Garantien gew\u00e4hrt. Insbesondere kann L&#8217;infuseur nicht garantieren, dass die Produkte den spezifischen Erwartungen des Kunden entsprechen.<br\/>L&#8217;infuseur kann nicht f\u00fcr die Nichterf\u00fcllung des abgeschlossenen Vertrags verantwortlich gemacht werden, wenn das Produkt nicht vorr\u00e4tig oder nicht verf\u00fcgbar ist, wenn h\u00f6here Gewalt, St\u00f6rungen oder Total- oder Teilstreiks, insbesondere der Postdienste und Transportdienste, \u00dcberschwemmungen oder Feuer vorliegen.<br\/>Die Fotografien und Texte, die die vorgestellten Produkte illustrieren, sind nicht vertraglich bindend. L&#8217;infuseur haftet daher nicht f\u00fcr fehlerhafte Fotografien oder Texte.<br\/>L&#8217;infuseur haftet nicht f\u00fcr indirekte Sch\u00e4den, die sich aus den hier vorliegenden Bedingungen ergeben (Betriebsverlust, Gewinnverlust, Verlust von Chancen, Sch\u00e4den oder Kosten).<br\/>L&#8217;infuseur kann unter keinen Umst\u00e4nden f\u00fcr Sch\u00e4den jeglicher Art haftbar gemacht werden, die sich aus der Unm\u00f6glichkeit der Nutzung, des Zugangs, aus Verlusten oder entgangenen Gewinnen ergeben, die auf Informationen zur\u00fcckzuf\u00fchren sind, die auf diesem Server verf\u00fcgbar sind. Dies gilt unabh\u00e4ngig von der Ursache des Schadens.<\/p>\n\n<p>L&#8217;infuseur lehnt ebenso jede Haftung f\u00fcr Sch\u00e4den jeglicher Art ab, die durch das betr\u00fcgerische Eindringen eines Dritten entstehen, das zu einer \u00c4nderung der auf seiner Website bereitgestellten Informationen f\u00fchrt.<br\/>Ebenso wenig haftet L&#8217;infuseur f\u00fcr Sch\u00e4den jeglicher Art, die sich aus der Interpretation oder Nutzung der auf diesem Server verf\u00fcgbaren Informationen ergeben.<br\/>In jedem Fall ist die Haftung von L&#8217;infuseur unabh\u00e4ngig vom Grund der Haftung auf den geringeren der beiden folgenden Betr\u00e4ge beschr\u00e4nkt: (i) Betrag des direkten Schadens, den der Kunde erlitten hat, oder (ii) Preis der Bestellung.<\/p>\n\n<h3 class=\"wp-block-heading\">Links<\/h3>\n\n<p>Die Website kann Links zu anderen Websites oder anderen Internetquellen enthalten. Da L&#8217;infuseur keine Kontrolle \u00fcber diese Websites und externen Quellen hat, kann das Unternehmen nicht f\u00fcr die Bereitstellung dieser Websites und externen Quellen verantwortlich gemacht werden und \u00fcbernimmt keine Verantwortung f\u00fcr deren Inhalt, Werbung, Produkte, Dienstleistungen oder andere Materialien, die auf oder \u00fcber diese Websites oder externen Quellen verf\u00fcgbar sind. Dar\u00fcber hinaus haftet L&#8217;infuseur nicht f\u00fcr nachgewiesene oder behauptete Sch\u00e4den oder Verluste, die sich aus oder in Verbindung mit der Nutzung oder dem Vertrauen auf Inhalte, Waren oder Dienstleistungen auf diesen Seiten oder externen Quellen ergeben.<\/p>\n\n<h3 class=\"wp-block-heading\">Innehaben von Rechten<\/h3>\n\n<p>Alle Rechte an dieser Website, einschlie\u00dflich des Urheberrechts, sind Eigentum von L&#8217;infuseur oder werden von L&#8217;infuseur lizenziert. Die Nutzung dieser Website oder ihres Inhalts, einschlie\u00dflich des Kopierens oder Speicherns von Teilen oder der Gesamtheit, ist ohne unsere Genehmigung nur f\u00fcr Ihren pers\u00f6nlichen, nicht-kommerziellen Gebrauch gestattet. Es ist nicht gestattet, aus irgendeinem Grund \u00c4nderungen jedweder Art an dieser Website vorzunehmen, sie zu l\u00f6schen, zu verbreiten oder zu ver\u00f6ffentlichen.<\/p>\n","protected":false},"excerpt":{"rendered":"<p>Rechtliche Hinweise Die Website www.linfuseur.com wird von L&#8217;infuseur mit Sitz in 11 rue de Suresnes 92420 Vaucresson gestaltet und verwaltet, das von der Eintragung in das Handels- und Gesellschaftsregister (Registre du Commerce et des Soci\u00e9t\u00e9s, RCS) und das Handwerksverzeichnis (Registre des M\u00e9tiers, RM) befreit ist. SIREN 790 837 843 Herausgeberin: C\u00e9line RUFFETKontakt: contact@linfuseur.comHost: Infomaniak AnwendungsbereichLire la suite<\/p>\n","protected":false},"author":263,"featured_media":0,"parent":0,"menu_order":0,"comment_status":"closed","ping_status":"closed","template":"","meta":{"_acf_changed":false,"footnotes":""},"class_list":["post-19010","page","type-page","status-publish","hentry"],"acf":[],"yoast_head":"<!-- This site is optimized with the Yoast SEO plugin v26.8 - https:\/\/yoast.com\/product\/yoast-seo-wordpress\/ -->\n<title>AGB - L&#039;infuseur Paris<\/title>\n<meta name=\"robots\" content=\"noindex, nofollow\" \/>\n<meta property=\"og:locale\" content=\"de_DE\" \/>\n<meta property=\"og:type\" content=\"article\" \/>\n<meta property=\"og:title\" content=\"AGB - L&#039;infuseur Paris\" \/>\n<meta property=\"og:description\" content=\"Rechtliche Hinweise Die Website www.linfuseur.com wird von L&#8217;infuseur mit Sitz in 11 rue de Suresnes 92420 Vaucresson gestaltet und verwaltet, das von der Eintragung in das Handels- und Gesellschaftsregister (Registre du Commerce et des Soci\u00e9t\u00e9s, RCS) und das Handwerksverzeichnis (Registre des M\u00e9tiers, RM) befreit ist. SIREN 790 837 843 Herausgeberin: C\u00e9line RUFFETKontakt: contact@linfuseur.comHost: Infomaniak AnwendungsbereichLire la suite\" \/>\n<meta property=\"og:url\" content=\"https:\/\/linfuseur.com\/de\/19010-2\/\" \/>\n<meta property=\"og:site_name\" content=\"L&#039;infuseur Paris\" \/>\n<meta property=\"article:modified_time\" content=\"2023-10-25T15:53:42+00:00\" \/>\n<meta name=\"twitter:label1\" content=\"Gesch\u00e4tzte Lesezeit\" \/>\n\t<meta name=\"twitter:data1\" content=\"9\u00a0Minuten\" \/>\n<script type=\"application\/ld+json\" class=\"yoast-schema-graph\">{\"@context\":\"https:\/\/schema.org\",\"@graph\":[{\"@type\":\"WebPage\",\"@id\":\"https:\/\/linfuseur.com\/de\/19010-2\/\",\"url\":\"https:\/\/linfuseur.com\/de\/19010-2\/\",\"name\":\"AGB - L&#039;infuseur Paris\",\"isPartOf\":{\"@id\":\"https:\/\/linfuseur.com\/de\/#website\"},\"datePublished\":\"2015-01-14T22:14:51+00:00\",\"dateModified\":\"2023-10-25T15:53:42+00:00\",\"breadcrumb\":{\"@id\":\"https:\/\/linfuseur.com\/de\/19010-2\/#breadcrumb\"},\"inLanguage\":\"de\",\"potentialAction\":[{\"@type\":\"ReadAction\",\"target\":[\"https:\/\/linfuseur.com\/de\/19010-2\/\"]}]},{\"@type\":\"BreadcrumbList\",\"@id\":\"https:\/\/linfuseur.com\/de\/19010-2\/#breadcrumb\",\"itemListElement\":[{\"@type\":\"ListItem\",\"position\":1,\"name\":\"Home\",\"item\":\"https:\/\/linfuseur.com\/de\/\"},{\"@type\":\"ListItem\",\"position\":2,\"name\":\"AGB\"}]},{\"@type\":\"WebSite\",\"@id\":\"https:\/\/linfuseur.com\/de\/#website\",\"url\":\"https:\/\/linfuseur.com\/de\/\",\"name\":\"L'infuseur Paris\",\"description\":\"L&#039;infuseur Paris - Collection d&#039;infusions\",\"potentialAction\":[{\"@type\":\"SearchAction\",\"target\":{\"@type\":\"EntryPoint\",\"urlTemplate\":\"https:\/\/linfuseur.com\/de\/?s={search_term_string}\"},\"query-input\":{\"@type\":\"PropertyValueSpecification\",\"valueRequired\":true,\"valueName\":\"search_term_string\"}}],\"inLanguage\":\"de\"}]}<\/script>\n<!-- \/ Yoast SEO plugin. -->","yoast_head_json":{"title":"AGB - L&#039;infuseur Paris","robots":{"index":"noindex","follow":"nofollow"},"og_locale":"de_DE","og_type":"article","og_title":"AGB - L&#039;infuseur Paris","og_description":"Rechtliche Hinweise Die Website www.linfuseur.com wird von L&#8217;infuseur mit Sitz in 11 rue de Suresnes 92420 Vaucresson gestaltet und verwaltet, das von der Eintragung in das Handels- und Gesellschaftsregister (Registre du Commerce et des Soci\u00e9t\u00e9s, RCS) und das Handwerksverzeichnis (Registre des M\u00e9tiers, RM) befreit ist. SIREN 790 837 843 Herausgeberin: C\u00e9line RUFFETKontakt: contact@linfuseur.comHost: Infomaniak AnwendungsbereichLire la suite","og_url":"https:\/\/linfuseur.com\/de\/19010-2\/","og_site_name":"L&#039;infuseur Paris","article_modified_time":"2023-10-25T15:53:42+00:00","twitter_misc":{"Gesch\u00e4tzte Lesezeit":"9\u00a0Minuten"},"schema":{"@context":"https:\/\/schema.org","@graph":[{"@type":"WebPage","@id":"https:\/\/linfuseur.com\/de\/19010-2\/","url":"https:\/\/linfuseur.com\/de\/19010-2\/","name":"AGB - L&#039;infuseur Paris","isPartOf":{"@id":"https:\/\/linfuseur.com\/de\/#website"},"datePublished":"2015-01-14T22:14:51+00:00","dateModified":"2023-10-25T15:53:42+00:00","breadcrumb":{"@id":"https:\/\/linfuseur.com\/de\/19010-2\/#breadcrumb"},"inLanguage":"de","potentialAction":[{"@type":"ReadAction","target":["https:\/\/linfuseur.com\/de\/19010-2\/"]}]},{"@type":"BreadcrumbList","@id":"https:\/\/linfuseur.com\/de\/19010-2\/#breadcrumb","itemListElement":[{"@type":"ListItem","position":1,"name":"Home","item":"https:\/\/linfuseur.com\/de\/"},{"@type":"ListItem","position":2,"name":"AGB"}]},{"@type":"WebSite","@id":"https:\/\/linfuseur.com\/de\/#website","url":"https:\/\/linfuseur.com\/de\/","name":"L'infuseur Paris","description":"L&#039;infuseur Paris - Collection d&#039;infusions","potentialAction":[{"@type":"SearchAction","target":{"@type":"EntryPoint","urlTemplate":"https:\/\/linfuseur.com\/de\/?s={search_term_string}"},"query-input":{"@type":"PropertyValueSpecification","valueRequired":true,"valueName":"search_term_string"}}],"inLanguage":"de"}]}},"_links":{"self":[{"href":"https:\/\/linfuseur.com\/de\/wp-json\/wp\/v2\/pages\/19010","targetHints":{"allow":["GET"]}}],"collection":[{"href":"https:\/\/linfuseur.com\/de\/wp-json\/wp\/v2\/pages"}],"about":[{"href":"https:\/\/linfuseur.com\/de\/wp-json\/wp\/v2\/types\/page"}],"author":[{"embeddable":true,"href":"https:\/\/linfuseur.com\/de\/wp-json\/wp\/v2\/users\/263"}],"replies":[{"embeddable":true,"href":"https:\/\/linfuseur.com\/de\/wp-json\/wp\/v2\/comments?post=19010"}],"version-history":[{"count":3,"href":"https:\/\/linfuseur.com\/de\/wp-json\/wp\/v2\/pages\/19010\/revisions"}],"predecessor-version":[{"id":19772,"href":"https:\/\/linfuseur.com\/de\/wp-json\/wp\/v2\/pages\/19010\/revisions\/19772"}],"wp:attachment":[{"href":"https:\/\/linfuseur.com\/de\/wp-json\/wp\/v2\/media?parent=19010"}],"curies":[{"name":"wp","href":"https:\/\/api.w.org\/{rel}","templated":true}]}}