{"id":19034,"date":"2022-02-02T08:49:24","date_gmt":"2022-02-02T08:49:24","guid":{"rendered":"https:\/\/linfuseur.com\/19034-2\/"},"modified":"2023-10-25T15:55:52","modified_gmt":"2023-10-25T15:55:52","slug":"19034-2","status":"publish","type":"page","link":"https:\/\/linfuseur.com\/de\/19034-2\/","title":{"rendered":"PERS\u00d6NLICHE NACHRICHT\u2026"},"content":{"rendered":"\n<figure class=\"wp-block-image size-full hide-mobile\"><a href=\"https:\/\/linfuseur.com\/wp-content\/uploads\/2023\/10\/mosaique-perso-by-8-automne-23-scaled.jpg\"><img decoding=\"async\" width=\"2560\" height=\"640\" src=\"https:\/\/linfuseur.com\/wp-content\/uploads\/2023\/10\/mosaique-perso-by-8-automne-23-scaled.jpg\" alt=\"\" class=\"wp-image-19351\" srcset=\"https:\/\/linfuseur.com\/wp-content\/uploads\/2023\/10\/mosaique-perso-by-8-automne-23-scaled.jpg 2560w, https:\/\/linfuseur.com\/wp-content\/uploads\/2023\/10\/mosaique-perso-by-8-automne-23-scaled-510x128.jpg 510w, https:\/\/linfuseur.com\/wp-content\/uploads\/2023\/10\/mosaique-perso-by-8-automne-23-300x75.jpg 300w, https:\/\/linfuseur.com\/wp-content\/uploads\/2023\/10\/mosaique-perso-by-8-automne-23-1024x256.jpg 1024w, https:\/\/linfuseur.com\/wp-content\/uploads\/2023\/10\/mosaique-perso-by-8-automne-23-768x192.jpg 768w, https:\/\/linfuseur.com\/wp-content\/uploads\/2023\/10\/mosaique-perso-by-8-automne-23-1536x384.jpg 1536w, https:\/\/linfuseur.com\/wp-content\/uploads\/2023\/10\/mosaique-perso-by-8-automne-23-2048x512.jpg 2048w\" sizes=\"(max-width: 2560px) 100vw, 2560px\" \/><\/a><\/figure>\n<figure class=\"wp-block-image size-full hide-desktop\"><a href=\"https:\/\/linfuseur.com\/wp-content\/uploads\/2023\/10\/mosaique-perso-by-8-automne-23-mobile.jpg\"><img decoding=\"async\" width=\"1600\" height=\"800\" src=\"https:\/\/linfuseur.com\/wp-content\/uploads\/2023\/10\/mosaique-perso-by-8-automne-23-mobile.jpg\" alt=\"\" class=\"wp-image-19354\" title=\"\" srcset=\"https:\/\/linfuseur.com\/wp-content\/uploads\/2023\/10\/mosaique-perso-by-8-automne-23-mobile.jpg 1600w, https:\/\/linfuseur.com\/wp-content\/uploads\/2023\/10\/mosaique-perso-by-8-automne-23-mobile-510x255.jpg 510w, https:\/\/linfuseur.com\/wp-content\/uploads\/2023\/10\/mosaique-perso-by-8-automne-23-mobile-300x150.jpg 300w, https:\/\/linfuseur.com\/wp-content\/uploads\/2023\/10\/mosaique-perso-by-8-automne-23-mobile-1024x512.jpg 1024w, https:\/\/linfuseur.com\/wp-content\/uploads\/2023\/10\/mosaique-perso-by-8-automne-23-mobile-768x384.jpg 768w, https:\/\/linfuseur.com\/wp-content\/uploads\/2023\/10\/mosaique-perso-by-8-automne-23-mobile-1536x768.jpg 1536w\" sizes=\"(max-width: 1600px) 100vw, 1600px\" \/><\/a><\/figure>\n<div style=\"height:20px\" aria-hidden=\"true\" class=\"wp-block-spacer\"><\/div>\n\n<p class=\"has-text-align-center\">Personalisieren Sie Ihre Teedosen mit einer einzigartigen Botschaft, kombiniert mit einem unserer vier Gl\u00fccksbringer-Symbole.  <\/p>\n\n<p class=\"has-text-align-center\"><em><em>Erh\u00e4ltlich f\u00fcr unsere Tees Nr. 2 Calme, Nr. 4 Tonique, Nr. 5 D\u00e9lice, Nr. 6 D\u00e9tox und Nr. 8 Zen<\/em><\/em><\/p>\n\n<p class=\"has-text-align-center\">Wenn Sie eine Sonderanfrage zur Personalisierung von Dosen in mehrfacher Ausf\u00fchrung f\u00fcr Ihre Freunde, Ihr Unternehmen oder eine Veranstaltung haben, kontaktieren Sie uns bitte \u00fcber unsere Seite <a href=\"https:\/\/linfuseur.com\/de\/18988-2\/\">Kontakt\/Info<\/a> oder schreiben Sie uns an <a href=\"mailto:contact@linfuseur.com\">contact@linfuseur.com<\/a><\/p>\n\n<div style=\"height:30px\" aria-hidden=\"true\" class=\"wp-block-spacer\"><\/div>\n\n<h2 class=\"wp-block-heading has-text-align-center perso-h2\">Schritt 1: Meine Dose ausw\u00e4hlen<\/h2>\n\n<p><\/p>\n","protected":false},"excerpt":{"rendered":"<p>Personalisieren Sie Ihre Teedosen mit einer einzigartigen Botschaft, kombiniert mit einem unserer vier Gl\u00fccksbringer-Symbole. Erh\u00e4ltlich f\u00fcr unsere Tees Nr. 2 Calme, Nr. 4 Tonique, Nr. 5 D\u00e9lice, Nr. 6 D\u00e9tox und Nr. 8 Zen Wenn Sie eine Sonderanfrage zur Personalisierung von Dosen in mehrfacher Ausf\u00fchrung f\u00fcr Ihre Freunde, Ihr Unternehmen oder eine Veranstaltung haben, kontaktierenLire la suite<\/p>\n","protected":false},"author":263,"featured_media":0,"parent":0,"menu_order":0,"comment_status":"closed","ping_status":"closed","template":"page-personnalisation.php","meta":{"_acf_changed":false,"footnotes":""},"class_list":["post-19034","page","type-page","status-publish","hentry"],"acf":[],"yoast_head":"<!-- This site is optimized with the Yoast SEO plugin v26.8 - https:\/\/yoast.com\/product\/yoast-seo-wordpress\/ -->\n<title>PERS\u00d6NLICHE NACHRICHT\u2026 - L&#039;infuseur Paris<\/title>\n<meta name=\"robots\" content=\"index, follow, max-snippet:-1, max-image-preview:large, max-video-preview:-1\" \/>\n<link rel=\"canonical\" href=\"https:\/\/linfuseur.com\/de\/19034-2\/\" \/>\n<meta property=\"og:locale\" content=\"de_DE\" \/>\n<meta property=\"og:type\" content=\"article\" \/>\n<meta property=\"og:title\" content=\"PERS\u00d6NLICHE NACHRICHT\u2026 - L&#039;infuseur Paris\" \/>\n<meta property=\"og:description\" content=\"Personalisieren Sie Ihre Teedosen mit einer einzigartigen Botschaft, kombiniert mit einem unserer vier Gl\u00fccksbringer-Symbole. Erh\u00e4ltlich f\u00fcr unsere Tees Nr. 2 Calme, Nr. 4 Tonique, Nr. 5 D\u00e9lice, Nr. 6 D\u00e9tox und Nr. 8 Zen Wenn Sie eine Sonderanfrage zur Personalisierung von Dosen in mehrfacher Ausf\u00fchrung f\u00fcr Ihre Freunde, Ihr Unternehmen oder eine Veranstaltung haben, kontaktierenLire la suite\" \/>\n<meta property=\"og:url\" content=\"https:\/\/linfuseur.com\/de\/19034-2\/\" \/>\n<meta property=\"og:site_name\" content=\"L&#039;infuseur Paris\" \/>\n<meta property=\"article:modified_time\" content=\"2023-10-25T15:55:52+00:00\" \/>\n<meta property=\"og:image\" content=\"https:\/\/linfuseur.com\/wp-content\/uploads\/2023\/10\/mosaique-perso-by-8-automne-23-scaled.jpg\" \/>\n<script type=\"application\/ld+json\" class=\"yoast-schema-graph\">{\"@context\":\"https:\/\/schema.org\",\"@graph\":[{\"@type\":\"WebPage\",\"@id\":\"https:\/\/linfuseur.com\/de\/19034-2\/\",\"url\":\"https:\/\/linfuseur.com\/de\/19034-2\/\",\"name\":\"PERS\u00d6NLICHE NACHRICHT\u2026 - L&#039;infuseur Paris\",\"isPartOf\":{\"@id\":\"https:\/\/linfuseur.com\/de\/#website\"},\"primaryImageOfPage\":{\"@id\":\"https:\/\/linfuseur.com\/de\/19034-2\/#primaryimage\"},\"image\":{\"@id\":\"https:\/\/linfuseur.com\/de\/19034-2\/#primaryimage\"},\"thumbnailUrl\":\"https:\/\/linfuseur.com\/wp-content\/uploads\/2023\/10\/mosaique-perso-by-8-automne-23-scaled.jpg\",\"datePublished\":\"2022-02-02T08:49:24+00:00\",\"dateModified\":\"2023-10-25T15:55:52+00:00\",\"breadcrumb\":{\"@id\":\"https:\/\/linfuseur.com\/de\/19034-2\/#breadcrumb\"},\"inLanguage\":\"de\",\"potentialAction\":[{\"@type\":\"ReadAction\",\"target\":[\"https:\/\/linfuseur.com\/de\/19034-2\/\"]}]},{\"@type\":\"ImageObject\",\"inLanguage\":\"de\",\"@id\":\"https:\/\/linfuseur.com\/de\/19034-2\/#primaryimage\",\"url\":\"https:\/\/linfuseur.com\/wp-content\/uploads\/2023\/10\/mosaique-perso-by-8-automne-23-scaled.jpg\",\"contentUrl\":\"https:\/\/linfuseur.com\/wp-content\/uploads\/2023\/10\/mosaique-perso-by-8-automne-23-scaled.jpg\"},{\"@type\":\"BreadcrumbList\",\"@id\":\"https:\/\/linfuseur.com\/de\/19034-2\/#breadcrumb\",\"itemListElement\":[{\"@type\":\"ListItem\",\"position\":1,\"name\":\"Home\",\"item\":\"https:\/\/linfuseur.com\/de\/\"},{\"@type\":\"ListItem\",\"position\":2,\"name\":\"PERS\u00d6NLICHE NACHRICHT\u2026\"}]},{\"@type\":\"WebSite\",\"@id\":\"https:\/\/linfuseur.com\/de\/#website\",\"url\":\"https:\/\/linfuseur.com\/de\/\",\"name\":\"L'infuseur Paris\",\"description\":\"L&#039;infuseur Paris - Collection d&#039;infusions\",\"potentialAction\":[{\"@type\":\"SearchAction\",\"target\":{\"@type\":\"EntryPoint\",\"urlTemplate\":\"https:\/\/linfuseur.com\/de\/?s={search_term_string}\"},\"query-input\":{\"@type\":\"PropertyValueSpecification\",\"valueRequired\":true,\"valueName\":\"search_term_string\"}}],\"inLanguage\":\"de\"}]}<\/script>\n<!-- \/ Yoast SEO plugin. -->","yoast_head_json":{"title":"PERS\u00d6NLICHE NACHRICHT\u2026 - L&#039;infuseur Paris","robots":{"index":"index","follow":"follow","max-snippet":"max-snippet:-1","max-image-preview":"max-image-preview:large","max-video-preview":"max-video-preview:-1"},"canonical":"https:\/\/linfuseur.com\/de\/19034-2\/","og_locale":"de_DE","og_type":"article","og_title":"PERS\u00d6NLICHE NACHRICHT\u2026 - L&#039;infuseur Paris","og_description":"Personalisieren Sie Ihre Teedosen mit einer einzigartigen Botschaft, kombiniert mit einem unserer vier Gl\u00fccksbringer-Symbole. Erh\u00e4ltlich f\u00fcr unsere Tees Nr. 2 Calme, Nr. 4 Tonique, Nr. 5 D\u00e9lice, Nr. 6 D\u00e9tox und Nr. 8 Zen Wenn Sie eine Sonderanfrage zur Personalisierung von Dosen in mehrfacher Ausf\u00fchrung f\u00fcr Ihre Freunde, Ihr Unternehmen oder eine Veranstaltung haben, kontaktierenLire la suite","og_url":"https:\/\/linfuseur.com\/de\/19034-2\/","og_site_name":"L&#039;infuseur Paris","article_modified_time":"2023-10-25T15:55:52+00:00","og_image":[{"url":"https:\/\/linfuseur.com\/wp-content\/uploads\/2023\/10\/mosaique-perso-by-8-automne-23-scaled.jpg","type":"","width":"","height":""}],"schema":{"@context":"https:\/\/schema.org","@graph":[{"@type":"WebPage","@id":"https:\/\/linfuseur.com\/de\/19034-2\/","url":"https:\/\/linfuseur.com\/de\/19034-2\/","name":"PERS\u00d6NLICHE NACHRICHT\u2026 - L&#039;infuseur Paris","isPartOf":{"@id":"https:\/\/linfuseur.com\/de\/#website"},"primaryImageOfPage":{"@id":"https:\/\/linfuseur.com\/de\/19034-2\/#primaryimage"},"image":{"@id":"https:\/\/linfuseur.com\/de\/19034-2\/#primaryimage"},"thumbnailUrl":"https:\/\/linfuseur.com\/wp-content\/uploads\/2023\/10\/mosaique-perso-by-8-automne-23-scaled.jpg","datePublished":"2022-02-02T08:49:24+00:00","dateModified":"2023-10-25T15:55:52+00:00","breadcrumb":{"@id":"https:\/\/linfuseur.com\/de\/19034-2\/#breadcrumb"},"inLanguage":"de","potentialAction":[{"@type":"ReadAction","target":["https:\/\/linfuseur.com\/de\/19034-2\/"]}]},{"@type":"ImageObject","inLanguage":"de","@id":"https:\/\/linfuseur.com\/de\/19034-2\/#primaryimage","url":"https:\/\/linfuseur.com\/wp-content\/uploads\/2023\/10\/mosaique-perso-by-8-automne-23-scaled.jpg","contentUrl":"https:\/\/linfuseur.com\/wp-content\/uploads\/2023\/10\/mosaique-perso-by-8-automne-23-scaled.jpg"},{"@type":"BreadcrumbList","@id":"https:\/\/linfuseur.com\/de\/19034-2\/#breadcrumb","itemListElement":[{"@type":"ListItem","position":1,"name":"Home","item":"https:\/\/linfuseur.com\/de\/"},{"@type":"ListItem","position":2,"name":"PERS\u00d6NLICHE NACHRICHT\u2026"}]},{"@type":"WebSite","@id":"https:\/\/linfuseur.com\/de\/#website","url":"https:\/\/linfuseur.com\/de\/","name":"L'infuseur Paris","description":"L&#039;infuseur Paris - Collection d&#039;infusions","potentialAction":[{"@type":"SearchAction","target":{"@type":"EntryPoint","urlTemplate":"https:\/\/linfuseur.com\/de\/?s={search_term_string}"},"query-input":{"@type":"PropertyValueSpecification","valueRequired":true,"valueName":"search_term_string"}}],"inLanguage":"de"}]}},"_links":{"self":[{"href":"https:\/\/linfuseur.com\/de\/wp-json\/wp\/v2\/pages\/19034","targetHints":{"allow":["GET"]}}],"collection":[{"href":"https:\/\/linfuseur.com\/de\/wp-json\/wp\/v2\/pages"}],"about":[{"href":"https:\/\/linfuseur.com\/de\/wp-json\/wp\/v2\/types\/page"}],"author":[{"embeddable":true,"href":"https:\/\/linfuseur.com\/de\/wp-json\/wp\/v2\/users\/263"}],"replies":[{"embeddable":true,"href":"https:\/\/linfuseur.com\/de\/wp-json\/wp\/v2\/comments?post=19034"}],"version-history":[{"count":3,"href":"https:\/\/linfuseur.com\/de\/wp-json\/wp\/v2\/pages\/19034\/revisions"}],"predecessor-version":[{"id":19820,"href":"https:\/\/linfuseur.com\/de\/wp-json\/wp\/v2\/pages\/19034\/revisions\/19820"}],"wp:attachment":[{"href":"https:\/\/linfuseur.com\/de\/wp-json\/wp\/v2\/media?parent=19034"}],"curies":[{"name":"wp","href":"https:\/\/api.w.org\/{rel}","templated":true}]}}