{"id":19037,"date":"2021-06-07T14:36:54","date_gmt":"2021-06-07T14:36:54","guid":{"rendered":"https:\/\/linfuseur.com\/19037-2\/"},"modified":"2023-10-25T15:53:42","modified_gmt":"2023-10-25T15:53:42","slug":"19037-2","status":"publish","type":"page","link":"https:\/\/linfuseur.com\/de\/19037-2\/","title":{"rendered":"Datenschutzrichtlinie"},"content":{"rendered":"\n<p><strong>Rechtliche Hinweise und Datenschutzrichtlinie<\/strong><strong><\/strong><\/p>\n\n<p>Das Unternehmen L&#8217;infuseur ist bestrebt, die Rechte von Einzelpersonen insbesondere im Hinblick auf automatisierte Datenverarbeitungen zu sch\u00fctzen, und hat im Interesse der Transparenz gegen\u00fcber seinen Kunden eine Politik eingef\u00fchrt, die alle derartigen Datenverarbeitungen, die damit verfolgten Zwecke sowie die den Einzelpersonen zur Verf\u00fcgung stehenden Handlungsm\u00f6glichkeiten beinhaltet, damit sie ihre Rechte so gut wie m\u00f6glich aus\u00fcben k\u00f6nnen.  <\/p>\n\n<p>Weitere Informationen zum Schutz personenbezogener Daten finden Sie unter: <a href=\"https:\/\/www.cnil.fr\/\">https:\/\/www.cnil.fr\/<\/a><\/p>\n\n<p>Das weitere Surfen auf dieser Website bedeutet, dass Sie die folgenden Bestimmungen und Nutzungsbedingungen vorbehaltlos akzeptieren.  <\/p>\n\n<p>Die derzeit online verf\u00fcgbare Version dieser Nutzungsbedingungen ist w\u00e4hrend der gesamten Nutzungsdauer der Website und bis zu dem Zeitpunkt, an dem sie durch eine neue Version ersetzt wird, die einzig verbindliche Version.<\/p>\n\n<p><br\/><strong>Artikel 1 &#8211; Rechtliche Hinweise<\/strong><\/p>\n\n<p><br\/>1.1 Website (im Folgenden \u201edie Website\u201c):  <\/p>\n\n<p>L&#8217;infuseur<\/p>\n\n<p>1.2 Herausgeber (im Folgenden \u201eder Herausgeber\u201c):  <\/p>\n\n<p>L&#8217;infuseur SAS mit einem Kapital von 3.638 \u20ac<\/p>\n\n<p>mit eingetragenem Sitz in: 11 rue de Suresnes 92420 Vaucresson  <\/p>\n\n<p>vertreten durch C\u00e9line RUFFET in ihrer Eigenschaft als Gesch\u00e4ftsf\u00fchrerin<\/p>\n\n<p>eingetragen im Handelsregister von Vaucresson 790837843<\/p>\n\n<p>E-Mail-Adresse: <a href=\"mailto:contact@linfuseur.com\">contact@linfuseur.com<\/a><\/p>\n\n<p>1.3 Hosting-Anbieter (im Folgenden \u201eder Host\u201c) :  <\/p>\n\n<p>L&#8217;infuseur wird von Infomaniak gehostet, dessen Hauptsitz sich in 25 Eug\u00e8ne-Marziano 1227 Les Acacias befindet.<br\/><\/p>\n\n<p><strong>Artikel 2 &#8211; Zugang zur Website<\/strong><\/p>\n\n<p><br\/>Der Zugang zur Website und ihre Nutzung sind ausschlie\u00dflich f\u00fcr den pers\u00f6nlichen Gebrauch bestimmt. Sie verpflichten sich, diese Website und die darin enthaltenen Informationen oder Daten nicht f\u00fcr kommerzielle, politische oder gewerbliche Zwecke oder f\u00fcr jegliche Form der kommerziellen Werbung, einschlie\u00dflich des Versands von unerw\u00fcnschten E-Mails, zu verwenden.<\/p>\n\n<p><br\/><strong>Artikel 3 &#8211; Inhalt der Website<\/strong><\/p>\n\n<p><br\/>Alle Marken, Fotografien, Texte, Kommentare, Illustrationen, animierte oder nicht animierte Bilder, Videosequenzen, T\u00f6ne sowie alle Computeranwendungen, die f\u00fcr den Betrieb dieser Website verwendet werden k\u00f6nnen, sowie generell alle Elemente, die auf der Website reproduziert oder verwendet werden, unterliegen den geltenden Gesetzen zum Schutz des geistigen Eigentums.<\/p>\n\n<p>Sie sind das vollst\u00e4ndige und uneingeschr\u00e4nkte Eigentum des Herausgebers oder seiner Partner. Jegliche Vervielf\u00e4ltigung, Darstellung, Nutzung oder Anpassung, unabh\u00e4ngig von der Form, der gesamten oder eines Teils dieser Elemente, einschlie\u00dflich der Computeranwendungen, ohne vorherige schriftliche Genehmigung des Herausgebers ist strengstens untersagt. Die Tatsache, dass der Herausgeber nicht sofort nach Kenntnisnahme einer solchen unerlaubten Nutzung ein Verfahren einleitet, gilt nicht als Zustimmung zu dieser Nutzung und als Verzicht auf rechtliche Schritte.<\/p>\n\n<p><br\/><strong>Artikel 4 &#8211; Verwaltung der Website<\/strong><\/p>\n\n<p><br\/>Zur ordnungsgem\u00e4\u00dfen Verwaltung der Website kann der Herausgeber jederzeit:<\/p>\n\n<p>&#8211; den Zugriff auf die gesamte oder einen Teil der Website aussetzen, unterbrechen oder einschr\u00e4nken, den Zugriff auf die Website oder bestimmte Teile der Website einer bestimmten Kategorie von Internetnutzern vorbehalten;<\/p>\n\n<p>&#8211; Informationen l\u00f6schen, die den Betrieb st\u00f6ren k\u00f6nnten oder gegen nationale oder internationale Gesetze versto\u00dfen;<\/p>\n\n<p>&#8211; die Website zur Durchf\u00fchrung von Aktualisierungen vor\u00fcbergehend au\u00dfer Betrieb nehmen.<\/p>\n\n<p><br\/><strong>Artikel 5 &#8211; Haftung<\/strong><\/p>\n\n<p><br\/>Der Herausgeber kann nicht haftbar gemacht werden f\u00fcr Fehler, St\u00f6rungen, Schwierigkeiten oder Betriebsunterbrechungen, die den Zugang zur Website oder zu einer ihrer Funktionen verhindern.<\/p>\n\n<p>Die von Ihnen verwendete Hardware zur Verbindung mit der Website unterliegt Ihrer alleinigen Verantwortung. Sie m\u00fcssen alle geeigneten Ma\u00dfnahmen ergreifen, um Ihre Hardware und Ihre eigenen Daten insbesondere vor Virenangriffen \u00fcber das Internet zu sch\u00fctzen. Dar\u00fcber hinaus sind Sie allein verantwortlich f\u00fcr die Websites und Daten, die Sie aufrufen.<\/p>\n\n<p>Der Herausgeber haftet nicht f\u00fcr rechtliche Schritte gegen Sie:<\/p>\n\n<p>&#8211; aufgrund der Nutzung der Website oder eines \u00fcber das Internet zug\u00e4nglichen Dienstes;<\/p>\n\n<p>&#8211; aufgrund Ihrer Nichteinhaltung der vorliegenden Allgemeinen Gesch\u00e4ftsbedingungen.<\/p>\n\n<p>Der Herausgeber haftet nicht f\u00fcr Sch\u00e4den, die Ihnen, Dritten und\/oder Ihren Ger\u00e4ten durch Ihre Verbindung oder Nutzung der Website entstehen, und Sie verzichten auf jegliche Klage gegen ihn aus diesem Grund.<\/p>\n\n<p>Sollte der Herausgeber aufgrund Ihrer Nutzung der Website in ein g\u00fctliches oder gerichtliches Verfahren verwickelt werden, kann er Sie f\u00fcr alle Sch\u00e4den, Betr\u00e4ge, Verurteilungen und Kosten, die sich aus diesem Verfahren ergeben k\u00f6nnten, haftbar machen.<\/p>\n\n<p><br\/><strong>Artikel 6 &#8211; Hyperlinks<br\/><\/strong> <\/p>\n\n<p>Die Einrichtung von Hypertext-Links zu allen oder einem Teil der Website durch die Nutzer ist vom Herausgeber genehmigt. Jeder Link muss auf einfache Anfrage des Herausgebers entfernt werden.  <\/p>\n\n<p>Alle Informationen, die \u00fcber einen Link zu anderen Websites zug\u00e4nglich sind, werden nicht vom Herausgeber ver\u00f6ffentlicht. Der Herausgeber hat keine Rechte an dem Inhalt, der \u00fcber diesen Link zug\u00e4nglich ist.  <\/p>\n\n<p><br\/><strong>Artikel 7 &#8211; Datenerhebung und -schutz<\/strong><\/p>\n\n<p>Ihre Daten werden von der Firma L&#8217;infuseur gesammelt.<\/p>\n\n<p>Personenbezogene Daten sind alle Informationen \u00fcber eine identifizierte oder identifizierbare nat\u00fcrliche Person (betroffene Person). Als identifizierbar wird eine direkt oder indirekt identifizierbare Person angesehen, die insbesondere durch Zuordnung zu einem Namen, einer Kennnummer oder zu einem oder mehreren spezifischen Elementen, die Aufschluss \u00fcber ihre physische, physiologische, genetische, psychische, wirtschaftliche, kulturelle oder soziale Identit\u00e4t geben, identifiziert werden kann.<\/p>\n\n<p>Die personenbezogenen Daten, die auf der Website gesammelt werden k\u00f6nnen, werden vom Herausgeber haupts\u00e4chlich f\u00fcr die Verwaltung der Beziehungen mit Ihnen und gegebenenfalls f\u00fcr die Bearbeitung Ihrer Bestellungen verwendet.  <\/p>\n\n<p>Die erhobenen personenbezogenen Daten sind folgende:<\/p>\n\n<p>&#8211; Name und Vorname<br\/>&#8211; Adresse<br\/>&#8211; E-Mail-Adresse<br\/>&#8211; Telefonnummer<\/p>\n\n<p><strong>Artikel 8 &#8211; Recht auf Zugriff, Berichtigung und L\u00f6schung Ihrer Daten<\/strong><\/p>\n\n<p>In Anwendung der geltenden Vorschriften \u00fcber personenbezogene Daten haben die Nutzer folgende Rechte:<\/p>\n\n<ul class=\"wp-block-list\"><li>das Recht auf Zugang: Sie k\u00f6nnen ihr Recht auf Zugang aus\u00fcben, um zu erfahren, welche personenbezogenen Daten \u00fcber sie gespeichert sind, indem sie an die unten genannte E-Mail-Adresse schreiben. In diesem Fall kann die Plattform vor der Aus\u00fcbung dieses Rechts einen Nachweis der Identit\u00e4t des Nutzers verlangen, um die Richtigkeit der Angaben zu \u00fcberpr\u00fcfen;<\/li><li>das Recht auf Berichtigung: Wenn die von der Plattform gespeicherten personenbezogenen Daten unrichtig sind, k\u00f6nnen sie die Aktualisierung der Informationen verlangen;<\/li><li>das Recht auf Datenl\u00f6schung: Nutzer k\u00f6nnen gem\u00e4\u00df den geltenden Datenschutzgesetzen die L\u00f6schung ihrer personenbezogenen Daten verlangen;<\/li><li>das Recht auf Einschr\u00e4nkung der Verarbeitung: Die Nutzer k\u00f6nnen die Plattform auffordern, die Verarbeitung personenbezogener Daten gem\u00e4\u00df den in der DSGVO vorgesehenen Bestimmungen einzuschr\u00e4nken;<\/li><li>das Recht, der Datenverarbeitung zu widersprechen: Nutzer k\u00f6nnen der Verarbeitung ihrer Daten gem\u00e4\u00df den in der DSGVO vorgesehenen Bestimmungen widersprechen;<\/li><li>das Recht auf \u00dcbertragbarkeit: Sie k\u00f6nnen verlangen, dass die Plattform ihnen die von ihnen bereitgestellten personenbezogenen Daten aush\u00e4ndigt, um sie an eine neue Plattform weiterzugeben.<\/li><\/ul>\n<p>Sie k\u00f6nnen dieses Recht aus\u00fcben, indem Sie uns unter der folgenden Adresse kontaktieren:<\/p>\n\n<p>11 rue de Suresnes 92420 Vaucresson .<\/p>\n\n<p>Oder per E-Mail an die Adresse:<\/p>\n\n<p>contact@linfuseur.com  <\/p>\n\n<p>Jedem Antrag muss eine Fotokopie eines g\u00fcltigen und unterschriebenen Ausweisdokuments beiliegen und die Adresse enthalten, unter der der Herausgeber den Antragsteller kontaktieren kann. Die Antwort erfolgt innerhalb eines Monats nach Eingang des Antrags. Diese Frist von einem Monat kann um zwei Monate verl\u00e4ngert werden, wenn die Komplexit\u00e4t des Antrags und\/oder die Anzahl der Antr\u00e4ge dies erfordern.<\/p>\n\n<p>Dar\u00fcber hinaus haben Personen, die dies w\u00fcnschen, seit dem Gesetz Nr. 2016-1321 vom 7. Oktober 2016 die M\u00f6glichkeit, den Verbleib ihrer Daten nach ihrem Tod zu regeln. Weitere Informationen zu diesem Thema finden Sie auf der Website der CNIL: https:\/\/www.cnil.fr\/.<\/p>\n\n<p>Nutzer k\u00f6nnen auch eine Beschwerde bei der CNIL auf der Website der CNIL einreichen: <a href=\"https:\/\/www.cnil.fr\">https:\/\/www.cnil.fr<\/a>.  <\/p>\n\n<p>Wir empfehlen Ihnen, sich zun\u00e4chst an uns zu wenden, bevor Sie eine Beschwerde bei der CNIL einreichen, da wir Ihnen bei der L\u00f6sung Ihres Problems gerne behilflich sind.  <\/p>\n\n<p><strong>Artikel 9 &#8211; Verwendung der Daten<\/strong><\/p>\n\n<p>Die von den Nutzern erhobenen personenbezogenen Daten dienen dazu, die Dienste der Plattform zur Verf\u00fcgung zu stellen, sie zu verbessern und eine sichere Umgebung aufrechtzuerhalten. Die Rechtsgrundlage f\u00fcr die Verarbeitung ist die Erf\u00fcllung des Vertrags zwischen dem Nutzer und der Plattform. Im Einzelnen handelt es sich um folgende Verwendungen:<\/p>\n\n<p>&#8211; Zugang und Nutzung der Plattform durch den Nutzer;<\/p>\n\n<p>&#8211; Verwaltung des Betriebs und Optimierung der Plattform;<\/p>\n\n<p>&#8211; Implementierung von Nutzerunterst\u00fctzung;<\/p>\n\n<p>&#8211; \u00dcberpr\u00fcfung, Identifizierung und Authentifizierung der vom Nutzer \u00fcbermittelten Daten;<\/p>\n\n<p>&#8211; Personalisierung von Diensten durch die Anzeige von Werbung auf basis des Browserverlaufs des Nutzers entsprechend seinen Vorlieben;<\/p>\n\n<p>&#8211; Vorbeugung und Erkennung von Betrug, Malware und Sicherheitsvorf\u00e4llen;<\/p>\n\n<p>&#8211; Verwaltung m\u00f6glicher Streitigkeiten mit den Nutzern;<\/p>\n\n<p>&#8211; Senden von kommerziellen und werblichen Informationen, die auf den Pr\u00e4ferenzen des Nutzers basieren;<\/p>\n\n<p><strong>Artikel 10 &#8211; Richtlinie zur Datenaufbewahrung<\/strong><\/p>\n\n<p>Die Plattform speichert Ihre Daten so lange, wie es notwendig ist, um Ihnen ihre Dienste oder Unterst\u00fctzung zur Verf\u00fcgung zu stellen.  <\/p>\n\n<p>In dem Ma\u00dfe, wie es vern\u00fcnftigerweise notwendig oder erforderlich ist, um gesetzlichen oder regulatorischen Verpflichtungen nachzukommen, Streitigkeiten beizulegen, Betrug und Missbrauch zu verhindern oder unsere Gesch\u00e4ftsbedingungen durchzusetzen, k\u00f6nnen wir einige Ihrer Daten bei Bedarf auch dann aufbewahren, wenn Sie Ihr Konto geschlossen haben oder wir sie nicht mehr ben\u00f6tigen, um Ihnen unsere Dienstleistungen zu erbringen.<\/p>\n\n<p><strong>Artikel 11- Weitergabe von personenbezogenen Daten an Dritte<\/strong><\/p>\n\n<p>Personenbezogene Daten k\u00f6nnen in den folgenden F\u00e4llen ausschlie\u00dflich an Drittunternehmen in der Europ\u00e4ischen Union weitergegeben werden:<\/p>\n\n<p>&#8211; wenn der Nutzer in den freien Kommentarbereichen der Plattform \u00f6ffentlich zug\u00e4ngliche Informationen ver\u00f6ffentlicht;<\/p>\n\n<p>&#8211; wenn der Nutzer der Website eines Dritten den Zugriff auf seine Daten erlaubt;<\/p>\n\n<p>&#8211; wenn die Plattform die Dienste von Dienstleistern in Anspruch nimmt, um Nutzerunterst\u00fctzung, Werbung und Zahlungsdienste zu erbringen. Diese Dienstleister haben im Rahmen der Erbringung dieser Leistungen einen begrenzten Zugang zu den Daten des Nutzers und sind vertraglich verpflichtet, diese Daten in \u00dcbereinstimmung mit den geltenden Vorschriften zum Schutz personenbezogener Daten zu verwenden;<\/p>\n\n<p>&#8211; wenn dies gesetzlich vorgeschrieben ist, kann die Plattform Daten \u00fcbermitteln, um Beschwerden gegen die Plattform nachzugehen und um Verwaltungs- und Gerichtsverfahren nachzukommen.<\/p>\n\n<p><strong>Artikel 12 &#8211; Kommerzielle Angebote<\/strong><\/p>\n\n<p>Sie erhalten m\u00f6glicherweise kommerzielle Angebote des Herausgebers. Wenn Sie dies nicht m\u00f6chten, klicken Sie bitte auf den folgenden Link: .<\/p>\n\n<p>Ihre Daten k\u00f6nnen von den Partnern des Herausgebers zu Zwecken der kommerziellen Werbung verwendet werden. Wenn Sie dies nicht w\u00fcnschen, klicken Sie bitte auf den folgenden Link:<\/p>\n\n<p>Sollten Sie beim Besuch der Website Zugang zu personenbezogenen Daten erhalten, m\u00fcssen Sie von jeglicher Sammlung, nicht autorisierten Nutzung und jeglicher Handlung, die das Privatleben oder den Ruf von Personen verletzen k\u00f6nnte, Abstand nehmen. Der Herausgeber lehnt jegliche Verantwortung in dieser Hinsicht ab.<\/p>\n\n<p>Die Daten werden f\u00fcr eine dem geltenden Recht entsprechende Dauer aufbewahrt und verwendet.<\/p>\n\n<p id=\"cookies\"><br\/><strong>Artikel 13 &#8211; Cookies<\/strong> <\/p>\n\n<p>Was ist ein \u201eCookie\u201c?<\/p>\n\n<p>Ein \u201eCookie\u201c oder Tracer ist eine elektronische Datei, die auf einem Endger\u00e4t (Computer, Tablet, Smartphone, \u2026) abgelegt und beispielsweise beim Besuch einer Website, beim Lesen einer E-Mail, bei der Installation oder Nutzung einer Software oder einer mobilen Anwendung ausgelesen wird, und zwar unabh\u00e4ngig von der Art des verwendeten Endger\u00e4ts (Quelle:  <a href=\"https:\/\/www.cnil.fr\/fr\/cookies-traceurs-que-dit-la-loi\">https:\/\/www.cnil.fr\/fr\/cookies-traceurs-que-dit-la-loi<\/a>).<\/p>\n\n<p>Wenn Sie auf dieser Website surfen, k\u00f6nnen \u201eCookies\u201c, die von der f\u00fcr die betreffende Website verantwortlichen Gesellschaft und\/oder von Drittfirmen stammen, auf Ihrem Terminal abgelegt werden.<\/p>\n\n<p>Bei der ersten Navigation auf dieser Website erscheint ein Banner, das die Verwendung von \u201eCookies\u201c erl\u00e4utert. Wenn der Kunde und\/oder Interessent weiter surft, wird davon ausgegangen, dass er \u00fcber die Verwendung dieser \u201eCookies\u201c informiert ist und damit einverstanden ist. Die erteilte Einwilligung ist f\u00fcr einen Zeitraum von dreizehn (13) Monaten g\u00fcltig. Der Nutzer hat die M\u00f6glichkeit, Cookies \u00fcber die Einstellungen seines Browsers zu deaktivieren.  <\/p>\n\n<p>Alle gesammelten Informationen werden nur verwendet, um das Volumen, die Art und das Muster des Verkehrs, wie diese Website genutzt wird, zu verfolgen, um das Design und die Gestaltung der Website weiterzuentwickeln. Au\u00dferdem werden sie f\u00fcr andere Verwaltungs- und Planungszwecke und ganz allgemein zur Verbesserung der Dienstleistungen, die wir Ihnen anbieten, verwendet.<\/p>\n\n<p>Die folgenden Cookies sind auf dieser Website vorhanden:  <\/p>\n\n<p><strong>Google Cookies:<\/strong><\/p>\n\n<p>&#8211; Google Analytics: erm\u00f6glicht die Messung der Besucherzahlen der Website;<br\/>&#8211; Google Tag Manager: erleichtert die Implementierung von Tags auf Seiten und erm\u00f6glicht die Verwaltung von Google Tags;<br\/>&#8211; Google Adsense: Googles Werbenetzwerk, das YouTube-Websites oder -Videos als Medium f\u00fcr seine Anzeigen nutzt;  <br\/>&#8211; Google Dynamic Remarketing: Erm\u00f6glicht es Ihnen, dynamische Werbung auf Basis fr\u00fcherer Suchanfragen zu schalten;  <br\/>&#8211; Google Adwords Conversion: Tool zur Verfolgung von Adwords-Werbekampagnen;  <br\/>&#8211; DoubleClick: Werbecookies von Google, um Banner zu schalten.<\/p>\n\n<p><strong>Facebook-Cookies:<\/strong><\/p>\n\n<p>&#8211; Facebook Connect: Erm\u00f6glicht das Anmelden mit dem Facebook-Konto;<br\/>&#8211; Facebook Social Plugins: Erm\u00f6glicht das Liken, Teilen und Kommentieren von Inhalten mit einem Facebook-Konto;<br\/>&#8211; Facebook Custom Audience: Erm\u00f6glicht es, mit dem Publikum auf Facebook zu interagieren.<\/p>\n\n<p>Die Lebensdauer dieser Cookies betr\u00e4gt dreizehn Monate.<\/p>\n\n<p>F\u00fcr weitere Informationen \u00fcber die Verwendung, Verwaltung und L\u00f6schung von \u201eCookies\u201c f\u00fcr alle Arten von Browsern empfehlen wir den folgenden Link: <a href=\"https:\/\/www.cnil.fr\/fr\/cookies-les-outils-pour-les-maitriser\">https:\/\/www.cnil.fr\/fr\/cookies-les-outils-pour-les-maitriser<\/a>.<\/p>\n\n<p><br\/><strong>Artikel 14 &#8211; Fotografien und Darstellung von Produkten<\/strong><\/p>\n\n<p><br\/>Die Produktfotografien, die die Beschreibung der Produkte begleiten, sind nicht vertraglich bindend und stellen keine Verpflichtung f\u00fcr den Herausgeber dar.<\/p>\n\n<p><br\/><strong>Artikel 15 &#8211; Anwendbares Recht<\/strong><\/p>\n\n<p><br\/>Die vorliegenden Nutzungsbedingungen f\u00fcr die Website unterliegen franz\u00f6sischem Recht und der Zust\u00e4ndigkeit der Gerichte am Sitz des Herausgebers, vorbehaltlich einer speziellen Zust\u00e4ndigkeitszuweisung, die sich aus einem besonderen Gesetzes- oder Verordnungstext ergibt.<\/p>\n\n<p><br\/><strong>Artikel 16 &#8211; Kontaktieren Sie uns<\/strong><\/p>\n\n<p>Wenn Sie Fragen haben oder Informationen zu den auf der Website vorgestellten Produkten oder zur Website selbst ben\u00f6tigen, senden Sie uns bitte eine Nachricht an folgende Adresse: contact@linfuseur.com.  <\/p>\n","protected":false},"excerpt":{"rendered":"<p>Rechtliche Hinweise und Datenschutzrichtlinie Das Unternehmen L&#8217;infuseur ist bestrebt, die Rechte von Einzelpersonen insbesondere im Hinblick auf automatisierte Datenverarbeitungen zu sch\u00fctzen, und hat im Interesse der Transparenz gegen\u00fcber seinen Kunden eine Politik eingef\u00fchrt, die alle derartigen Datenverarbeitungen, die damit verfolgten Zwecke sowie die den Einzelpersonen zur Verf\u00fcgung stehenden Handlungsm\u00f6glichkeiten beinhaltet, damit sie ihre Rechte soLire la suite<\/p>\n","protected":false},"author":263,"featured_media":0,"parent":0,"menu_order":0,"comment_status":"closed","ping_status":"closed","template":"","meta":{"_acf_changed":false,"footnotes":""},"class_list":["post-19037","page","type-page","status-publish","hentry"],"acf":[],"yoast_head":"<!-- This site is optimized with the Yoast SEO plugin v26.8 - https:\/\/yoast.com\/product\/yoast-seo-wordpress\/ -->\n<title>Datenschutzrichtlinie - L&#039;infuseur Paris<\/title>\n<meta name=\"robots\" content=\"noindex, nofollow\" \/>\n<meta property=\"og:locale\" content=\"de_DE\" \/>\n<meta property=\"og:type\" content=\"article\" \/>\n<meta property=\"og:title\" content=\"Datenschutzrichtlinie - L&#039;infuseur Paris\" \/>\n<meta property=\"og:description\" content=\"Rechtliche Hinweise und Datenschutzrichtlinie Das Unternehmen L&#8217;infuseur ist bestrebt, die Rechte von Einzelpersonen insbesondere im Hinblick auf automatisierte Datenverarbeitungen zu sch\u00fctzen, und hat im Interesse der Transparenz gegen\u00fcber seinen Kunden eine Politik eingef\u00fchrt, die alle derartigen Datenverarbeitungen, die damit verfolgten Zwecke sowie die den Einzelpersonen zur Verf\u00fcgung stehenden Handlungsm\u00f6glichkeiten beinhaltet, damit sie ihre Rechte soLire la suite\" \/>\n<meta property=\"og:url\" content=\"https:\/\/linfuseur.com\/de\/19037-2\/\" \/>\n<meta property=\"og:site_name\" content=\"L&#039;infuseur Paris\" \/>\n<meta property=\"article:modified_time\" content=\"2023-10-25T15:53:42+00:00\" \/>\n<meta name=\"twitter:label1\" content=\"Gesch\u00e4tzte Lesezeit\" \/>\n\t<meta name=\"twitter:data1\" content=\"11\u00a0Minuten\" \/>\n<script type=\"application\/ld+json\" class=\"yoast-schema-graph\">{\"@context\":\"https:\/\/schema.org\",\"@graph\":[{\"@type\":\"WebPage\",\"@id\":\"https:\/\/linfuseur.com\/de\/19037-2\/\",\"url\":\"https:\/\/linfuseur.com\/de\/19037-2\/\",\"name\":\"Datenschutzrichtlinie - L&#039;infuseur Paris\",\"isPartOf\":{\"@id\":\"https:\/\/linfuseur.com\/de\/#website\"},\"datePublished\":\"2021-06-07T14:36:54+00:00\",\"dateModified\":\"2023-10-25T15:53:42+00:00\",\"breadcrumb\":{\"@id\":\"https:\/\/linfuseur.com\/de\/19037-2\/#breadcrumb\"},\"inLanguage\":\"de\",\"potentialAction\":[{\"@type\":\"ReadAction\",\"target\":[\"https:\/\/linfuseur.com\/de\/19037-2\/\"]}]},{\"@type\":\"BreadcrumbList\",\"@id\":\"https:\/\/linfuseur.com\/de\/19037-2\/#breadcrumb\",\"itemListElement\":[{\"@type\":\"ListItem\",\"position\":1,\"name\":\"Home\",\"item\":\"https:\/\/linfuseur.com\/de\/\"},{\"@type\":\"ListItem\",\"position\":2,\"name\":\"Datenschutzrichtlinie\"}]},{\"@type\":\"WebSite\",\"@id\":\"https:\/\/linfuseur.com\/de\/#website\",\"url\":\"https:\/\/linfuseur.com\/de\/\",\"name\":\"L'infuseur Paris\",\"description\":\"L&#039;infuseur Paris - Collection d&#039;infusions\",\"potentialAction\":[{\"@type\":\"SearchAction\",\"target\":{\"@type\":\"EntryPoint\",\"urlTemplate\":\"https:\/\/linfuseur.com\/de\/?s={search_term_string}\"},\"query-input\":{\"@type\":\"PropertyValueSpecification\",\"valueRequired\":true,\"valueName\":\"search_term_string\"}}],\"inLanguage\":\"de\"}]}<\/script>\n<!-- \/ Yoast SEO plugin. -->","yoast_head_json":{"title":"Datenschutzrichtlinie - L&#039;infuseur Paris","robots":{"index":"noindex","follow":"nofollow"},"og_locale":"de_DE","og_type":"article","og_title":"Datenschutzrichtlinie - L&#039;infuseur Paris","og_description":"Rechtliche Hinweise und Datenschutzrichtlinie Das Unternehmen L&#8217;infuseur ist bestrebt, die Rechte von Einzelpersonen insbesondere im Hinblick auf automatisierte Datenverarbeitungen zu sch\u00fctzen, und hat im Interesse der Transparenz gegen\u00fcber seinen Kunden eine Politik eingef\u00fchrt, die alle derartigen Datenverarbeitungen, die damit verfolgten Zwecke sowie die den Einzelpersonen zur Verf\u00fcgung stehenden Handlungsm\u00f6glichkeiten beinhaltet, damit sie ihre Rechte soLire la suite","og_url":"https:\/\/linfuseur.com\/de\/19037-2\/","og_site_name":"L&#039;infuseur Paris","article_modified_time":"2023-10-25T15:53:42+00:00","twitter_misc":{"Gesch\u00e4tzte Lesezeit":"11\u00a0Minuten"},"schema":{"@context":"https:\/\/schema.org","@graph":[{"@type":"WebPage","@id":"https:\/\/linfuseur.com\/de\/19037-2\/","url":"https:\/\/linfuseur.com\/de\/19037-2\/","name":"Datenschutzrichtlinie - L&#039;infuseur Paris","isPartOf":{"@id":"https:\/\/linfuseur.com\/de\/#website"},"datePublished":"2021-06-07T14:36:54+00:00","dateModified":"2023-10-25T15:53:42+00:00","breadcrumb":{"@id":"https:\/\/linfuseur.com\/de\/19037-2\/#breadcrumb"},"inLanguage":"de","potentialAction":[{"@type":"ReadAction","target":["https:\/\/linfuseur.com\/de\/19037-2\/"]}]},{"@type":"BreadcrumbList","@id":"https:\/\/linfuseur.com\/de\/19037-2\/#breadcrumb","itemListElement":[{"@type":"ListItem","position":1,"name":"Home","item":"https:\/\/linfuseur.com\/de\/"},{"@type":"ListItem","position":2,"name":"Datenschutzrichtlinie"}]},{"@type":"WebSite","@id":"https:\/\/linfuseur.com\/de\/#website","url":"https:\/\/linfuseur.com\/de\/","name":"L'infuseur Paris","description":"L&#039;infuseur Paris - Collection d&#039;infusions","potentialAction":[{"@type":"SearchAction","target":{"@type":"EntryPoint","urlTemplate":"https:\/\/linfuseur.com\/de\/?s={search_term_string}"},"query-input":{"@type":"PropertyValueSpecification","valueRequired":true,"valueName":"search_term_string"}}],"inLanguage":"de"}]}},"_links":{"self":[{"href":"https:\/\/linfuseur.com\/de\/wp-json\/wp\/v2\/pages\/19037","targetHints":{"allow":["GET"]}}],"collection":[{"href":"https:\/\/linfuseur.com\/de\/wp-json\/wp\/v2\/pages"}],"about":[{"href":"https:\/\/linfuseur.com\/de\/wp-json\/wp\/v2\/types\/page"}],"author":[{"embeddable":true,"href":"https:\/\/linfuseur.com\/de\/wp-json\/wp\/v2\/users\/263"}],"replies":[{"embeddable":true,"href":"https:\/\/linfuseur.com\/de\/wp-json\/wp\/v2\/comments?post=19037"}],"version-history":[{"count":3,"href":"https:\/\/linfuseur.com\/de\/wp-json\/wp\/v2\/pages\/19037\/revisions"}],"predecessor-version":[{"id":19771,"href":"https:\/\/linfuseur.com\/de\/wp-json\/wp\/v2\/pages\/19037\/revisions\/19771"}],"wp:attachment":[{"href":"https:\/\/linfuseur.com\/de\/wp-json\/wp\/v2\/media?parent=19037"}],"curies":[{"name":"wp","href":"https:\/\/api.w.org\/{rel}","templated":true}]}}