{"id":19048,"date":"2022-05-31T09:42:30","date_gmt":"2022-05-31T09:42:30","guid":{"rendered":"https:\/\/linfuseur.com\/19048-2\/"},"modified":"2023-10-25T15:55:57","modified_gmt":"2023-10-25T15:55:57","slug":"19048-2","status":"publish","type":"page","link":"https:\/\/linfuseur.com\/de\/19048-2\/","title":{"rendered":"NUMMER 8"},"content":{"rendered":"\n<p class=\"has-drop-cap\">Wenn sie sich bewegt, tut sie dies auf den Zehenspitzen, aber in einem schnellen Tempo. Sie hat es eilig. Sie wiederholt es mechanisch, auf der Stra\u00dfe, wenn sie angehalten wird, gegen\u00fcber ihrer Mutter am Telefon, gegen\u00fcber dem Taxifahrer, der sie zu einem Gesch\u00e4ftstermin bringt. Sie hat es eilig, obwohl sie tief in ihrem Inneren davon tr\u00e4umt, die Zeit w\u00fcrde stehenbleiben. Sie tr\u00e4umt von Langsamkeit. Sie tr\u00e4umt von ihrer Kindheit, als sie im Gras lag und sich vorstellte, was sich hinter den Wolken verbergen k\u00f6nnte.<\/p>\n\n<p>Sie hat manchmal das Gef\u00fchl, in ihrem K\u00f6rper w\u00fcrden zwei Personen wohnen. Sie ist so sehr alles und das Gegenteil davon. Sie erinnert sich an das Lied von Goldman, das ihre Mutter auf der kurvenreichen Fahrt in den Urlaub im Auto bei offenen Fenstern immer wieder h\u00f6rte. Sie ist diese starke und zugleich zerbrechliche Person.<\/p>\n\n<p>Sie spricht in einem Atemzug und atmet leise. Sie streift, was immer sie ber\u00fchrt streift sie. Sie ist ein Fl\u00fcstern im Ohr, ein Schauer, der die Wirbels\u00e4ule entlang l\u00e4uft. Sie ist ein Gef\u00fchl, lange bevor sie eine Pr\u00e4senz ist, und das ist es, was daf\u00fcr sorgt, dass man sie nicht nur bemerkt, sondern auch nicht vergisst.<\/p>\n\n<p>Als sie vom Markt zur\u00fcckkam, stellte sie einen Kamillenstrau\u00df in eine Vase. Sie zog die Stiele vorsichtig auseinander, um ihnen Raum zu geben, die Blumen aufzulockern und ihr sch\u00f6nes, gew\u00f6lbtes Herz zu betonen. Die Farbe Gelb hat ihr schon immer gefallen. Ihre Sanftheit und ihre Kraft. Wieder diese Ambivalenz. Pl\u00f6tzlich denkt sie an eine Pflanze aus S\u00fcdafrika, die sie auf einer Reise am Ende ihres Studiums entdeckt hat: Honeybush. Eine Wildblume, die wie ein Honigball aussieht.<\/p>\n\n<p>Sie mag runde Dinge und Kurven. Sie liebt h\u00fcgelige Landschaften und Wellen, die \u00fcber den Sand rollen. Sie liebt die Zahl 8, den Biss in einen saftigen Apfel und wenn ihre Tochter mit ihrem kleinen Mund, der ein \u201eo\u201c bildet, \u201eoh la la\u201c ruft.<\/p>\n\n<p>Sie denkt dar\u00fcber nach, w\u00e4hrend sie an der Ecke des Tischs aus unbehandeltem Holz sitzt, der vor dem Fenster ihres Apartments steht. Sie legt ihre H\u00e4nde um eine Steinguttasse, die sie von ihrer Gro\u00dfmutter geerbt hat, und sieht zu, wie der Dampf aus ihrem Tee aufsteigt. Sie sieht zu, wie er mit dem Lichtstrahl, der durch die Scheibe f\u00e4llt, tanzt und verschmilzt. Die Sonne w\u00e4rmt ihr Gesicht, sie schlie\u00dft die Augen. Bald wird sie die U-Bahn nehmen, Sitzungen abhalten und Akten einreichen m\u00fcssen. Aber im Moment kitzelt ein Grashalm ihr rechtes Ohr und eine Wolke nimmt die Form einer Schwalbe an. Dann nimmt sie ein letztes Mal einen Schluck aus ihrer Tasse und genie\u00dft die s\u00fc\u00dfe Mischung, die das Gef\u00fchl der Unendlichkeit in ihr weckt.<\/p>\n\n<p>Sie liebt die Unendlichkeit der Sommerabende und sich vor dem Kamin in eine Decke zu kuscheln.<\/p>\n\n<hr class=\"wp-block-separator\"\/>\n\n<p><em><strong>\u00dcber Sophie Astrabie<\/strong><\/em><\/p>\n\n<p><em>Sophie Astrabie ist die Autorin von drei Romanen. Ihr neuester, \u201eLes bruits du souvenir<em>\u201c<\/em>, ist gerade bei Flammarion erschienen. Wir bei L&#8217;infuseur verfolgen und lieben ihre Geschichten, die vom Leben, verschiedenen Leben, unserem Leben erz\u00e4hlen. Wie sie lieben wir das Skaten und ihre 17 Umz\u00fcge beeindrucken uns! Wenn Sie sie noch nicht kennen, laden wir Sie ein, ihre B\u00fccher zu bestellen und ihr auf ihrem Account <a href=\"https:\/\/www.instagram.com\/sophieastrabie\/\">@sophieastrabie<\/a> zu folgen.<\/em><\/p>\n","protected":false},"excerpt":{"rendered":"<p>Wenn sie sich bewegt, tut sie dies auf den Zehenspitzen, aber in einem schnellen Tempo. Sie hat es eilig. Sie wiederholt es mechanisch, auf der Stra\u00dfe, wenn sie angehalten wird, gegen\u00fcber ihrer Mutter am Telefon, gegen\u00fcber dem Taxifahrer, der sie zu einem Gesch\u00e4ftstermin bringt. Sie hat es eilig, obwohl sie tief in ihrem Inneren davonLire la suite<\/p>\n","protected":false},"author":263,"featured_media":0,"parent":0,"menu_order":0,"comment_status":"closed","ping_status":"closed","template":"","meta":{"_acf_changed":false,"footnotes":""},"class_list":["post-19048","page","type-page","status-publish","hentry"],"acf":[],"yoast_head":"<!-- This site is optimized with the Yoast SEO plugin v26.8 - https:\/\/yoast.com\/product\/yoast-seo-wordpress\/ -->\n<title>NUMMER 8 - L&#039;infuseur Paris<\/title>\n<meta name=\"robots\" content=\"index, follow, max-snippet:-1, max-image-preview:large, max-video-preview:-1\" \/>\n<link rel=\"canonical\" href=\"https:\/\/linfuseur.com\/de\/19048-2\/\" \/>\n<meta property=\"og:locale\" content=\"de_DE\" \/>\n<meta property=\"og:type\" content=\"article\" \/>\n<meta property=\"og:title\" content=\"NUMMER 8 - L&#039;infuseur Paris\" \/>\n<meta property=\"og:description\" content=\"Wenn sie sich bewegt, tut sie dies auf den Zehenspitzen, aber in einem schnellen Tempo. Sie hat es eilig. Sie wiederholt es mechanisch, auf der Stra\u00dfe, wenn sie angehalten wird, gegen\u00fcber ihrer Mutter am Telefon, gegen\u00fcber dem Taxifahrer, der sie zu einem Gesch\u00e4ftstermin bringt. Sie hat es eilig, obwohl sie tief in ihrem Inneren davonLire la suite\" \/>\n<meta property=\"og:url\" content=\"https:\/\/linfuseur.com\/de\/19048-2\/\" \/>\n<meta property=\"og:site_name\" content=\"L&#039;infuseur Paris\" \/>\n<meta property=\"article:modified_time\" content=\"2023-10-25T15:55:57+00:00\" \/>\n<meta name=\"twitter:label1\" content=\"Gesch\u00e4tzte Lesezeit\" \/>\n\t<meta name=\"twitter:data1\" content=\"3\u00a0Minuten\" \/>\n<script type=\"application\/ld+json\" class=\"yoast-schema-graph\">{\"@context\":\"https:\/\/schema.org\",\"@graph\":[{\"@type\":\"WebPage\",\"@id\":\"https:\/\/linfuseur.com\/de\/19048-2\/\",\"url\":\"https:\/\/linfuseur.com\/de\/19048-2\/\",\"name\":\"NUMMER 8 - L&#039;infuseur Paris\",\"isPartOf\":{\"@id\":\"https:\/\/linfuseur.com\/de\/#website\"},\"datePublished\":\"2022-05-31T09:42:30+00:00\",\"dateModified\":\"2023-10-25T15:55:57+00:00\",\"breadcrumb\":{\"@id\":\"https:\/\/linfuseur.com\/de\/19048-2\/#breadcrumb\"},\"inLanguage\":\"de\",\"potentialAction\":[{\"@type\":\"ReadAction\",\"target\":[\"https:\/\/linfuseur.com\/de\/19048-2\/\"]}]},{\"@type\":\"BreadcrumbList\",\"@id\":\"https:\/\/linfuseur.com\/de\/19048-2\/#breadcrumb\",\"itemListElement\":[{\"@type\":\"ListItem\",\"position\":1,\"name\":\"Home\",\"item\":\"https:\/\/linfuseur.com\/de\/\"},{\"@type\":\"ListItem\",\"position\":2,\"name\":\"NUMMER 8\"}]},{\"@type\":\"WebSite\",\"@id\":\"https:\/\/linfuseur.com\/de\/#website\",\"url\":\"https:\/\/linfuseur.com\/de\/\",\"name\":\"L'infuseur Paris\",\"description\":\"L&#039;infuseur Paris - Collection d&#039;infusions\",\"potentialAction\":[{\"@type\":\"SearchAction\",\"target\":{\"@type\":\"EntryPoint\",\"urlTemplate\":\"https:\/\/linfuseur.com\/de\/?s={search_term_string}\"},\"query-input\":{\"@type\":\"PropertyValueSpecification\",\"valueRequired\":true,\"valueName\":\"search_term_string\"}}],\"inLanguage\":\"de\"}]}<\/script>\n<!-- \/ Yoast SEO plugin. -->","yoast_head_json":{"title":"NUMMER 8 - L&#039;infuseur Paris","robots":{"index":"index","follow":"follow","max-snippet":"max-snippet:-1","max-image-preview":"max-image-preview:large","max-video-preview":"max-video-preview:-1"},"canonical":"https:\/\/linfuseur.com\/de\/19048-2\/","og_locale":"de_DE","og_type":"article","og_title":"NUMMER 8 - L&#039;infuseur Paris","og_description":"Wenn sie sich bewegt, tut sie dies auf den Zehenspitzen, aber in einem schnellen Tempo. Sie hat es eilig. Sie wiederholt es mechanisch, auf der Stra\u00dfe, wenn sie angehalten wird, gegen\u00fcber ihrer Mutter am Telefon, gegen\u00fcber dem Taxifahrer, der sie zu einem Gesch\u00e4ftstermin bringt. Sie hat es eilig, obwohl sie tief in ihrem Inneren davonLire la suite","og_url":"https:\/\/linfuseur.com\/de\/19048-2\/","og_site_name":"L&#039;infuseur Paris","article_modified_time":"2023-10-25T15:55:57+00:00","twitter_misc":{"Gesch\u00e4tzte Lesezeit":"3\u00a0Minuten"},"schema":{"@context":"https:\/\/schema.org","@graph":[{"@type":"WebPage","@id":"https:\/\/linfuseur.com\/de\/19048-2\/","url":"https:\/\/linfuseur.com\/de\/19048-2\/","name":"NUMMER 8 - L&#039;infuseur Paris","isPartOf":{"@id":"https:\/\/linfuseur.com\/de\/#website"},"datePublished":"2022-05-31T09:42:30+00:00","dateModified":"2023-10-25T15:55:57+00:00","breadcrumb":{"@id":"https:\/\/linfuseur.com\/de\/19048-2\/#breadcrumb"},"inLanguage":"de","potentialAction":[{"@type":"ReadAction","target":["https:\/\/linfuseur.com\/de\/19048-2\/"]}]},{"@type":"BreadcrumbList","@id":"https:\/\/linfuseur.com\/de\/19048-2\/#breadcrumb","itemListElement":[{"@type":"ListItem","position":1,"name":"Home","item":"https:\/\/linfuseur.com\/de\/"},{"@type":"ListItem","position":2,"name":"NUMMER 8"}]},{"@type":"WebSite","@id":"https:\/\/linfuseur.com\/de\/#website","url":"https:\/\/linfuseur.com\/de\/","name":"L'infuseur Paris","description":"L&#039;infuseur Paris - Collection d&#039;infusions","potentialAction":[{"@type":"SearchAction","target":{"@type":"EntryPoint","urlTemplate":"https:\/\/linfuseur.com\/de\/?s={search_term_string}"},"query-input":{"@type":"PropertyValueSpecification","valueRequired":true,"valueName":"search_term_string"}}],"inLanguage":"de"}]}},"_links":{"self":[{"href":"https:\/\/linfuseur.com\/de\/wp-json\/wp\/v2\/pages\/19048","targetHints":{"allow":["GET"]}}],"collection":[{"href":"https:\/\/linfuseur.com\/de\/wp-json\/wp\/v2\/pages"}],"about":[{"href":"https:\/\/linfuseur.com\/de\/wp-json\/wp\/v2\/types\/page"}],"author":[{"embeddable":true,"href":"https:\/\/linfuseur.com\/de\/wp-json\/wp\/v2\/users\/263"}],"replies":[{"embeddable":true,"href":"https:\/\/linfuseur.com\/de\/wp-json\/wp\/v2\/comments?post=19048"}],"version-history":[{"count":3,"href":"https:\/\/linfuseur.com\/de\/wp-json\/wp\/v2\/pages\/19048\/revisions"}],"predecessor-version":[{"id":19826,"href":"https:\/\/linfuseur.com\/de\/wp-json\/wp\/v2\/pages\/19048\/revisions\/19826"}],"wp:attachment":[{"href":"https:\/\/linfuseur.com\/de\/wp-json\/wp\/v2\/media?parent=19048"}],"curies":[{"name":"wp","href":"https:\/\/api.w.org\/{rel}","templated":true}]}}