{"id":19060,"date":"2023-02-09T11:00:25","date_gmt":"2023-02-09T11:00:25","guid":{"rendered":"https:\/\/linfuseur.com\/19060-2\/"},"modified":"2023-12-28T15:35:38","modified_gmt":"2023-12-28T15:35:38","slug":"kontakt-fur-handler","status":"publish","type":"page","link":"https:\/\/linfuseur.com\/de\/kontakt-fur-handler\/","title":{"rendered":"Kontakt f\u00fcr H\u00e4ndler"},"content":{"rendered":"\n<p class=\"has-text-align-center\">Sie sind professioneller H\u00e4ndler oder Wiederverk\u00e4ufer und m\u00f6chten mehr \u00fcber unsere Produkte erfahren,<br\/>sie listen oder eine personalisierte Bestellung aufgeben? Wenden Sie sich bitte an:<\/p>\n\n<p class=\"has-text-align-center underline\"><strong>Louise Sauvag\u00e8re<br\/><\/strong>Kaufm\u00e4nnische Leiterin<br\/><a href=\"mailto:louise@linfuseur.com\">louise@linfuseur.com<\/a><br\/>+33 7.87.02.58.21<\/p>\n\n<div style=\"height:25px\" aria-hidden=\"true\" class=\"wp-block-spacer\"><\/div>\n\n<h3 class=\"has-text-align-center entry-title wp-block-heading\">Auf Faire kaufen<\/h3>\n\n<div class=\"is-divider medium align-center\"><\/div>\r\n\n<p class=\"has-text-align-center\">In Partnerschaft mit Faire bieten wir Ihnen die M\u00f6glichkeit, unsere Artikel schon heute zu bestellen:<\/p>\n\n<div style=\"height:15px\" aria-hidden=\"true\" class=\"wp-block-spacer\"><\/div>\n\n<div class=\"wp-block-columns is-layout-flex wp-container-core-columns-is-layout-9d6595d7 wp-block-columns-is-layout-flex\">\n<div class=\"wp-block-column is-layout-flow wp-block-column-is-layout-flow\" style=\"flex-basis:25%\"><\/div>\n\n\n\n<div class=\"wp-block-column is-layout-flow wp-block-column-is-layout-flow\" style=\"flex-basis:50%\">\n<div class=\"wp-block-columns are-vertically-aligned-center is-layout-flex wp-container-core-columns-is-layout-9d6595d7 wp-block-columns-is-layout-flex\">\n<div class=\"wp-block-column is-vertically-aligned-center bg-grey is-layout-flow wp-block-column-is-layout-flow\">\n<div style=\"height:15px\" aria-hidden=\"true\" class=\"wp-block-spacer\"><\/div>\n\n\n\n<div class=\"wp-block-image\"><figure class=\"aligncenter size-large is-resized\"><img decoding=\"async\" src=\"https:\/\/linfuseur.com\/wp-content\/uploads\/2023\/02\/retour_blue@3x.png\" alt=\"\" class=\"wp-image-15543\" width=\"61\" height=\"62\" srcset=\"https:\/\/linfuseur.com\/wp-content\/uploads\/2023\/02\/retour_blue@3x.png 142w, https:\/\/linfuseur.com\/wp-content\/uploads\/2023\/02\/retour_blue@3x-100x100.png 100w\" sizes=\"(max-width: 61px) 100vw, 61px\" \/><\/figure><\/div>\n\n\n\n<div style=\"height:10px\" aria-hidden=\"true\" class=\"wp-block-spacer\"><\/div>\n\n\n\n<p class=\"has-text-align-center\"><strong>Kostenlose R\u00fccksendungen<\/strong><\/p>\n\n\n\n<p class=\"has-text-align-center\">f\u00fcr risikofreies Einkaufen<\/p>\n<\/div>\n\n\n\n<div class=\"wp-block-column is-vertically-aligned-center bg-grey is-layout-flow wp-block-column-is-layout-flow\">\n<div style=\"height:16px\" aria-hidden=\"true\" class=\"wp-block-spacer\"><\/div>\n\n\n\n<div class=\"wp-block-image\"><figure class=\"aligncenter size-large is-resized\"><img decoding=\"async\" src=\"https:\/\/linfuseur.com\/wp-content\/uploads\/2023\/02\/paiement_blue@3x.png\" alt=\"\" class=\"wp-image-15544\" width=\"61\" height=\"63\"\/><\/figure><\/div>\n\n\n\n<div style=\"height:10px\" aria-hidden=\"true\" class=\"wp-block-spacer\"><\/div>\n\n\n\n<p class=\"has-text-align-center\"><strong>Zahlung innerhalb von 60 Tagen<\/strong><\/p>\n\n\n\n<p class=\"has-text-align-center\">f\u00fcr stressfreies Bezahlen<\/p>\n<\/div>\n<\/div>\n\n\n\n<div class=\"wp-block-buttons is-content-justification-center is-layout-flex wp-block-buttons-is-layout-flex\">\n<div class=\"wp-block-button has-custom-width wp-block-button__width-50\"><a class=\"wp-block-button__link no-border-radius\" href=\"https:\/\/linfuseur.faire.com\/user\/sign-up?signUp=direct\">Auf Faire kaufen<\/a><\/div>\n<\/div>\n\n\n\n<div style=\"height:20px\" aria-hidden=\"true\" class=\"wp-block-spacer\"><\/div>\n\n\n\n<div class=\"is-divider medium align-center\"><\/div>\r\n\n\n\n<div style=\"height:20px\" aria-hidden=\"true\" class=\"wp-block-spacer\"><\/div>\n\n\n\n<h3 class=\"has-text-align-center wp-block-heading\">Neu bei Faire?<\/h3>\n\n\n\n<p class=\"has-text-align-center\">Sie erhalten einen Rabatt von 150 \u20ac auf Ihre erste Bestellung und ein Jahr lang kostenlosen Versand auf unsere Produkte.<\/p>\n\n\n\n<div style=\"height:20px\" aria-hidden=\"true\" class=\"wp-block-spacer\"><\/div>\n\n\n\n<div class=\"wp-block-columns are-vertically-aligned-center has-text-align-center is-layout-flex wp-container-core-columns-is-layout-9d6595d7 wp-block-columns-is-layout-flex\">\n<div class=\"wp-block-column is-vertically-aligned-center bg-col is-layout-flow wp-block-column-is-layout-flow\">\n<div style=\"height:10px\" aria-hidden=\"true\" class=\"wp-block-spacer\"><\/div>\n\n\n\n<figure class=\"wp-block-image size-large is-resized\"><img decoding=\"async\" src=\"https:\/\/linfuseur.com\/wp-content\/uploads\/2023\/02\/money_blue@3x.png\" alt=\"\" class=\"wp-image-15541\" width=\"61\" height=\"62\" srcset=\"https:\/\/linfuseur.com\/wp-content\/uploads\/2023\/02\/money_blue@3x.png 142w, https:\/\/linfuseur.com\/wp-content\/uploads\/2023\/02\/money_blue@3x-100x100.png 100w\" sizes=\"(max-width: 61px) 100vw, 61px\" \/><\/figure>\n\n\n<div style=\"height:10px\" aria-hidden=\"true\" class=\"wp-block-spacer\"><\/div>\n\n\n\n<p class=\"has-text-align-center has-text-color\" style=\"color:#9f9f9f\">Minimum<\/p>\n\n\n\n<p class=\"has-text-align-center has-medium-font-size\"><strong>250\u20ac<\/strong><\/p>\n<\/div>\n\n\n\n<div class=\"wp-block-column is-vertically-aligned-center bg-col is-layout-flow wp-block-column-is-layout-flow\">\n<div style=\"height:10px\" aria-hidden=\"true\" class=\"wp-block-spacer\"><\/div>\n\n\n\n<figure class=\"wp-block-image size-large is-resized\"><img decoding=\"async\" src=\"https:\/\/linfuseur.com\/wp-content\/uploads\/2023\/02\/localisation_blue@3x.png\" alt=\"\" class=\"wp-image-15548\" width=\"61\" height=\"63\"\/><\/figure>\n\n\n<div style=\"height:10px\" aria-hidden=\"true\" class=\"wp-block-spacer\"><\/div>\n\n\n\n<p class=\"has-text-align-center has-text-color\" style=\"color:#9f9f9f\">Versand aus<\/p>\n\n\n\n<p class=\"has-text-align-center has-medium-font-size\">Paris, Frankreich<\/p>\n<\/div>\n<\/div>\n<\/div>\n\n\n\n<div class=\"wp-block-column is-layout-flow wp-block-column-is-layout-flow\" style=\"flex-basis:25%\"><\/div>\n<\/div>\n\n<div class=\"is-divider medium align-center\"><\/div>\r\n\n<div style=\"height:15px\" aria-hidden=\"true\" class=\"wp-block-spacer\"><\/div>\n\n<figure class=\"wp-block-image size-full\"><a href=\"https:\/\/linfuseur.com\/wp-content\/uploads\/2023\/03\/logo-partenaires-linfuseur-2-scaled.jpg\"><img decoding=\"async\" width=\"2560\" height=\"579\" src=\"https:\/\/linfuseur.com\/wp-content\/uploads\/2023\/03\/logo-partenaires-linfuseur-2-scaled.jpg\" alt=\"\" class=\"wp-image-15959\" srcset=\"https:\/\/linfuseur.com\/wp-content\/uploads\/2023\/03\/logo-partenaires-linfuseur-2-scaled.jpg 2560w, https:\/\/linfuseur.com\/wp-content\/uploads\/2023\/03\/logo-partenaires-linfuseur-2-510x115.jpg 510w, https:\/\/linfuseur.com\/wp-content\/uploads\/2023\/03\/logo-partenaires-linfuseur-2-300x68.jpg 300w, https:\/\/linfuseur.com\/wp-content\/uploads\/2023\/03\/logo-partenaires-linfuseur-2-1024x232.jpg 1024w, https:\/\/linfuseur.com\/wp-content\/uploads\/2023\/03\/logo-partenaires-linfuseur-2-768x174.jpg 768w, https:\/\/linfuseur.com\/wp-content\/uploads\/2023\/03\/logo-partenaires-linfuseur-2-1536x347.jpg 1536w, https:\/\/linfuseur.com\/wp-content\/uploads\/2023\/03\/logo-partenaires-linfuseur-2-2048x463.jpg 2048w\" sizes=\"(max-width: 2560px) 100vw, 2560px\" \/><\/a><\/figure>","protected":false},"excerpt":{"rendered":"<p>Sie sind professioneller H\u00e4ndler oder Wiederverk\u00e4ufer und m\u00f6chten mehr \u00fcber unsere Produkte erfahren,sie listen oder eine personalisierte Bestellung aufgeben? Wenden Sie sich bitte an: Louise Sauvag\u00e8reKaufm\u00e4nnische Leiterinlouise@linfuseur.com+33 7.87.02.58.21 Auf Faire kaufen In Partnerschaft mit Faire bieten wir Ihnen die M\u00f6glichkeit, unsere Artikel schon heute zu bestellen: Kostenlose R\u00fccksendungen f\u00fcr risikofreies Einkaufen Zahlung innerhalb von 60Lire la suite<\/p>\n","protected":false},"author":263,"featured_media":0,"parent":0,"menu_order":0,"comment_status":"closed","ping_status":"closed","template":"","meta":{"_acf_changed":false,"footnotes":""},"class_list":["post-19060","page","type-page","status-publish","hentry"],"acf":[],"yoast_head":"<!-- This site is optimized with the Yoast SEO plugin v26.8 - https:\/\/yoast.com\/product\/yoast-seo-wordpress\/ -->\n<title>Sie m\u00f6chten L&#039;infuseur-H\u00e4ndler werden - L&#039;infuseur Paris<\/title>\n<meta name=\"description\" content=\"Sie sind professioneller H\u00e4ndler oder Wiederverk\u00e4ufer und m\u00f6chten mehr \u00fcber unsere Produkte erfahren, sie listen oder eine personalisierte Bestellung aufgeben.\" \/>\n<meta name=\"robots\" content=\"index, follow, max-snippet:-1, max-image-preview:large, max-video-preview:-1\" \/>\n<link rel=\"canonical\" href=\"https:\/\/linfuseur.com\/de\/kontakt-fur-handler\/\" \/>\n<meta property=\"og:locale\" content=\"de_DE\" \/>\n<meta property=\"og:type\" content=\"article\" \/>\n<meta property=\"og:title\" content=\"Sie m\u00f6chten L&#039;infuseur-H\u00e4ndler werden - L&#039;infuseur Paris\" \/>\n<meta property=\"og:description\" content=\"Sie sind professioneller H\u00e4ndler oder Wiederverk\u00e4ufer und m\u00f6chten mehr \u00fcber unsere Produkte erfahren, sie listen oder eine personalisierte Bestellung aufgeben.\" \/>\n<meta property=\"og:url\" content=\"https:\/\/linfuseur.com\/de\/kontakt-fur-handler\/\" \/>\n<meta property=\"og:site_name\" content=\"L&#039;infuseur Paris\" \/>\n<meta property=\"article:modified_time\" content=\"2023-12-28T15:35:38+00:00\" \/>\n<meta property=\"og:image\" content=\"https:\/\/linfuseur.com\/wp-content\/uploads\/2023\/02\/retour_blue@3x.png\" \/>\n<script type=\"application\/ld+json\" class=\"yoast-schema-graph\">{\"@context\":\"https:\/\/schema.org\",\"@graph\":[{\"@type\":\"WebPage\",\"@id\":\"https:\/\/linfuseur.com\/de\/kontakt-fur-handler\/\",\"url\":\"https:\/\/linfuseur.com\/de\/kontakt-fur-handler\/\",\"name\":\"Sie m\u00f6chten L'infuseur-H\u00e4ndler werden - L&#039;infuseur Paris\",\"isPartOf\":{\"@id\":\"https:\/\/linfuseur.com\/de\/#website\"},\"primaryImageOfPage\":{\"@id\":\"https:\/\/linfuseur.com\/de\/kontakt-fur-handler\/#primaryimage\"},\"image\":{\"@id\":\"https:\/\/linfuseur.com\/de\/kontakt-fur-handler\/#primaryimage\"},\"thumbnailUrl\":\"https:\/\/linfuseur.com\/wp-content\/uploads\/2023\/02\/retour_blue@3x.png\",\"datePublished\":\"2023-02-09T11:00:25+00:00\",\"dateModified\":\"2023-12-28T15:35:38+00:00\",\"description\":\"Sie sind professioneller H\u00e4ndler oder Wiederverk\u00e4ufer und m\u00f6chten mehr \u00fcber unsere Produkte erfahren, sie listen oder eine personalisierte Bestellung aufgeben.\",\"breadcrumb\":{\"@id\":\"https:\/\/linfuseur.com\/de\/kontakt-fur-handler\/#breadcrumb\"},\"inLanguage\":\"de\",\"potentialAction\":[{\"@type\":\"ReadAction\",\"target\":[\"https:\/\/linfuseur.com\/de\/kontakt-fur-handler\/\"]}]},{\"@type\":\"ImageObject\",\"inLanguage\":\"de\",\"@id\":\"https:\/\/linfuseur.com\/de\/kontakt-fur-handler\/#primaryimage\",\"url\":\"https:\/\/linfuseur.com\/wp-content\/uploads\/2023\/02\/retour_blue@3x.png\",\"contentUrl\":\"https:\/\/linfuseur.com\/wp-content\/uploads\/2023\/02\/retour_blue@3x.png\"},{\"@type\":\"BreadcrumbList\",\"@id\":\"https:\/\/linfuseur.com\/de\/kontakt-fur-handler\/#breadcrumb\",\"itemListElement\":[{\"@type\":\"ListItem\",\"position\":1,\"name\":\"Home\",\"item\":\"https:\/\/linfuseur.com\/de\/\"},{\"@type\":\"ListItem\",\"position\":2,\"name\":\"Kontakt f\u00fcr H\u00e4ndler\"}]},{\"@type\":\"WebSite\",\"@id\":\"https:\/\/linfuseur.com\/de\/#website\",\"url\":\"https:\/\/linfuseur.com\/de\/\",\"name\":\"L'infuseur Paris\",\"description\":\"L&#039;infuseur Paris - Collection d&#039;infusions\",\"potentialAction\":[{\"@type\":\"SearchAction\",\"target\":{\"@type\":\"EntryPoint\",\"urlTemplate\":\"https:\/\/linfuseur.com\/de\/?s={search_term_string}\"},\"query-input\":{\"@type\":\"PropertyValueSpecification\",\"valueRequired\":true,\"valueName\":\"search_term_string\"}}],\"inLanguage\":\"de\"}]}<\/script>\n<!-- \/ Yoast SEO plugin. -->","yoast_head_json":{"title":"Sie m\u00f6chten L'infuseur-H\u00e4ndler werden - L&#039;infuseur Paris","description":"Sie sind professioneller H\u00e4ndler oder Wiederverk\u00e4ufer und m\u00f6chten mehr \u00fcber unsere Produkte erfahren, sie listen oder eine personalisierte Bestellung aufgeben.","robots":{"index":"index","follow":"follow","max-snippet":"max-snippet:-1","max-image-preview":"max-image-preview:large","max-video-preview":"max-video-preview:-1"},"canonical":"https:\/\/linfuseur.com\/de\/kontakt-fur-handler\/","og_locale":"de_DE","og_type":"article","og_title":"Sie m\u00f6chten L'infuseur-H\u00e4ndler werden - L&#039;infuseur Paris","og_description":"Sie sind professioneller H\u00e4ndler oder Wiederverk\u00e4ufer und m\u00f6chten mehr \u00fcber unsere Produkte erfahren, sie listen oder eine personalisierte Bestellung aufgeben.","og_url":"https:\/\/linfuseur.com\/de\/kontakt-fur-handler\/","og_site_name":"L&#039;infuseur Paris","article_modified_time":"2023-12-28T15:35:38+00:00","og_image":[{"url":"https:\/\/linfuseur.com\/wp-content\/uploads\/2023\/02\/retour_blue@3x.png","type":"","width":"","height":""}],"schema":{"@context":"https:\/\/schema.org","@graph":[{"@type":"WebPage","@id":"https:\/\/linfuseur.com\/de\/kontakt-fur-handler\/","url":"https:\/\/linfuseur.com\/de\/kontakt-fur-handler\/","name":"Sie m\u00f6chten L'infuseur-H\u00e4ndler werden - L&#039;infuseur Paris","isPartOf":{"@id":"https:\/\/linfuseur.com\/de\/#website"},"primaryImageOfPage":{"@id":"https:\/\/linfuseur.com\/de\/kontakt-fur-handler\/#primaryimage"},"image":{"@id":"https:\/\/linfuseur.com\/de\/kontakt-fur-handler\/#primaryimage"},"thumbnailUrl":"https:\/\/linfuseur.com\/wp-content\/uploads\/2023\/02\/retour_blue@3x.png","datePublished":"2023-02-09T11:00:25+00:00","dateModified":"2023-12-28T15:35:38+00:00","description":"Sie sind professioneller H\u00e4ndler oder Wiederverk\u00e4ufer und m\u00f6chten mehr \u00fcber unsere Produkte erfahren, sie listen oder eine personalisierte Bestellung aufgeben.","breadcrumb":{"@id":"https:\/\/linfuseur.com\/de\/kontakt-fur-handler\/#breadcrumb"},"inLanguage":"de","potentialAction":[{"@type":"ReadAction","target":["https:\/\/linfuseur.com\/de\/kontakt-fur-handler\/"]}]},{"@type":"ImageObject","inLanguage":"de","@id":"https:\/\/linfuseur.com\/de\/kontakt-fur-handler\/#primaryimage","url":"https:\/\/linfuseur.com\/wp-content\/uploads\/2023\/02\/retour_blue@3x.png","contentUrl":"https:\/\/linfuseur.com\/wp-content\/uploads\/2023\/02\/retour_blue@3x.png"},{"@type":"BreadcrumbList","@id":"https:\/\/linfuseur.com\/de\/kontakt-fur-handler\/#breadcrumb","itemListElement":[{"@type":"ListItem","position":1,"name":"Home","item":"https:\/\/linfuseur.com\/de\/"},{"@type":"ListItem","position":2,"name":"Kontakt f\u00fcr H\u00e4ndler"}]},{"@type":"WebSite","@id":"https:\/\/linfuseur.com\/de\/#website","url":"https:\/\/linfuseur.com\/de\/","name":"L'infuseur Paris","description":"L&#039;infuseur Paris - Collection d&#039;infusions","potentialAction":[{"@type":"SearchAction","target":{"@type":"EntryPoint","urlTemplate":"https:\/\/linfuseur.com\/de\/?s={search_term_string}"},"query-input":{"@type":"PropertyValueSpecification","valueRequired":true,"valueName":"search_term_string"}}],"inLanguage":"de"}]}},"_links":{"self":[{"href":"https:\/\/linfuseur.com\/de\/wp-json\/wp\/v2\/pages\/19060","targetHints":{"allow":["GET"]}}],"collection":[{"href":"https:\/\/linfuseur.com\/de\/wp-json\/wp\/v2\/pages"}],"about":[{"href":"https:\/\/linfuseur.com\/de\/wp-json\/wp\/v2\/types\/page"}],"author":[{"embeddable":true,"href":"https:\/\/linfuseur.com\/de\/wp-json\/wp\/v2\/users\/263"}],"replies":[{"embeddable":true,"href":"https:\/\/linfuseur.com\/de\/wp-json\/wp\/v2\/comments?post=19060"}],"version-history":[{"count":4,"href":"https:\/\/linfuseur.com\/de\/wp-json\/wp\/v2\/pages\/19060\/revisions"}],"predecessor-version":[{"id":21642,"href":"https:\/\/linfuseur.com\/de\/wp-json\/wp\/v2\/pages\/19060\/revisions\/21642"}],"wp:attachment":[{"href":"https:\/\/linfuseur.com\/de\/wp-json\/wp\/v2\/media?parent=19060"}],"curies":[{"name":"wp","href":"https:\/\/api.w.org\/{rel}","templated":true}]}}