{"id":126394,"date":"2025-11-06T15:16:51","date_gmt":"2025-11-06T15:16:51","guid":{"rendered":"https:\/\/linfuseur.com\/produit\/bruhe-bio-steinpilz-schnittlauch\/"},"modified":"2026-04-20T08:35:10","modified_gmt":"2026-04-20T08:35:10","slug":"bruhe-bio-steinpilz-schnittlauch","status":"publish","type":"product","link":"https:\/\/linfuseur.com\/de\/produit\/bruhe-bio-steinpilz-schnittlauch\/","title":{"rendered":"Br\u00fche Bio Steinpilz &#038; Schnittlauch"},"content":{"rendered":"<p><strong>Eigenschaften:<\/strong><br \/>\n\u2013 Noten: Karotte, Steinpilz, Schnittlauch, Petersilie, Brennnessel, Schwarzer Pfeffer<br \/>\n\u2013 Ein einzigartiges Format mit 15 Beuteln<br \/>\n\u2013 Filter aus Zuckerrohrst\u00e4rke<br \/>\n\u2013 Morgens, mittags und abends zu genie\u00dfen<\/p>\n<p><strong>Anwendungsempfehlungen<\/strong><br \/>\nF\u00fcr einen aromatischen Moment einen Beutel in einer Tasse hei\u00dfem Wasser bei 95 \u00b0C f\u00fcr 7 bis 10 Minuten ziehen lassen.<br \/>\nIn der K\u00fcche einen Beutel zu Ihren Zubereitungen geben, um Ihre Lieblingsgerichte zu verfeinern und zu aromatisieren.<\/p>\n<p><strong>Aufbewahrung<\/strong><br \/>\nDieses Produkt an einem k\u00fchlen und trockenen Ort lagern.<\/p>\n","protected":false},"excerpt":{"rendered":"<p>Eigenschaften: \u2013 Noten: Karotte, Steinpilz, Schnittlauch, Petersilie, Brennnessel, Schwarzer Pfeffer \u2013 Ein einzigartiges Format mit 15 Beuteln \u2013 Filter aus Zuckerrohrst\u00e4rke \u2013 Morgens, mittags und abends zu genie\u00dfen Anwendungsempfehlungen F\u00fcr einen aromatischen Moment einen Beutel in einer Tasse hei\u00dfem Wasser bei 95 \u00b0C f\u00fcr 7 bis 10 Minuten ziehen lassen. In der K\u00fcche einen BeutelLire la suite<\/p>\n","protected":false},"featured_media":124435,"comment_status":"open","ping_status":"closed","template":"","meta":{"_acf_changed":false},"product_brand":[],"product_cat":[252,157,154],"product_tag":[],"giftcard-category":[],"class_list":{"0":"post-126394","1":"product","2":"type-product","3":"status-publish","4":"has-post-thumbnail","6":"product_cat-bruhe","7":"product_cat-infuseur-de","8":"product_cat-krautertees","10":"first","11":"instock","12":"taxable","13":"shipping-taxable","14":"purchasable","15":"product-type-variable","16":"has-default-attributes","17":"wvs-pro-product","18":"wvs-pro-before-cart-button"},"acf":[],"yoast_head":"<!-- This site is optimized with the Yoast SEO plugin v26.8 - https:\/\/yoast.com\/product\/yoast-seo-wordpress\/ -->\n<title>Br\u00fche Bio Steinpilz &amp; Schnittlauch - L&#039;infuseur Paris<\/title>\n<meta name=\"robots\" content=\"index, follow, max-snippet:-1, max-image-preview:large, max-video-preview:-1\" \/>\n<link rel=\"canonical\" href=\"https:\/\/linfuseur.com\/de\/produit\/bruhe-bio-steinpilz-schnittlauch\/\" \/>\n<meta property=\"og:locale\" content=\"de_DE\" \/>\n<meta property=\"og:type\" content=\"article\" \/>\n<meta property=\"og:title\" content=\"Br\u00fche Bio Steinpilz &amp; Schnittlauch - L&#039;infuseur Paris\" \/>\n<meta property=\"og:description\" content=\"Eigenschaften: \u2013 Noten: Karotte, Steinpilz, Schnittlauch, Petersilie, Brennnessel, Schwarzer Pfeffer \u2013 Ein einzigartiges Format mit 15 Beuteln \u2013 Filter aus Zuckerrohrst\u00e4rke \u2013 Morgens, mittags und abends zu genie\u00dfen Anwendungsempfehlungen F\u00fcr einen aromatischen Moment einen Beutel in einer Tasse hei\u00dfem Wasser bei 95 \u00b0C f\u00fcr 7 bis 10 Minuten ziehen lassen. In der K\u00fcche einen BeutelLire la suite\" \/>\n<meta property=\"og:url\" content=\"https:\/\/linfuseur.com\/de\/produit\/bruhe-bio-steinpilz-schnittlauch\/\" \/>\n<meta property=\"og:site_name\" content=\"L&#039;infuseur Paris\" \/>\n<meta property=\"article:modified_time\" content=\"2026-04-20T08:35:10+00:00\" \/>\n<meta property=\"og:image\" content=\"https:\/\/linfuseur.com\/wp-content\/uploads\/2025\/11\/bouillon-cepe-infuseur-square.jpg\" \/>\n\t<meta property=\"og:image:width\" content=\"1600\" \/>\n\t<meta property=\"og:image:height\" content=\"1600\" \/>\n\t<meta property=\"og:image:type\" content=\"image\/jpeg\" \/>\n<script type=\"application\/ld+json\" class=\"yoast-schema-graph\">{\"@context\":\"https:\/\/schema.org\",\"@graph\":[{\"@type\":\"WebPage\",\"@id\":\"https:\/\/linfuseur.com\/de\/produit\/bruhe-bio-steinpilz-schnittlauch\/\",\"url\":\"https:\/\/linfuseur.com\/de\/produit\/bruhe-bio-steinpilz-schnittlauch\/\",\"name\":\"Br\u00fche Bio Steinpilz & Schnittlauch - L&#039;infuseur Paris\",\"isPartOf\":{\"@id\":\"https:\/\/linfuseur.com\/de\/#website\"},\"primaryImageOfPage\":{\"@id\":\"https:\/\/linfuseur.com\/de\/produit\/bruhe-bio-steinpilz-schnittlauch\/#primaryimage\"},\"image\":{\"@id\":\"https:\/\/linfuseur.com\/de\/produit\/bruhe-bio-steinpilz-schnittlauch\/#primaryimage\"},\"thumbnailUrl\":\"https:\/\/linfuseur.com\/wp-content\/uploads\/2025\/11\/bouillon-cepe-infuseur-square.jpg\",\"datePublished\":\"2025-11-06T15:16:51+00:00\",\"dateModified\":\"2026-04-20T08:35:10+00:00\",\"breadcrumb\":{\"@id\":\"https:\/\/linfuseur.com\/de\/produit\/bruhe-bio-steinpilz-schnittlauch\/#breadcrumb\"},\"inLanguage\":\"de\",\"potentialAction\":[{\"@type\":\"ReadAction\",\"target\":[\"https:\/\/linfuseur.com\/de\/produit\/bruhe-bio-steinpilz-schnittlauch\/\"]}]},{\"@type\":\"ImageObject\",\"inLanguage\":\"de\",\"@id\":\"https:\/\/linfuseur.com\/de\/produit\/bruhe-bio-steinpilz-schnittlauch\/#primaryimage\",\"url\":\"https:\/\/linfuseur.com\/wp-content\/uploads\/2025\/11\/bouillon-cepe-infuseur-square.jpg\",\"contentUrl\":\"https:\/\/linfuseur.com\/wp-content\/uploads\/2025\/11\/bouillon-cepe-infuseur-square.jpg\",\"width\":1600,\"height\":1600,\"caption\":\"Bouillon l'infuseur cepe ciboulette\"},{\"@type\":\"BreadcrumbList\",\"@id\":\"https:\/\/linfuseur.com\/de\/produit\/bruhe-bio-steinpilz-schnittlauch\/#breadcrumb\",\"itemListElement\":[{\"@type\":\"ListItem\",\"position\":1,\"name\":\"Home\",\"item\":\"https:\/\/linfuseur.com\/de\/\"},{\"@type\":\"ListItem\",\"position\":2,\"name\":\"Shop\",\"item\":\"https:\/\/linfuseur.com\/de\/shop\/\"},{\"@type\":\"ListItem\",\"position\":3,\"name\":\"Br\u00fchen\",\"item\":\"https:\/\/linfuseur.com\/de\/categorie-produit\/bruhe\/\"},{\"@type\":\"ListItem\",\"position\":4,\"name\":\"Br\u00fche Bio Steinpilz &#038; Schnittlauch\"}]},{\"@type\":\"WebSite\",\"@id\":\"https:\/\/linfuseur.com\/de\/#website\",\"url\":\"https:\/\/linfuseur.com\/de\/\",\"name\":\"L'infuseur Paris\",\"description\":\"L&#039;infuseur Paris - Collection d&#039;infusions\",\"potentialAction\":[{\"@type\":\"SearchAction\",\"target\":{\"@type\":\"EntryPoint\",\"urlTemplate\":\"https:\/\/linfuseur.com\/de\/?s={search_term_string}\"},\"query-input\":{\"@type\":\"PropertyValueSpecification\",\"valueRequired\":true,\"valueName\":\"search_term_string\"}}],\"inLanguage\":\"de\"}]}<\/script>\n<!-- \/ Yoast SEO plugin. -->","yoast_head_json":{"title":"Br\u00fche Bio Steinpilz & Schnittlauch - L&#039;infuseur Paris","robots":{"index":"index","follow":"follow","max-snippet":"max-snippet:-1","max-image-preview":"max-image-preview:large","max-video-preview":"max-video-preview:-1"},"canonical":"https:\/\/linfuseur.com\/de\/produit\/bruhe-bio-steinpilz-schnittlauch\/","og_locale":"de_DE","og_type":"article","og_title":"Br\u00fche Bio Steinpilz & Schnittlauch - L&#039;infuseur Paris","og_description":"Eigenschaften: \u2013 Noten: Karotte, Steinpilz, Schnittlauch, Petersilie, Brennnessel, Schwarzer Pfeffer \u2013 Ein einzigartiges Format mit 15 Beuteln \u2013 Filter aus Zuckerrohrst\u00e4rke \u2013 Morgens, mittags und abends zu genie\u00dfen Anwendungsempfehlungen F\u00fcr einen aromatischen Moment einen Beutel in einer Tasse hei\u00dfem Wasser bei 95 \u00b0C f\u00fcr 7 bis 10 Minuten ziehen lassen. In der K\u00fcche einen BeutelLire la suite","og_url":"https:\/\/linfuseur.com\/de\/produit\/bruhe-bio-steinpilz-schnittlauch\/","og_site_name":"L&#039;infuseur Paris","article_modified_time":"2026-04-20T08:35:10+00:00","og_image":[{"width":1600,"height":1600,"url":"https:\/\/linfuseur.com\/wp-content\/uploads\/2025\/11\/bouillon-cepe-infuseur-square.jpg","type":"image\/jpeg"}],"schema":{"@context":"https:\/\/schema.org","@graph":[{"@type":"WebPage","@id":"https:\/\/linfuseur.com\/de\/produit\/bruhe-bio-steinpilz-schnittlauch\/","url":"https:\/\/linfuseur.com\/de\/produit\/bruhe-bio-steinpilz-schnittlauch\/","name":"Br\u00fche Bio Steinpilz & Schnittlauch - L&#039;infuseur Paris","isPartOf":{"@id":"https:\/\/linfuseur.com\/de\/#website"},"primaryImageOfPage":{"@id":"https:\/\/linfuseur.com\/de\/produit\/bruhe-bio-steinpilz-schnittlauch\/#primaryimage"},"image":{"@id":"https:\/\/linfuseur.com\/de\/produit\/bruhe-bio-steinpilz-schnittlauch\/#primaryimage"},"thumbnailUrl":"https:\/\/linfuseur.com\/wp-content\/uploads\/2025\/11\/bouillon-cepe-infuseur-square.jpg","datePublished":"2025-11-06T15:16:51+00:00","dateModified":"2026-04-20T08:35:10+00:00","breadcrumb":{"@id":"https:\/\/linfuseur.com\/de\/produit\/bruhe-bio-steinpilz-schnittlauch\/#breadcrumb"},"inLanguage":"de","potentialAction":[{"@type":"ReadAction","target":["https:\/\/linfuseur.com\/de\/produit\/bruhe-bio-steinpilz-schnittlauch\/"]}]},{"@type":"ImageObject","inLanguage":"de","@id":"https:\/\/linfuseur.com\/de\/produit\/bruhe-bio-steinpilz-schnittlauch\/#primaryimage","url":"https:\/\/linfuseur.com\/wp-content\/uploads\/2025\/11\/bouillon-cepe-infuseur-square.jpg","contentUrl":"https:\/\/linfuseur.com\/wp-content\/uploads\/2025\/11\/bouillon-cepe-infuseur-square.jpg","width":1600,"height":1600,"caption":"Bouillon l'infuseur cepe ciboulette"},{"@type":"BreadcrumbList","@id":"https:\/\/linfuseur.com\/de\/produit\/bruhe-bio-steinpilz-schnittlauch\/#breadcrumb","itemListElement":[{"@type":"ListItem","position":1,"name":"Home","item":"https:\/\/linfuseur.com\/de\/"},{"@type":"ListItem","position":2,"name":"Shop","item":"https:\/\/linfuseur.com\/de\/shop\/"},{"@type":"ListItem","position":3,"name":"Br\u00fchen","item":"https:\/\/linfuseur.com\/de\/categorie-produit\/bruhe\/"},{"@type":"ListItem","position":4,"name":"Br\u00fche Bio Steinpilz &#038; Schnittlauch"}]},{"@type":"WebSite","@id":"https:\/\/linfuseur.com\/de\/#website","url":"https:\/\/linfuseur.com\/de\/","name":"L'infuseur Paris","description":"L&#039;infuseur Paris - Collection d&#039;infusions","potentialAction":[{"@type":"SearchAction","target":{"@type":"EntryPoint","urlTemplate":"https:\/\/linfuseur.com\/de\/?s={search_term_string}"},"query-input":{"@type":"PropertyValueSpecification","valueRequired":true,"valueName":"search_term_string"}}],"inLanguage":"de"}]}},"_links":{"self":[{"href":"https:\/\/linfuseur.com\/de\/wp-json\/wp\/v2\/product\/126394","targetHints":{"allow":["GET"]}}],"collection":[{"href":"https:\/\/linfuseur.com\/de\/wp-json\/wp\/v2\/product"}],"about":[{"href":"https:\/\/linfuseur.com\/de\/wp-json\/wp\/v2\/types\/product"}],"replies":[{"embeddable":true,"href":"https:\/\/linfuseur.com\/de\/wp-json\/wp\/v2\/comments?post=126394"}],"wp:featuredmedia":[{"embeddable":true,"href":"https:\/\/linfuseur.com\/de\/wp-json\/wp\/v2\/media\/124435"}],"wp:attachment":[{"href":"https:\/\/linfuseur.com\/de\/wp-json\/wp\/v2\/media?parent=126394"}],"wp:term":[{"taxonomy":"product_brand","embeddable":true,"href":"https:\/\/linfuseur.com\/de\/wp-json\/wp\/v2\/product_brand?post=126394"},{"taxonomy":"product_cat","embeddable":true,"href":"https:\/\/linfuseur.com\/de\/wp-json\/wp\/v2\/product_cat?post=126394"},{"taxonomy":"product_tag","embeddable":true,"href":"https:\/\/linfuseur.com\/de\/wp-json\/wp\/v2\/product_tag?post=126394"},{"taxonomy":"giftcard-category","embeddable":true,"href":"https:\/\/linfuseur.com\/de\/wp-json\/wp\/v2\/giftcard-category?post=126394"}],"curies":[{"name":"wp","href":"https:\/\/api.w.org\/{rel}","templated":true}]}}