{"id":127147,"date":"2025-12-23T10:00:32","date_gmt":"2025-12-23T10:00:32","guid":{"rendered":"https:\/\/linfuseur.com\/?post_type=product&#038;p=127147"},"modified":"2026-01-30T16:49:56","modified_gmt":"2026-01-30T16:49:56","slug":"bio-gemusebruhe-spinat-rosmarin","status":"publish","type":"product","link":"https:\/\/linfuseur.com\/de\/produit\/bio-gemusebruhe-spinat-rosmarin\/","title":{"rendered":"Bio-Gem\u00fcsebr\u00fche Spinat Rosmarin"},"content":{"rendered":"<p><strong>Eigenschaften:<\/strong><br \/>\n\u2013 Noten: Fenchel, Spinat, Rosmarin, Ingwer, Korianderbl\u00e4tter, Schalotte<br \/>\n\u2013\u00a0Einheitsgr\u00f6\u00dfe von 15 Beuteln<br \/>\n\u2013\u00a0Filter aus Zuckerrohrst\u00e4rke<br \/>\n\u2013\u00a0Morgens, mittags und abends zu genie\u00dfen<\/p>\n<p><strong>Anwendungshinweise<\/strong><br \/>\nF\u00fcr einen aromatischen Moment einen Beutel in einer Tasse hei\u00dfem Wasser bei 95 \u00b0C f\u00fcr 7 bis 10 Minuten ziehen lassen.<br \/>\nIn der K\u00fcche einen Beutel zu Ihren Zubereitungen geben, um Ihre Lieblingsgerichte zu verfeinern und zu aromatisieren.<\/p>\n<p><strong>Aufbewahrung<\/strong><br \/>\nDieses Produkt an einem k\u00fchlen und trockenen Ort lagern.<\/p>\n<p><strong>Hergestellt in Frankreich\u00a0\ud83c\uddeb\ud83c\uddf7<\/strong><\/p>\n","protected":false},"excerpt":{"rendered":"<p>Eigenschaften: \u2013 Noten: Fenchel, Spinat, Rosmarin, Ingwer, Korianderbl\u00e4tter, Schalotte \u2013\u00a0Einheitsgr\u00f6\u00dfe von 15 Beuteln \u2013\u00a0Filter aus Zuckerrohrst\u00e4rke \u2013\u00a0Morgens, mittags und abends zu genie\u00dfen Anwendungshinweise F\u00fcr einen aromatischen Moment einen Beutel in einer Tasse hei\u00dfem Wasser bei 95 \u00b0C f\u00fcr 7 bis 10 Minuten ziehen lassen. In der K\u00fcche einen Beutel zu Ihren Zubereitungen geben, um IhreLire la suite<\/p>\n","protected":false},"featured_media":127153,"comment_status":"open","ping_status":"closed","template":"","meta":{"_acf_changed":false},"product_brand":[],"product_cat":[252,264,153,157,154,245],"product_tag":[],"giftcard-category":[],"class_list":{"0":"post-127147","1":"product","2":"type-product","3":"status-publish","4":"has-post-thumbnail","6":"product_cat-bruhe","7":"product_cat-wohlbefinden-lifestyle","8":"product_cat-selection-de-noel","9":"product_cat-infuseur-de","10":"product_cat-krautertees","11":"product_cat-reinigen-und-entgiften","13":"first","14":"instock","15":"taxable","16":"shipping-taxable","17":"purchasable","18":"product-type-variable","19":"has-default-attributes","20":"wvs-pro-product","21":"wvs-pro-before-cart-button"},"acf":[],"yoast_head":"<!-- This site is optimized with the Yoast SEO plugin v26.8 - https:\/\/yoast.com\/product\/yoast-seo-wordpress\/ -->\n<title>Bio-Gem\u00fcsebr\u00fche Spinat Rosmarin - L&#039;infuseur Paris<\/title>\n<meta name=\"robots\" content=\"index, follow, max-snippet:-1, max-image-preview:large, max-video-preview:-1\" \/>\n<link rel=\"canonical\" href=\"https:\/\/linfuseur.com\/de\/produit\/bio-gemusebruhe-spinat-rosmarin\/\" \/>\n<meta property=\"og:locale\" content=\"de_DE\" \/>\n<meta property=\"og:type\" content=\"article\" \/>\n<meta property=\"og:title\" content=\"Bio-Gem\u00fcsebr\u00fche Spinat Rosmarin - L&#039;infuseur Paris\" \/>\n<meta property=\"og:description\" content=\"Eigenschaften: \u2013 Noten: Fenchel, Spinat, Rosmarin, Ingwer, Korianderbl\u00e4tter, Schalotte \u2013\u00a0Einheitsgr\u00f6\u00dfe von 15 Beuteln \u2013\u00a0Filter aus Zuckerrohrst\u00e4rke \u2013\u00a0Morgens, mittags und abends zu genie\u00dfen Anwendungshinweise F\u00fcr einen aromatischen Moment einen Beutel in einer Tasse hei\u00dfem Wasser bei 95 \u00b0C f\u00fcr 7 bis 10 Minuten ziehen lassen. In der K\u00fcche einen Beutel zu Ihren Zubereitungen geben, um IhreLire la suite\" \/>\n<meta property=\"og:url\" content=\"https:\/\/linfuseur.com\/de\/produit\/bio-gemusebruhe-spinat-rosmarin\/\" \/>\n<meta property=\"og:site_name\" content=\"L&#039;infuseur Paris\" \/>\n<meta property=\"article:modified_time\" content=\"2026-01-30T16:49:56+00:00\" \/>\n<meta property=\"og:image\" content=\"https:\/\/linfuseur.com\/wp-content\/uploads\/2025\/12\/bouillon-epinard-romarin-bio.jpg\" \/>\n\t<meta property=\"og:image:width\" content=\"1200\" \/>\n\t<meta property=\"og:image:height\" content=\"1198\" \/>\n\t<meta property=\"og:image:type\" content=\"image\/jpeg\" \/>\n<meta name=\"twitter:label1\" content=\"Gesch\u00e4tzte Lesezeit\" \/>\n\t<meta name=\"twitter:data1\" content=\"1\u00a0Minute\" \/>\n<script type=\"application\/ld+json\" class=\"yoast-schema-graph\">{\"@context\":\"https:\/\/schema.org\",\"@graph\":[{\"@type\":\"WebPage\",\"@id\":\"https:\/\/linfuseur.com\/de\/produit\/bio-gemusebruhe-spinat-rosmarin\/\",\"url\":\"https:\/\/linfuseur.com\/de\/produit\/bio-gemusebruhe-spinat-rosmarin\/\",\"name\":\"Bio-Gem\u00fcsebr\u00fche Spinat Rosmarin - L&#039;infuseur Paris\",\"isPartOf\":{\"@id\":\"https:\/\/linfuseur.com\/de\/#website\"},\"primaryImageOfPage\":{\"@id\":\"https:\/\/linfuseur.com\/de\/produit\/bio-gemusebruhe-spinat-rosmarin\/#primaryimage\"},\"image\":{\"@id\":\"https:\/\/linfuseur.com\/de\/produit\/bio-gemusebruhe-spinat-rosmarin\/#primaryimage\"},\"thumbnailUrl\":\"https:\/\/linfuseur.com\/wp-content\/uploads\/2025\/12\/bouillon-epinard-romarin-bio.jpg\",\"datePublished\":\"2025-12-23T10:00:32+00:00\",\"dateModified\":\"2026-01-30T16:49:56+00:00\",\"breadcrumb\":{\"@id\":\"https:\/\/linfuseur.com\/de\/produit\/bio-gemusebruhe-spinat-rosmarin\/#breadcrumb\"},\"inLanguage\":\"de\",\"potentialAction\":[{\"@type\":\"ReadAction\",\"target\":[\"https:\/\/linfuseur.com\/de\/produit\/bio-gemusebruhe-spinat-rosmarin\/\"]}]},{\"@type\":\"ImageObject\",\"inLanguage\":\"de\",\"@id\":\"https:\/\/linfuseur.com\/de\/produit\/bio-gemusebruhe-spinat-rosmarin\/#primaryimage\",\"url\":\"https:\/\/linfuseur.com\/wp-content\/uploads\/2025\/12\/bouillon-epinard-romarin-bio.jpg\",\"contentUrl\":\"https:\/\/linfuseur.com\/wp-content\/uploads\/2025\/12\/bouillon-epinard-romarin-bio.jpg\",\"width\":1200,\"height\":1198,\"caption\":\"bouillon epinard romarin bio\"},{\"@type\":\"BreadcrumbList\",\"@id\":\"https:\/\/linfuseur.com\/de\/produit\/bio-gemusebruhe-spinat-rosmarin\/#breadcrumb\",\"itemListElement\":[{\"@type\":\"ListItem\",\"position\":1,\"name\":\"Home\",\"item\":\"https:\/\/linfuseur.com\/de\/\"},{\"@type\":\"ListItem\",\"position\":2,\"name\":\"Shop\",\"item\":\"https:\/\/linfuseur.com\/de\/shop\/\"},{\"@type\":\"ListItem\",\"position\":3,\"name\":\"Br\u00fchen\",\"item\":\"https:\/\/linfuseur.com\/de\/categorie-produit\/bruhe\/\"},{\"@type\":\"ListItem\",\"position\":4,\"name\":\"Bio-Gem\u00fcsebr\u00fche Spinat Rosmarin\"}]},{\"@type\":\"WebSite\",\"@id\":\"https:\/\/linfuseur.com\/de\/#website\",\"url\":\"https:\/\/linfuseur.com\/de\/\",\"name\":\"L'infuseur Paris\",\"description\":\"L&#039;infuseur Paris - Collection d&#039;infusions\",\"potentialAction\":[{\"@type\":\"SearchAction\",\"target\":{\"@type\":\"EntryPoint\",\"urlTemplate\":\"https:\/\/linfuseur.com\/de\/?s={search_term_string}\"},\"query-input\":{\"@type\":\"PropertyValueSpecification\",\"valueRequired\":true,\"valueName\":\"search_term_string\"}}],\"inLanguage\":\"de\"}]}<\/script>\n<!-- \/ Yoast SEO plugin. -->","yoast_head_json":{"title":"Bio-Gem\u00fcsebr\u00fche Spinat Rosmarin - L&#039;infuseur Paris","robots":{"index":"index","follow":"follow","max-snippet":"max-snippet:-1","max-image-preview":"max-image-preview:large","max-video-preview":"max-video-preview:-1"},"canonical":"https:\/\/linfuseur.com\/de\/produit\/bio-gemusebruhe-spinat-rosmarin\/","og_locale":"de_DE","og_type":"article","og_title":"Bio-Gem\u00fcsebr\u00fche Spinat Rosmarin - L&#039;infuseur Paris","og_description":"Eigenschaften: \u2013 Noten: Fenchel, Spinat, Rosmarin, Ingwer, Korianderbl\u00e4tter, Schalotte \u2013\u00a0Einheitsgr\u00f6\u00dfe von 15 Beuteln \u2013\u00a0Filter aus Zuckerrohrst\u00e4rke \u2013\u00a0Morgens, mittags und abends zu genie\u00dfen Anwendungshinweise F\u00fcr einen aromatischen Moment einen Beutel in einer Tasse hei\u00dfem Wasser bei 95 \u00b0C f\u00fcr 7 bis 10 Minuten ziehen lassen. In der K\u00fcche einen Beutel zu Ihren Zubereitungen geben, um IhreLire la suite","og_url":"https:\/\/linfuseur.com\/de\/produit\/bio-gemusebruhe-spinat-rosmarin\/","og_site_name":"L&#039;infuseur Paris","article_modified_time":"2026-01-30T16:49:56+00:00","og_image":[{"width":1200,"height":1198,"url":"https:\/\/linfuseur.com\/wp-content\/uploads\/2025\/12\/bouillon-epinard-romarin-bio.jpg","type":"image\/jpeg"}],"twitter_misc":{"Gesch\u00e4tzte Lesezeit":"1\u00a0Minute"},"schema":{"@context":"https:\/\/schema.org","@graph":[{"@type":"WebPage","@id":"https:\/\/linfuseur.com\/de\/produit\/bio-gemusebruhe-spinat-rosmarin\/","url":"https:\/\/linfuseur.com\/de\/produit\/bio-gemusebruhe-spinat-rosmarin\/","name":"Bio-Gem\u00fcsebr\u00fche Spinat Rosmarin - L&#039;infuseur Paris","isPartOf":{"@id":"https:\/\/linfuseur.com\/de\/#website"},"primaryImageOfPage":{"@id":"https:\/\/linfuseur.com\/de\/produit\/bio-gemusebruhe-spinat-rosmarin\/#primaryimage"},"image":{"@id":"https:\/\/linfuseur.com\/de\/produit\/bio-gemusebruhe-spinat-rosmarin\/#primaryimage"},"thumbnailUrl":"https:\/\/linfuseur.com\/wp-content\/uploads\/2025\/12\/bouillon-epinard-romarin-bio.jpg","datePublished":"2025-12-23T10:00:32+00:00","dateModified":"2026-01-30T16:49:56+00:00","breadcrumb":{"@id":"https:\/\/linfuseur.com\/de\/produit\/bio-gemusebruhe-spinat-rosmarin\/#breadcrumb"},"inLanguage":"de","potentialAction":[{"@type":"ReadAction","target":["https:\/\/linfuseur.com\/de\/produit\/bio-gemusebruhe-spinat-rosmarin\/"]}]},{"@type":"ImageObject","inLanguage":"de","@id":"https:\/\/linfuseur.com\/de\/produit\/bio-gemusebruhe-spinat-rosmarin\/#primaryimage","url":"https:\/\/linfuseur.com\/wp-content\/uploads\/2025\/12\/bouillon-epinard-romarin-bio.jpg","contentUrl":"https:\/\/linfuseur.com\/wp-content\/uploads\/2025\/12\/bouillon-epinard-romarin-bio.jpg","width":1200,"height":1198,"caption":"bouillon epinard romarin bio"},{"@type":"BreadcrumbList","@id":"https:\/\/linfuseur.com\/de\/produit\/bio-gemusebruhe-spinat-rosmarin\/#breadcrumb","itemListElement":[{"@type":"ListItem","position":1,"name":"Home","item":"https:\/\/linfuseur.com\/de\/"},{"@type":"ListItem","position":2,"name":"Shop","item":"https:\/\/linfuseur.com\/de\/shop\/"},{"@type":"ListItem","position":3,"name":"Br\u00fchen","item":"https:\/\/linfuseur.com\/de\/categorie-produit\/bruhe\/"},{"@type":"ListItem","position":4,"name":"Bio-Gem\u00fcsebr\u00fche Spinat Rosmarin"}]},{"@type":"WebSite","@id":"https:\/\/linfuseur.com\/de\/#website","url":"https:\/\/linfuseur.com\/de\/","name":"L'infuseur Paris","description":"L&#039;infuseur Paris - Collection d&#039;infusions","potentialAction":[{"@type":"SearchAction","target":{"@type":"EntryPoint","urlTemplate":"https:\/\/linfuseur.com\/de\/?s={search_term_string}"},"query-input":{"@type":"PropertyValueSpecification","valueRequired":true,"valueName":"search_term_string"}}],"inLanguage":"de"}]}},"_links":{"self":[{"href":"https:\/\/linfuseur.com\/de\/wp-json\/wp\/v2\/product\/127147","targetHints":{"allow":["GET"]}}],"collection":[{"href":"https:\/\/linfuseur.com\/de\/wp-json\/wp\/v2\/product"}],"about":[{"href":"https:\/\/linfuseur.com\/de\/wp-json\/wp\/v2\/types\/product"}],"replies":[{"embeddable":true,"href":"https:\/\/linfuseur.com\/de\/wp-json\/wp\/v2\/comments?post=127147"}],"wp:featuredmedia":[{"embeddable":true,"href":"https:\/\/linfuseur.com\/de\/wp-json\/wp\/v2\/media\/127153"}],"wp:attachment":[{"href":"https:\/\/linfuseur.com\/de\/wp-json\/wp\/v2\/media?parent=127147"}],"wp:term":[{"taxonomy":"product_brand","embeddable":true,"href":"https:\/\/linfuseur.com\/de\/wp-json\/wp\/v2\/product_brand?post=127147"},{"taxonomy":"product_cat","embeddable":true,"href":"https:\/\/linfuseur.com\/de\/wp-json\/wp\/v2\/product_cat?post=127147"},{"taxonomy":"product_tag","embeddable":true,"href":"https:\/\/linfuseur.com\/de\/wp-json\/wp\/v2\/product_tag?post=127147"},{"taxonomy":"giftcard-category","embeddable":true,"href":"https:\/\/linfuseur.com\/de\/wp-json\/wp\/v2\/giftcard-category?post=127147"}],"curies":[{"name":"wp","href":"https:\/\/api.w.org\/{rel}","templated":true}]}}