{"id":19364,"date":"2022-01-14T14:01:29","date_gmt":"2022-01-14T14:01:29","guid":{"rendered":"https:\/\/linfuseur.com\/produit\/19364\/"},"modified":"2026-01-30T16:52:25","modified_gmt":"2026-01-30T16:52:25","slug":"24-weiser-tee-winter","status":"publish","type":"product","link":"https:\/\/linfuseur.com\/de\/produit\/24-weiser-tee-winter\/","title":{"rendered":"24 Wei\u00dfer Wintertee"},"content":{"rendered":"<p><b>Anwendungstipps:<br \/>\n<\/b><span style=\"font-weight: 400;\">Gib einen Teel\u00f6ffel losen Tee in deine Teekanne oder nimm 1 Beutel pro Tasse und lass ihn zwischen 3 und 5 Minuten in 75&nbsp;\u00b0C hei\u00dfem Wasser ziehen.<br \/>\n<\/span><span style=\"font-weight: 400;\">50 Gramm = 25 Tassen.<\/span><\/p>\n<p><b>Allergene<\/b><span style=\"font-weight: 400;\"> :<br \/>\n<\/span><span style=\"font-weight: 400;\">Kann Spuren von Schalenfr\u00fcchten enthalten <\/span> <\/p>\n","protected":false},"excerpt":{"rendered":"<p>Anwendungstipps: Gib einen Teel\u00f6ffel losen Tee in deine Teekanne oder nimm 1 Beutel pro Tasse und lass ihn zwischen 3 und 5 Minuten in 75&nbsp;\u00b0C hei\u00dfem Wasser ziehen. 50 Gramm = 25 Tassen. Allergene : Kann Spuren von Schalenfr\u00fcchten enthalten<\/p>\n","protected":false},"featured_media":18137,"comment_status":"open","ping_status":"closed","template":"","meta":{"_acf_changed":false},"product_brand":[],"product_cat":[190,186,158,153,157,245],"product_tag":[],"giftcard-category":[],"class_list":{"0":"post-19364","1":"product","2":"type-product","3":"status-publish","4":"has-post-thumbnail","6":"product_cat-dry-detox-de","7":"product_cat-tees","8":"product_cat-collection-de","9":"product_cat-selection-de-noel","10":"product_cat-infuseur-de","11":"product_cat-reinigen-und-entgiften","13":"first","14":"instock","15":"taxable","16":"shipping-taxable","17":"purchasable","18":"product-type-variable","19":"has-default-attributes","20":"wvs-pro-product","21":"wvs-pro-before-cart-button"},"acf":[],"yoast_head":"<!-- This site is optimized with the Yoast SEO plugin v26.8 - https:\/\/yoast.com\/product\/yoast-seo-wordpress\/ -->\n<title>Wei\u00dfer Wintertee - Ein au\u00dfergew\u00f6hnlicher Tee - L&#039;infuseur Paris<\/title>\n<meta name=\"description\" content=\"Ein Tee, so wei\u00df wie der Winter mit zarten Orangennoten, ein au\u00dfergew\u00f6hnlicher Tee mit sehr wenig Oxidation und einer Vielzahl an positiven Eigenschaften.\" \/>\n<meta name=\"robots\" content=\"index, follow, max-snippet:-1, max-image-preview:large, max-video-preview:-1\" \/>\n<link rel=\"canonical\" href=\"https:\/\/linfuseur.com\/de\/produit\/24-weiser-tee-winter\/\" \/>\n<meta property=\"og:locale\" content=\"de_DE\" \/>\n<meta property=\"og:type\" content=\"article\" \/>\n<meta property=\"og:title\" content=\"Wei\u00dfer Wintertee - Ein au\u00dfergew\u00f6hnlicher Tee - L&#039;infuseur Paris\" \/>\n<meta property=\"og:description\" content=\"Ein Tee, so wei\u00df wie der Winter mit zarten Orangennoten, ein au\u00dfergew\u00f6hnlicher Tee mit sehr wenig Oxidation und einer Vielzahl an positiven Eigenschaften.\" \/>\n<meta property=\"og:url\" content=\"https:\/\/linfuseur.com\/de\/produit\/24-weiser-tee-winter\/\" \/>\n<meta property=\"og:site_name\" content=\"L&#039;infuseur Paris\" \/>\n<meta property=\"article:modified_time\" content=\"2026-01-30T16:52:25+00:00\" \/>\n<meta property=\"og:image\" content=\"https:\/\/linfuseur.com\/wp-content\/uploads\/2022\/01\/the-blanc-dhiver-linfuseur.jpg\" \/>\n\t<meta property=\"og:image:width\" content=\"1600\" \/>\n\t<meta property=\"og:image:height\" content=\"1600\" \/>\n\t<meta property=\"og:image:type\" content=\"image\/jpeg\" \/>\n<script type=\"application\/ld+json\" class=\"yoast-schema-graph\">{\"@context\":\"https:\/\/schema.org\",\"@graph\":[{\"@type\":\"WebPage\",\"@id\":\"https:\/\/linfuseur.com\/de\/produit\/24-weiser-tee-winter\/\",\"url\":\"https:\/\/linfuseur.com\/de\/produit\/24-weiser-tee-winter\/\",\"name\":\"Wei\u00dfer Wintertee - Ein au\u00dfergew\u00f6hnlicher Tee - L'infuseur Paris\",\"isPartOf\":{\"@id\":\"https:\/\/linfuseur.com\/de\/#website\"},\"primaryImageOfPage\":{\"@id\":\"https:\/\/linfuseur.com\/de\/produit\/24-weiser-tee-winter\/#primaryimage\"},\"image\":{\"@id\":\"https:\/\/linfuseur.com\/de\/produit\/24-weiser-tee-winter\/#primaryimage\"},\"thumbnailUrl\":\"https:\/\/linfuseur.com\/wp-content\/uploads\/2022\/01\/the-blanc-dhiver-linfuseur.jpg\",\"datePublished\":\"2022-01-14T14:01:29+00:00\",\"dateModified\":\"2026-01-30T16:52:25+00:00\",\"description\":\"Ein Tee, so wei\u00df wie der Winter mit zarten Orangennoten, ein au\u00dfergew\u00f6hnlicher Tee mit sehr wenig Oxidation und einer Vielzahl an positiven Eigenschaften.\",\"breadcrumb\":{\"@id\":\"https:\/\/linfuseur.com\/de\/produit\/24-weiser-tee-winter\/#breadcrumb\"},\"inLanguage\":\"de\",\"potentialAction\":[{\"@type\":\"ReadAction\",\"target\":[\"https:\/\/linfuseur.com\/de\/produit\/24-weiser-tee-winter\/\"]}]},{\"@type\":\"ImageObject\",\"inLanguage\":\"de\",\"@id\":\"https:\/\/linfuseur.com\/de\/produit\/24-weiser-tee-winter\/#primaryimage\",\"url\":\"https:\/\/linfuseur.com\/wp-content\/uploads\/2022\/01\/the-blanc-dhiver-linfuseur.jpg\",\"contentUrl\":\"https:\/\/linfuseur.com\/wp-content\/uploads\/2022\/01\/the-blanc-dhiver-linfuseur.jpg\",\"width\":1600,\"height\":1600,\"caption\":\"wei\u00dfer wintertee l'infuseur\"},{\"@type\":\"BreadcrumbList\",\"@id\":\"https:\/\/linfuseur.com\/de\/produit\/24-weiser-tee-winter\/#breadcrumb\",\"itemListElement\":[{\"@type\":\"ListItem\",\"position\":1,\"name\":\"Home\",\"item\":\"https:\/\/linfuseur.com\/de\/\"},{\"@type\":\"ListItem\",\"position\":2,\"name\":\"Shop\",\"item\":\"https:\/\/linfuseur.com\/de\/shop\/\"},{\"@type\":\"ListItem\",\"position\":3,\"name\":\"Dry &amp; Detox\",\"item\":\"https:\/\/linfuseur.com\/de\/categorie-produit\/dry-detox-de\/\"},{\"@type\":\"ListItem\",\"position\":4,\"name\":\"24 Wei\u00dfer Wintertee\"}]},{\"@type\":\"WebSite\",\"@id\":\"https:\/\/linfuseur.com\/de\/#website\",\"url\":\"https:\/\/linfuseur.com\/de\/\",\"name\":\"L'infuseur Paris\",\"description\":\"L&#039;infuseur Paris - Collection d&#039;infusions\",\"potentialAction\":[{\"@type\":\"SearchAction\",\"target\":{\"@type\":\"EntryPoint\",\"urlTemplate\":\"https:\/\/linfuseur.com\/de\/?s={search_term_string}\"},\"query-input\":{\"@type\":\"PropertyValueSpecification\",\"valueRequired\":true,\"valueName\":\"search_term_string\"}}],\"inLanguage\":\"de\"}]}<\/script>\n<!-- \/ Yoast SEO plugin. -->","yoast_head_json":{"title":"Wei\u00dfer Wintertee - Ein au\u00dfergew\u00f6hnlicher Tee - L'infuseur Paris","description":"Ein Tee, so wei\u00df wie der Winter mit zarten Orangennoten, ein au\u00dfergew\u00f6hnlicher Tee mit sehr wenig Oxidation und einer Vielzahl an positiven Eigenschaften.","robots":{"index":"index","follow":"follow","max-snippet":"max-snippet:-1","max-image-preview":"max-image-preview:large","max-video-preview":"max-video-preview:-1"},"canonical":"https:\/\/linfuseur.com\/de\/produit\/24-weiser-tee-winter\/","og_locale":"de_DE","og_type":"article","og_title":"Wei\u00dfer Wintertee - Ein au\u00dfergew\u00f6hnlicher Tee - L'infuseur Paris","og_description":"Ein Tee, so wei\u00df wie der Winter mit zarten Orangennoten, ein au\u00dfergew\u00f6hnlicher Tee mit sehr wenig Oxidation und einer Vielzahl an positiven Eigenschaften.","og_url":"https:\/\/linfuseur.com\/de\/produit\/24-weiser-tee-winter\/","og_site_name":"L&#039;infuseur Paris","article_modified_time":"2026-01-30T16:52:25+00:00","og_image":[{"width":1600,"height":1600,"url":"https:\/\/linfuseur.com\/wp-content\/uploads\/2022\/01\/the-blanc-dhiver-linfuseur.jpg","type":"image\/jpeg"}],"schema":{"@context":"https:\/\/schema.org","@graph":[{"@type":"WebPage","@id":"https:\/\/linfuseur.com\/de\/produit\/24-weiser-tee-winter\/","url":"https:\/\/linfuseur.com\/de\/produit\/24-weiser-tee-winter\/","name":"Wei\u00dfer Wintertee - Ein au\u00dfergew\u00f6hnlicher Tee - L'infuseur Paris","isPartOf":{"@id":"https:\/\/linfuseur.com\/de\/#website"},"primaryImageOfPage":{"@id":"https:\/\/linfuseur.com\/de\/produit\/24-weiser-tee-winter\/#primaryimage"},"image":{"@id":"https:\/\/linfuseur.com\/de\/produit\/24-weiser-tee-winter\/#primaryimage"},"thumbnailUrl":"https:\/\/linfuseur.com\/wp-content\/uploads\/2022\/01\/the-blanc-dhiver-linfuseur.jpg","datePublished":"2022-01-14T14:01:29+00:00","dateModified":"2026-01-30T16:52:25+00:00","description":"Ein Tee, so wei\u00df wie der Winter mit zarten Orangennoten, ein au\u00dfergew\u00f6hnlicher Tee mit sehr wenig Oxidation und einer Vielzahl an positiven Eigenschaften.","breadcrumb":{"@id":"https:\/\/linfuseur.com\/de\/produit\/24-weiser-tee-winter\/#breadcrumb"},"inLanguage":"de","potentialAction":[{"@type":"ReadAction","target":["https:\/\/linfuseur.com\/de\/produit\/24-weiser-tee-winter\/"]}]},{"@type":"ImageObject","inLanguage":"de","@id":"https:\/\/linfuseur.com\/de\/produit\/24-weiser-tee-winter\/#primaryimage","url":"https:\/\/linfuseur.com\/wp-content\/uploads\/2022\/01\/the-blanc-dhiver-linfuseur.jpg","contentUrl":"https:\/\/linfuseur.com\/wp-content\/uploads\/2022\/01\/the-blanc-dhiver-linfuseur.jpg","width":1600,"height":1600,"caption":"wei\u00dfer wintertee l'infuseur"},{"@type":"BreadcrumbList","@id":"https:\/\/linfuseur.com\/de\/produit\/24-weiser-tee-winter\/#breadcrumb","itemListElement":[{"@type":"ListItem","position":1,"name":"Home","item":"https:\/\/linfuseur.com\/de\/"},{"@type":"ListItem","position":2,"name":"Shop","item":"https:\/\/linfuseur.com\/de\/shop\/"},{"@type":"ListItem","position":3,"name":"Dry &amp; Detox","item":"https:\/\/linfuseur.com\/de\/categorie-produit\/dry-detox-de\/"},{"@type":"ListItem","position":4,"name":"24 Wei\u00dfer Wintertee"}]},{"@type":"WebSite","@id":"https:\/\/linfuseur.com\/de\/#website","url":"https:\/\/linfuseur.com\/de\/","name":"L'infuseur Paris","description":"L&#039;infuseur Paris - Collection d&#039;infusions","potentialAction":[{"@type":"SearchAction","target":{"@type":"EntryPoint","urlTemplate":"https:\/\/linfuseur.com\/de\/?s={search_term_string}"},"query-input":{"@type":"PropertyValueSpecification","valueRequired":true,"valueName":"search_term_string"}}],"inLanguage":"de"}]}},"_links":{"self":[{"href":"https:\/\/linfuseur.com\/de\/wp-json\/wp\/v2\/product\/19364","targetHints":{"allow":["GET"]}}],"collection":[{"href":"https:\/\/linfuseur.com\/de\/wp-json\/wp\/v2\/product"}],"about":[{"href":"https:\/\/linfuseur.com\/de\/wp-json\/wp\/v2\/types\/product"}],"replies":[{"embeddable":true,"href":"https:\/\/linfuseur.com\/de\/wp-json\/wp\/v2\/comments?post=19364"}],"wp:featuredmedia":[{"embeddable":true,"href":"https:\/\/linfuseur.com\/de\/wp-json\/wp\/v2\/media\/18137"}],"wp:attachment":[{"href":"https:\/\/linfuseur.com\/de\/wp-json\/wp\/v2\/media?parent=19364"}],"wp:term":[{"taxonomy":"product_brand","embeddable":true,"href":"https:\/\/linfuseur.com\/de\/wp-json\/wp\/v2\/product_brand?post=19364"},{"taxonomy":"product_cat","embeddable":true,"href":"https:\/\/linfuseur.com\/de\/wp-json\/wp\/v2\/product_cat?post=19364"},{"taxonomy":"product_tag","embeddable":true,"href":"https:\/\/linfuseur.com\/de\/wp-json\/wp\/v2\/product_tag?post=19364"},{"taxonomy":"giftcard-category","embeddable":true,"href":"https:\/\/linfuseur.com\/de\/wp-json\/wp\/v2\/giftcard-category?post=19364"}],"curies":[{"name":"wp","href":"https:\/\/api.w.org\/{rel}","templated":true}]}}