{"id":19368,"date":"2021-11-09T13:29:14","date_gmt":"2021-11-09T13:29:14","guid":{"rendered":"https:\/\/linfuseur.com\/produit\/19368\/"},"modified":"2026-01-30T16:52:53","modified_gmt":"2026-01-30T16:52:53","slug":"tasse-unitea","status":"publish","type":"product","link":"https:\/\/linfuseur.com\/de\/produit\/tasse-unitea\/","title":{"rendered":"TASSE UNITEA"},"content":{"rendered":"<p><strong>Anwendungstipps:<\/strong><\/p>\n<p>Hitzebest\u00e4ndig: max. 120 \u00b0C\/248&nbsp;\u00b0F<br \/>\nMikrowellen- und sp\u00fclmaschinengeeignet.<br \/>\nVermeiden Sie pl\u00f6tzliche Temperatur\u00e4nderung<br \/>\n<span style=\"font-size: 14.4px;\">Nicht ohne Wasser darin erhitzen<\/span><\/p>\n","protected":false},"excerpt":{"rendered":"<p>Anwendungstipps: Hitzebest\u00e4ndig: max. 120 \u00b0C\/248&nbsp;\u00b0F Mikrowellen- und sp\u00fclmaschinengeeignet. Vermeiden Sie pl\u00f6tzliche Temperatur\u00e4nderung Nicht ohne Wasser darin erhitzen<\/p>\n","protected":false},"featured_media":22457,"comment_status":"open","ping_status":"closed","template":"","meta":{"_acf_changed":false},"product_brand":[],"product_cat":[177,178,174,176,264,175],"product_tag":[],"giftcard-category":[],"class_list":{"0":"post-19368","1":"product","2":"type-product","3":"status-publish","4":"has-post-thumbnail","6":"product_cat-best-dad-de","7":"product_cat-eistee","8":"product_cat-green-easter-de","9":"product_cat-winterauswahl","10":"product_cat-wohlbefinden-lifestyle","11":"product_cat-zubehor","13":"first","14":"instock","15":"taxable","16":"shipping-taxable","17":"purchasable","18":"product-type-variable","19":"has-default-attributes","20":"wvs-pro-product","21":"wvs-pro-before-cart-button"},"acf":[],"yoast_head":"<!-- This site is optimized with the Yoast SEO plugin v26.8 - https:\/\/yoast.com\/product\/yoast-seo-wordpress\/ -->\n<title>TASSE UNITEA - L&#039;infuseur Paris<\/title>\n<meta name=\"robots\" content=\"index, follow, max-snippet:-1, max-image-preview:large, max-video-preview:-1\" \/>\n<link rel=\"canonical\" href=\"https:\/\/linfuseur.com\/de\/produit\/tasse-unitea\/\" \/>\n<meta property=\"og:locale\" content=\"de_DE\" \/>\n<meta property=\"og:type\" content=\"article\" \/>\n<meta property=\"og:title\" content=\"TASSE UNITEA - L&#039;infuseur Paris\" \/>\n<meta property=\"og:description\" content=\"Anwendungstipps: Hitzebest\u00e4ndig: max. 120 \u00b0C\/248&nbsp;\u00b0F Mikrowellen- und sp\u00fclmaschinengeeignet. Vermeiden Sie pl\u00f6tzliche Temperatur\u00e4nderung Nicht ohne Wasser darin erhitzen\" \/>\n<meta property=\"og:url\" content=\"https:\/\/linfuseur.com\/de\/produit\/tasse-unitea\/\" \/>\n<meta property=\"og:site_name\" content=\"L&#039;infuseur Paris\" \/>\n<meta property=\"article:modified_time\" content=\"2026-01-30T16:52:53+00:00\" \/>\n<meta property=\"og:image\" content=\"https:\/\/linfuseur.com\/wp-content\/uploads\/2021\/11\/tasse-kinto-3.jpg\" \/>\n\t<meta property=\"og:image:width\" content=\"1600\" \/>\n\t<meta property=\"og:image:height\" content=\"1600\" \/>\n\t<meta property=\"og:image:type\" content=\"image\/jpeg\" \/>\n<script type=\"application\/ld+json\" class=\"yoast-schema-graph\">{\"@context\":\"https:\/\/schema.org\",\"@graph\":[{\"@type\":\"WebPage\",\"@id\":\"https:\/\/linfuseur.com\/de\/produit\/tasse-unitea\/\",\"url\":\"https:\/\/linfuseur.com\/de\/produit\/tasse-unitea\/\",\"name\":\"TASSE UNITEA - L&#039;infuseur Paris\",\"isPartOf\":{\"@id\":\"https:\/\/linfuseur.com\/de\/#website\"},\"primaryImageOfPage\":{\"@id\":\"https:\/\/linfuseur.com\/de\/produit\/tasse-unitea\/#primaryimage\"},\"image\":{\"@id\":\"https:\/\/linfuseur.com\/de\/produit\/tasse-unitea\/#primaryimage\"},\"thumbnailUrl\":\"https:\/\/linfuseur.com\/wp-content\/uploads\/2021\/11\/tasse-kinto-3.jpg\",\"datePublished\":\"2021-11-09T13:29:14+00:00\",\"dateModified\":\"2026-01-30T16:52:53+00:00\",\"breadcrumb\":{\"@id\":\"https:\/\/linfuseur.com\/de\/produit\/tasse-unitea\/#breadcrumb\"},\"inLanguage\":\"de\",\"potentialAction\":[{\"@type\":\"ReadAction\",\"target\":[\"https:\/\/linfuseur.com\/de\/produit\/tasse-unitea\/\"]}]},{\"@type\":\"ImageObject\",\"inLanguage\":\"de\",\"@id\":\"https:\/\/linfuseur.com\/de\/produit\/tasse-unitea\/#primaryimage\",\"url\":\"https:\/\/linfuseur.com\/wp-content\/uploads\/2021\/11\/tasse-kinto-3.jpg\",\"contentUrl\":\"https:\/\/linfuseur.com\/wp-content\/uploads\/2021\/11\/tasse-kinto-3.jpg\",\"width\":1600,\"height\":1600,\"caption\":\"tasse unitea kinto\"},{\"@type\":\"BreadcrumbList\",\"@id\":\"https:\/\/linfuseur.com\/de\/produit\/tasse-unitea\/#breadcrumb\",\"itemListElement\":[{\"@type\":\"ListItem\",\"position\":1,\"name\":\"Home\",\"item\":\"https:\/\/linfuseur.com\/de\/\"},{\"@type\":\"ListItem\",\"position\":2,\"name\":\"Shop\",\"item\":\"https:\/\/linfuseur.com\/de\/shop\/\"},{\"@type\":\"ListItem\",\"position\":3,\"name\":\"Best dad\",\"item\":\"https:\/\/linfuseur.com\/de\/categorie-produit\/best-dad-de\/\"},{\"@type\":\"ListItem\",\"position\":4,\"name\":\"TASSE UNITEA\"}]},{\"@type\":\"WebSite\",\"@id\":\"https:\/\/linfuseur.com\/de\/#website\",\"url\":\"https:\/\/linfuseur.com\/de\/\",\"name\":\"L'infuseur Paris\",\"description\":\"L&#039;infuseur Paris - Collection d&#039;infusions\",\"potentialAction\":[{\"@type\":\"SearchAction\",\"target\":{\"@type\":\"EntryPoint\",\"urlTemplate\":\"https:\/\/linfuseur.com\/de\/?s={search_term_string}\"},\"query-input\":{\"@type\":\"PropertyValueSpecification\",\"valueRequired\":true,\"valueName\":\"search_term_string\"}}],\"inLanguage\":\"de\"}]}<\/script>\n<!-- \/ Yoast SEO plugin. -->","yoast_head_json":{"title":"TASSE UNITEA - L&#039;infuseur Paris","robots":{"index":"index","follow":"follow","max-snippet":"max-snippet:-1","max-image-preview":"max-image-preview:large","max-video-preview":"max-video-preview:-1"},"canonical":"https:\/\/linfuseur.com\/de\/produit\/tasse-unitea\/","og_locale":"de_DE","og_type":"article","og_title":"TASSE UNITEA - L&#039;infuseur Paris","og_description":"Anwendungstipps: Hitzebest\u00e4ndig: max. 120 \u00b0C\/248&nbsp;\u00b0F Mikrowellen- und sp\u00fclmaschinengeeignet. Vermeiden Sie pl\u00f6tzliche Temperatur\u00e4nderung Nicht ohne Wasser darin erhitzen","og_url":"https:\/\/linfuseur.com\/de\/produit\/tasse-unitea\/","og_site_name":"L&#039;infuseur Paris","article_modified_time":"2026-01-30T16:52:53+00:00","og_image":[{"width":1600,"height":1600,"url":"https:\/\/linfuseur.com\/wp-content\/uploads\/2021\/11\/tasse-kinto-3.jpg","type":"image\/jpeg"}],"schema":{"@context":"https:\/\/schema.org","@graph":[{"@type":"WebPage","@id":"https:\/\/linfuseur.com\/de\/produit\/tasse-unitea\/","url":"https:\/\/linfuseur.com\/de\/produit\/tasse-unitea\/","name":"TASSE UNITEA - L&#039;infuseur Paris","isPartOf":{"@id":"https:\/\/linfuseur.com\/de\/#website"},"primaryImageOfPage":{"@id":"https:\/\/linfuseur.com\/de\/produit\/tasse-unitea\/#primaryimage"},"image":{"@id":"https:\/\/linfuseur.com\/de\/produit\/tasse-unitea\/#primaryimage"},"thumbnailUrl":"https:\/\/linfuseur.com\/wp-content\/uploads\/2021\/11\/tasse-kinto-3.jpg","datePublished":"2021-11-09T13:29:14+00:00","dateModified":"2026-01-30T16:52:53+00:00","breadcrumb":{"@id":"https:\/\/linfuseur.com\/de\/produit\/tasse-unitea\/#breadcrumb"},"inLanguage":"de","potentialAction":[{"@type":"ReadAction","target":["https:\/\/linfuseur.com\/de\/produit\/tasse-unitea\/"]}]},{"@type":"ImageObject","inLanguage":"de","@id":"https:\/\/linfuseur.com\/de\/produit\/tasse-unitea\/#primaryimage","url":"https:\/\/linfuseur.com\/wp-content\/uploads\/2021\/11\/tasse-kinto-3.jpg","contentUrl":"https:\/\/linfuseur.com\/wp-content\/uploads\/2021\/11\/tasse-kinto-3.jpg","width":1600,"height":1600,"caption":"tasse unitea kinto"},{"@type":"BreadcrumbList","@id":"https:\/\/linfuseur.com\/de\/produit\/tasse-unitea\/#breadcrumb","itemListElement":[{"@type":"ListItem","position":1,"name":"Home","item":"https:\/\/linfuseur.com\/de\/"},{"@type":"ListItem","position":2,"name":"Shop","item":"https:\/\/linfuseur.com\/de\/shop\/"},{"@type":"ListItem","position":3,"name":"Best dad","item":"https:\/\/linfuseur.com\/de\/categorie-produit\/best-dad-de\/"},{"@type":"ListItem","position":4,"name":"TASSE UNITEA"}]},{"@type":"WebSite","@id":"https:\/\/linfuseur.com\/de\/#website","url":"https:\/\/linfuseur.com\/de\/","name":"L'infuseur Paris","description":"L&#039;infuseur Paris - Collection d&#039;infusions","potentialAction":[{"@type":"SearchAction","target":{"@type":"EntryPoint","urlTemplate":"https:\/\/linfuseur.com\/de\/?s={search_term_string}"},"query-input":{"@type":"PropertyValueSpecification","valueRequired":true,"valueName":"search_term_string"}}],"inLanguage":"de"}]}},"_links":{"self":[{"href":"https:\/\/linfuseur.com\/de\/wp-json\/wp\/v2\/product\/19368","targetHints":{"allow":["GET"]}}],"collection":[{"href":"https:\/\/linfuseur.com\/de\/wp-json\/wp\/v2\/product"}],"about":[{"href":"https:\/\/linfuseur.com\/de\/wp-json\/wp\/v2\/types\/product"}],"replies":[{"embeddable":true,"href":"https:\/\/linfuseur.com\/de\/wp-json\/wp\/v2\/comments?post=19368"}],"wp:featuredmedia":[{"embeddable":true,"href":"https:\/\/linfuseur.com\/de\/wp-json\/wp\/v2\/media\/22457"}],"wp:attachment":[{"href":"https:\/\/linfuseur.com\/de\/wp-json\/wp\/v2\/media?parent=19368"}],"wp:term":[{"taxonomy":"product_brand","embeddable":true,"href":"https:\/\/linfuseur.com\/de\/wp-json\/wp\/v2\/product_brand?post=19368"},{"taxonomy":"product_cat","embeddable":true,"href":"https:\/\/linfuseur.com\/de\/wp-json\/wp\/v2\/product_cat?post=19368"},{"taxonomy":"product_tag","embeddable":true,"href":"https:\/\/linfuseur.com\/de\/wp-json\/wp\/v2\/product_tag?post=19368"},{"taxonomy":"giftcard-category","embeddable":true,"href":"https:\/\/linfuseur.com\/de\/wp-json\/wp\/v2\/giftcard-category?post=19368"}],"curies":[{"name":"wp","href":"https:\/\/api.w.org\/{rel}","templated":true}]}}