{"id":19369,"date":"2021-11-18T15:24:55","date_gmt":"2021-11-18T15:24:55","guid":{"rendered":"https:\/\/linfuseur.com\/produit\/19369\/"},"modified":"2026-01-30T16:52:27","modified_gmt":"2026-01-30T16:52:27","slug":"nachtmaske","status":"publish","type":"product","link":"https:\/\/linfuseur.com\/de\/produit\/nachtmaske\/","title":{"rendered":"NACHTMASKE"},"content":{"rendered":"<p class=\"p1\">Die Nachtmaske wird mit einem Beutel geliefert und ist nach OEKO-TEX\u00ae: STANDARD 100 zertifiziert, um h\u00f6chste Qualit\u00e4t zu gew\u00e4hrleisten.<\/p>\n","protected":false},"excerpt":{"rendered":"<p>Die Nachtmaske wird mit einem Beutel geliefert und ist nach OEKO-TEX\u00ae: STANDARD 100 zertifiziert, um h\u00f6chste Qualit\u00e4t zu gew\u00e4hrleisten.<\/p>\n","protected":false},"featured_media":17741,"comment_status":"closed","ping_status":"closed","template":"","meta":{"_acf_changed":false},"product_brand":[],"product_cat":[232,170,166],"product_tag":[],"giftcard-category":[],"class_list":{"0":"post-19369","1":"product","2":"type-product","3":"status-publish","4":"has-post-thumbnail","6":"product_cat-fall-must-have--de","7":"product_cat-meditation-de","8":"product_cat-wohlbefinden","10":"first","11":"outofstock","12":"taxable","13":"shipping-taxable","14":"purchasable","15":"product-type-variable","16":"has-default-attributes","17":"wvs-pro-product","18":"wvs-pro-before-cart-button"},"acf":[],"yoast_head":"<!-- This site is optimized with the Yoast SEO plugin v26.8 - https:\/\/yoast.com\/product\/yoast-seo-wordpress\/ -->\n<title>NACHTMASKE - L&#039;infuseur Paris<\/title>\n<meta name=\"robots\" content=\"index, follow, max-snippet:-1, max-image-preview:large, max-video-preview:-1\" \/>\n<link rel=\"canonical\" href=\"https:\/\/linfuseur.com\/de\/produit\/nachtmaske\/\" \/>\n<meta property=\"og:locale\" content=\"de_DE\" \/>\n<meta property=\"og:type\" content=\"article\" \/>\n<meta property=\"og:title\" content=\"NACHTMASKE - L&#039;infuseur Paris\" \/>\n<meta property=\"og:description\" content=\"Die Nachtmaske wird mit einem Beutel geliefert und ist nach OEKO-TEX\u00ae: STANDARD 100 zertifiziert, um h\u00f6chste Qualit\u00e4t zu gew\u00e4hrleisten.\" \/>\n<meta property=\"og:url\" content=\"https:\/\/linfuseur.com\/de\/produit\/nachtmaske\/\" \/>\n<meta property=\"og:site_name\" content=\"L&#039;infuseur Paris\" \/>\n<meta property=\"article:modified_time\" content=\"2026-01-30T16:52:27+00:00\" \/>\n<meta property=\"og:image\" content=\"https:\/\/linfuseur.com\/wp-content\/uploads\/2021\/11\/masque-de-nuit-linfuseur.jpg\" \/>\n\t<meta property=\"og:image:width\" content=\"1600\" \/>\n\t<meta property=\"og:image:height\" content=\"1600\" \/>\n\t<meta property=\"og:image:type\" content=\"image\/jpeg\" \/>\n<script type=\"application\/ld+json\" class=\"yoast-schema-graph\">{\"@context\":\"https:\/\/schema.org\",\"@graph\":[{\"@type\":\"WebPage\",\"@id\":\"https:\/\/linfuseur.com\/de\/produit\/nachtmaske\/\",\"url\":\"https:\/\/linfuseur.com\/de\/produit\/nachtmaske\/\",\"name\":\"NACHTMASKE - L&#039;infuseur Paris\",\"isPartOf\":{\"@id\":\"https:\/\/linfuseur.com\/de\/#website\"},\"primaryImageOfPage\":{\"@id\":\"https:\/\/linfuseur.com\/de\/produit\/nachtmaske\/#primaryimage\"},\"image\":{\"@id\":\"https:\/\/linfuseur.com\/de\/produit\/nachtmaske\/#primaryimage\"},\"thumbnailUrl\":\"https:\/\/linfuseur.com\/wp-content\/uploads\/2021\/11\/masque-de-nuit-linfuseur.jpg\",\"datePublished\":\"2021-11-18T15:24:55+00:00\",\"dateModified\":\"2026-01-30T16:52:27+00:00\",\"breadcrumb\":{\"@id\":\"https:\/\/linfuseur.com\/de\/produit\/nachtmaske\/#breadcrumb\"},\"inLanguage\":\"de\",\"potentialAction\":[{\"@type\":\"ReadAction\",\"target\":[\"https:\/\/linfuseur.com\/de\/produit\/nachtmaske\/\"]}]},{\"@type\":\"ImageObject\",\"inLanguage\":\"de\",\"@id\":\"https:\/\/linfuseur.com\/de\/produit\/nachtmaske\/#primaryimage\",\"url\":\"https:\/\/linfuseur.com\/wp-content\/uploads\/2021\/11\/masque-de-nuit-linfuseur.jpg\",\"contentUrl\":\"https:\/\/linfuseur.com\/wp-content\/uploads\/2021\/11\/masque-de-nuit-linfuseur.jpg\",\"width\":1600,\"height\":1600,\"caption\":\"Nachtmaske\"},{\"@type\":\"BreadcrumbList\",\"@id\":\"https:\/\/linfuseur.com\/de\/produit\/nachtmaske\/#breadcrumb\",\"itemListElement\":[{\"@type\":\"ListItem\",\"position\":1,\"name\":\"Home\",\"item\":\"https:\/\/linfuseur.com\/de\/\"},{\"@type\":\"ListItem\",\"position\":2,\"name\":\"Shop\",\"item\":\"https:\/\/linfuseur.com\/de\/shop\/\"},{\"@type\":\"ListItem\",\"position\":3,\"name\":\"FALL MUST-HAVE \ud83c\udf42\",\"item\":\"https:\/\/linfuseur.com\/de\/categorie-produit\/fall-must-have-%f0%9f%8d%82-de\/\"},{\"@type\":\"ListItem\",\"position\":4,\"name\":\"NACHTMASKE\"}]},{\"@type\":\"WebSite\",\"@id\":\"https:\/\/linfuseur.com\/de\/#website\",\"url\":\"https:\/\/linfuseur.com\/de\/\",\"name\":\"L'infuseur Paris\",\"description\":\"L&#039;infuseur Paris - Collection d&#039;infusions\",\"potentialAction\":[{\"@type\":\"SearchAction\",\"target\":{\"@type\":\"EntryPoint\",\"urlTemplate\":\"https:\/\/linfuseur.com\/de\/?s={search_term_string}\"},\"query-input\":{\"@type\":\"PropertyValueSpecification\",\"valueRequired\":true,\"valueName\":\"search_term_string\"}}],\"inLanguage\":\"de\"}]}<\/script>\n<!-- \/ Yoast SEO plugin. -->","yoast_head_json":{"title":"NACHTMASKE - L&#039;infuseur Paris","robots":{"index":"index","follow":"follow","max-snippet":"max-snippet:-1","max-image-preview":"max-image-preview:large","max-video-preview":"max-video-preview:-1"},"canonical":"https:\/\/linfuseur.com\/de\/produit\/nachtmaske\/","og_locale":"de_DE","og_type":"article","og_title":"NACHTMASKE - L&#039;infuseur Paris","og_description":"Die Nachtmaske wird mit einem Beutel geliefert und ist nach OEKO-TEX\u00ae: STANDARD 100 zertifiziert, um h\u00f6chste Qualit\u00e4t zu gew\u00e4hrleisten.","og_url":"https:\/\/linfuseur.com\/de\/produit\/nachtmaske\/","og_site_name":"L&#039;infuseur Paris","article_modified_time":"2026-01-30T16:52:27+00:00","og_image":[{"width":1600,"height":1600,"url":"https:\/\/linfuseur.com\/wp-content\/uploads\/2021\/11\/masque-de-nuit-linfuseur.jpg","type":"image\/jpeg"}],"schema":{"@context":"https:\/\/schema.org","@graph":[{"@type":"WebPage","@id":"https:\/\/linfuseur.com\/de\/produit\/nachtmaske\/","url":"https:\/\/linfuseur.com\/de\/produit\/nachtmaske\/","name":"NACHTMASKE - L&#039;infuseur Paris","isPartOf":{"@id":"https:\/\/linfuseur.com\/de\/#website"},"primaryImageOfPage":{"@id":"https:\/\/linfuseur.com\/de\/produit\/nachtmaske\/#primaryimage"},"image":{"@id":"https:\/\/linfuseur.com\/de\/produit\/nachtmaske\/#primaryimage"},"thumbnailUrl":"https:\/\/linfuseur.com\/wp-content\/uploads\/2021\/11\/masque-de-nuit-linfuseur.jpg","datePublished":"2021-11-18T15:24:55+00:00","dateModified":"2026-01-30T16:52:27+00:00","breadcrumb":{"@id":"https:\/\/linfuseur.com\/de\/produit\/nachtmaske\/#breadcrumb"},"inLanguage":"de","potentialAction":[{"@type":"ReadAction","target":["https:\/\/linfuseur.com\/de\/produit\/nachtmaske\/"]}]},{"@type":"ImageObject","inLanguage":"de","@id":"https:\/\/linfuseur.com\/de\/produit\/nachtmaske\/#primaryimage","url":"https:\/\/linfuseur.com\/wp-content\/uploads\/2021\/11\/masque-de-nuit-linfuseur.jpg","contentUrl":"https:\/\/linfuseur.com\/wp-content\/uploads\/2021\/11\/masque-de-nuit-linfuseur.jpg","width":1600,"height":1600,"caption":"Nachtmaske"},{"@type":"BreadcrumbList","@id":"https:\/\/linfuseur.com\/de\/produit\/nachtmaske\/#breadcrumb","itemListElement":[{"@type":"ListItem","position":1,"name":"Home","item":"https:\/\/linfuseur.com\/de\/"},{"@type":"ListItem","position":2,"name":"Shop","item":"https:\/\/linfuseur.com\/de\/shop\/"},{"@type":"ListItem","position":3,"name":"FALL MUST-HAVE \ud83c\udf42","item":"https:\/\/linfuseur.com\/de\/categorie-produit\/fall-must-have-%f0%9f%8d%82-de\/"},{"@type":"ListItem","position":4,"name":"NACHTMASKE"}]},{"@type":"WebSite","@id":"https:\/\/linfuseur.com\/de\/#website","url":"https:\/\/linfuseur.com\/de\/","name":"L'infuseur Paris","description":"L&#039;infuseur Paris - Collection d&#039;infusions","potentialAction":[{"@type":"SearchAction","target":{"@type":"EntryPoint","urlTemplate":"https:\/\/linfuseur.com\/de\/?s={search_term_string}"},"query-input":{"@type":"PropertyValueSpecification","valueRequired":true,"valueName":"search_term_string"}}],"inLanguage":"de"}]}},"_links":{"self":[{"href":"https:\/\/linfuseur.com\/de\/wp-json\/wp\/v2\/product\/19369","targetHints":{"allow":["GET"]}}],"collection":[{"href":"https:\/\/linfuseur.com\/de\/wp-json\/wp\/v2\/product"}],"about":[{"href":"https:\/\/linfuseur.com\/de\/wp-json\/wp\/v2\/types\/product"}],"replies":[{"embeddable":true,"href":"https:\/\/linfuseur.com\/de\/wp-json\/wp\/v2\/comments?post=19369"}],"wp:featuredmedia":[{"embeddable":true,"href":"https:\/\/linfuseur.com\/de\/wp-json\/wp\/v2\/media\/17741"}],"wp:attachment":[{"href":"https:\/\/linfuseur.com\/de\/wp-json\/wp\/v2\/media?parent=19369"}],"wp:term":[{"taxonomy":"product_brand","embeddable":true,"href":"https:\/\/linfuseur.com\/de\/wp-json\/wp\/v2\/product_brand?post=19369"},{"taxonomy":"product_cat","embeddable":true,"href":"https:\/\/linfuseur.com\/de\/wp-json\/wp\/v2\/product_cat?post=19369"},{"taxonomy":"product_tag","embeddable":true,"href":"https:\/\/linfuseur.com\/de\/wp-json\/wp\/v2\/product_tag?post=19369"},{"taxonomy":"giftcard-category","embeddable":true,"href":"https:\/\/linfuseur.com\/de\/wp-json\/wp\/v2\/giftcard-category?post=19369"}],"curies":[{"name":"wp","href":"https:\/\/api.w.org\/{rel}","templated":true}]}}