{"id":19386,"date":"2021-12-13T13:38:23","date_gmt":"2021-12-13T13:38:23","guid":{"rendered":"https:\/\/linfuseur.com\/produit\/19386\/"},"modified":"2026-01-30T16:52:26","modified_gmt":"2026-01-30T16:52:26","slug":"krautertee-duo-tasse-unitea","status":"publish","type":"product","link":"https:\/\/linfuseur.com\/de\/produit\/krautertee-duo-tasse-unitea\/","title":{"rendered":"KR\u00c4UTERTEE-DUO &amp; TASSE UNITEA"},"content":{"rendered":"<p>Diese Geschenkbox enth\u00e4lt:<\/p>\n<p><strong>1 TASSE UNITEA transparent von der Marke Kinto  <\/strong><\/p>\n<p><strong>1 Dose KR\u00c4UTERTEE CALME Nr. 2 LOSE (80 g)<br \/>\n<\/strong>Zusammensetzung:<strong> <\/strong>Honeybush, Orangenschalen, Zitronengras, Eisenkraut, Orangenbl\u00fctenbl\u00e4tter, S\u00fc\u00dfer Fenchel, Schwarzk\u00fcmmel, Kornblumenbl\u00fctenbl\u00e4tter, Nat\u00fcrliches Orangenbl\u00fctenaroma, Lavendelbl\u00fcten<br \/>\nOhne Teein<\/p>\n<p><strong>1 Dose KR\u00c4UTERTEE D\u00c9TOX Nr.6 LOSE (80 g)<br \/>\nZusammensetzung:<\/strong> Apfelst\u00fccke, Zitronengras, Wacholderbeeren, Hibiskus, Schwarze Johannisbeere, Brennnessel, nat\u00fcrliches Aroma von Schwarzer Johannisbeere<br \/>\nDas Rezept f\u00fcr unsere Detox-Mischung Nr. 6 hat sich leicht ver\u00e4ndert. Um diesen Tee unbeschwert am sp\u00e4ten Nachmittag oder Abend trinken zu k\u00f6nnen, haben uns viele Kunden gebeten, den urspr\u00fcnglich in der Detox-Mischung enthaltenen Mate-Tee zu entfernen (-3 %). Der Geschmack und die Vorteile bleiben nat\u00fcrlich unver\u00e4ndert.<br \/>\nOhne Teein<\/p>\n<p><strong>Hergestellt in Frankreich<\/strong><\/p>\n","protected":false},"excerpt":{"rendered":"<p>Diese Geschenkbox enth\u00e4lt: 1 TASSE UNITEA transparent von der Marke Kinto 1 Dose KR\u00c4UTERTEE CALME Nr. 2 LOSE (80 g) Zusammensetzung: Honeybush, Orangenschalen, Zitronengras, Eisenkraut, Orangenbl\u00fctenbl\u00e4tter, S\u00fc\u00dfer Fenchel, Schwarzk\u00fcmmel, Kornblumenbl\u00fctenbl\u00e4tter, Nat\u00fcrliches Orangenbl\u00fctenaroma, Lavendelbl\u00fcten Ohne Teein 1 Dose KR\u00c4UTERTEE D\u00c9TOX Nr.6 LOSE (80 g) Zusammensetzung: Apfelst\u00fccke, Zitronengras, Wacholderbeeren, Hibiskus, Schwarze Johannisbeere, Brennnessel, nat\u00fcrliches Aroma von SchwarzerLire la suite<\/p>\n","protected":false},"featured_media":87155,"comment_status":"closed","ping_status":"closed","template":"","meta":{"_acf_changed":false},"product_brand":[],"product_cat":[172,215,183,153],"product_tag":[],"giftcard-category":[],"class_list":{"0":"post-19386","1":"product","2":"type-product","3":"status-publish","4":"has-post-thumbnail","6":"product_cat-auswahl","7":"product_cat-auswahl-fur-feiertage","8":"product_cat-boxen","9":"product_cat-selection-de-noel","11":"first","12":"instock","13":"taxable","14":"shipping-taxable","15":"purchasable","16":"product-type-variable","17":"has-default-attributes","18":"wvs-pro-product","19":"wvs-pro-before-cart-button"},"acf":[],"yoast_head":"<!-- This site is optimized with the Yoast SEO plugin v26.8 - https:\/\/yoast.com\/product\/yoast-seo-wordpress\/ -->\n<title>KR\u00c4UTERTEE-DUO &amp; TASSE UNITEA - L&#039;infuseur Paris<\/title>\n<meta name=\"robots\" content=\"index, follow, max-snippet:-1, max-image-preview:large, max-video-preview:-1\" \/>\n<link rel=\"canonical\" href=\"https:\/\/linfuseur.com\/de\/produit\/krautertee-duo-tasse-unitea\/\" \/>\n<meta property=\"og:locale\" content=\"de_DE\" \/>\n<meta property=\"og:type\" content=\"article\" \/>\n<meta property=\"og:title\" content=\"KR\u00c4UTERTEE-DUO &amp; TASSE UNITEA - L&#039;infuseur Paris\" \/>\n<meta property=\"og:description\" content=\"Diese Geschenkbox enth\u00e4lt: 1 TASSE UNITEA transparent von der Marke Kinto 1 Dose KR\u00c4UTERTEE CALME Nr. 2 LOSE (80 g) Zusammensetzung: Honeybush, Orangenschalen, Zitronengras, Eisenkraut, Orangenbl\u00fctenbl\u00e4tter, S\u00fc\u00dfer Fenchel, Schwarzk\u00fcmmel, Kornblumenbl\u00fctenbl\u00e4tter, Nat\u00fcrliches Orangenbl\u00fctenaroma, Lavendelbl\u00fcten Ohne Teein 1 Dose KR\u00c4UTERTEE D\u00c9TOX Nr.6 LOSE (80 g) Zusammensetzung: Apfelst\u00fccke, Zitronengras, Wacholderbeeren, Hibiskus, Schwarze Johannisbeere, Brennnessel, nat\u00fcrliches Aroma von SchwarzerLire la suite\" \/>\n<meta property=\"og:url\" content=\"https:\/\/linfuseur.com\/de\/produit\/krautertee-duo-tasse-unitea\/\" \/>\n<meta property=\"og:site_name\" content=\"L&#039;infuseur Paris\" \/>\n<meta property=\"article:modified_time\" content=\"2026-01-30T16:52:26+00:00\" \/>\n<meta property=\"og:image\" content=\"https:\/\/linfuseur.com\/wp-content\/uploads\/2021\/12\/coffret-duo-infusion-unitea-2-25.jpg\" \/>\n\t<meta property=\"og:image:width\" content=\"1600\" \/>\n\t<meta property=\"og:image:height\" content=\"1600\" \/>\n\t<meta property=\"og:image:type\" content=\"image\/jpeg\" \/>\n<meta name=\"twitter:label1\" content=\"Gesch\u00e4tzte Lesezeit\" \/>\n\t<meta name=\"twitter:data1\" content=\"1\u00a0Minute\" \/>\n<script type=\"application\/ld+json\" class=\"yoast-schema-graph\">{\"@context\":\"https:\/\/schema.org\",\"@graph\":[{\"@type\":\"WebPage\",\"@id\":\"https:\/\/linfuseur.com\/de\/produit\/krautertee-duo-tasse-unitea\/\",\"url\":\"https:\/\/linfuseur.com\/de\/produit\/krautertee-duo-tasse-unitea\/\",\"name\":\"KR\u00c4UTERTEE-DUO &amp; TASSE UNITEA - L&#039;infuseur Paris\",\"isPartOf\":{\"@id\":\"https:\/\/linfuseur.com\/de\/#website\"},\"primaryImageOfPage\":{\"@id\":\"https:\/\/linfuseur.com\/de\/produit\/krautertee-duo-tasse-unitea\/#primaryimage\"},\"image\":{\"@id\":\"https:\/\/linfuseur.com\/de\/produit\/krautertee-duo-tasse-unitea\/#primaryimage\"},\"thumbnailUrl\":\"https:\/\/linfuseur.com\/wp-content\/uploads\/2021\/12\/coffret-duo-infusion-unitea-2-25.jpg\",\"datePublished\":\"2021-12-13T13:38:23+00:00\",\"dateModified\":\"2026-01-30T16:52:26+00:00\",\"breadcrumb\":{\"@id\":\"https:\/\/linfuseur.com\/de\/produit\/krautertee-duo-tasse-unitea\/#breadcrumb\"},\"inLanguage\":\"de\",\"potentialAction\":[{\"@type\":\"ReadAction\",\"target\":[\"https:\/\/linfuseur.com\/de\/produit\/krautertee-duo-tasse-unitea\/\"]}]},{\"@type\":\"ImageObject\",\"inLanguage\":\"de\",\"@id\":\"https:\/\/linfuseur.com\/de\/produit\/krautertee-duo-tasse-unitea\/#primaryimage\",\"url\":\"https:\/\/linfuseur.com\/wp-content\/uploads\/2021\/12\/coffret-duo-infusion-unitea-2-25.jpg\",\"contentUrl\":\"https:\/\/linfuseur.com\/wp-content\/uploads\/2021\/12\/coffret-duo-infusion-unitea-2-25.jpg\",\"width\":1600,\"height\":1600,\"caption\":\"duo infusions tasse unitea\"},{\"@type\":\"BreadcrumbList\",\"@id\":\"https:\/\/linfuseur.com\/de\/produit\/krautertee-duo-tasse-unitea\/#breadcrumb\",\"itemListElement\":[{\"@type\":\"ListItem\",\"position\":1,\"name\":\"Home\",\"item\":\"https:\/\/linfuseur.com\/de\/\"},{\"@type\":\"ListItem\",\"position\":2,\"name\":\"Shop\",\"item\":\"https:\/\/linfuseur.com\/de\/shop\/\"},{\"@type\":\"ListItem\",\"position\":3,\"name\":\"Auswahl\",\"item\":\"https:\/\/linfuseur.com\/de\/categorie-produit\/auswahl\/\"},{\"@type\":\"ListItem\",\"position\":4,\"name\":\"KR\u00c4UTERTEE-DUO &amp; TASSE UNITEA\"}]},{\"@type\":\"WebSite\",\"@id\":\"https:\/\/linfuseur.com\/de\/#website\",\"url\":\"https:\/\/linfuseur.com\/de\/\",\"name\":\"L'infuseur Paris\",\"description\":\"L&#039;infuseur Paris - Collection d&#039;infusions\",\"potentialAction\":[{\"@type\":\"SearchAction\",\"target\":{\"@type\":\"EntryPoint\",\"urlTemplate\":\"https:\/\/linfuseur.com\/de\/?s={search_term_string}\"},\"query-input\":{\"@type\":\"PropertyValueSpecification\",\"valueRequired\":true,\"valueName\":\"search_term_string\"}}],\"inLanguage\":\"de\"}]}<\/script>\n<!-- \/ Yoast SEO plugin. -->","yoast_head_json":{"title":"KR\u00c4UTERTEE-DUO &amp; TASSE UNITEA - L&#039;infuseur Paris","robots":{"index":"index","follow":"follow","max-snippet":"max-snippet:-1","max-image-preview":"max-image-preview:large","max-video-preview":"max-video-preview:-1"},"canonical":"https:\/\/linfuseur.com\/de\/produit\/krautertee-duo-tasse-unitea\/","og_locale":"de_DE","og_type":"article","og_title":"KR\u00c4UTERTEE-DUO &amp; TASSE UNITEA - L&#039;infuseur Paris","og_description":"Diese Geschenkbox enth\u00e4lt: 1 TASSE UNITEA transparent von der Marke Kinto 1 Dose KR\u00c4UTERTEE CALME Nr. 2 LOSE (80 g) Zusammensetzung: Honeybush, Orangenschalen, Zitronengras, Eisenkraut, Orangenbl\u00fctenbl\u00e4tter, S\u00fc\u00dfer Fenchel, Schwarzk\u00fcmmel, Kornblumenbl\u00fctenbl\u00e4tter, Nat\u00fcrliches Orangenbl\u00fctenaroma, Lavendelbl\u00fcten Ohne Teein 1 Dose KR\u00c4UTERTEE D\u00c9TOX Nr.6 LOSE (80 g) Zusammensetzung: Apfelst\u00fccke, Zitronengras, Wacholderbeeren, Hibiskus, Schwarze Johannisbeere, Brennnessel, nat\u00fcrliches Aroma von SchwarzerLire la suite","og_url":"https:\/\/linfuseur.com\/de\/produit\/krautertee-duo-tasse-unitea\/","og_site_name":"L&#039;infuseur Paris","article_modified_time":"2026-01-30T16:52:26+00:00","og_image":[{"width":1600,"height":1600,"url":"https:\/\/linfuseur.com\/wp-content\/uploads\/2021\/12\/coffret-duo-infusion-unitea-2-25.jpg","type":"image\/jpeg"}],"twitter_misc":{"Gesch\u00e4tzte Lesezeit":"1\u00a0Minute"},"schema":{"@context":"https:\/\/schema.org","@graph":[{"@type":"WebPage","@id":"https:\/\/linfuseur.com\/de\/produit\/krautertee-duo-tasse-unitea\/","url":"https:\/\/linfuseur.com\/de\/produit\/krautertee-duo-tasse-unitea\/","name":"KR\u00c4UTERTEE-DUO &amp; TASSE UNITEA - L&#039;infuseur Paris","isPartOf":{"@id":"https:\/\/linfuseur.com\/de\/#website"},"primaryImageOfPage":{"@id":"https:\/\/linfuseur.com\/de\/produit\/krautertee-duo-tasse-unitea\/#primaryimage"},"image":{"@id":"https:\/\/linfuseur.com\/de\/produit\/krautertee-duo-tasse-unitea\/#primaryimage"},"thumbnailUrl":"https:\/\/linfuseur.com\/wp-content\/uploads\/2021\/12\/coffret-duo-infusion-unitea-2-25.jpg","datePublished":"2021-12-13T13:38:23+00:00","dateModified":"2026-01-30T16:52:26+00:00","breadcrumb":{"@id":"https:\/\/linfuseur.com\/de\/produit\/krautertee-duo-tasse-unitea\/#breadcrumb"},"inLanguage":"de","potentialAction":[{"@type":"ReadAction","target":["https:\/\/linfuseur.com\/de\/produit\/krautertee-duo-tasse-unitea\/"]}]},{"@type":"ImageObject","inLanguage":"de","@id":"https:\/\/linfuseur.com\/de\/produit\/krautertee-duo-tasse-unitea\/#primaryimage","url":"https:\/\/linfuseur.com\/wp-content\/uploads\/2021\/12\/coffret-duo-infusion-unitea-2-25.jpg","contentUrl":"https:\/\/linfuseur.com\/wp-content\/uploads\/2021\/12\/coffret-duo-infusion-unitea-2-25.jpg","width":1600,"height":1600,"caption":"duo infusions tasse unitea"},{"@type":"BreadcrumbList","@id":"https:\/\/linfuseur.com\/de\/produit\/krautertee-duo-tasse-unitea\/#breadcrumb","itemListElement":[{"@type":"ListItem","position":1,"name":"Home","item":"https:\/\/linfuseur.com\/de\/"},{"@type":"ListItem","position":2,"name":"Shop","item":"https:\/\/linfuseur.com\/de\/shop\/"},{"@type":"ListItem","position":3,"name":"Auswahl","item":"https:\/\/linfuseur.com\/de\/categorie-produit\/auswahl\/"},{"@type":"ListItem","position":4,"name":"KR\u00c4UTERTEE-DUO &amp; TASSE UNITEA"}]},{"@type":"WebSite","@id":"https:\/\/linfuseur.com\/de\/#website","url":"https:\/\/linfuseur.com\/de\/","name":"L'infuseur Paris","description":"L&#039;infuseur Paris - Collection d&#039;infusions","potentialAction":[{"@type":"SearchAction","target":{"@type":"EntryPoint","urlTemplate":"https:\/\/linfuseur.com\/de\/?s={search_term_string}"},"query-input":{"@type":"PropertyValueSpecification","valueRequired":true,"valueName":"search_term_string"}}],"inLanguage":"de"}]}},"_links":{"self":[{"href":"https:\/\/linfuseur.com\/de\/wp-json\/wp\/v2\/product\/19386","targetHints":{"allow":["GET"]}}],"collection":[{"href":"https:\/\/linfuseur.com\/de\/wp-json\/wp\/v2\/product"}],"about":[{"href":"https:\/\/linfuseur.com\/de\/wp-json\/wp\/v2\/types\/product"}],"replies":[{"embeddable":true,"href":"https:\/\/linfuseur.com\/de\/wp-json\/wp\/v2\/comments?post=19386"}],"wp:featuredmedia":[{"embeddable":true,"href":"https:\/\/linfuseur.com\/de\/wp-json\/wp\/v2\/media\/87155"}],"wp:attachment":[{"href":"https:\/\/linfuseur.com\/de\/wp-json\/wp\/v2\/media?parent=19386"}],"wp:term":[{"taxonomy":"product_brand","embeddable":true,"href":"https:\/\/linfuseur.com\/de\/wp-json\/wp\/v2\/product_brand?post=19386"},{"taxonomy":"product_cat","embeddable":true,"href":"https:\/\/linfuseur.com\/de\/wp-json\/wp\/v2\/product_cat?post=19386"},{"taxonomy":"product_tag","embeddable":true,"href":"https:\/\/linfuseur.com\/de\/wp-json\/wp\/v2\/product_tag?post=19386"},{"taxonomy":"giftcard-category","embeddable":true,"href":"https:\/\/linfuseur.com\/de\/wp-json\/wp\/v2\/giftcard-category?post=19386"}],"curies":[{"name":"wp","href":"https:\/\/api.w.org\/{rel}","templated":true}]}}