{"id":19387,"date":"2022-01-31T15:13:22","date_gmt":"2022-01-31T15:13:22","guid":{"rendered":"https:\/\/linfuseur.com\/produit\/19387\/"},"modified":"2023-11-08T09:58:22","modified_gmt":"2023-11-08T09:58:22","slug":"detox-n6-personalisierbar","status":"publish","type":"product","link":"https:\/\/linfuseur.com\/de\/produit\/detox-n6-personalisierbar\/","title":{"rendered":"Detox Nr. 6"},"content":{"rendered":"<p>L&#8217;infuseur revolutioniert den DETOX-Tee mit Noten von schwarzer Johannisbeere, Hibiskus und Zitronengras f\u00fcr eine entgiftende Verj\u00fcngungskur, die auf sanfte Weise reinigt. Ein Signature-Rezept, das Sie an hei\u00dfen Tagen warm oder eisgek\u00fchlt genie\u00dfen k\u00f6nnen.<\/p>\n<p><strong>Zusammensetzung:<br \/>\n<\/strong> Apfelst\u00fccke, Zitronengras, Wacholderbeeren, Hibiskus, Schwarze Johannisbeere, Brennnessel, gr\u00fcner Mate, nat\u00fcrliches Aroma der Schwarzen Johannisbeere<\/p>\n<p><strong>Merkmale<\/strong><br \/>\nKann hei\u00df oder kalt genossen werden<br \/>\n&#8211; Noten: Schwarze Johannisbeere &#8211; Hibiskus &#8211; Zitronengras<br \/>\n&#8211; Kann korgens oder w\u00e4hrend des Tages genossen werden<\/p>\n<p><strong>Anwendungstipps<\/strong><br \/>\nF\u00fcr einen D\u00e9tox-Tee nehmen Sie 1 Teel\u00f6ffel Tee pro Tasse, bevor Sie Ihr k\u00f6chelndes Wasser (95 \u00baC) hinzuf\u00fcgen. Lassen Sie den Tee schlie\u00dflich 7 Minuten ziehen, bevor Sie ihn absieben.<\/p>\n<p>Sie k\u00f6nnen sich auch f\u00fcr die kalte Variante dieses Tees entscheiden. Lassen Sie ihn dazu abk\u00fchlen, bevor Sie sie in den K\u00fchlschrank stellen. Eine andere Zubereitungsart f\u00fcr eine mildere Variante ist, den Tee 2\u20133 Stunden bei Zimmertemperatur ziehen zu lassen.<\/p>\n<p><strong>Allergene<\/strong><br \/>\nDieses Produkt kann Spuren von Schalenfr\u00fcchten enthalten.<\/p>\n<p><strong>Aufbewahrung<\/strong><br \/>\nLagern Sie Ihren Detox-Tee am besten an einem k\u00fchlen und trockenen Ort.<\/p>\n","protected":false},"excerpt":{"rendered":"<p>L&#8217;infuseur revolutioniert den DETOX-Tee mit Noten von schwarzer Johannisbeere, Hibiskus und Zitronengras f\u00fcr eine entgiftende Verj\u00fcngungskur, die auf sanfte Weise reinigt. Ein Signature-Rezept, das Sie an hei\u00dfen Tagen warm oder eisgek\u00fchlt genie\u00dfen k\u00f6nnen. Zusammensetzung: Apfelst\u00fccke, Zitronengras, Wacholderbeeren, Hibiskus, Schwarze Johannisbeere, Brennnessel, gr\u00fcner Mate, nat\u00fcrliches Aroma der Schwarzen Johannisbeere Merkmale Kann hei\u00df oder kalt genossen werdenLire la suite<\/p>\n","protected":false},"featured_media":18287,"comment_status":"closed","ping_status":"closed","template":"","meta":{"_acf_changed":false},"product_brand":[],"product_cat":[207,158,157],"product_tag":[],"giftcard-category":[],"class_list":{"0":"post-19387","1":"product","2":"type-product","3":"status-publish","4":"has-post-thumbnail","6":"product_cat-perso-de","7":"product_cat-collection-de","8":"product_cat-infuseur-de","10":"first","11":"instock","12":"taxable","13":"shipping-taxable","14":"purchasable","15":"product-type-simple"},"acf":[],"yoast_head":"<!-- This site is optimized with the Yoast SEO plugin v26.8 - https:\/\/yoast.com\/product\/yoast-seo-wordpress\/ -->\n<title>DETOX Kr\u00e4utertee - Antioxidativ und reinigend - L&#039;infuseur Paris<\/title>\n<meta name=\"description\" content=\"L&#039;infuseur revolutioniert den DETOX-Tee mit einer Mischung aus Pflanzen mit antioxidativen und reinigenden Eigenschaften, die wie eine wahre Verj\u00fcngungskur wirken.\" \/>\n<meta name=\"robots\" content=\"index, follow, max-snippet:-1, max-image-preview:large, max-video-preview:-1\" \/>\n<link rel=\"canonical\" href=\"https:\/\/linfuseur.com\/de\/produit\/detox-n6-personalisierbar\/\" \/>\n<meta property=\"og:locale\" content=\"de_DE\" \/>\n<meta property=\"og:type\" content=\"article\" \/>\n<meta property=\"og:title\" content=\"DETOX Kr\u00e4utertee - Antioxidativ und reinigend - L&#039;infuseur Paris\" \/>\n<meta property=\"og:description\" content=\"L&#039;infuseur revolutioniert den DETOX-Tee mit einer Mischung aus Pflanzen mit antioxidativen und reinigenden Eigenschaften, die wie eine wahre Verj\u00fcngungskur wirken.\" \/>\n<meta property=\"og:url\" content=\"https:\/\/linfuseur.com\/de\/produit\/detox-n6-personalisierbar\/\" \/>\n<meta property=\"og:site_name\" content=\"L&#039;infuseur Paris\" \/>\n<meta property=\"article:modified_time\" content=\"2023-11-08T09:58:22+00:00\" \/>\n<meta property=\"og:image\" content=\"https:\/\/linfuseur.com\/wp-content\/uploads\/2022\/01\/boite-infusion-black-detox.jpg\" \/>\n\t<meta property=\"og:image:width\" content=\"1600\" \/>\n\t<meta property=\"og:image:height\" content=\"1600\" \/>\n\t<meta property=\"og:image:type\" content=\"image\/jpeg\" \/>\n<meta name=\"twitter:label1\" content=\"Gesch\u00e4tzte Lesezeit\" \/>\n\t<meta name=\"twitter:data1\" content=\"1\u00a0Minute\" \/>\n<script type=\"application\/ld+json\" class=\"yoast-schema-graph\">{\"@context\":\"https:\/\/schema.org\",\"@graph\":[{\"@type\":\"WebPage\",\"@id\":\"https:\/\/linfuseur.com\/de\/produit\/detox-n6-personalisierbar\/\",\"url\":\"https:\/\/linfuseur.com\/de\/produit\/detox-n6-personalisierbar\/\",\"name\":\"DETOX Kr\u00e4utertee - Antioxidativ und reinigend - L&#039;infuseur Paris\",\"isPartOf\":{\"@id\":\"https:\/\/linfuseur.com\/de\/#website\"},\"primaryImageOfPage\":{\"@id\":\"https:\/\/linfuseur.com\/de\/produit\/detox-n6-personalisierbar\/#primaryimage\"},\"image\":{\"@id\":\"https:\/\/linfuseur.com\/de\/produit\/detox-n6-personalisierbar\/#primaryimage\"},\"thumbnailUrl\":\"https:\/\/linfuseur.com\/wp-content\/uploads\/2022\/01\/boite-infusion-black-detox.jpg\",\"datePublished\":\"2022-01-31T15:13:22+00:00\",\"dateModified\":\"2023-11-08T09:58:22+00:00\",\"description\":\"L'infuseur revolutioniert den DETOX-Tee mit einer Mischung aus Pflanzen mit antioxidativen und reinigenden Eigenschaften, die wie eine wahre Verj\u00fcngungskur wirken.\",\"breadcrumb\":{\"@id\":\"https:\/\/linfuseur.com\/de\/produit\/detox-n6-personalisierbar\/#breadcrumb\"},\"inLanguage\":\"de\",\"potentialAction\":[{\"@type\":\"ReadAction\",\"target\":[\"https:\/\/linfuseur.com\/de\/produit\/detox-n6-personalisierbar\/\"]}]},{\"@type\":\"ImageObject\",\"inLanguage\":\"de\",\"@id\":\"https:\/\/linfuseur.com\/de\/produit\/detox-n6-personalisierbar\/#primaryimage\",\"url\":\"https:\/\/linfuseur.com\/wp-content\/uploads\/2022\/01\/boite-infusion-black-detox.jpg\",\"contentUrl\":\"https:\/\/linfuseur.com\/wp-content\/uploads\/2022\/01\/boite-infusion-black-detox.jpg\",\"width\":1600,\"height\":1600},{\"@type\":\"BreadcrumbList\",\"@id\":\"https:\/\/linfuseur.com\/de\/produit\/detox-n6-personalisierbar\/#breadcrumb\",\"itemListElement\":[{\"@type\":\"ListItem\",\"position\":1,\"name\":\"Home\",\"item\":\"https:\/\/linfuseur.com\/de\/\"},{\"@type\":\"ListItem\",\"position\":2,\"name\":\"Shop\",\"item\":\"https:\/\/linfuseur.com\/de\/shop\/\"},{\"@type\":\"ListItem\",\"position\":3,\"name\":\"perso\",\"item\":\"https:\/\/linfuseur.com\/de\/categorie-produit\/perso-de\/\"},{\"@type\":\"ListItem\",\"position\":4,\"name\":\"Detox Nr. 6\"}]},{\"@type\":\"WebSite\",\"@id\":\"https:\/\/linfuseur.com\/de\/#website\",\"url\":\"https:\/\/linfuseur.com\/de\/\",\"name\":\"L'infuseur Paris\",\"description\":\"L&#039;infuseur Paris - Collection d&#039;infusions\",\"potentialAction\":[{\"@type\":\"SearchAction\",\"target\":{\"@type\":\"EntryPoint\",\"urlTemplate\":\"https:\/\/linfuseur.com\/de\/?s={search_term_string}\"},\"query-input\":{\"@type\":\"PropertyValueSpecification\",\"valueRequired\":true,\"valueName\":\"search_term_string\"}}],\"inLanguage\":\"de\"}]}<\/script>\n<!-- \/ Yoast SEO plugin. -->","yoast_head_json":{"title":"DETOX Kr\u00e4utertee - Antioxidativ und reinigend - L&#039;infuseur Paris","description":"L'infuseur revolutioniert den DETOX-Tee mit einer Mischung aus Pflanzen mit antioxidativen und reinigenden Eigenschaften, die wie eine wahre Verj\u00fcngungskur wirken.","robots":{"index":"index","follow":"follow","max-snippet":"max-snippet:-1","max-image-preview":"max-image-preview:large","max-video-preview":"max-video-preview:-1"},"canonical":"https:\/\/linfuseur.com\/de\/produit\/detox-n6-personalisierbar\/","og_locale":"de_DE","og_type":"article","og_title":"DETOX Kr\u00e4utertee - Antioxidativ und reinigend - L&#039;infuseur Paris","og_description":"L'infuseur revolutioniert den DETOX-Tee mit einer Mischung aus Pflanzen mit antioxidativen und reinigenden Eigenschaften, die wie eine wahre Verj\u00fcngungskur wirken.","og_url":"https:\/\/linfuseur.com\/de\/produit\/detox-n6-personalisierbar\/","og_site_name":"L&#039;infuseur Paris","article_modified_time":"2023-11-08T09:58:22+00:00","og_image":[{"width":1600,"height":1600,"url":"https:\/\/linfuseur.com\/wp-content\/uploads\/2022\/01\/boite-infusion-black-detox.jpg","type":"image\/jpeg"}],"twitter_misc":{"Gesch\u00e4tzte Lesezeit":"1\u00a0Minute"},"schema":{"@context":"https:\/\/schema.org","@graph":[{"@type":"WebPage","@id":"https:\/\/linfuseur.com\/de\/produit\/detox-n6-personalisierbar\/","url":"https:\/\/linfuseur.com\/de\/produit\/detox-n6-personalisierbar\/","name":"DETOX Kr\u00e4utertee - Antioxidativ und reinigend - L&#039;infuseur Paris","isPartOf":{"@id":"https:\/\/linfuseur.com\/de\/#website"},"primaryImageOfPage":{"@id":"https:\/\/linfuseur.com\/de\/produit\/detox-n6-personalisierbar\/#primaryimage"},"image":{"@id":"https:\/\/linfuseur.com\/de\/produit\/detox-n6-personalisierbar\/#primaryimage"},"thumbnailUrl":"https:\/\/linfuseur.com\/wp-content\/uploads\/2022\/01\/boite-infusion-black-detox.jpg","datePublished":"2022-01-31T15:13:22+00:00","dateModified":"2023-11-08T09:58:22+00:00","description":"L'infuseur revolutioniert den DETOX-Tee mit einer Mischung aus Pflanzen mit antioxidativen und reinigenden Eigenschaften, die wie eine wahre Verj\u00fcngungskur wirken.","breadcrumb":{"@id":"https:\/\/linfuseur.com\/de\/produit\/detox-n6-personalisierbar\/#breadcrumb"},"inLanguage":"de","potentialAction":[{"@type":"ReadAction","target":["https:\/\/linfuseur.com\/de\/produit\/detox-n6-personalisierbar\/"]}]},{"@type":"ImageObject","inLanguage":"de","@id":"https:\/\/linfuseur.com\/de\/produit\/detox-n6-personalisierbar\/#primaryimage","url":"https:\/\/linfuseur.com\/wp-content\/uploads\/2022\/01\/boite-infusion-black-detox.jpg","contentUrl":"https:\/\/linfuseur.com\/wp-content\/uploads\/2022\/01\/boite-infusion-black-detox.jpg","width":1600,"height":1600},{"@type":"BreadcrumbList","@id":"https:\/\/linfuseur.com\/de\/produit\/detox-n6-personalisierbar\/#breadcrumb","itemListElement":[{"@type":"ListItem","position":1,"name":"Home","item":"https:\/\/linfuseur.com\/de\/"},{"@type":"ListItem","position":2,"name":"Shop","item":"https:\/\/linfuseur.com\/de\/shop\/"},{"@type":"ListItem","position":3,"name":"perso","item":"https:\/\/linfuseur.com\/de\/categorie-produit\/perso-de\/"},{"@type":"ListItem","position":4,"name":"Detox Nr. 6"}]},{"@type":"WebSite","@id":"https:\/\/linfuseur.com\/de\/#website","url":"https:\/\/linfuseur.com\/de\/","name":"L'infuseur Paris","description":"L&#039;infuseur Paris - Collection d&#039;infusions","potentialAction":[{"@type":"SearchAction","target":{"@type":"EntryPoint","urlTemplate":"https:\/\/linfuseur.com\/de\/?s={search_term_string}"},"query-input":{"@type":"PropertyValueSpecification","valueRequired":true,"valueName":"search_term_string"}}],"inLanguage":"de"}]}},"_links":{"self":[{"href":"https:\/\/linfuseur.com\/de\/wp-json\/wp\/v2\/product\/19387","targetHints":{"allow":["GET"]}}],"collection":[{"href":"https:\/\/linfuseur.com\/de\/wp-json\/wp\/v2\/product"}],"about":[{"href":"https:\/\/linfuseur.com\/de\/wp-json\/wp\/v2\/types\/product"}],"replies":[{"embeddable":true,"href":"https:\/\/linfuseur.com\/de\/wp-json\/wp\/v2\/comments?post=19387"}],"wp:featuredmedia":[{"embeddable":true,"href":"https:\/\/linfuseur.com\/de\/wp-json\/wp\/v2\/media\/18287"}],"wp:attachment":[{"href":"https:\/\/linfuseur.com\/de\/wp-json\/wp\/v2\/media?parent=19387"}],"wp:term":[{"taxonomy":"product_brand","embeddable":true,"href":"https:\/\/linfuseur.com\/de\/wp-json\/wp\/v2\/product_brand?post=19387"},{"taxonomy":"product_cat","embeddable":true,"href":"https:\/\/linfuseur.com\/de\/wp-json\/wp\/v2\/product_cat?post=19387"},{"taxonomy":"product_tag","embeddable":true,"href":"https:\/\/linfuseur.com\/de\/wp-json\/wp\/v2\/product_tag?post=19387"},{"taxonomy":"giftcard-category","embeddable":true,"href":"https:\/\/linfuseur.com\/de\/wp-json\/wp\/v2\/giftcard-category?post=19387"}],"curies":[{"name":"wp","href":"https:\/\/api.w.org\/{rel}","templated":true}]}}