{"id":19388,"date":"2021-11-09T13:41:39","date_gmt":"2021-11-09T13:41:39","guid":{"rendered":"https:\/\/linfuseur.com\/produit\/19388\/"},"modified":"2026-01-30T16:52:48","modified_gmt":"2026-01-30T16:52:48","slug":"teekanne-infuseur","status":"publish","type":"product","link":"https:\/\/linfuseur.com\/de\/produit\/teekanne-infuseur\/","title":{"rendered":"TEEKANNE MIT SIEB"},"content":{"rendered":"<p><strong>Materialien:<\/strong><br \/>\nTeekanne aus Glas mit einem Deckel und einem Filter aus Edelstahl, schwarze Kappe aus Polypropylen und Silikon.<\/p>\n<p><strong>Anwendungstipps:<\/strong><br \/>\nHitzebest\u00e4ndig: max. 150 \u00b0C\/302 \u00b0F<br \/>\nNicht in der Mikrowelle oder \u00fcber direktem Feuer verwenden<br \/>\nSp\u00fclmaschinenfest und Teelicht-kompatibel<br \/>\nVermeiden Sie pl\u00f6tzliche Temperatur\u00e4nderung<br \/>\nNicht ohne Wasser darin erhitzen<\/p>\n","protected":false},"excerpt":{"rendered":"<p>Materialien: Teekanne aus Glas mit einem Deckel und einem Filter aus Edelstahl, schwarze Kappe aus Polypropylen und Silikon. Anwendungstipps: Hitzebest\u00e4ndig: max. 150 \u00b0C\/302 \u00b0F Nicht in der Mikrowelle oder \u00fcber direktem Feuer verwenden Sp\u00fclmaschinenfest und Teelicht-kompatibel Vermeiden Sie pl\u00f6tzliche Temperatur\u00e4nderung Nicht ohne Wasser darin erhitzen<\/p>\n","protected":false},"featured_media":22454,"comment_status":"open","ping_status":"closed","template":"","meta":{"_acf_changed":false},"product_brand":[],"product_cat":[177,190,232,174,189,176,264,175],"product_tag":[],"giftcard-category":[],"class_list":{"0":"post-19388","1":"product","2":"type-product","3":"status-publish","4":"has-post-thumbnail","6":"product_cat-best-dad-de","7":"product_cat-dry-detox-de","8":"product_cat-fall-must-have--de","9":"product_cat-green-easter-de","10":"product_cat-spring-detox-de","11":"product_cat-winterauswahl","12":"product_cat-wohlbefinden-lifestyle","13":"product_cat-zubehor","15":"first","16":"instock","17":"taxable","18":"shipping-taxable","19":"purchasable","20":"product-type-variable","21":"has-default-attributes","22":"wvs-pro-product","23":"wvs-pro-before-cart-button"},"acf":[],"yoast_head":"<!-- This site is optimized with the Yoast SEO plugin v26.8 - https:\/\/yoast.com\/product\/yoast-seo-wordpress\/ -->\n<title>Teekanne Infuseur kinto - L&#039;infuseur Paris<\/title>\n<meta name=\"description\" content=\"Entdecken Sie die Teekanne mit Sieb von Kinto als perfekte Erg\u00e4nzung f\u00fcr Ihren Kr\u00e4utertee.\" \/>\n<meta name=\"robots\" content=\"index, follow, max-snippet:-1, max-image-preview:large, max-video-preview:-1\" \/>\n<link rel=\"canonical\" href=\"https:\/\/linfuseur.com\/de\/produit\/teekanne-infuseur\/\" \/>\n<meta property=\"og:locale\" content=\"de_DE\" \/>\n<meta property=\"og:type\" content=\"article\" \/>\n<meta property=\"og:title\" content=\"Teekanne Infuseur kinto - L&#039;infuseur Paris\" \/>\n<meta property=\"og:description\" content=\"Entdecken Sie die Teekanne mit Sieb von Kinto als perfekte Erg\u00e4nzung f\u00fcr Ihren Kr\u00e4utertee.\" \/>\n<meta property=\"og:url\" content=\"https:\/\/linfuseur.com\/de\/produit\/teekanne-infuseur\/\" \/>\n<meta property=\"og:site_name\" content=\"L&#039;infuseur Paris\" \/>\n<meta property=\"article:modified_time\" content=\"2026-01-30T16:52:48+00:00\" \/>\n<meta property=\"og:image\" content=\"https:\/\/linfuseur.com\/wp-content\/uploads\/2021\/11\/petite-theiere-kinto.jpg\" \/>\n\t<meta property=\"og:image:width\" content=\"1600\" \/>\n\t<meta property=\"og:image:height\" content=\"1600\" \/>\n\t<meta property=\"og:image:type\" content=\"image\/jpeg\" \/>\n<script type=\"application\/ld+json\" class=\"yoast-schema-graph\">{\"@context\":\"https:\/\/schema.org\",\"@graph\":[{\"@type\":\"WebPage\",\"@id\":\"https:\/\/linfuseur.com\/de\/produit\/teekanne-infuseur\/\",\"url\":\"https:\/\/linfuseur.com\/de\/produit\/teekanne-infuseur\/\",\"name\":\"Teekanne Infuseur kinto - L&#039;infuseur Paris\",\"isPartOf\":{\"@id\":\"https:\/\/linfuseur.com\/de\/#website\"},\"primaryImageOfPage\":{\"@id\":\"https:\/\/linfuseur.com\/de\/produit\/teekanne-infuseur\/#primaryimage\"},\"image\":{\"@id\":\"https:\/\/linfuseur.com\/de\/produit\/teekanne-infuseur\/#primaryimage\"},\"thumbnailUrl\":\"https:\/\/linfuseur.com\/wp-content\/uploads\/2021\/11\/petite-theiere-kinto.jpg\",\"datePublished\":\"2021-11-09T13:41:39+00:00\",\"dateModified\":\"2026-01-30T16:52:48+00:00\",\"description\":\"Entdecken Sie die Teekanne mit Sieb von Kinto als perfekte Erg\u00e4nzung f\u00fcr Ihren Kr\u00e4utertee.\",\"breadcrumb\":{\"@id\":\"https:\/\/linfuseur.com\/de\/produit\/teekanne-infuseur\/#breadcrumb\"},\"inLanguage\":\"de\",\"potentialAction\":[{\"@type\":\"ReadAction\",\"target\":[\"https:\/\/linfuseur.com\/de\/produit\/teekanne-infuseur\/\"]}]},{\"@type\":\"ImageObject\",\"inLanguage\":\"de\",\"@id\":\"https:\/\/linfuseur.com\/de\/produit\/teekanne-infuseur\/#primaryimage\",\"url\":\"https:\/\/linfuseur.com\/wp-content\/uploads\/2021\/11\/petite-theiere-kinto.jpg\",\"contentUrl\":\"https:\/\/linfuseur.com\/wp-content\/uploads\/2021\/11\/petite-theiere-kinto.jpg\",\"width\":1600,\"height\":1600,\"caption\":\"th\u00e9i\u00e8re petite kinto\"},{\"@type\":\"BreadcrumbList\",\"@id\":\"https:\/\/linfuseur.com\/de\/produit\/teekanne-infuseur\/#breadcrumb\",\"itemListElement\":[{\"@type\":\"ListItem\",\"position\":1,\"name\":\"Home\",\"item\":\"https:\/\/linfuseur.com\/de\/\"},{\"@type\":\"ListItem\",\"position\":2,\"name\":\"Shop\",\"item\":\"https:\/\/linfuseur.com\/de\/shop\/\"},{\"@type\":\"ListItem\",\"position\":3,\"name\":\"Best dad\",\"item\":\"https:\/\/linfuseur.com\/de\/categorie-produit\/best-dad-de\/\"},{\"@type\":\"ListItem\",\"position\":4,\"name\":\"TEEKANNE MIT SIEB\"}]},{\"@type\":\"WebSite\",\"@id\":\"https:\/\/linfuseur.com\/de\/#website\",\"url\":\"https:\/\/linfuseur.com\/de\/\",\"name\":\"L'infuseur Paris\",\"description\":\"L&#039;infuseur Paris - Collection d&#039;infusions\",\"potentialAction\":[{\"@type\":\"SearchAction\",\"target\":{\"@type\":\"EntryPoint\",\"urlTemplate\":\"https:\/\/linfuseur.com\/de\/?s={search_term_string}\"},\"query-input\":{\"@type\":\"PropertyValueSpecification\",\"valueRequired\":true,\"valueName\":\"search_term_string\"}}],\"inLanguage\":\"de\"}]}<\/script>\n<!-- \/ Yoast SEO plugin. -->","yoast_head_json":{"title":"Teekanne Infuseur kinto - L&#039;infuseur Paris","description":"Entdecken Sie die Teekanne mit Sieb von Kinto als perfekte Erg\u00e4nzung f\u00fcr Ihren Kr\u00e4utertee.","robots":{"index":"index","follow":"follow","max-snippet":"max-snippet:-1","max-image-preview":"max-image-preview:large","max-video-preview":"max-video-preview:-1"},"canonical":"https:\/\/linfuseur.com\/de\/produit\/teekanne-infuseur\/","og_locale":"de_DE","og_type":"article","og_title":"Teekanne Infuseur kinto - L&#039;infuseur Paris","og_description":"Entdecken Sie die Teekanne mit Sieb von Kinto als perfekte Erg\u00e4nzung f\u00fcr Ihren Kr\u00e4utertee.","og_url":"https:\/\/linfuseur.com\/de\/produit\/teekanne-infuseur\/","og_site_name":"L&#039;infuseur Paris","article_modified_time":"2026-01-30T16:52:48+00:00","og_image":[{"width":1600,"height":1600,"url":"https:\/\/linfuseur.com\/wp-content\/uploads\/2021\/11\/petite-theiere-kinto.jpg","type":"image\/jpeg"}],"schema":{"@context":"https:\/\/schema.org","@graph":[{"@type":"WebPage","@id":"https:\/\/linfuseur.com\/de\/produit\/teekanne-infuseur\/","url":"https:\/\/linfuseur.com\/de\/produit\/teekanne-infuseur\/","name":"Teekanne Infuseur kinto - L&#039;infuseur Paris","isPartOf":{"@id":"https:\/\/linfuseur.com\/de\/#website"},"primaryImageOfPage":{"@id":"https:\/\/linfuseur.com\/de\/produit\/teekanne-infuseur\/#primaryimage"},"image":{"@id":"https:\/\/linfuseur.com\/de\/produit\/teekanne-infuseur\/#primaryimage"},"thumbnailUrl":"https:\/\/linfuseur.com\/wp-content\/uploads\/2021\/11\/petite-theiere-kinto.jpg","datePublished":"2021-11-09T13:41:39+00:00","dateModified":"2026-01-30T16:52:48+00:00","description":"Entdecken Sie die Teekanne mit Sieb von Kinto als perfekte Erg\u00e4nzung f\u00fcr Ihren Kr\u00e4utertee.","breadcrumb":{"@id":"https:\/\/linfuseur.com\/de\/produit\/teekanne-infuseur\/#breadcrumb"},"inLanguage":"de","potentialAction":[{"@type":"ReadAction","target":["https:\/\/linfuseur.com\/de\/produit\/teekanne-infuseur\/"]}]},{"@type":"ImageObject","inLanguage":"de","@id":"https:\/\/linfuseur.com\/de\/produit\/teekanne-infuseur\/#primaryimage","url":"https:\/\/linfuseur.com\/wp-content\/uploads\/2021\/11\/petite-theiere-kinto.jpg","contentUrl":"https:\/\/linfuseur.com\/wp-content\/uploads\/2021\/11\/petite-theiere-kinto.jpg","width":1600,"height":1600,"caption":"th\u00e9i\u00e8re petite kinto"},{"@type":"BreadcrumbList","@id":"https:\/\/linfuseur.com\/de\/produit\/teekanne-infuseur\/#breadcrumb","itemListElement":[{"@type":"ListItem","position":1,"name":"Home","item":"https:\/\/linfuseur.com\/de\/"},{"@type":"ListItem","position":2,"name":"Shop","item":"https:\/\/linfuseur.com\/de\/shop\/"},{"@type":"ListItem","position":3,"name":"Best dad","item":"https:\/\/linfuseur.com\/de\/categorie-produit\/best-dad-de\/"},{"@type":"ListItem","position":4,"name":"TEEKANNE MIT SIEB"}]},{"@type":"WebSite","@id":"https:\/\/linfuseur.com\/de\/#website","url":"https:\/\/linfuseur.com\/de\/","name":"L'infuseur Paris","description":"L&#039;infuseur Paris - Collection d&#039;infusions","potentialAction":[{"@type":"SearchAction","target":{"@type":"EntryPoint","urlTemplate":"https:\/\/linfuseur.com\/de\/?s={search_term_string}"},"query-input":{"@type":"PropertyValueSpecification","valueRequired":true,"valueName":"search_term_string"}}],"inLanguage":"de"}]}},"_links":{"self":[{"href":"https:\/\/linfuseur.com\/de\/wp-json\/wp\/v2\/product\/19388","targetHints":{"allow":["GET"]}}],"collection":[{"href":"https:\/\/linfuseur.com\/de\/wp-json\/wp\/v2\/product"}],"about":[{"href":"https:\/\/linfuseur.com\/de\/wp-json\/wp\/v2\/types\/product"}],"replies":[{"embeddable":true,"href":"https:\/\/linfuseur.com\/de\/wp-json\/wp\/v2\/comments?post=19388"}],"wp:featuredmedia":[{"embeddable":true,"href":"https:\/\/linfuseur.com\/de\/wp-json\/wp\/v2\/media\/22454"}],"wp:attachment":[{"href":"https:\/\/linfuseur.com\/de\/wp-json\/wp\/v2\/media?parent=19388"}],"wp:term":[{"taxonomy":"product_brand","embeddable":true,"href":"https:\/\/linfuseur.com\/de\/wp-json\/wp\/v2\/product_brand?post=19388"},{"taxonomy":"product_cat","embeddable":true,"href":"https:\/\/linfuseur.com\/de\/wp-json\/wp\/v2\/product_cat?post=19388"},{"taxonomy":"product_tag","embeddable":true,"href":"https:\/\/linfuseur.com\/de\/wp-json\/wp\/v2\/product_tag?post=19388"},{"taxonomy":"giftcard-category","embeddable":true,"href":"https:\/\/linfuseur.com\/de\/wp-json\/wp\/v2\/giftcard-category?post=19388"}],"curies":[{"name":"wp","href":"https:\/\/api.w.org\/{rel}","templated":true}]}}