{"id":19429,"date":"2022-03-18T15:53:24","date_gmt":"2022-03-18T15:53:24","guid":{"rendered":"https:\/\/linfuseur.com\/produit\/19429\/"},"modified":"2026-01-30T16:52:00","modified_gmt":"2026-01-30T16:52:00","slug":"tee-dosierloffel","status":"publish","type":"product","link":"https:\/\/linfuseur.com\/de\/produit\/tee-dosierloffel\/","title":{"rendered":"Tee-Dosierl\u00f6ffel"},"content":{"rendered":"<p><strong>Tipps zur Verwendung des Tee-Dosierl\u00f6ffels:<br \/>\n<\/strong> Nicht in der Sp\u00fclmaschine reinigen.<br \/>\nHergestellt in Japan<\/p>\n","protected":false},"excerpt":{"rendered":"<p>Tipps zur Verwendung des Tee-Dosierl\u00f6ffels: Nicht in der Sp\u00fclmaschine reinigen. Hergestellt in Japan<\/p>\n","protected":false},"featured_media":17881,"comment_status":"open","ping_status":"closed","template":"","meta":{"_acf_changed":false},"product_brand":[],"product_cat":[232,174,173,168,264,175],"product_tag":[],"giftcard-category":[],"class_list":{"0":"post-19429","1":"product","2":"type-product","3":"status-publish","4":"has-post-thumbnail","6":"product_cat-fall-must-have--de","7":"product_cat-green-easter-de","8":"product_cat-herbstauswahl","9":"product_cat-super-mum-de","10":"product_cat-wohlbefinden-lifestyle","11":"product_cat-zubehor","13":"first","14":"instock","15":"taxable","16":"shipping-taxable","17":"purchasable","18":"product-type-variable","19":"has-default-attributes","20":"wvs-pro-product","21":"wvs-pro-before-cart-button"},"acf":[],"yoast_head":"<!-- This site is optimized with the Yoast SEO plugin v26.8 - https:\/\/yoast.com\/product\/yoast-seo-wordpress\/ -->\n<title>Tee-Dosierl\u00f6ffel - L&#039;infuseur Paris<\/title>\n<meta name=\"robots\" content=\"index, follow, max-snippet:-1, max-image-preview:large, max-video-preview:-1\" \/>\n<link rel=\"canonical\" href=\"https:\/\/linfuseur.com\/de\/produit\/tee-dosierloffel\/\" \/>\n<meta property=\"og:locale\" content=\"de_DE\" \/>\n<meta property=\"og:type\" content=\"article\" \/>\n<meta property=\"og:title\" content=\"Tee-Dosierl\u00f6ffel - L&#039;infuseur Paris\" \/>\n<meta property=\"og:description\" content=\"Tipps zur Verwendung des Tee-Dosierl\u00f6ffels: Nicht in der Sp\u00fclmaschine reinigen. Hergestellt in Japan\" \/>\n<meta property=\"og:url\" content=\"https:\/\/linfuseur.com\/de\/produit\/tee-dosierloffel\/\" \/>\n<meta property=\"og:site_name\" content=\"L&#039;infuseur Paris\" \/>\n<meta property=\"article:modified_time\" content=\"2026-01-30T16:52:00+00:00\" \/>\n<meta property=\"og:image\" content=\"https:\/\/linfuseur.com\/wp-content\/uploads\/2022\/03\/cuillere-bois-linfuseur-2.jpg\" \/>\n\t<meta property=\"og:image:width\" content=\"1600\" \/>\n\t<meta property=\"og:image:height\" content=\"1600\" \/>\n\t<meta property=\"og:image:type\" content=\"image\/jpeg\" \/>\n<script type=\"application\/ld+json\" class=\"yoast-schema-graph\">{\"@context\":\"https:\/\/schema.org\",\"@graph\":[{\"@type\":\"WebPage\",\"@id\":\"https:\/\/linfuseur.com\/de\/produit\/tee-dosierloffel\/\",\"url\":\"https:\/\/linfuseur.com\/de\/produit\/tee-dosierloffel\/\",\"name\":\"Tee-Dosierl\u00f6ffel - L&#039;infuseur Paris\",\"isPartOf\":{\"@id\":\"https:\/\/linfuseur.com\/de\/#website\"},\"primaryImageOfPage\":{\"@id\":\"https:\/\/linfuseur.com\/de\/produit\/tee-dosierloffel\/#primaryimage\"},\"image\":{\"@id\":\"https:\/\/linfuseur.com\/de\/produit\/tee-dosierloffel\/#primaryimage\"},\"thumbnailUrl\":\"https:\/\/linfuseur.com\/wp-content\/uploads\/2022\/03\/cuillere-bois-linfuseur-2.jpg\",\"datePublished\":\"2022-03-18T15:53:24+00:00\",\"dateModified\":\"2026-01-30T16:52:00+00:00\",\"breadcrumb\":{\"@id\":\"https:\/\/linfuseur.com\/de\/produit\/tee-dosierloffel\/#breadcrumb\"},\"inLanguage\":\"de\",\"potentialAction\":[{\"@type\":\"ReadAction\",\"target\":[\"https:\/\/linfuseur.com\/de\/produit\/tee-dosierloffel\/\"]}]},{\"@type\":\"ImageObject\",\"inLanguage\":\"de\",\"@id\":\"https:\/\/linfuseur.com\/de\/produit\/tee-dosierloffel\/#primaryimage\",\"url\":\"https:\/\/linfuseur.com\/wp-content\/uploads\/2022\/03\/cuillere-bois-linfuseur-2.jpg\",\"contentUrl\":\"https:\/\/linfuseur.com\/wp-content\/uploads\/2022\/03\/cuillere-bois-linfuseur-2.jpg\",\"width\":1600,\"height\":1600,\"caption\":\"Tee-Dosierl\u00f6ffel aus Holz\"},{\"@type\":\"BreadcrumbList\",\"@id\":\"https:\/\/linfuseur.com\/de\/produit\/tee-dosierloffel\/#breadcrumb\",\"itemListElement\":[{\"@type\":\"ListItem\",\"position\":1,\"name\":\"Home\",\"item\":\"https:\/\/linfuseur.com\/de\/\"},{\"@type\":\"ListItem\",\"position\":2,\"name\":\"Shop\",\"item\":\"https:\/\/linfuseur.com\/de\/shop\/\"},{\"@type\":\"ListItem\",\"position\":3,\"name\":\"FALL MUST-HAVE \ud83c\udf42\",\"item\":\"https:\/\/linfuseur.com\/de\/categorie-produit\/fall-must-have-%f0%9f%8d%82-de\/\"},{\"@type\":\"ListItem\",\"position\":4,\"name\":\"Tee-Dosierl\u00f6ffel\"}]},{\"@type\":\"WebSite\",\"@id\":\"https:\/\/linfuseur.com\/de\/#website\",\"url\":\"https:\/\/linfuseur.com\/de\/\",\"name\":\"L'infuseur Paris\",\"description\":\"L&#039;infuseur Paris - Collection d&#039;infusions\",\"potentialAction\":[{\"@type\":\"SearchAction\",\"target\":{\"@type\":\"EntryPoint\",\"urlTemplate\":\"https:\/\/linfuseur.com\/de\/?s={search_term_string}\"},\"query-input\":{\"@type\":\"PropertyValueSpecification\",\"valueRequired\":true,\"valueName\":\"search_term_string\"}}],\"inLanguage\":\"de\"}]}<\/script>\n<!-- \/ Yoast SEO plugin. -->","yoast_head_json":{"title":"Tee-Dosierl\u00f6ffel - L&#039;infuseur Paris","robots":{"index":"index","follow":"follow","max-snippet":"max-snippet:-1","max-image-preview":"max-image-preview:large","max-video-preview":"max-video-preview:-1"},"canonical":"https:\/\/linfuseur.com\/de\/produit\/tee-dosierloffel\/","og_locale":"de_DE","og_type":"article","og_title":"Tee-Dosierl\u00f6ffel - L&#039;infuseur Paris","og_description":"Tipps zur Verwendung des Tee-Dosierl\u00f6ffels: Nicht in der Sp\u00fclmaschine reinigen. Hergestellt in Japan","og_url":"https:\/\/linfuseur.com\/de\/produit\/tee-dosierloffel\/","og_site_name":"L&#039;infuseur Paris","article_modified_time":"2026-01-30T16:52:00+00:00","og_image":[{"width":1600,"height":1600,"url":"https:\/\/linfuseur.com\/wp-content\/uploads\/2022\/03\/cuillere-bois-linfuseur-2.jpg","type":"image\/jpeg"}],"schema":{"@context":"https:\/\/schema.org","@graph":[{"@type":"WebPage","@id":"https:\/\/linfuseur.com\/de\/produit\/tee-dosierloffel\/","url":"https:\/\/linfuseur.com\/de\/produit\/tee-dosierloffel\/","name":"Tee-Dosierl\u00f6ffel - L&#039;infuseur Paris","isPartOf":{"@id":"https:\/\/linfuseur.com\/de\/#website"},"primaryImageOfPage":{"@id":"https:\/\/linfuseur.com\/de\/produit\/tee-dosierloffel\/#primaryimage"},"image":{"@id":"https:\/\/linfuseur.com\/de\/produit\/tee-dosierloffel\/#primaryimage"},"thumbnailUrl":"https:\/\/linfuseur.com\/wp-content\/uploads\/2022\/03\/cuillere-bois-linfuseur-2.jpg","datePublished":"2022-03-18T15:53:24+00:00","dateModified":"2026-01-30T16:52:00+00:00","breadcrumb":{"@id":"https:\/\/linfuseur.com\/de\/produit\/tee-dosierloffel\/#breadcrumb"},"inLanguage":"de","potentialAction":[{"@type":"ReadAction","target":["https:\/\/linfuseur.com\/de\/produit\/tee-dosierloffel\/"]}]},{"@type":"ImageObject","inLanguage":"de","@id":"https:\/\/linfuseur.com\/de\/produit\/tee-dosierloffel\/#primaryimage","url":"https:\/\/linfuseur.com\/wp-content\/uploads\/2022\/03\/cuillere-bois-linfuseur-2.jpg","contentUrl":"https:\/\/linfuseur.com\/wp-content\/uploads\/2022\/03\/cuillere-bois-linfuseur-2.jpg","width":1600,"height":1600,"caption":"Tee-Dosierl\u00f6ffel aus Holz"},{"@type":"BreadcrumbList","@id":"https:\/\/linfuseur.com\/de\/produit\/tee-dosierloffel\/#breadcrumb","itemListElement":[{"@type":"ListItem","position":1,"name":"Home","item":"https:\/\/linfuseur.com\/de\/"},{"@type":"ListItem","position":2,"name":"Shop","item":"https:\/\/linfuseur.com\/de\/shop\/"},{"@type":"ListItem","position":3,"name":"FALL MUST-HAVE \ud83c\udf42","item":"https:\/\/linfuseur.com\/de\/categorie-produit\/fall-must-have-%f0%9f%8d%82-de\/"},{"@type":"ListItem","position":4,"name":"Tee-Dosierl\u00f6ffel"}]},{"@type":"WebSite","@id":"https:\/\/linfuseur.com\/de\/#website","url":"https:\/\/linfuseur.com\/de\/","name":"L'infuseur Paris","description":"L&#039;infuseur Paris - Collection d&#039;infusions","potentialAction":[{"@type":"SearchAction","target":{"@type":"EntryPoint","urlTemplate":"https:\/\/linfuseur.com\/de\/?s={search_term_string}"},"query-input":{"@type":"PropertyValueSpecification","valueRequired":true,"valueName":"search_term_string"}}],"inLanguage":"de"}]}},"_links":{"self":[{"href":"https:\/\/linfuseur.com\/de\/wp-json\/wp\/v2\/product\/19429","targetHints":{"allow":["GET"]}}],"collection":[{"href":"https:\/\/linfuseur.com\/de\/wp-json\/wp\/v2\/product"}],"about":[{"href":"https:\/\/linfuseur.com\/de\/wp-json\/wp\/v2\/types\/product"}],"replies":[{"embeddable":true,"href":"https:\/\/linfuseur.com\/de\/wp-json\/wp\/v2\/comments?post=19429"}],"wp:featuredmedia":[{"embeddable":true,"href":"https:\/\/linfuseur.com\/de\/wp-json\/wp\/v2\/media\/17881"}],"wp:attachment":[{"href":"https:\/\/linfuseur.com\/de\/wp-json\/wp\/v2\/media?parent=19429"}],"wp:term":[{"taxonomy":"product_brand","embeddable":true,"href":"https:\/\/linfuseur.com\/de\/wp-json\/wp\/v2\/product_brand?post=19429"},{"taxonomy":"product_cat","embeddable":true,"href":"https:\/\/linfuseur.com\/de\/wp-json\/wp\/v2\/product_cat?post=19429"},{"taxonomy":"product_tag","embeddable":true,"href":"https:\/\/linfuseur.com\/de\/wp-json\/wp\/v2\/product_tag?post=19429"},{"taxonomy":"giftcard-category","embeddable":true,"href":"https:\/\/linfuseur.com\/de\/wp-json\/wp\/v2\/giftcard-category?post=19429"}],"curies":[{"name":"wp","href":"https:\/\/api.w.org\/{rel}","templated":true}]}}