{"id":19448,"date":"2022-03-15T15:00:12","date_gmt":"2022-03-15T15:00:12","guid":{"rendered":"https:\/\/linfuseur.com\/produit\/19448\/"},"modified":"2026-01-30T16:52:03","modified_gmt":"2026-01-30T16:52:03","slug":"tablett-naturholz","status":"publish","type":"product","link":"https:\/\/linfuseur.com\/de\/produit\/tablett-naturholz\/","title":{"rendered":"Tablett aus Naturholz"},"content":{"rendered":"<p><strong>Zusammensetzung:<br \/>\n<\/strong> Nat\u00fcrliches Teakholz (Teak-Sperrholz, Urethan-Beschichtung).<\/p>\n<p><strong>Anwendungsempfehlungen:<br \/>\n<\/strong> Nicht in der Sp\u00fclmaschine reinigen und nicht in Wasser einweichen.<\/p>\n<p>Trocknen Sie das Tablett nach dem Gebrauch gut ab und lagern Sie es an einem trockenen Ort.<\/p>\n<p><strong>Ma\u00dfe:<br \/>\n<\/strong> L\u00e4nge: 220 mm, Breite: 120 mm, H\u00f6he: 10 mm<\/p>\n","protected":false},"excerpt":{"rendered":"<p>Zusammensetzung: Nat\u00fcrliches Teakholz (Teak-Sperrholz, Urethan-Beschichtung). Anwendungsempfehlungen: Nicht in der Sp\u00fclmaschine reinigen und nicht in Wasser einweichen. Trocknen Sie das Tablett nach dem Gebrauch gut ab und lagern Sie es an einem trockenen Ort. Ma\u00dfe: L\u00e4nge: 220 mm, Breite: 120 mm, H\u00f6he: 10 mm<\/p>\n","protected":false},"featured_media":24296,"comment_status":"open","ping_status":"closed","template":"","meta":{"_acf_changed":false},"product_brand":[],"product_cat":[232,174,173,264,175],"product_tag":[],"giftcard-category":[],"class_list":{"0":"post-19448","1":"product","2":"type-product","3":"status-publish","4":"has-post-thumbnail","6":"product_cat-fall-must-have--de","7":"product_cat-green-easter-de","8":"product_cat-herbstauswahl","9":"product_cat-wohlbefinden-lifestyle","10":"product_cat-zubehor","12":"first","13":"instock","14":"taxable","15":"shipping-taxable","16":"purchasable","17":"product-type-variable","18":"has-default-attributes","19":"wvs-pro-product","20":"wvs-pro-before-cart-button"},"acf":[],"yoast_head":"<!-- This site is optimized with the Yoast SEO plugin v26.8 - https:\/\/yoast.com\/product\/yoast-seo-wordpress\/ -->\n<title>Tablett aus Naturholz - L&#039;infuseur Paris<\/title>\n<meta name=\"robots\" content=\"index, follow, max-snippet:-1, max-image-preview:large, max-video-preview:-1\" \/>\n<link rel=\"canonical\" href=\"https:\/\/linfuseur.com\/de\/produit\/tablett-naturholz\/\" \/>\n<meta property=\"og:locale\" content=\"de_DE\" \/>\n<meta property=\"og:type\" content=\"article\" \/>\n<meta property=\"og:title\" content=\"Tablett aus Naturholz - L&#039;infuseur Paris\" \/>\n<meta property=\"og:description\" content=\"Zusammensetzung: Nat\u00fcrliches Teakholz (Teak-Sperrholz, Urethan-Beschichtung). Anwendungsempfehlungen: Nicht in der Sp\u00fclmaschine reinigen und nicht in Wasser einweichen. Trocknen Sie das Tablett nach dem Gebrauch gut ab und lagern Sie es an einem trockenen Ort. Ma\u00dfe: L\u00e4nge: 220 mm, Breite: 120 mm, H\u00f6he: 10 mm\" \/>\n<meta property=\"og:url\" content=\"https:\/\/linfuseur.com\/de\/produit\/tablett-naturholz\/\" \/>\n<meta property=\"og:site_name\" content=\"L&#039;infuseur Paris\" \/>\n<meta property=\"article:modified_time\" content=\"2026-01-30T16:52:03+00:00\" \/>\n<meta property=\"og:image\" content=\"https:\/\/linfuseur.com\/wp-content\/uploads\/2022\/03\/plateau-bambou.jpg\" \/>\n\t<meta property=\"og:image:width\" content=\"1600\" \/>\n\t<meta property=\"og:image:height\" content=\"1600\" \/>\n\t<meta property=\"og:image:type\" content=\"image\/jpeg\" \/>\n<script type=\"application\/ld+json\" class=\"yoast-schema-graph\">{\"@context\":\"https:\/\/schema.org\",\"@graph\":[{\"@type\":\"WebPage\",\"@id\":\"https:\/\/linfuseur.com\/de\/produit\/tablett-naturholz\/\",\"url\":\"https:\/\/linfuseur.com\/de\/produit\/tablett-naturholz\/\",\"name\":\"Tablett aus Naturholz - L&#039;infuseur Paris\",\"isPartOf\":{\"@id\":\"https:\/\/linfuseur.com\/de\/#website\"},\"primaryImageOfPage\":{\"@id\":\"https:\/\/linfuseur.com\/de\/produit\/tablett-naturholz\/#primaryimage\"},\"image\":{\"@id\":\"https:\/\/linfuseur.com\/de\/produit\/tablett-naturholz\/#primaryimage\"},\"thumbnailUrl\":\"https:\/\/linfuseur.com\/wp-content\/uploads\/2022\/03\/plateau-bambou.jpg\",\"datePublished\":\"2022-03-15T15:00:12+00:00\",\"dateModified\":\"2026-01-30T16:52:03+00:00\",\"breadcrumb\":{\"@id\":\"https:\/\/linfuseur.com\/de\/produit\/tablett-naturholz\/#breadcrumb\"},\"inLanguage\":\"de\",\"potentialAction\":[{\"@type\":\"ReadAction\",\"target\":[\"https:\/\/linfuseur.com\/de\/produit\/tablett-naturholz\/\"]}]},{\"@type\":\"ImageObject\",\"inLanguage\":\"de\",\"@id\":\"https:\/\/linfuseur.com\/de\/produit\/tablett-naturholz\/#primaryimage\",\"url\":\"https:\/\/linfuseur.com\/wp-content\/uploads\/2022\/03\/plateau-bambou.jpg\",\"contentUrl\":\"https:\/\/linfuseur.com\/wp-content\/uploads\/2022\/03\/plateau-bambou.jpg\",\"width\":1600,\"height\":1600},{\"@type\":\"BreadcrumbList\",\"@id\":\"https:\/\/linfuseur.com\/de\/produit\/tablett-naturholz\/#breadcrumb\",\"itemListElement\":[{\"@type\":\"ListItem\",\"position\":1,\"name\":\"Home\",\"item\":\"https:\/\/linfuseur.com\/de\/\"},{\"@type\":\"ListItem\",\"position\":2,\"name\":\"Shop\",\"item\":\"https:\/\/linfuseur.com\/de\/shop\/\"},{\"@type\":\"ListItem\",\"position\":3,\"name\":\"Wohlbefinden\",\"item\":\"https:\/\/linfuseur.com\/de\/categorie-produit\/wohlbefinden-lifestyle\/\"},{\"@type\":\"ListItem\",\"position\":4,\"name\":\"Tablett aus Naturholz\"}]},{\"@type\":\"WebSite\",\"@id\":\"https:\/\/linfuseur.com\/de\/#website\",\"url\":\"https:\/\/linfuseur.com\/de\/\",\"name\":\"L'infuseur Paris\",\"description\":\"L&#039;infuseur Paris - Collection d&#039;infusions\",\"potentialAction\":[{\"@type\":\"SearchAction\",\"target\":{\"@type\":\"EntryPoint\",\"urlTemplate\":\"https:\/\/linfuseur.com\/de\/?s={search_term_string}\"},\"query-input\":{\"@type\":\"PropertyValueSpecification\",\"valueRequired\":true,\"valueName\":\"search_term_string\"}}],\"inLanguage\":\"de\"}]}<\/script>\n<!-- \/ Yoast SEO plugin. -->","yoast_head_json":{"title":"Tablett aus Naturholz - L&#039;infuseur Paris","robots":{"index":"index","follow":"follow","max-snippet":"max-snippet:-1","max-image-preview":"max-image-preview:large","max-video-preview":"max-video-preview:-1"},"canonical":"https:\/\/linfuseur.com\/de\/produit\/tablett-naturholz\/","og_locale":"de_DE","og_type":"article","og_title":"Tablett aus Naturholz - L&#039;infuseur Paris","og_description":"Zusammensetzung: Nat\u00fcrliches Teakholz (Teak-Sperrholz, Urethan-Beschichtung). Anwendungsempfehlungen: Nicht in der Sp\u00fclmaschine reinigen und nicht in Wasser einweichen. Trocknen Sie das Tablett nach dem Gebrauch gut ab und lagern Sie es an einem trockenen Ort. Ma\u00dfe: L\u00e4nge: 220 mm, Breite: 120 mm, H\u00f6he: 10 mm","og_url":"https:\/\/linfuseur.com\/de\/produit\/tablett-naturholz\/","og_site_name":"L&#039;infuseur Paris","article_modified_time":"2026-01-30T16:52:03+00:00","og_image":[{"width":1600,"height":1600,"url":"https:\/\/linfuseur.com\/wp-content\/uploads\/2022\/03\/plateau-bambou.jpg","type":"image\/jpeg"}],"schema":{"@context":"https:\/\/schema.org","@graph":[{"@type":"WebPage","@id":"https:\/\/linfuseur.com\/de\/produit\/tablett-naturholz\/","url":"https:\/\/linfuseur.com\/de\/produit\/tablett-naturholz\/","name":"Tablett aus Naturholz - L&#039;infuseur Paris","isPartOf":{"@id":"https:\/\/linfuseur.com\/de\/#website"},"primaryImageOfPage":{"@id":"https:\/\/linfuseur.com\/de\/produit\/tablett-naturholz\/#primaryimage"},"image":{"@id":"https:\/\/linfuseur.com\/de\/produit\/tablett-naturholz\/#primaryimage"},"thumbnailUrl":"https:\/\/linfuseur.com\/wp-content\/uploads\/2022\/03\/plateau-bambou.jpg","datePublished":"2022-03-15T15:00:12+00:00","dateModified":"2026-01-30T16:52:03+00:00","breadcrumb":{"@id":"https:\/\/linfuseur.com\/de\/produit\/tablett-naturholz\/#breadcrumb"},"inLanguage":"de","potentialAction":[{"@type":"ReadAction","target":["https:\/\/linfuseur.com\/de\/produit\/tablett-naturholz\/"]}]},{"@type":"ImageObject","inLanguage":"de","@id":"https:\/\/linfuseur.com\/de\/produit\/tablett-naturholz\/#primaryimage","url":"https:\/\/linfuseur.com\/wp-content\/uploads\/2022\/03\/plateau-bambou.jpg","contentUrl":"https:\/\/linfuseur.com\/wp-content\/uploads\/2022\/03\/plateau-bambou.jpg","width":1600,"height":1600},{"@type":"BreadcrumbList","@id":"https:\/\/linfuseur.com\/de\/produit\/tablett-naturholz\/#breadcrumb","itemListElement":[{"@type":"ListItem","position":1,"name":"Home","item":"https:\/\/linfuseur.com\/de\/"},{"@type":"ListItem","position":2,"name":"Shop","item":"https:\/\/linfuseur.com\/de\/shop\/"},{"@type":"ListItem","position":3,"name":"Wohlbefinden","item":"https:\/\/linfuseur.com\/de\/categorie-produit\/wohlbefinden-lifestyle\/"},{"@type":"ListItem","position":4,"name":"Tablett aus Naturholz"}]},{"@type":"WebSite","@id":"https:\/\/linfuseur.com\/de\/#website","url":"https:\/\/linfuseur.com\/de\/","name":"L'infuseur Paris","description":"L&#039;infuseur Paris - Collection d&#039;infusions","potentialAction":[{"@type":"SearchAction","target":{"@type":"EntryPoint","urlTemplate":"https:\/\/linfuseur.com\/de\/?s={search_term_string}"},"query-input":{"@type":"PropertyValueSpecification","valueRequired":true,"valueName":"search_term_string"}}],"inLanguage":"de"}]}},"_links":{"self":[{"href":"https:\/\/linfuseur.com\/de\/wp-json\/wp\/v2\/product\/19448","targetHints":{"allow":["GET"]}}],"collection":[{"href":"https:\/\/linfuseur.com\/de\/wp-json\/wp\/v2\/product"}],"about":[{"href":"https:\/\/linfuseur.com\/de\/wp-json\/wp\/v2\/types\/product"}],"replies":[{"embeddable":true,"href":"https:\/\/linfuseur.com\/de\/wp-json\/wp\/v2\/comments?post=19448"}],"wp:featuredmedia":[{"embeddable":true,"href":"https:\/\/linfuseur.com\/de\/wp-json\/wp\/v2\/media\/24296"}],"wp:attachment":[{"href":"https:\/\/linfuseur.com\/de\/wp-json\/wp\/v2\/media?parent=19448"}],"wp:term":[{"taxonomy":"product_brand","embeddable":true,"href":"https:\/\/linfuseur.com\/de\/wp-json\/wp\/v2\/product_brand?post=19448"},{"taxonomy":"product_cat","embeddable":true,"href":"https:\/\/linfuseur.com\/de\/wp-json\/wp\/v2\/product_cat?post=19448"},{"taxonomy":"product_tag","embeddable":true,"href":"https:\/\/linfuseur.com\/de\/wp-json\/wp\/v2\/product_tag?post=19448"},{"taxonomy":"giftcard-category","embeddable":true,"href":"https:\/\/linfuseur.com\/de\/wp-json\/wp\/v2\/giftcard-category?post=19448"}],"curies":[{"name":"wp","href":"https:\/\/api.w.org\/{rel}","templated":true}]}}