{"id":19465,"date":"2022-05-31T08:09:27","date_gmt":"2022-05-31T08:09:27","guid":{"rendered":"https:\/\/linfuseur.com\/produit\/19465\/"},"modified":"2026-01-30T16:51:53","modified_gmt":"2026-01-30T16:51:53","slug":"beutel-duo-apaisement","status":"publish","type":"product","link":"https:\/\/linfuseur.com\/de\/produit\/beutel-duo-apaisement\/","title":{"rendered":"DUO SPRAY APAISEMENT UND KR\u00c4UTERTEE"},"content":{"rendered":"<p>Dieses Set enth\u00e4lt:<\/p>\n<p><strong>Eine Dose Kr\u00e4utertee CALME Nr. 2 (70 g)<br \/>\nZusammensetzung:<\/strong> Honeybush, Orangenschalen, Zitronengras, Eisenkraut, Orangenbl\u00fctenbl\u00e4tter, S\u00fc\u00dfer Fenchel, Schwarzk\u00fcmmel, Kornblumenbl\u00fctenbl\u00e4tter, Nat\u00fcrliches Orangenbl\u00fctenaroma, Lavendelbl\u00fcten<br \/>\nHergestellt in Frankreich.<\/p>\n<p><strong>Ein Spray Doux R\u00eaves 100BON (30 ml)<br \/>\n<\/strong>Synergie aus 9 \u00e4therischen \u00d6len: Daucus carota, Coriandrum sativum, Artemisia pallens, Eucalyptus citriodora, Citrus reticulata, Citrus aurantium amara, Citrus aurantium dulcis, Citrus aurantium amara ssp bigarade und Amyris balsamifera.<br \/>\nWird mit einem Etui geliefert.<br \/>\nHergestellt in Frankreich.<\/p>\n<p><strong>Ein L&#8217;infuseur-Beutel gratis<br \/>\n<\/strong>100 % GOTS-zertifizierte Baumwolle &#8211; Bio-Material &#8211; 15 x 23 cm<\/p>\n","protected":false},"excerpt":{"rendered":"<p>Dieses Set enth\u00e4lt: Eine Dose Kr\u00e4utertee CALME Nr. 2 (70 g) Zusammensetzung: Honeybush, Orangenschalen, Zitronengras, Eisenkraut, Orangenbl\u00fctenbl\u00e4tter, S\u00fc\u00dfer Fenchel, Schwarzk\u00fcmmel, Kornblumenbl\u00fctenbl\u00e4tter, Nat\u00fcrliches Orangenbl\u00fctenaroma, Lavendelbl\u00fcten Hergestellt in Frankreich. Ein Spray Doux R\u00eaves 100BON (30 ml) Synergie aus 9 \u00e4therischen \u00d6len: Daucus carota, Coriandrum sativum, Artemisia pallens, Eucalyptus citriodora, Citrus reticulata, Citrus aurantium amara, Citrus aurantium dulcis,Lire la suite<\/p>\n","protected":false},"featured_media":86474,"comment_status":"open","ping_status":"closed","template":"","meta":{"_acf_changed":false},"product_brand":[],"product_cat":[172,183,191,264,153],"product_tag":[],"giftcard-category":[],"class_list":{"0":"post-19465","1":"product","2":"type-product","3":"status-publish","4":"has-post-thumbnail","6":"product_cat-auswahl","7":"product_cat-boxen","8":"product_cat-love-mama-de","9":"product_cat-wohlbefinden-lifestyle","10":"product_cat-selection-de-noel","12":"first","13":"instock","14":"taxable","15":"shipping-taxable","16":"purchasable","17":"product-type-variable","18":"has-default-attributes","19":"wvs-pro-product","20":"wvs-pro-before-cart-button"},"acf":[],"yoast_head":"<!-- This site is optimized with the Yoast SEO plugin v26.8 - https:\/\/yoast.com\/product\/yoast-seo-wordpress\/ -->\n<title>DUO SPRAY APAISEMENT UND KR\u00c4UTERTEE - L&#039;infuseur Paris<\/title>\n<meta name=\"robots\" content=\"index, follow, max-snippet:-1, max-image-preview:large, max-video-preview:-1\" \/>\n<link rel=\"canonical\" href=\"https:\/\/linfuseur.com\/de\/produit\/beutel-duo-apaisement\/\" \/>\n<meta property=\"og:locale\" content=\"de_DE\" \/>\n<meta property=\"og:type\" content=\"article\" \/>\n<meta property=\"og:title\" content=\"DUO SPRAY APAISEMENT UND KR\u00c4UTERTEE - L&#039;infuseur Paris\" \/>\n<meta property=\"og:description\" content=\"Dieses Set enth\u00e4lt: Eine Dose Kr\u00e4utertee CALME Nr. 2 (70 g) Zusammensetzung: Honeybush, Orangenschalen, Zitronengras, Eisenkraut, Orangenbl\u00fctenbl\u00e4tter, S\u00fc\u00dfer Fenchel, Schwarzk\u00fcmmel, Kornblumenbl\u00fctenbl\u00e4tter, Nat\u00fcrliches Orangenbl\u00fctenaroma, Lavendelbl\u00fcten Hergestellt in Frankreich. Ein Spray Doux R\u00eaves 100BON (30 ml) Synergie aus 9 \u00e4therischen \u00d6len: Daucus carota, Coriandrum sativum, Artemisia pallens, Eucalyptus citriodora, Citrus reticulata, Citrus aurantium amara, Citrus aurantium dulcis,Lire la suite\" \/>\n<meta property=\"og:url\" content=\"https:\/\/linfuseur.com\/de\/produit\/beutel-duo-apaisement\/\" \/>\n<meta property=\"og:site_name\" content=\"L&#039;infuseur Paris\" \/>\n<meta property=\"article:modified_time\" content=\"2026-01-30T16:51:53+00:00\" \/>\n<meta property=\"og:image\" content=\"https:\/\/linfuseur.com\/wp-content\/uploads\/2022\/05\/pochon-duo-apaisement-linfuseur-25.jpg\" \/>\n\t<meta property=\"og:image:width\" content=\"1600\" \/>\n\t<meta property=\"og:image:height\" content=\"1600\" \/>\n\t<meta property=\"og:image:type\" content=\"image\/jpeg\" \/>\n<script type=\"application\/ld+json\" class=\"yoast-schema-graph\">{\"@context\":\"https:\/\/schema.org\",\"@graph\":[{\"@type\":\"WebPage\",\"@id\":\"https:\/\/linfuseur.com\/de\/produit\/beutel-duo-apaisement\/\",\"url\":\"https:\/\/linfuseur.com\/de\/produit\/beutel-duo-apaisement\/\",\"name\":\"DUO SPRAY APAISEMENT UND KR\u00c4UTERTEE - L&#039;infuseur Paris\",\"isPartOf\":{\"@id\":\"https:\/\/linfuseur.com\/de\/#website\"},\"primaryImageOfPage\":{\"@id\":\"https:\/\/linfuseur.com\/de\/produit\/beutel-duo-apaisement\/#primaryimage\"},\"image\":{\"@id\":\"https:\/\/linfuseur.com\/de\/produit\/beutel-duo-apaisement\/#primaryimage\"},\"thumbnailUrl\":\"https:\/\/linfuseur.com\/wp-content\/uploads\/2022\/05\/pochon-duo-apaisement-linfuseur-25.jpg\",\"datePublished\":\"2022-05-31T08:09:27+00:00\",\"dateModified\":\"2026-01-30T16:51:53+00:00\",\"breadcrumb\":{\"@id\":\"https:\/\/linfuseur.com\/de\/produit\/beutel-duo-apaisement\/#breadcrumb\"},\"inLanguage\":\"de\",\"potentialAction\":[{\"@type\":\"ReadAction\",\"target\":[\"https:\/\/linfuseur.com\/de\/produit\/beutel-duo-apaisement\/\"]}]},{\"@type\":\"ImageObject\",\"inLanguage\":\"de\",\"@id\":\"https:\/\/linfuseur.com\/de\/produit\/beutel-duo-apaisement\/#primaryimage\",\"url\":\"https:\/\/linfuseur.com\/wp-content\/uploads\/2022\/05\/pochon-duo-apaisement-linfuseur-25.jpg\",\"contentUrl\":\"https:\/\/linfuseur.com\/wp-content\/uploads\/2022\/05\/pochon-duo-apaisement-linfuseur-25.jpg\",\"width\":1600,\"height\":1600,\"caption\":\"pochon duo apaisement l'infuseur\"},{\"@type\":\"BreadcrumbList\",\"@id\":\"https:\/\/linfuseur.com\/de\/produit\/beutel-duo-apaisement\/#breadcrumb\",\"itemListElement\":[{\"@type\":\"ListItem\",\"position\":1,\"name\":\"Home\",\"item\":\"https:\/\/linfuseur.com\/de\/\"},{\"@type\":\"ListItem\",\"position\":2,\"name\":\"Shop\",\"item\":\"https:\/\/linfuseur.com\/de\/shop\/\"},{\"@type\":\"ListItem\",\"position\":3,\"name\":\"Auswahl\",\"item\":\"https:\/\/linfuseur.com\/de\/categorie-produit\/auswahl\/\"},{\"@type\":\"ListItem\",\"position\":4,\"name\":\"DUO SPRAY APAISEMENT UND KR\u00c4UTERTEE\"}]},{\"@type\":\"WebSite\",\"@id\":\"https:\/\/linfuseur.com\/de\/#website\",\"url\":\"https:\/\/linfuseur.com\/de\/\",\"name\":\"L'infuseur Paris\",\"description\":\"L&#039;infuseur Paris - Collection d&#039;infusions\",\"potentialAction\":[{\"@type\":\"SearchAction\",\"target\":{\"@type\":\"EntryPoint\",\"urlTemplate\":\"https:\/\/linfuseur.com\/de\/?s={search_term_string}\"},\"query-input\":{\"@type\":\"PropertyValueSpecification\",\"valueRequired\":true,\"valueName\":\"search_term_string\"}}],\"inLanguage\":\"de\"}]}<\/script>\n<!-- \/ Yoast SEO plugin. -->","yoast_head_json":{"title":"DUO SPRAY APAISEMENT UND KR\u00c4UTERTEE - L&#039;infuseur Paris","robots":{"index":"index","follow":"follow","max-snippet":"max-snippet:-1","max-image-preview":"max-image-preview:large","max-video-preview":"max-video-preview:-1"},"canonical":"https:\/\/linfuseur.com\/de\/produit\/beutel-duo-apaisement\/","og_locale":"de_DE","og_type":"article","og_title":"DUO SPRAY APAISEMENT UND KR\u00c4UTERTEE - L&#039;infuseur Paris","og_description":"Dieses Set enth\u00e4lt: Eine Dose Kr\u00e4utertee CALME Nr. 2 (70 g) Zusammensetzung: Honeybush, Orangenschalen, Zitronengras, Eisenkraut, Orangenbl\u00fctenbl\u00e4tter, S\u00fc\u00dfer Fenchel, Schwarzk\u00fcmmel, Kornblumenbl\u00fctenbl\u00e4tter, Nat\u00fcrliches Orangenbl\u00fctenaroma, Lavendelbl\u00fcten Hergestellt in Frankreich. Ein Spray Doux R\u00eaves 100BON (30 ml) Synergie aus 9 \u00e4therischen \u00d6len: Daucus carota, Coriandrum sativum, Artemisia pallens, Eucalyptus citriodora, Citrus reticulata, Citrus aurantium amara, Citrus aurantium dulcis,Lire la suite","og_url":"https:\/\/linfuseur.com\/de\/produit\/beutel-duo-apaisement\/","og_site_name":"L&#039;infuseur Paris","article_modified_time":"2026-01-30T16:51:53+00:00","og_image":[{"width":1600,"height":1600,"url":"https:\/\/linfuseur.com\/wp-content\/uploads\/2022\/05\/pochon-duo-apaisement-linfuseur-25.jpg","type":"image\/jpeg"}],"schema":{"@context":"https:\/\/schema.org","@graph":[{"@type":"WebPage","@id":"https:\/\/linfuseur.com\/de\/produit\/beutel-duo-apaisement\/","url":"https:\/\/linfuseur.com\/de\/produit\/beutel-duo-apaisement\/","name":"DUO SPRAY APAISEMENT UND KR\u00c4UTERTEE - L&#039;infuseur Paris","isPartOf":{"@id":"https:\/\/linfuseur.com\/de\/#website"},"primaryImageOfPage":{"@id":"https:\/\/linfuseur.com\/de\/produit\/beutel-duo-apaisement\/#primaryimage"},"image":{"@id":"https:\/\/linfuseur.com\/de\/produit\/beutel-duo-apaisement\/#primaryimage"},"thumbnailUrl":"https:\/\/linfuseur.com\/wp-content\/uploads\/2022\/05\/pochon-duo-apaisement-linfuseur-25.jpg","datePublished":"2022-05-31T08:09:27+00:00","dateModified":"2026-01-30T16:51:53+00:00","breadcrumb":{"@id":"https:\/\/linfuseur.com\/de\/produit\/beutel-duo-apaisement\/#breadcrumb"},"inLanguage":"de","potentialAction":[{"@type":"ReadAction","target":["https:\/\/linfuseur.com\/de\/produit\/beutel-duo-apaisement\/"]}]},{"@type":"ImageObject","inLanguage":"de","@id":"https:\/\/linfuseur.com\/de\/produit\/beutel-duo-apaisement\/#primaryimage","url":"https:\/\/linfuseur.com\/wp-content\/uploads\/2022\/05\/pochon-duo-apaisement-linfuseur-25.jpg","contentUrl":"https:\/\/linfuseur.com\/wp-content\/uploads\/2022\/05\/pochon-duo-apaisement-linfuseur-25.jpg","width":1600,"height":1600,"caption":"pochon duo apaisement l'infuseur"},{"@type":"BreadcrumbList","@id":"https:\/\/linfuseur.com\/de\/produit\/beutel-duo-apaisement\/#breadcrumb","itemListElement":[{"@type":"ListItem","position":1,"name":"Home","item":"https:\/\/linfuseur.com\/de\/"},{"@type":"ListItem","position":2,"name":"Shop","item":"https:\/\/linfuseur.com\/de\/shop\/"},{"@type":"ListItem","position":3,"name":"Auswahl","item":"https:\/\/linfuseur.com\/de\/categorie-produit\/auswahl\/"},{"@type":"ListItem","position":4,"name":"DUO SPRAY APAISEMENT UND KR\u00c4UTERTEE"}]},{"@type":"WebSite","@id":"https:\/\/linfuseur.com\/de\/#website","url":"https:\/\/linfuseur.com\/de\/","name":"L'infuseur Paris","description":"L&#039;infuseur Paris - Collection d&#039;infusions","potentialAction":[{"@type":"SearchAction","target":{"@type":"EntryPoint","urlTemplate":"https:\/\/linfuseur.com\/de\/?s={search_term_string}"},"query-input":{"@type":"PropertyValueSpecification","valueRequired":true,"valueName":"search_term_string"}}],"inLanguage":"de"}]}},"_links":{"self":[{"href":"https:\/\/linfuseur.com\/de\/wp-json\/wp\/v2\/product\/19465","targetHints":{"allow":["GET"]}}],"collection":[{"href":"https:\/\/linfuseur.com\/de\/wp-json\/wp\/v2\/product"}],"about":[{"href":"https:\/\/linfuseur.com\/de\/wp-json\/wp\/v2\/types\/product"}],"replies":[{"embeddable":true,"href":"https:\/\/linfuseur.com\/de\/wp-json\/wp\/v2\/comments?post=19465"}],"wp:featuredmedia":[{"embeddable":true,"href":"https:\/\/linfuseur.com\/de\/wp-json\/wp\/v2\/media\/86474"}],"wp:attachment":[{"href":"https:\/\/linfuseur.com\/de\/wp-json\/wp\/v2\/media?parent=19465"}],"wp:term":[{"taxonomy":"product_brand","embeddable":true,"href":"https:\/\/linfuseur.com\/de\/wp-json\/wp\/v2\/product_brand?post=19465"},{"taxonomy":"product_cat","embeddable":true,"href":"https:\/\/linfuseur.com\/de\/wp-json\/wp\/v2\/product_cat?post=19465"},{"taxonomy":"product_tag","embeddable":true,"href":"https:\/\/linfuseur.com\/de\/wp-json\/wp\/v2\/product_tag?post=19465"},{"taxonomy":"giftcard-category","embeddable":true,"href":"https:\/\/linfuseur.com\/de\/wp-json\/wp\/v2\/giftcard-category?post=19465"}],"curies":[{"name":"wp","href":"https:\/\/api.w.org\/{rel}","templated":true}]}}