{"id":19466,"date":"2022-05-10T07:59:13","date_gmt":"2022-05-10T07:59:13","guid":{"rendered":"https:\/\/linfuseur.com\/produit\/19466\/"},"modified":"2026-02-02T09:37:59","modified_gmt":"2026-02-02T09:37:59","slug":"krautertee-zen-8","status":"publish","type":"product","link":"https:\/\/linfuseur.com\/de\/produit\/krautertee-zen-8\/","title":{"rendered":"Kr\u00e4utertee Zen 8"},"content":{"rendered":"<p><strong>Merkmale<\/strong><br \/>\n&#8211;  Kann hei\u00df oder kalt genossen werden<br \/>\n&#8211; Noten: Kamille &#8211; Orangenbl\u00fcte &#8211; Indisches Basilikum<br \/>\n&#8211; Der Kr\u00e4utertee Zen kann morgens, tags\u00fcber und\/oder abends genossen werden<\/p>\n<p><strong>Anwendungstipps<\/strong><strong> :<\/strong><br \/>\n3 Tassen (250 ml) \u00e0 2 g pro Tag<br \/>\nUm die ganze beruhigende Wirkung unseres Kr\u00e4utertees Zen zu genie\u00dfen, empfehlen wir Ihnen, einen Teel\u00f6ffel der Mischung zu verwenden. Filtern Sie ihn dann. Als Beutel braucht man nur einen Beutel pro Tasse. Geben Sie Ihr k\u00f6chelndes Wasser hinzu, das idealerweise 95 \u00b0C hei\u00df ist. Lassen Sie den Tee 5 bis 7 Minuten ziehen.<\/p>\n<p><strong>Allergene<\/strong><br \/>\nKann Spuren von Schalenfr\u00fcchten enthalten<\/p>\n","protected":false},"excerpt":{"rendered":"<p>Merkmale &#8211; Kann hei\u00df oder kalt genossen werden &#8211; Noten: Kamille &#8211; Orangenbl\u00fcte &#8211; Indisches Basilikum &#8211; Der Kr\u00e4utertee Zen kann morgens, tags\u00fcber und\/oder abends genossen werden Anwendungstipps : 3 Tassen (250 ml) \u00e0 2 g pro Tag Um die ganze beruhigende Wirkung unseres Kr\u00e4utertees Zen zu genie\u00dfen, empfehlen wir Ihnen, einen Teel\u00f6ffel der MischungLire la suite<\/p>\n","protected":false},"featured_media":87165,"comment_status":"open","ping_status":"closed","template":"","meta":{"_acf_changed":false},"product_brand":[],"product_cat":[178,168,264,171,158,157,154],"product_tag":[],"giftcard-category":[],"class_list":{"0":"post-19466","1":"product","2":"type-product","3":"status-publish","4":"has-post-thumbnail","6":"product_cat-eistee","7":"product_cat-super-mum-de","8":"product_cat-wohlbefinden-lifestyle","9":"product_cat-zen-momente","10":"product_cat-collection-de","11":"product_cat-infuseur-de","12":"product_cat-krautertees","14":"first","15":"instock","16":"taxable","17":"shipping-taxable","18":"purchasable","19":"product-type-variable","20":"has-default-attributes","21":"wvs-pro-product","22":"wvs-pro-before-cart-button"},"acf":[],"yoast_head":"<!-- This site is optimized with the Yoast SEO plugin v26.8 - https:\/\/yoast.com\/product\/yoast-seo-wordpress\/ -->\n<title>Kr\u00e4utertee Zen 8 - L&#039;infuseur Paris<\/title>\n<meta name=\"robots\" content=\"index, follow, max-snippet:-1, max-image-preview:large, max-video-preview:-1\" \/>\n<link rel=\"canonical\" href=\"https:\/\/linfuseur.com\/de\/produit\/krautertee-zen-8\/\" \/>\n<meta property=\"og:locale\" content=\"de_DE\" \/>\n<meta property=\"og:type\" content=\"article\" \/>\n<meta property=\"og:title\" content=\"Kr\u00e4utertee Zen 8 - L&#039;infuseur Paris\" \/>\n<meta property=\"og:description\" content=\"Merkmale &#8211; Kann hei\u00df oder kalt genossen werden &#8211; Noten: Kamille &#8211; Orangenbl\u00fcte &#8211; Indisches Basilikum &#8211; Der Kr\u00e4utertee Zen kann morgens, tags\u00fcber und\/oder abends genossen werden Anwendungstipps : 3 Tassen (250 ml) \u00e0 2 g pro Tag Um die ganze beruhigende Wirkung unseres Kr\u00e4utertees Zen zu genie\u00dfen, empfehlen wir Ihnen, einen Teel\u00f6ffel der MischungLire la suite\" \/>\n<meta property=\"og:url\" content=\"https:\/\/linfuseur.com\/de\/produit\/krautertee-zen-8\/\" \/>\n<meta property=\"og:site_name\" content=\"L&#039;infuseur Paris\" \/>\n<meta property=\"article:modified_time\" content=\"2026-02-02T09:37:59+00:00\" \/>\n<meta property=\"og:image\" content=\"https:\/\/linfuseur.com\/wp-content\/uploads\/2022\/05\/infusion-zen-linfuseur-25.jpg\" \/>\n\t<meta property=\"og:image:width\" content=\"1600\" \/>\n\t<meta property=\"og:image:height\" content=\"1600\" \/>\n\t<meta property=\"og:image:type\" content=\"image\/jpeg\" \/>\n<script type=\"application\/ld+json\" class=\"yoast-schema-graph\">{\"@context\":\"https:\/\/schema.org\",\"@graph\":[{\"@type\":\"WebPage\",\"@id\":\"https:\/\/linfuseur.com\/de\/produit\/krautertee-zen-8\/\",\"url\":\"https:\/\/linfuseur.com\/de\/produit\/krautertee-zen-8\/\",\"name\":\"Kr\u00e4utertee Zen 8 - L&#039;infuseur Paris\",\"isPartOf\":{\"@id\":\"https:\/\/linfuseur.com\/de\/#website\"},\"primaryImageOfPage\":{\"@id\":\"https:\/\/linfuseur.com\/de\/produit\/krautertee-zen-8\/#primaryimage\"},\"image\":{\"@id\":\"https:\/\/linfuseur.com\/de\/produit\/krautertee-zen-8\/#primaryimage\"},\"thumbnailUrl\":\"https:\/\/linfuseur.com\/wp-content\/uploads\/2022\/05\/infusion-zen-linfuseur-25.jpg\",\"datePublished\":\"2022-05-10T07:59:13+00:00\",\"dateModified\":\"2026-02-02T09:37:59+00:00\",\"breadcrumb\":{\"@id\":\"https:\/\/linfuseur.com\/de\/produit\/krautertee-zen-8\/#breadcrumb\"},\"inLanguage\":\"de\",\"potentialAction\":[{\"@type\":\"ReadAction\",\"target\":[\"https:\/\/linfuseur.com\/de\/produit\/krautertee-zen-8\/\"]}]},{\"@type\":\"ImageObject\",\"inLanguage\":\"de\",\"@id\":\"https:\/\/linfuseur.com\/de\/produit\/krautertee-zen-8\/#primaryimage\",\"url\":\"https:\/\/linfuseur.com\/wp-content\/uploads\/2022\/05\/infusion-zen-linfuseur-25.jpg\",\"contentUrl\":\"https:\/\/linfuseur.com\/wp-content\/uploads\/2022\/05\/infusion-zen-linfuseur-25.jpg\",\"width\":1600,\"height\":1600,\"caption\":\"infusion zen vrac l'infuseur\"},{\"@type\":\"BreadcrumbList\",\"@id\":\"https:\/\/linfuseur.com\/de\/produit\/krautertee-zen-8\/#breadcrumb\",\"itemListElement\":[{\"@type\":\"ListItem\",\"position\":1,\"name\":\"Home\",\"item\":\"https:\/\/linfuseur.com\/de\/\"},{\"@type\":\"ListItem\",\"position\":2,\"name\":\"Shop\",\"item\":\"https:\/\/linfuseur.com\/de\/shop\/\"},{\"@type\":\"ListItem\",\"position\":3,\"name\":\"EISTEE\",\"item\":\"https:\/\/linfuseur.com\/de\/categorie-produit\/eistee\/\"},{\"@type\":\"ListItem\",\"position\":4,\"name\":\"Kr\u00e4utertee Zen 8\"}]},{\"@type\":\"WebSite\",\"@id\":\"https:\/\/linfuseur.com\/de\/#website\",\"url\":\"https:\/\/linfuseur.com\/de\/\",\"name\":\"L'infuseur Paris\",\"description\":\"L&#039;infuseur Paris - Collection d&#039;infusions\",\"potentialAction\":[{\"@type\":\"SearchAction\",\"target\":{\"@type\":\"EntryPoint\",\"urlTemplate\":\"https:\/\/linfuseur.com\/de\/?s={search_term_string}\"},\"query-input\":{\"@type\":\"PropertyValueSpecification\",\"valueRequired\":true,\"valueName\":\"search_term_string\"}}],\"inLanguage\":\"de\"}]}<\/script>\n<!-- \/ Yoast SEO plugin. -->","yoast_head_json":{"title":"Kr\u00e4utertee Zen 8 - L&#039;infuseur Paris","robots":{"index":"index","follow":"follow","max-snippet":"max-snippet:-1","max-image-preview":"max-image-preview:large","max-video-preview":"max-video-preview:-1"},"canonical":"https:\/\/linfuseur.com\/de\/produit\/krautertee-zen-8\/","og_locale":"de_DE","og_type":"article","og_title":"Kr\u00e4utertee Zen 8 - L&#039;infuseur Paris","og_description":"Merkmale &#8211; Kann hei\u00df oder kalt genossen werden &#8211; Noten: Kamille &#8211; Orangenbl\u00fcte &#8211; Indisches Basilikum &#8211; Der Kr\u00e4utertee Zen kann morgens, tags\u00fcber und\/oder abends genossen werden Anwendungstipps : 3 Tassen (250 ml) \u00e0 2 g pro Tag Um die ganze beruhigende Wirkung unseres Kr\u00e4utertees Zen zu genie\u00dfen, empfehlen wir Ihnen, einen Teel\u00f6ffel der MischungLire la suite","og_url":"https:\/\/linfuseur.com\/de\/produit\/krautertee-zen-8\/","og_site_name":"L&#039;infuseur Paris","article_modified_time":"2026-02-02T09:37:59+00:00","og_image":[{"width":1600,"height":1600,"url":"https:\/\/linfuseur.com\/wp-content\/uploads\/2022\/05\/infusion-zen-linfuseur-25.jpg","type":"image\/jpeg"}],"schema":{"@context":"https:\/\/schema.org","@graph":[{"@type":"WebPage","@id":"https:\/\/linfuseur.com\/de\/produit\/krautertee-zen-8\/","url":"https:\/\/linfuseur.com\/de\/produit\/krautertee-zen-8\/","name":"Kr\u00e4utertee Zen 8 - L&#039;infuseur Paris","isPartOf":{"@id":"https:\/\/linfuseur.com\/de\/#website"},"primaryImageOfPage":{"@id":"https:\/\/linfuseur.com\/de\/produit\/krautertee-zen-8\/#primaryimage"},"image":{"@id":"https:\/\/linfuseur.com\/de\/produit\/krautertee-zen-8\/#primaryimage"},"thumbnailUrl":"https:\/\/linfuseur.com\/wp-content\/uploads\/2022\/05\/infusion-zen-linfuseur-25.jpg","datePublished":"2022-05-10T07:59:13+00:00","dateModified":"2026-02-02T09:37:59+00:00","breadcrumb":{"@id":"https:\/\/linfuseur.com\/de\/produit\/krautertee-zen-8\/#breadcrumb"},"inLanguage":"de","potentialAction":[{"@type":"ReadAction","target":["https:\/\/linfuseur.com\/de\/produit\/krautertee-zen-8\/"]}]},{"@type":"ImageObject","inLanguage":"de","@id":"https:\/\/linfuseur.com\/de\/produit\/krautertee-zen-8\/#primaryimage","url":"https:\/\/linfuseur.com\/wp-content\/uploads\/2022\/05\/infusion-zen-linfuseur-25.jpg","contentUrl":"https:\/\/linfuseur.com\/wp-content\/uploads\/2022\/05\/infusion-zen-linfuseur-25.jpg","width":1600,"height":1600,"caption":"infusion zen vrac l'infuseur"},{"@type":"BreadcrumbList","@id":"https:\/\/linfuseur.com\/de\/produit\/krautertee-zen-8\/#breadcrumb","itemListElement":[{"@type":"ListItem","position":1,"name":"Home","item":"https:\/\/linfuseur.com\/de\/"},{"@type":"ListItem","position":2,"name":"Shop","item":"https:\/\/linfuseur.com\/de\/shop\/"},{"@type":"ListItem","position":3,"name":"EISTEE","item":"https:\/\/linfuseur.com\/de\/categorie-produit\/eistee\/"},{"@type":"ListItem","position":4,"name":"Kr\u00e4utertee Zen 8"}]},{"@type":"WebSite","@id":"https:\/\/linfuseur.com\/de\/#website","url":"https:\/\/linfuseur.com\/de\/","name":"L'infuseur Paris","description":"L&#039;infuseur Paris - Collection d&#039;infusions","potentialAction":[{"@type":"SearchAction","target":{"@type":"EntryPoint","urlTemplate":"https:\/\/linfuseur.com\/de\/?s={search_term_string}"},"query-input":{"@type":"PropertyValueSpecification","valueRequired":true,"valueName":"search_term_string"}}],"inLanguage":"de"}]}},"_links":{"self":[{"href":"https:\/\/linfuseur.com\/de\/wp-json\/wp\/v2\/product\/19466","targetHints":{"allow":["GET"]}}],"collection":[{"href":"https:\/\/linfuseur.com\/de\/wp-json\/wp\/v2\/product"}],"about":[{"href":"https:\/\/linfuseur.com\/de\/wp-json\/wp\/v2\/types\/product"}],"replies":[{"embeddable":true,"href":"https:\/\/linfuseur.com\/de\/wp-json\/wp\/v2\/comments?post=19466"}],"wp:featuredmedia":[{"embeddable":true,"href":"https:\/\/linfuseur.com\/de\/wp-json\/wp\/v2\/media\/87165"}],"wp:attachment":[{"href":"https:\/\/linfuseur.com\/de\/wp-json\/wp\/v2\/media?parent=19466"}],"wp:term":[{"taxonomy":"product_brand","embeddable":true,"href":"https:\/\/linfuseur.com\/de\/wp-json\/wp\/v2\/product_brand?post=19466"},{"taxonomy":"product_cat","embeddable":true,"href":"https:\/\/linfuseur.com\/de\/wp-json\/wp\/v2\/product_cat?post=19466"},{"taxonomy":"product_tag","embeddable":true,"href":"https:\/\/linfuseur.com\/de\/wp-json\/wp\/v2\/product_tag?post=19466"},{"taxonomy":"giftcard-category","embeddable":true,"href":"https:\/\/linfuseur.com\/de\/wp-json\/wp\/v2\/giftcard-category?post=19466"}],"curies":[{"name":"wp","href":"https:\/\/api.w.org\/{rel}","templated":true}]}}