{"id":19476,"date":"2022-09-07T08:11:57","date_gmt":"2022-09-07T08:11:57","guid":{"rendered":"https:\/\/linfuseur.com\/produit\/19476\/"},"modified":"2026-01-30T16:51:29","modified_gmt":"2026-01-30T16:51:29","slug":"archie-apfelessig","status":"publish","type":"product","link":"https:\/\/linfuseur.com\/de\/produit\/archie-apfelessig\/","title":{"rendered":"Archie &#8211; Apfelessig"},"content":{"rendered":"<p><strong>Anwendungstipps:<\/strong><br \/>\nWir empfehlen 3 Arten der Anwendung:<\/p>\n<p>&#8211; Kur: F\u00fchren Sie eine Kur durch, indem Sie einen Essl\u00f6ffel Essig verd\u00fcnnen. Wann? Um die Mahlzeiten herum oder \u00fcber den Tag verteilt.<br \/>\n&#8211; K\u00fcche: W\u00fcrzen Sie Ihre Gerichte und peppen Sie Ihre Backwaren auf.<br \/>\n&#8211; Kosmetische Pflege: Auf das Gesicht auftragen, um Hautprobleme zu bek\u00e4mpfen, und auf das Haar, um Glanz und Geschmeidigkeit zur\u00fcckzugewinnen.<\/p>\n<p><strong>Aufbewahrungstipp:<\/strong><br \/>\nBei Raumtemperatur aufbewahren.<br \/>\nDen Verschluss gut verschlie\u00dfen, so ist er unendlich lange haltbar.<\/p>\n","protected":false},"excerpt":{"rendered":"<p>Anwendungstipps: Wir empfehlen 3 Arten der Anwendung: &#8211; Kur: F\u00fchren Sie eine Kur durch, indem Sie einen Essl\u00f6ffel Essig verd\u00fcnnen. Wann? Um die Mahlzeiten herum oder \u00fcber den Tag verteilt. &#8211; K\u00fcche: W\u00fcrzen Sie Ihre Gerichte und peppen Sie Ihre Backwaren auf. &#8211; Kosmetische Pflege: Auf das Gesicht auftragen, um Hautprobleme zu bek\u00e4mpfen, und aufLire la suite<\/p>\n","protected":false},"featured_media":18075,"comment_status":"open","ping_status":"closed","template":"","meta":{"_acf_changed":false},"product_brand":[],"product_cat":[201,202,190,178,189,166,264],"product_tag":[],"giftcard-category":[],"class_list":{"0":"post-19476","1":"product","2":"type-product","3":"status-publish","4":"has-post-thumbnail","6":"product_cat-detox-de","7":"product_cat-detox-im-herbst","8":"product_cat-dry-detox-de","9":"product_cat-eistee","10":"product_cat-spring-detox-de","11":"product_cat-wohlbefinden","12":"product_cat-wohlbefinden-lifestyle","14":"first","15":"instock","16":"taxable","17":"shipping-taxable","18":"purchasable","19":"product-type-variable","20":"has-default-attributes","21":"wvs-pro-product","22":"wvs-pro-before-cart-button"},"acf":[],"yoast_head":"<!-- This site is optimized with the Yoast SEO plugin v26.8 - https:\/\/yoast.com\/product\/yoast-seo-wordpress\/ -->\n<title>Archie - Apfelessig - L&#039;infuseur Paris<\/title>\n<meta name=\"robots\" content=\"index, follow, max-snippet:-1, max-image-preview:large, max-video-preview:-1\" \/>\n<link rel=\"canonical\" href=\"https:\/\/linfuseur.com\/de\/produit\/archie-apfelessig\/\" \/>\n<meta property=\"og:locale\" content=\"de_DE\" \/>\n<meta property=\"og:type\" content=\"article\" \/>\n<meta property=\"og:title\" content=\"Archie - Apfelessig - L&#039;infuseur Paris\" \/>\n<meta property=\"og:description\" content=\"Anwendungstipps: Wir empfehlen 3 Arten der Anwendung: &#8211; Kur: F\u00fchren Sie eine Kur durch, indem Sie einen Essl\u00f6ffel Essig verd\u00fcnnen. Wann? Um die Mahlzeiten herum oder \u00fcber den Tag verteilt. &#8211; K\u00fcche: W\u00fcrzen Sie Ihre Gerichte und peppen Sie Ihre Backwaren auf. &#8211; Kosmetische Pflege: Auf das Gesicht auftragen, um Hautprobleme zu bek\u00e4mpfen, und aufLire la suite\" \/>\n<meta property=\"og:url\" content=\"https:\/\/linfuseur.com\/de\/produit\/archie-apfelessig\/\" \/>\n<meta property=\"og:site_name\" content=\"L&#039;infuseur Paris\" \/>\n<meta property=\"article:modified_time\" content=\"2026-01-30T16:51:29+00:00\" \/>\n<meta property=\"og:image\" content=\"https:\/\/linfuseur.com\/wp-content\/uploads\/2022\/09\/bouteille-archie-fond-blanc.jpg\" \/>\n\t<meta property=\"og:image:width\" content=\"640\" \/>\n\t<meta property=\"og:image:height\" content=\"640\" \/>\n\t<meta property=\"og:image:type\" content=\"image\/jpeg\" \/>\n<script type=\"application\/ld+json\" class=\"yoast-schema-graph\">{\"@context\":\"https:\/\/schema.org\",\"@graph\":[{\"@type\":\"WebPage\",\"@id\":\"https:\/\/linfuseur.com\/de\/produit\/archie-apfelessig\/\",\"url\":\"https:\/\/linfuseur.com\/de\/produit\/archie-apfelessig\/\",\"name\":\"Archie - Apfelessig - L&#039;infuseur Paris\",\"isPartOf\":{\"@id\":\"https:\/\/linfuseur.com\/de\/#website\"},\"primaryImageOfPage\":{\"@id\":\"https:\/\/linfuseur.com\/de\/produit\/archie-apfelessig\/#primaryimage\"},\"image\":{\"@id\":\"https:\/\/linfuseur.com\/de\/produit\/archie-apfelessig\/#primaryimage\"},\"thumbnailUrl\":\"https:\/\/linfuseur.com\/wp-content\/uploads\/2022\/09\/bouteille-archie-fond-blanc.jpg\",\"datePublished\":\"2022-09-07T08:11:57+00:00\",\"dateModified\":\"2026-01-30T16:51:29+00:00\",\"breadcrumb\":{\"@id\":\"https:\/\/linfuseur.com\/de\/produit\/archie-apfelessig\/#breadcrumb\"},\"inLanguage\":\"de\",\"potentialAction\":[{\"@type\":\"ReadAction\",\"target\":[\"https:\/\/linfuseur.com\/de\/produit\/archie-apfelessig\/\"]}]},{\"@type\":\"ImageObject\",\"inLanguage\":\"de\",\"@id\":\"https:\/\/linfuseur.com\/de\/produit\/archie-apfelessig\/#primaryimage\",\"url\":\"https:\/\/linfuseur.com\/wp-content\/uploads\/2022\/09\/bouteille-archie-fond-blanc.jpg\",\"contentUrl\":\"https:\/\/linfuseur.com\/wp-content\/uploads\/2022\/09\/bouteille-archie-fond-blanc.jpg\",\"width\":640,\"height\":640},{\"@type\":\"BreadcrumbList\",\"@id\":\"https:\/\/linfuseur.com\/de\/produit\/archie-apfelessig\/#breadcrumb\",\"itemListElement\":[{\"@type\":\"ListItem\",\"position\":1,\"name\":\"Home\",\"item\":\"https:\/\/linfuseur.com\/de\/\"},{\"@type\":\"ListItem\",\"position\":2,\"name\":\"Shop\",\"item\":\"https:\/\/linfuseur.com\/de\/shop\/\"},{\"@type\":\"ListItem\",\"position\":3,\"name\":\"Detox\",\"item\":\"https:\/\/linfuseur.com\/de\/categorie-produit\/detox-de\/\"},{\"@type\":\"ListItem\",\"position\":4,\"name\":\"Archie &#8211; Apfelessig\"}]},{\"@type\":\"WebSite\",\"@id\":\"https:\/\/linfuseur.com\/de\/#website\",\"url\":\"https:\/\/linfuseur.com\/de\/\",\"name\":\"L'infuseur Paris\",\"description\":\"L&#039;infuseur Paris - Collection d&#039;infusions\",\"potentialAction\":[{\"@type\":\"SearchAction\",\"target\":{\"@type\":\"EntryPoint\",\"urlTemplate\":\"https:\/\/linfuseur.com\/de\/?s={search_term_string}\"},\"query-input\":{\"@type\":\"PropertyValueSpecification\",\"valueRequired\":true,\"valueName\":\"search_term_string\"}}],\"inLanguage\":\"de\"}]}<\/script>\n<!-- \/ Yoast SEO plugin. -->","yoast_head_json":{"title":"Archie - Apfelessig - L&#039;infuseur Paris","robots":{"index":"index","follow":"follow","max-snippet":"max-snippet:-1","max-image-preview":"max-image-preview:large","max-video-preview":"max-video-preview:-1"},"canonical":"https:\/\/linfuseur.com\/de\/produit\/archie-apfelessig\/","og_locale":"de_DE","og_type":"article","og_title":"Archie - Apfelessig - L&#039;infuseur Paris","og_description":"Anwendungstipps: Wir empfehlen 3 Arten der Anwendung: &#8211; Kur: F\u00fchren Sie eine Kur durch, indem Sie einen Essl\u00f6ffel Essig verd\u00fcnnen. Wann? Um die Mahlzeiten herum oder \u00fcber den Tag verteilt. &#8211; K\u00fcche: W\u00fcrzen Sie Ihre Gerichte und peppen Sie Ihre Backwaren auf. &#8211; Kosmetische Pflege: Auf das Gesicht auftragen, um Hautprobleme zu bek\u00e4mpfen, und aufLire la suite","og_url":"https:\/\/linfuseur.com\/de\/produit\/archie-apfelessig\/","og_site_name":"L&#039;infuseur Paris","article_modified_time":"2026-01-30T16:51:29+00:00","og_image":[{"width":640,"height":640,"url":"https:\/\/linfuseur.com\/wp-content\/uploads\/2022\/09\/bouteille-archie-fond-blanc.jpg","type":"image\/jpeg"}],"schema":{"@context":"https:\/\/schema.org","@graph":[{"@type":"WebPage","@id":"https:\/\/linfuseur.com\/de\/produit\/archie-apfelessig\/","url":"https:\/\/linfuseur.com\/de\/produit\/archie-apfelessig\/","name":"Archie - Apfelessig - L&#039;infuseur Paris","isPartOf":{"@id":"https:\/\/linfuseur.com\/de\/#website"},"primaryImageOfPage":{"@id":"https:\/\/linfuseur.com\/de\/produit\/archie-apfelessig\/#primaryimage"},"image":{"@id":"https:\/\/linfuseur.com\/de\/produit\/archie-apfelessig\/#primaryimage"},"thumbnailUrl":"https:\/\/linfuseur.com\/wp-content\/uploads\/2022\/09\/bouteille-archie-fond-blanc.jpg","datePublished":"2022-09-07T08:11:57+00:00","dateModified":"2026-01-30T16:51:29+00:00","breadcrumb":{"@id":"https:\/\/linfuseur.com\/de\/produit\/archie-apfelessig\/#breadcrumb"},"inLanguage":"de","potentialAction":[{"@type":"ReadAction","target":["https:\/\/linfuseur.com\/de\/produit\/archie-apfelessig\/"]}]},{"@type":"ImageObject","inLanguage":"de","@id":"https:\/\/linfuseur.com\/de\/produit\/archie-apfelessig\/#primaryimage","url":"https:\/\/linfuseur.com\/wp-content\/uploads\/2022\/09\/bouteille-archie-fond-blanc.jpg","contentUrl":"https:\/\/linfuseur.com\/wp-content\/uploads\/2022\/09\/bouteille-archie-fond-blanc.jpg","width":640,"height":640},{"@type":"BreadcrumbList","@id":"https:\/\/linfuseur.com\/de\/produit\/archie-apfelessig\/#breadcrumb","itemListElement":[{"@type":"ListItem","position":1,"name":"Home","item":"https:\/\/linfuseur.com\/de\/"},{"@type":"ListItem","position":2,"name":"Shop","item":"https:\/\/linfuseur.com\/de\/shop\/"},{"@type":"ListItem","position":3,"name":"Detox","item":"https:\/\/linfuseur.com\/de\/categorie-produit\/detox-de\/"},{"@type":"ListItem","position":4,"name":"Archie &#8211; Apfelessig"}]},{"@type":"WebSite","@id":"https:\/\/linfuseur.com\/de\/#website","url":"https:\/\/linfuseur.com\/de\/","name":"L'infuseur Paris","description":"L&#039;infuseur Paris - Collection d&#039;infusions","potentialAction":[{"@type":"SearchAction","target":{"@type":"EntryPoint","urlTemplate":"https:\/\/linfuseur.com\/de\/?s={search_term_string}"},"query-input":{"@type":"PropertyValueSpecification","valueRequired":true,"valueName":"search_term_string"}}],"inLanguage":"de"}]}},"_links":{"self":[{"href":"https:\/\/linfuseur.com\/de\/wp-json\/wp\/v2\/product\/19476","targetHints":{"allow":["GET"]}}],"collection":[{"href":"https:\/\/linfuseur.com\/de\/wp-json\/wp\/v2\/product"}],"about":[{"href":"https:\/\/linfuseur.com\/de\/wp-json\/wp\/v2\/types\/product"}],"replies":[{"embeddable":true,"href":"https:\/\/linfuseur.com\/de\/wp-json\/wp\/v2\/comments?post=19476"}],"wp:featuredmedia":[{"embeddable":true,"href":"https:\/\/linfuseur.com\/de\/wp-json\/wp\/v2\/media\/18075"}],"wp:attachment":[{"href":"https:\/\/linfuseur.com\/de\/wp-json\/wp\/v2\/media?parent=19476"}],"wp:term":[{"taxonomy":"product_brand","embeddable":true,"href":"https:\/\/linfuseur.com\/de\/wp-json\/wp\/v2\/product_brand?post=19476"},{"taxonomy":"product_cat","embeddable":true,"href":"https:\/\/linfuseur.com\/de\/wp-json\/wp\/v2\/product_cat?post=19476"},{"taxonomy":"product_tag","embeddable":true,"href":"https:\/\/linfuseur.com\/de\/wp-json\/wp\/v2\/product_tag?post=19476"},{"taxonomy":"giftcard-category","embeddable":true,"href":"https:\/\/linfuseur.com\/de\/wp-json\/wp\/v2\/giftcard-category?post=19476"}],"curies":[{"name":"wp","href":"https:\/\/api.w.org\/{rel}","templated":true}]}}