{"id":19484,"date":"2022-05-31T08:03:50","date_gmt":"2022-05-31T08:03:50","guid":{"rendered":"https:\/\/linfuseur.com\/produit\/19484\/"},"modified":"2026-01-30T16:51:54","modified_gmt":"2026-01-30T16:51:54","slug":"beutel-duo-serenite","status":"publish","type":"product","link":"https:\/\/linfuseur.com\/de\/produit\/beutel-duo-serenite\/","title":{"rendered":"DUO SPRAY LOSLASSEN UND KR\u00c4UTERTEE"},"content":{"rendered":"<p>Dieses Set enth\u00e4lt:  <strong> <\/strong><\/p>\n<p><strong>Eine Dose Kr\u00e4utertee ZEN Nr. 8 (70 g)<br \/>\nZusammensetzung:<\/strong> Apfelst\u00fccke, Kamillenbl\u00fcten, Chicoree, Thymian, Eisenkraut, Honeybush, Orangenbl\u00fctenbl\u00e4tter, Indisches Basilikum.<br \/>\nHergestellt in Frankreich.<\/p>\n<p><strong>Ein Spray L\u00e2cher prise 100BON, um sich selbst oder die Umgebung zu beduften (30 ml)<br \/>\n<\/strong>Synergie aus 10 \u00e4therischen \u00d6len, darunter H.E. Magnolia Michelia alba und ein CO2-Extrakt aus Jasmin Sambac Jasminum sambac.<br \/>\nWird mit einem Etui geliefert.<br \/>\nHergestellt in Frankreich.<\/p>\n<p><strong>Ein L&#8217;infuseur-Beutel gratis<br \/>\n<\/strong>100 % GOTS-zertifizierte Baumwolle &#8211; Bio-Material &#8211; 15 x 23 cm<\/p>\n","protected":false},"excerpt":{"rendered":"<p>Dieses Set enth\u00e4lt: Eine Dose Kr\u00e4utertee ZEN Nr. 8 (70 g) Zusammensetzung: Apfelst\u00fccke, Kamillenbl\u00fcten, Chicoree, Thymian, Eisenkraut, Honeybush, Orangenbl\u00fctenbl\u00e4tter, Indisches Basilikum. Hergestellt in Frankreich. Ein Spray L\u00e2cher prise 100BON, um sich selbst oder die Umgebung zu beduften (30 ml) Synergie aus 10 \u00e4therischen \u00d6len, darunter H.E. Magnolia Michelia alba und ein CO2-Extrakt aus Jasmin SambacLire la suite<\/p>\n","protected":false},"featured_media":17997,"comment_status":"open","ping_status":"closed","template":"","meta":{"_acf_changed":false},"product_brand":[],"product_cat":[172,183,191,264,171,153],"product_tag":[],"giftcard-category":[],"class_list":{"0":"post-19484","1":"product","2":"type-product","3":"status-publish","4":"has-post-thumbnail","6":"product_cat-auswahl","7":"product_cat-boxen","8":"product_cat-love-mama-de","9":"product_cat-wohlbefinden-lifestyle","10":"product_cat-zen-momente","11":"product_cat-selection-de-noel","13":"first","14":"instock","15":"taxable","16":"shipping-taxable","17":"purchasable","18":"product-type-variable","19":"has-default-attributes","20":"wvs-pro-product","21":"wvs-pro-before-cart-button"},"acf":[],"yoast_head":"<!-- This site is optimized with the Yoast SEO plugin v26.8 - https:\/\/yoast.com\/product\/yoast-seo-wordpress\/ -->\n<title>DUO SPRAY LOSLASSEN UND KR\u00c4UTERTEE - L&#039;infuseur Paris<\/title>\n<meta name=\"robots\" content=\"index, follow, max-snippet:-1, max-image-preview:large, max-video-preview:-1\" \/>\n<link rel=\"canonical\" href=\"https:\/\/linfuseur.com\/de\/produit\/beutel-duo-serenite\/\" \/>\n<meta property=\"og:locale\" content=\"de_DE\" \/>\n<meta property=\"og:type\" content=\"article\" \/>\n<meta property=\"og:title\" content=\"DUO SPRAY LOSLASSEN UND KR\u00c4UTERTEE - L&#039;infuseur Paris\" \/>\n<meta property=\"og:description\" content=\"Dieses Set enth\u00e4lt: Eine Dose Kr\u00e4utertee ZEN Nr. 8 (70 g) Zusammensetzung: Apfelst\u00fccke, Kamillenbl\u00fcten, Chicoree, Thymian, Eisenkraut, Honeybush, Orangenbl\u00fctenbl\u00e4tter, Indisches Basilikum. Hergestellt in Frankreich. Ein Spray L\u00e2cher prise 100BON, um sich selbst oder die Umgebung zu beduften (30 ml) Synergie aus 10 \u00e4therischen \u00d6len, darunter H.E. Magnolia Michelia alba und ein CO2-Extrakt aus Jasmin SambacLire la suite\" \/>\n<meta property=\"og:url\" content=\"https:\/\/linfuseur.com\/de\/produit\/beutel-duo-serenite\/\" \/>\n<meta property=\"og:site_name\" content=\"L&#039;infuseur Paris\" \/>\n<meta property=\"article:modified_time\" content=\"2026-01-30T16:51:54+00:00\" \/>\n<meta property=\"og:image\" content=\"https:\/\/linfuseur.com\/wp-content\/uploads\/2022\/05\/pochon-duo-serenite-linfuseur.jpg\" \/>\n\t<meta property=\"og:image:width\" content=\"1600\" \/>\n\t<meta property=\"og:image:height\" content=\"1600\" \/>\n\t<meta property=\"og:image:type\" content=\"image\/jpeg\" \/>\n<script type=\"application\/ld+json\" class=\"yoast-schema-graph\">{\"@context\":\"https:\/\/schema.org\",\"@graph\":[{\"@type\":\"WebPage\",\"@id\":\"https:\/\/linfuseur.com\/de\/produit\/beutel-duo-serenite\/\",\"url\":\"https:\/\/linfuseur.com\/de\/produit\/beutel-duo-serenite\/\",\"name\":\"DUO SPRAY LOSLASSEN UND KR\u00c4UTERTEE - L&#039;infuseur Paris\",\"isPartOf\":{\"@id\":\"https:\/\/linfuseur.com\/de\/#website\"},\"primaryImageOfPage\":{\"@id\":\"https:\/\/linfuseur.com\/de\/produit\/beutel-duo-serenite\/#primaryimage\"},\"image\":{\"@id\":\"https:\/\/linfuseur.com\/de\/produit\/beutel-duo-serenite\/#primaryimage\"},\"thumbnailUrl\":\"https:\/\/linfuseur.com\/wp-content\/uploads\/2022\/05\/pochon-duo-serenite-linfuseur.jpg\",\"datePublished\":\"2022-05-31T08:03:50+00:00\",\"dateModified\":\"2026-01-30T16:51:54+00:00\",\"breadcrumb\":{\"@id\":\"https:\/\/linfuseur.com\/de\/produit\/beutel-duo-serenite\/#breadcrumb\"},\"inLanguage\":\"de\",\"potentialAction\":[{\"@type\":\"ReadAction\",\"target\":[\"https:\/\/linfuseur.com\/de\/produit\/beutel-duo-serenite\/\"]}]},{\"@type\":\"ImageObject\",\"inLanguage\":\"de\",\"@id\":\"https:\/\/linfuseur.com\/de\/produit\/beutel-duo-serenite\/#primaryimage\",\"url\":\"https:\/\/linfuseur.com\/wp-content\/uploads\/2022\/05\/pochon-duo-serenite-linfuseur.jpg\",\"contentUrl\":\"https:\/\/linfuseur.com\/wp-content\/uploads\/2022\/05\/pochon-duo-serenite-linfuseur.jpg\",\"width\":1600,\"height\":1600},{\"@type\":\"BreadcrumbList\",\"@id\":\"https:\/\/linfuseur.com\/de\/produit\/beutel-duo-serenite\/#breadcrumb\",\"itemListElement\":[{\"@type\":\"ListItem\",\"position\":1,\"name\":\"Home\",\"item\":\"https:\/\/linfuseur.com\/de\/\"},{\"@type\":\"ListItem\",\"position\":2,\"name\":\"Shop\",\"item\":\"https:\/\/linfuseur.com\/de\/shop\/\"},{\"@type\":\"ListItem\",\"position\":3,\"name\":\"Auswahl\",\"item\":\"https:\/\/linfuseur.com\/de\/categorie-produit\/auswahl\/\"},{\"@type\":\"ListItem\",\"position\":4,\"name\":\"DUO SPRAY LOSLASSEN UND KR\u00c4UTERTEE\"}]},{\"@type\":\"WebSite\",\"@id\":\"https:\/\/linfuseur.com\/de\/#website\",\"url\":\"https:\/\/linfuseur.com\/de\/\",\"name\":\"L'infuseur Paris\",\"description\":\"L&#039;infuseur Paris - Collection d&#039;infusions\",\"potentialAction\":[{\"@type\":\"SearchAction\",\"target\":{\"@type\":\"EntryPoint\",\"urlTemplate\":\"https:\/\/linfuseur.com\/de\/?s={search_term_string}\"},\"query-input\":{\"@type\":\"PropertyValueSpecification\",\"valueRequired\":true,\"valueName\":\"search_term_string\"}}],\"inLanguage\":\"de\"}]}<\/script>\n<!-- \/ Yoast SEO plugin. -->","yoast_head_json":{"title":"DUO SPRAY LOSLASSEN UND KR\u00c4UTERTEE - L&#039;infuseur Paris","robots":{"index":"index","follow":"follow","max-snippet":"max-snippet:-1","max-image-preview":"max-image-preview:large","max-video-preview":"max-video-preview:-1"},"canonical":"https:\/\/linfuseur.com\/de\/produit\/beutel-duo-serenite\/","og_locale":"de_DE","og_type":"article","og_title":"DUO SPRAY LOSLASSEN UND KR\u00c4UTERTEE - L&#039;infuseur Paris","og_description":"Dieses Set enth\u00e4lt: Eine Dose Kr\u00e4utertee ZEN Nr. 8 (70 g) Zusammensetzung: Apfelst\u00fccke, Kamillenbl\u00fcten, Chicoree, Thymian, Eisenkraut, Honeybush, Orangenbl\u00fctenbl\u00e4tter, Indisches Basilikum. Hergestellt in Frankreich. Ein Spray L\u00e2cher prise 100BON, um sich selbst oder die Umgebung zu beduften (30 ml) Synergie aus 10 \u00e4therischen \u00d6len, darunter H.E. Magnolia Michelia alba und ein CO2-Extrakt aus Jasmin SambacLire la suite","og_url":"https:\/\/linfuseur.com\/de\/produit\/beutel-duo-serenite\/","og_site_name":"L&#039;infuseur Paris","article_modified_time":"2026-01-30T16:51:54+00:00","og_image":[{"width":1600,"height":1600,"url":"https:\/\/linfuseur.com\/wp-content\/uploads\/2022\/05\/pochon-duo-serenite-linfuseur.jpg","type":"image\/jpeg"}],"schema":{"@context":"https:\/\/schema.org","@graph":[{"@type":"WebPage","@id":"https:\/\/linfuseur.com\/de\/produit\/beutel-duo-serenite\/","url":"https:\/\/linfuseur.com\/de\/produit\/beutel-duo-serenite\/","name":"DUO SPRAY LOSLASSEN UND KR\u00c4UTERTEE - L&#039;infuseur Paris","isPartOf":{"@id":"https:\/\/linfuseur.com\/de\/#website"},"primaryImageOfPage":{"@id":"https:\/\/linfuseur.com\/de\/produit\/beutel-duo-serenite\/#primaryimage"},"image":{"@id":"https:\/\/linfuseur.com\/de\/produit\/beutel-duo-serenite\/#primaryimage"},"thumbnailUrl":"https:\/\/linfuseur.com\/wp-content\/uploads\/2022\/05\/pochon-duo-serenite-linfuseur.jpg","datePublished":"2022-05-31T08:03:50+00:00","dateModified":"2026-01-30T16:51:54+00:00","breadcrumb":{"@id":"https:\/\/linfuseur.com\/de\/produit\/beutel-duo-serenite\/#breadcrumb"},"inLanguage":"de","potentialAction":[{"@type":"ReadAction","target":["https:\/\/linfuseur.com\/de\/produit\/beutel-duo-serenite\/"]}]},{"@type":"ImageObject","inLanguage":"de","@id":"https:\/\/linfuseur.com\/de\/produit\/beutel-duo-serenite\/#primaryimage","url":"https:\/\/linfuseur.com\/wp-content\/uploads\/2022\/05\/pochon-duo-serenite-linfuseur.jpg","contentUrl":"https:\/\/linfuseur.com\/wp-content\/uploads\/2022\/05\/pochon-duo-serenite-linfuseur.jpg","width":1600,"height":1600},{"@type":"BreadcrumbList","@id":"https:\/\/linfuseur.com\/de\/produit\/beutel-duo-serenite\/#breadcrumb","itemListElement":[{"@type":"ListItem","position":1,"name":"Home","item":"https:\/\/linfuseur.com\/de\/"},{"@type":"ListItem","position":2,"name":"Shop","item":"https:\/\/linfuseur.com\/de\/shop\/"},{"@type":"ListItem","position":3,"name":"Auswahl","item":"https:\/\/linfuseur.com\/de\/categorie-produit\/auswahl\/"},{"@type":"ListItem","position":4,"name":"DUO SPRAY LOSLASSEN UND KR\u00c4UTERTEE"}]},{"@type":"WebSite","@id":"https:\/\/linfuseur.com\/de\/#website","url":"https:\/\/linfuseur.com\/de\/","name":"L'infuseur Paris","description":"L&#039;infuseur Paris - Collection d&#039;infusions","potentialAction":[{"@type":"SearchAction","target":{"@type":"EntryPoint","urlTemplate":"https:\/\/linfuseur.com\/de\/?s={search_term_string}"},"query-input":{"@type":"PropertyValueSpecification","valueRequired":true,"valueName":"search_term_string"}}],"inLanguage":"de"}]}},"_links":{"self":[{"href":"https:\/\/linfuseur.com\/de\/wp-json\/wp\/v2\/product\/19484","targetHints":{"allow":["GET"]}}],"collection":[{"href":"https:\/\/linfuseur.com\/de\/wp-json\/wp\/v2\/product"}],"about":[{"href":"https:\/\/linfuseur.com\/de\/wp-json\/wp\/v2\/types\/product"}],"replies":[{"embeddable":true,"href":"https:\/\/linfuseur.com\/de\/wp-json\/wp\/v2\/comments?post=19484"}],"wp:featuredmedia":[{"embeddable":true,"href":"https:\/\/linfuseur.com\/de\/wp-json\/wp\/v2\/media\/17997"}],"wp:attachment":[{"href":"https:\/\/linfuseur.com\/de\/wp-json\/wp\/v2\/media?parent=19484"}],"wp:term":[{"taxonomy":"product_brand","embeddable":true,"href":"https:\/\/linfuseur.com\/de\/wp-json\/wp\/v2\/product_brand?post=19484"},{"taxonomy":"product_cat","embeddable":true,"href":"https:\/\/linfuseur.com\/de\/wp-json\/wp\/v2\/product_cat?post=19484"},{"taxonomy":"product_tag","embeddable":true,"href":"https:\/\/linfuseur.com\/de\/wp-json\/wp\/v2\/product_tag?post=19484"},{"taxonomy":"giftcard-category","embeddable":true,"href":"https:\/\/linfuseur.com\/de\/wp-json\/wp\/v2\/giftcard-category?post=19484"}],"curies":[{"name":"wp","href":"https:\/\/api.w.org\/{rel}","templated":true}]}}