{"id":19500,"date":"2022-10-13T12:28:08","date_gmt":"2022-10-13T12:28:08","guid":{"rendered":"https:\/\/linfuseur.com\/produit\/19500\/"},"modified":"2026-01-30T16:51:28","modified_gmt":"2026-01-30T16:51:28","slug":"rooibos-vanille-bio-n31","status":"publish","type":"product","link":"https:\/\/linfuseur.com\/de\/produit\/rooibos-vanille-bio-n31\/","title":{"rendered":"Rooibos Vanille BIO Nr. 31"},"content":{"rendered":"<p><span style=\"font-weight: 400;\">L&#8217;infuseur empfiehlt, einen Teel\u00f6ffel Rooibos pro Person in Ihre Teekanne zu geben. Gie\u00dfen Sie k\u00f6chelndes Wasser (95 \u00b0C) dar\u00fcber, lassen Sie ihn 5 Minuten ziehen und filtern Sie ihn anschlie\u00dfend.  <\/span><\/p>\n<p><span style=\"font-weight: 400;\">Da er kein Teein enth\u00e4lt, kann er den ganzen Tag \u00fcber getrunken werden.  <\/span><\/p>\n<p><span style=\"font-weight: 400;\">60 Gramm = 30 Tassen.  <\/span><\/p>\n","protected":false},"excerpt":{"rendered":"<p>L&#8217;infuseur empfiehlt, einen Teel\u00f6ffel Rooibos pro Person in Ihre Teekanne zu geben. Gie\u00dfen Sie k\u00f6chelndes Wasser (95 \u00b0C) dar\u00fcber, lassen Sie ihn 5 Minuten ziehen und filtern Sie ihn anschlie\u00dfend. Da er kein Teein enth\u00e4lt, kann er den ganzen Tag \u00fcber getrunken werden. 60 Gramm = 30 Tassen.<\/p>\n","protected":false},"featured_media":18105,"comment_status":"open","ping_status":"closed","template":"","meta":{"_acf_changed":false},"product_brand":[],"product_cat":[172,232,173,191,176,158,153,157,154],"product_tag":[],"giftcard-category":[],"class_list":{"0":"post-19500","1":"product","2":"type-product","3":"status-publish","4":"has-post-thumbnail","6":"product_cat-auswahl","7":"product_cat-fall-must-have--de","8":"product_cat-herbstauswahl","9":"product_cat-love-mama-de","10":"product_cat-winterauswahl","11":"product_cat-collection-de","12":"product_cat-selection-de-noel","13":"product_cat-infuseur-de","14":"product_cat-krautertees","16":"first","17":"instock","18":"taxable","19":"shipping-taxable","20":"purchasable","21":"product-type-variable","22":"has-default-attributes","23":"wvs-pro-product","24":"wvs-pro-before-cart-button"},"acf":[],"yoast_head":"<!-- This site is optimized with the Yoast SEO plugin v26.8 - https:\/\/yoast.com\/product\/yoast-seo-wordpress\/ -->\n<title>Rooibos Vanille BIO Nr. 31 - L&#039;infuseur Paris<\/title>\n<meta name=\"robots\" content=\"index, follow, max-snippet:-1, max-image-preview:large, max-video-preview:-1\" \/>\n<link rel=\"canonical\" href=\"https:\/\/linfuseur.com\/de\/produit\/rooibos-vanille-bio-n31\/\" \/>\n<meta property=\"og:locale\" content=\"de_DE\" \/>\n<meta property=\"og:type\" content=\"article\" \/>\n<meta property=\"og:title\" content=\"Rooibos Vanille BIO Nr. 31 - L&#039;infuseur Paris\" \/>\n<meta property=\"og:description\" content=\"L&#8217;infuseur empfiehlt, einen Teel\u00f6ffel Rooibos pro Person in Ihre Teekanne zu geben. Gie\u00dfen Sie k\u00f6chelndes Wasser (95 \u00b0C) dar\u00fcber, lassen Sie ihn 5 Minuten ziehen und filtern Sie ihn anschlie\u00dfend. Da er kein Teein enth\u00e4lt, kann er den ganzen Tag \u00fcber getrunken werden. 60 Gramm = 30 Tassen.\" \/>\n<meta property=\"og:url\" content=\"https:\/\/linfuseur.com\/de\/produit\/rooibos-vanille-bio-n31\/\" \/>\n<meta property=\"og:site_name\" content=\"L&#039;infuseur Paris\" \/>\n<meta property=\"article:modified_time\" content=\"2026-01-30T16:51:28+00:00\" \/>\n<meta property=\"og:image\" content=\"https:\/\/linfuseur.com\/wp-content\/uploads\/2022\/10\/infusion-rooibos-vanille-linfuseur.jpg\" \/>\n\t<meta property=\"og:image:width\" content=\"1600\" \/>\n\t<meta property=\"og:image:height\" content=\"1600\" \/>\n\t<meta property=\"og:image:type\" content=\"image\/jpeg\" \/>\n<script type=\"application\/ld+json\" class=\"yoast-schema-graph\">{\"@context\":\"https:\/\/schema.org\",\"@graph\":[{\"@type\":\"WebPage\",\"@id\":\"https:\/\/linfuseur.com\/de\/produit\/rooibos-vanille-bio-n31\/\",\"url\":\"https:\/\/linfuseur.com\/de\/produit\/rooibos-vanille-bio-n31\/\",\"name\":\"Rooibos Vanille BIO Nr. 31 - L&#039;infuseur Paris\",\"isPartOf\":{\"@id\":\"https:\/\/linfuseur.com\/de\/#website\"},\"primaryImageOfPage\":{\"@id\":\"https:\/\/linfuseur.com\/de\/produit\/rooibos-vanille-bio-n31\/#primaryimage\"},\"image\":{\"@id\":\"https:\/\/linfuseur.com\/de\/produit\/rooibos-vanille-bio-n31\/#primaryimage\"},\"thumbnailUrl\":\"https:\/\/linfuseur.com\/wp-content\/uploads\/2022\/10\/infusion-rooibos-vanille-linfuseur.jpg\",\"datePublished\":\"2022-10-13T12:28:08+00:00\",\"dateModified\":\"2026-01-30T16:51:28+00:00\",\"breadcrumb\":{\"@id\":\"https:\/\/linfuseur.com\/de\/produit\/rooibos-vanille-bio-n31\/#breadcrumb\"},\"inLanguage\":\"de\",\"potentialAction\":[{\"@type\":\"ReadAction\",\"target\":[\"https:\/\/linfuseur.com\/de\/produit\/rooibos-vanille-bio-n31\/\"]}]},{\"@type\":\"ImageObject\",\"inLanguage\":\"de\",\"@id\":\"https:\/\/linfuseur.com\/de\/produit\/rooibos-vanille-bio-n31\/#primaryimage\",\"url\":\"https:\/\/linfuseur.com\/wp-content\/uploads\/2022\/10\/infusion-rooibos-vanille-linfuseur.jpg\",\"contentUrl\":\"https:\/\/linfuseur.com\/wp-content\/uploads\/2022\/10\/infusion-rooibos-vanille-linfuseur.jpg\",\"width\":1600,\"height\":1600},{\"@type\":\"BreadcrumbList\",\"@id\":\"https:\/\/linfuseur.com\/de\/produit\/rooibos-vanille-bio-n31\/#breadcrumb\",\"itemListElement\":[{\"@type\":\"ListItem\",\"position\":1,\"name\":\"Home\",\"item\":\"https:\/\/linfuseur.com\/de\/\"},{\"@type\":\"ListItem\",\"position\":2,\"name\":\"Shop\",\"item\":\"https:\/\/linfuseur.com\/de\/shop\/\"},{\"@type\":\"ListItem\",\"position\":3,\"name\":\"Auswahl\",\"item\":\"https:\/\/linfuseur.com\/de\/categorie-produit\/auswahl\/\"},{\"@type\":\"ListItem\",\"position\":4,\"name\":\"Rooibos Vanille BIO Nr. 31\"}]},{\"@type\":\"WebSite\",\"@id\":\"https:\/\/linfuseur.com\/de\/#website\",\"url\":\"https:\/\/linfuseur.com\/de\/\",\"name\":\"L'infuseur Paris\",\"description\":\"L&#039;infuseur Paris - Collection d&#039;infusions\",\"potentialAction\":[{\"@type\":\"SearchAction\",\"target\":{\"@type\":\"EntryPoint\",\"urlTemplate\":\"https:\/\/linfuseur.com\/de\/?s={search_term_string}\"},\"query-input\":{\"@type\":\"PropertyValueSpecification\",\"valueRequired\":true,\"valueName\":\"search_term_string\"}}],\"inLanguage\":\"de\"}]}<\/script>\n<!-- \/ Yoast SEO plugin. -->","yoast_head_json":{"title":"Rooibos Vanille BIO Nr. 31 - L&#039;infuseur Paris","robots":{"index":"index","follow":"follow","max-snippet":"max-snippet:-1","max-image-preview":"max-image-preview:large","max-video-preview":"max-video-preview:-1"},"canonical":"https:\/\/linfuseur.com\/de\/produit\/rooibos-vanille-bio-n31\/","og_locale":"de_DE","og_type":"article","og_title":"Rooibos Vanille BIO Nr. 31 - L&#039;infuseur Paris","og_description":"L&#8217;infuseur empfiehlt, einen Teel\u00f6ffel Rooibos pro Person in Ihre Teekanne zu geben. Gie\u00dfen Sie k\u00f6chelndes Wasser (95 \u00b0C) dar\u00fcber, lassen Sie ihn 5 Minuten ziehen und filtern Sie ihn anschlie\u00dfend. Da er kein Teein enth\u00e4lt, kann er den ganzen Tag \u00fcber getrunken werden. 60 Gramm = 30 Tassen.","og_url":"https:\/\/linfuseur.com\/de\/produit\/rooibos-vanille-bio-n31\/","og_site_name":"L&#039;infuseur Paris","article_modified_time":"2026-01-30T16:51:28+00:00","og_image":[{"width":1600,"height":1600,"url":"https:\/\/linfuseur.com\/wp-content\/uploads\/2022\/10\/infusion-rooibos-vanille-linfuseur.jpg","type":"image\/jpeg"}],"schema":{"@context":"https:\/\/schema.org","@graph":[{"@type":"WebPage","@id":"https:\/\/linfuseur.com\/de\/produit\/rooibos-vanille-bio-n31\/","url":"https:\/\/linfuseur.com\/de\/produit\/rooibos-vanille-bio-n31\/","name":"Rooibos Vanille BIO Nr. 31 - L&#039;infuseur Paris","isPartOf":{"@id":"https:\/\/linfuseur.com\/de\/#website"},"primaryImageOfPage":{"@id":"https:\/\/linfuseur.com\/de\/produit\/rooibos-vanille-bio-n31\/#primaryimage"},"image":{"@id":"https:\/\/linfuseur.com\/de\/produit\/rooibos-vanille-bio-n31\/#primaryimage"},"thumbnailUrl":"https:\/\/linfuseur.com\/wp-content\/uploads\/2022\/10\/infusion-rooibos-vanille-linfuseur.jpg","datePublished":"2022-10-13T12:28:08+00:00","dateModified":"2026-01-30T16:51:28+00:00","breadcrumb":{"@id":"https:\/\/linfuseur.com\/de\/produit\/rooibos-vanille-bio-n31\/#breadcrumb"},"inLanguage":"de","potentialAction":[{"@type":"ReadAction","target":["https:\/\/linfuseur.com\/de\/produit\/rooibos-vanille-bio-n31\/"]}]},{"@type":"ImageObject","inLanguage":"de","@id":"https:\/\/linfuseur.com\/de\/produit\/rooibos-vanille-bio-n31\/#primaryimage","url":"https:\/\/linfuseur.com\/wp-content\/uploads\/2022\/10\/infusion-rooibos-vanille-linfuseur.jpg","contentUrl":"https:\/\/linfuseur.com\/wp-content\/uploads\/2022\/10\/infusion-rooibos-vanille-linfuseur.jpg","width":1600,"height":1600},{"@type":"BreadcrumbList","@id":"https:\/\/linfuseur.com\/de\/produit\/rooibos-vanille-bio-n31\/#breadcrumb","itemListElement":[{"@type":"ListItem","position":1,"name":"Home","item":"https:\/\/linfuseur.com\/de\/"},{"@type":"ListItem","position":2,"name":"Shop","item":"https:\/\/linfuseur.com\/de\/shop\/"},{"@type":"ListItem","position":3,"name":"Auswahl","item":"https:\/\/linfuseur.com\/de\/categorie-produit\/auswahl\/"},{"@type":"ListItem","position":4,"name":"Rooibos Vanille BIO Nr. 31"}]},{"@type":"WebSite","@id":"https:\/\/linfuseur.com\/de\/#website","url":"https:\/\/linfuseur.com\/de\/","name":"L'infuseur Paris","description":"L&#039;infuseur Paris - Collection d&#039;infusions","potentialAction":[{"@type":"SearchAction","target":{"@type":"EntryPoint","urlTemplate":"https:\/\/linfuseur.com\/de\/?s={search_term_string}"},"query-input":{"@type":"PropertyValueSpecification","valueRequired":true,"valueName":"search_term_string"}}],"inLanguage":"de"}]}},"_links":{"self":[{"href":"https:\/\/linfuseur.com\/de\/wp-json\/wp\/v2\/product\/19500","targetHints":{"allow":["GET"]}}],"collection":[{"href":"https:\/\/linfuseur.com\/de\/wp-json\/wp\/v2\/product"}],"about":[{"href":"https:\/\/linfuseur.com\/de\/wp-json\/wp\/v2\/types\/product"}],"replies":[{"embeddable":true,"href":"https:\/\/linfuseur.com\/de\/wp-json\/wp\/v2\/comments?post=19500"}],"wp:featuredmedia":[{"embeddable":true,"href":"https:\/\/linfuseur.com\/de\/wp-json\/wp\/v2\/media\/18105"}],"wp:attachment":[{"href":"https:\/\/linfuseur.com\/de\/wp-json\/wp\/v2\/media?parent=19500"}],"wp:term":[{"taxonomy":"product_brand","embeddable":true,"href":"https:\/\/linfuseur.com\/de\/wp-json\/wp\/v2\/product_brand?post=19500"},{"taxonomy":"product_cat","embeddable":true,"href":"https:\/\/linfuseur.com\/de\/wp-json\/wp\/v2\/product_cat?post=19500"},{"taxonomy":"product_tag","embeddable":true,"href":"https:\/\/linfuseur.com\/de\/wp-json\/wp\/v2\/product_tag?post=19500"},{"taxonomy":"giftcard-category","embeddable":true,"href":"https:\/\/linfuseur.com\/de\/wp-json\/wp\/v2\/giftcard-category?post=19500"}],"curies":[{"name":"wp","href":"https:\/\/api.w.org\/{rel}","templated":true}]}}