{"id":19509,"date":"2022-10-11T13:21:01","date_gmt":"2022-10-11T13:21:01","guid":{"rendered":"https:\/\/linfuseur.com\/produit\/19509\/"},"modified":"2026-01-30T16:51:27","modified_gmt":"2026-01-30T16:51:27","slug":"entdeckungstasche-6-lose-krautertees","status":"publish","type":"product","link":"https:\/\/linfuseur.com\/de\/produit\/entdeckungstasche-6-lose-krautertees\/","title":{"rendered":"Entdeckungstasche 6 lose Kr\u00e4utertees"},"content":{"rendered":"<p><span style=\"font-weight: 400;\">Dieses Entdeckungsset enth\u00e4lt:  <\/span><\/p>\n<ul>\n<li><b><b>1 L&#8217;infuseur-Beutel<\/b><\/b><\/li>\n<li><b style=\"color: #555555;\">1 Doypack Kr\u00e4utertee Ligne Nr. 1 (13 gr):<br \/>\n<\/b>Note: Lemongrass &#8211; Rooibos<br \/>\nOhne Teein<br \/>\nHei\u00df oder kalt<br \/>\nMorgens \/ tags\u00fcber \/ abends<br \/>\n5 &#8211; 95&nbsp;\u00b0C<\/li>\n<\/ul>\n<ul>\n<li><b>1 doypack Kr\u00e4utertee Calme Nr. 2 (13 gr) :<br \/>\n<\/b>Note: Honig &#8211; Orangenbl\u00fcte &#8211; Eisenkraut<br \/>\nOhne Teein<br \/>\nHei\u00df<br \/>\nMorgens \/ tags\u00fcber \/ abends<br \/>\n5 bis 7 min &#8211; 95&nbsp;\u00b0C<\/li>\n<\/ul>\n<ul>\n<li><b>1 doypack Kr\u00e4utertee Digestif Nr. 3 (13 gr) :<br \/>\n<\/b>Note: Thymian &#8211; Rosmarin<br \/>\nOhne Teein<br \/>\nHei\u00df<br \/>\nMorgens \/ tags\u00fcber \/ abends<\/li>\n<\/ul>\n<ul>\n<li><b>1 doypack Kr\u00e4utertee Tonique Nr. 4 (13 gr):<br \/>\n<\/b>Note: Minze &#8211; Zitrusfr\u00fcchte &#8211; Gew\u00fcrze<br \/>\nHei\u00df, kalt oder Latte<br \/>\nMorgens \/ tags\u00fcber<br \/>\n5 bis 7 min &#8211; 95&nbsp;\u00b0C<\/li>\n<\/ul>\n<ul>\n<li><b>1 doypack Kr\u00e4utertee D\u00e9lice Nr. 5 (13 gr) :<br \/>\n<\/b>Note: Zitronenverbene &#8211; Majoran<br \/>\nOhne Teein<br \/>\nHei\u00df<br \/>\nMorgens \/ tags\u00fcber \/ abends<br \/>\n5 bis 7 min &#8211; 95&nbsp;\u00b0C<\/li>\n<\/ul>\n<ul>\n<li><b>1 doypack Kr\u00e4utertee D\u00e9tox Nr. 6 (13 gr) :<br \/>\n<\/b>Note: Schwarze Johannisbeere &#8211; Hibiskus &#8211; Zitronengras<br \/>\nHei\u00df oder kalt<br \/>\nMorgens \/ tags\u00fcber<br \/>\n5 bis 7 min &#8211; 95&nbsp;\u00b0C<\/li>\n<\/ul>\n<p><b>Hergestellt in Frankreich.  <\/b><\/p>\n","protected":false},"excerpt":{"rendered":"<p>Dieses Entdeckungsset enth\u00e4lt: 1 L&#8217;infuseur-Beutel 1 Doypack Kr\u00e4utertee Ligne Nr. 1 (13 gr): Note: Lemongrass &#8211; Rooibos Ohne Teein Hei\u00df oder kalt Morgens \/ tags\u00fcber \/ abends 5 &#8211; 95&nbsp;\u00b0C 1 doypack Kr\u00e4utertee Calme Nr. 2 (13 gr) : Note: Honig &#8211; Orangenbl\u00fcte &#8211; Eisenkraut Ohne Teein Hei\u00df Morgens \/ tags\u00fcber \/ abends 5 bisLire la suite<\/p>\n","protected":false},"featured_media":18111,"comment_status":"open","ping_status":"closed","template":"","meta":{"_acf_changed":false},"product_brand":[],"product_cat":[183,173,153,157,154],"product_tag":[],"giftcard-category":[],"class_list":{"0":"post-19509","1":"product","2":"type-product","3":"status-publish","4":"has-post-thumbnail","6":"product_cat-boxen","7":"product_cat-herbstauswahl","8":"product_cat-selection-de-noel","9":"product_cat-infuseur-de","10":"product_cat-krautertees","12":"first","13":"instock","14":"taxable","15":"shipping-taxable","16":"purchasable","17":"product-type-variable","18":"has-default-attributes","19":"wvs-pro-product","20":"wvs-pro-before-cart-button"},"acf":[],"yoast_head":"<!-- This site is optimized with the Yoast SEO plugin v26.8 - https:\/\/yoast.com\/product\/yoast-seo-wordpress\/ -->\n<title>Entdeckungstasche 6 lose Kr\u00e4utertees - L&#039;infuseur Paris<\/title>\n<meta name=\"robots\" content=\"index, follow, max-snippet:-1, max-image-preview:large, max-video-preview:-1\" \/>\n<link rel=\"canonical\" href=\"https:\/\/linfuseur.com\/de\/produit\/entdeckungstasche-6-lose-krautertees\/\" \/>\n<meta property=\"og:locale\" content=\"de_DE\" \/>\n<meta property=\"og:type\" content=\"article\" \/>\n<meta property=\"og:title\" content=\"Entdeckungstasche 6 lose Kr\u00e4utertees - L&#039;infuseur Paris\" \/>\n<meta property=\"og:description\" content=\"Dieses Entdeckungsset enth\u00e4lt: 1 L&#8217;infuseur-Beutel 1 Doypack Kr\u00e4utertee Ligne Nr. 1 (13 gr): Note: Lemongrass &#8211; Rooibos Ohne Teein Hei\u00df oder kalt Morgens \/ tags\u00fcber \/ abends 5 &#8211; 95&nbsp;\u00b0C 1 doypack Kr\u00e4utertee Calme Nr. 2 (13 gr) : Note: Honig &#8211; Orangenbl\u00fcte &#8211; Eisenkraut Ohne Teein Hei\u00df Morgens \/ tags\u00fcber \/ abends 5 bisLire la suite\" \/>\n<meta property=\"og:url\" content=\"https:\/\/linfuseur.com\/de\/produit\/entdeckungstasche-6-lose-krautertees\/\" \/>\n<meta property=\"og:site_name\" content=\"L&#039;infuseur Paris\" \/>\n<meta property=\"article:modified_time\" content=\"2026-01-30T16:51:27+00:00\" \/>\n<meta property=\"og:image\" content=\"https:\/\/linfuseur.com\/wp-content\/uploads\/2022\/10\/pochon-decouverte-infusion-linfuseur.jpg\" \/>\n\t<meta property=\"og:image:width\" content=\"1600\" \/>\n\t<meta property=\"og:image:height\" content=\"1600\" \/>\n\t<meta property=\"og:image:type\" content=\"image\/jpeg\" \/>\n<meta name=\"twitter:label1\" content=\"Gesch\u00e4tzte Lesezeit\" \/>\n\t<meta name=\"twitter:data1\" content=\"1\u00a0Minute\" \/>\n<script type=\"application\/ld+json\" class=\"yoast-schema-graph\">{\"@context\":\"https:\/\/schema.org\",\"@graph\":[{\"@type\":\"WebPage\",\"@id\":\"https:\/\/linfuseur.com\/de\/produit\/entdeckungstasche-6-lose-krautertees\/\",\"url\":\"https:\/\/linfuseur.com\/de\/produit\/entdeckungstasche-6-lose-krautertees\/\",\"name\":\"Entdeckungstasche 6 lose Kr\u00e4utertees - L&#039;infuseur Paris\",\"isPartOf\":{\"@id\":\"https:\/\/linfuseur.com\/de\/#website\"},\"primaryImageOfPage\":{\"@id\":\"https:\/\/linfuseur.com\/de\/produit\/entdeckungstasche-6-lose-krautertees\/#primaryimage\"},\"image\":{\"@id\":\"https:\/\/linfuseur.com\/de\/produit\/entdeckungstasche-6-lose-krautertees\/#primaryimage\"},\"thumbnailUrl\":\"https:\/\/linfuseur.com\/wp-content\/uploads\/2022\/10\/pochon-decouverte-infusion-linfuseur.jpg\",\"datePublished\":\"2022-10-11T13:21:01+00:00\",\"dateModified\":\"2026-01-30T16:51:27+00:00\",\"breadcrumb\":{\"@id\":\"https:\/\/linfuseur.com\/de\/produit\/entdeckungstasche-6-lose-krautertees\/#breadcrumb\"},\"inLanguage\":\"de\",\"potentialAction\":[{\"@type\":\"ReadAction\",\"target\":[\"https:\/\/linfuseur.com\/de\/produit\/entdeckungstasche-6-lose-krautertees\/\"]}]},{\"@type\":\"ImageObject\",\"inLanguage\":\"de\",\"@id\":\"https:\/\/linfuseur.com\/de\/produit\/entdeckungstasche-6-lose-krautertees\/#primaryimage\",\"url\":\"https:\/\/linfuseur.com\/wp-content\/uploads\/2022\/10\/pochon-decouverte-infusion-linfuseur.jpg\",\"contentUrl\":\"https:\/\/linfuseur.com\/wp-content\/uploads\/2022\/10\/pochon-decouverte-infusion-linfuseur.jpg\",\"width\":1600,\"height\":1600},{\"@type\":\"BreadcrumbList\",\"@id\":\"https:\/\/linfuseur.com\/de\/produit\/entdeckungstasche-6-lose-krautertees\/#breadcrumb\",\"itemListElement\":[{\"@type\":\"ListItem\",\"position\":1,\"name\":\"Home\",\"item\":\"https:\/\/linfuseur.com\/de\/\"},{\"@type\":\"ListItem\",\"position\":2,\"name\":\"Shop\",\"item\":\"https:\/\/linfuseur.com\/de\/shop\/\"},{\"@type\":\"ListItem\",\"position\":3,\"name\":\"Boxen\",\"item\":\"https:\/\/linfuseur.com\/de\/categorie-produit\/boxen\/\"},{\"@type\":\"ListItem\",\"position\":4,\"name\":\"Entdeckungstasche 6 lose Kr\u00e4utertees\"}]},{\"@type\":\"WebSite\",\"@id\":\"https:\/\/linfuseur.com\/de\/#website\",\"url\":\"https:\/\/linfuseur.com\/de\/\",\"name\":\"L'infuseur Paris\",\"description\":\"L&#039;infuseur Paris - Collection d&#039;infusions\",\"potentialAction\":[{\"@type\":\"SearchAction\",\"target\":{\"@type\":\"EntryPoint\",\"urlTemplate\":\"https:\/\/linfuseur.com\/de\/?s={search_term_string}\"},\"query-input\":{\"@type\":\"PropertyValueSpecification\",\"valueRequired\":true,\"valueName\":\"search_term_string\"}}],\"inLanguage\":\"de\"}]}<\/script>\n<!-- \/ Yoast SEO plugin. -->","yoast_head_json":{"title":"Entdeckungstasche 6 lose Kr\u00e4utertees - L&#039;infuseur Paris","robots":{"index":"index","follow":"follow","max-snippet":"max-snippet:-1","max-image-preview":"max-image-preview:large","max-video-preview":"max-video-preview:-1"},"canonical":"https:\/\/linfuseur.com\/de\/produit\/entdeckungstasche-6-lose-krautertees\/","og_locale":"de_DE","og_type":"article","og_title":"Entdeckungstasche 6 lose Kr\u00e4utertees - L&#039;infuseur Paris","og_description":"Dieses Entdeckungsset enth\u00e4lt: 1 L&#8217;infuseur-Beutel 1 Doypack Kr\u00e4utertee Ligne Nr. 1 (13 gr): Note: Lemongrass &#8211; Rooibos Ohne Teein Hei\u00df oder kalt Morgens \/ tags\u00fcber \/ abends 5 &#8211; 95&nbsp;\u00b0C 1 doypack Kr\u00e4utertee Calme Nr. 2 (13 gr) : Note: Honig &#8211; Orangenbl\u00fcte &#8211; Eisenkraut Ohne Teein Hei\u00df Morgens \/ tags\u00fcber \/ abends 5 bisLire la suite","og_url":"https:\/\/linfuseur.com\/de\/produit\/entdeckungstasche-6-lose-krautertees\/","og_site_name":"L&#039;infuseur Paris","article_modified_time":"2026-01-30T16:51:27+00:00","og_image":[{"width":1600,"height":1600,"url":"https:\/\/linfuseur.com\/wp-content\/uploads\/2022\/10\/pochon-decouverte-infusion-linfuseur.jpg","type":"image\/jpeg"}],"twitter_misc":{"Gesch\u00e4tzte Lesezeit":"1\u00a0Minute"},"schema":{"@context":"https:\/\/schema.org","@graph":[{"@type":"WebPage","@id":"https:\/\/linfuseur.com\/de\/produit\/entdeckungstasche-6-lose-krautertees\/","url":"https:\/\/linfuseur.com\/de\/produit\/entdeckungstasche-6-lose-krautertees\/","name":"Entdeckungstasche 6 lose Kr\u00e4utertees - L&#039;infuseur Paris","isPartOf":{"@id":"https:\/\/linfuseur.com\/de\/#website"},"primaryImageOfPage":{"@id":"https:\/\/linfuseur.com\/de\/produit\/entdeckungstasche-6-lose-krautertees\/#primaryimage"},"image":{"@id":"https:\/\/linfuseur.com\/de\/produit\/entdeckungstasche-6-lose-krautertees\/#primaryimage"},"thumbnailUrl":"https:\/\/linfuseur.com\/wp-content\/uploads\/2022\/10\/pochon-decouverte-infusion-linfuseur.jpg","datePublished":"2022-10-11T13:21:01+00:00","dateModified":"2026-01-30T16:51:27+00:00","breadcrumb":{"@id":"https:\/\/linfuseur.com\/de\/produit\/entdeckungstasche-6-lose-krautertees\/#breadcrumb"},"inLanguage":"de","potentialAction":[{"@type":"ReadAction","target":["https:\/\/linfuseur.com\/de\/produit\/entdeckungstasche-6-lose-krautertees\/"]}]},{"@type":"ImageObject","inLanguage":"de","@id":"https:\/\/linfuseur.com\/de\/produit\/entdeckungstasche-6-lose-krautertees\/#primaryimage","url":"https:\/\/linfuseur.com\/wp-content\/uploads\/2022\/10\/pochon-decouverte-infusion-linfuseur.jpg","contentUrl":"https:\/\/linfuseur.com\/wp-content\/uploads\/2022\/10\/pochon-decouverte-infusion-linfuseur.jpg","width":1600,"height":1600},{"@type":"BreadcrumbList","@id":"https:\/\/linfuseur.com\/de\/produit\/entdeckungstasche-6-lose-krautertees\/#breadcrumb","itemListElement":[{"@type":"ListItem","position":1,"name":"Home","item":"https:\/\/linfuseur.com\/de\/"},{"@type":"ListItem","position":2,"name":"Shop","item":"https:\/\/linfuseur.com\/de\/shop\/"},{"@type":"ListItem","position":3,"name":"Boxen","item":"https:\/\/linfuseur.com\/de\/categorie-produit\/boxen\/"},{"@type":"ListItem","position":4,"name":"Entdeckungstasche 6 lose Kr\u00e4utertees"}]},{"@type":"WebSite","@id":"https:\/\/linfuseur.com\/de\/#website","url":"https:\/\/linfuseur.com\/de\/","name":"L'infuseur Paris","description":"L&#039;infuseur Paris - Collection d&#039;infusions","potentialAction":[{"@type":"SearchAction","target":{"@type":"EntryPoint","urlTemplate":"https:\/\/linfuseur.com\/de\/?s={search_term_string}"},"query-input":{"@type":"PropertyValueSpecification","valueRequired":true,"valueName":"search_term_string"}}],"inLanguage":"de"}]}},"_links":{"self":[{"href":"https:\/\/linfuseur.com\/de\/wp-json\/wp\/v2\/product\/19509","targetHints":{"allow":["GET"]}}],"collection":[{"href":"https:\/\/linfuseur.com\/de\/wp-json\/wp\/v2\/product"}],"about":[{"href":"https:\/\/linfuseur.com\/de\/wp-json\/wp\/v2\/types\/product"}],"replies":[{"embeddable":true,"href":"https:\/\/linfuseur.com\/de\/wp-json\/wp\/v2\/comments?post=19509"}],"wp:featuredmedia":[{"embeddable":true,"href":"https:\/\/linfuseur.com\/de\/wp-json\/wp\/v2\/media\/18111"}],"wp:attachment":[{"href":"https:\/\/linfuseur.com\/de\/wp-json\/wp\/v2\/media?parent=19509"}],"wp:term":[{"taxonomy":"product_brand","embeddable":true,"href":"https:\/\/linfuseur.com\/de\/wp-json\/wp\/v2\/product_brand?post=19509"},{"taxonomy":"product_cat","embeddable":true,"href":"https:\/\/linfuseur.com\/de\/wp-json\/wp\/v2\/product_cat?post=19509"},{"taxonomy":"product_tag","embeddable":true,"href":"https:\/\/linfuseur.com\/de\/wp-json\/wp\/v2\/product_tag?post=19509"},{"taxonomy":"giftcard-category","embeddable":true,"href":"https:\/\/linfuseur.com\/de\/wp-json\/wp\/v2\/giftcard-category?post=19509"}],"curies":[{"name":"wp","href":"https:\/\/api.w.org\/{rel}","templated":true}]}}