{"id":19516,"date":"2020-11-09T17:51:59","date_gmt":"2020-11-09T17:51:59","guid":{"rendered":"https:\/\/linfuseur.com\/produit\/19516\/"},"modified":"2026-03-11T14:58:07","modified_gmt":"2026-03-11T14:58:07","slug":"box-kollektion-krautertees","status":"publish","type":"product","link":"https:\/\/linfuseur.com\/de\/produit\/box-kollektion-krautertees\/","title":{"rendered":"Das Set \u201eCollection d&#8217;infusions\u201c"},"content":{"rendered":"<p><strong>Zusammensetzung<\/strong><br \/>\n&#8211; 6 Beutel <a href=\"https:\/\/linfuseur.com\/produit\/infusion-ligne\/\">Kr\u00e4utertee LIGNE<\/a><br \/>\nDieser Kr\u00e4utertee mit Noten von Rooibos und Zitronengras ist eine Quelle des Wohlbefindens und sorgt daf\u00fcr, dass Sie den ganzen Tag hydriert und entschlackt bleiben.<\/p>\n<p>&#8211; 6 Beutel <a href=\"https:\/\/linfuseur.com\/produit\/infusion-calme\/\">Kr\u00e4utertee CALME<\/a>.<br \/>\nGenie\u00dfen Sie die Noten von Honig, Orangenbl\u00fcte und Eisenkraut in dieser Mischung f\u00fcr eine sanfte und entspannende Pause.<\/p>\n<p>&#8211; 6 Beutel <a href=\"https:\/\/linfuseur.com\/produit\/infusion-digestif\/\"> Kr\u00e4utertee DIGESTIF<\/a>.<br \/>\nDer Tee DIGESTIF ist ideal nach dem Essen und vereint die Vorteile von Thymian und Rosmarin f\u00fcr eine bessere Verdauung.<\/p>\n<p>&#8211; 6 Beutel <a href=\"https:\/\/linfuseur.com\/produit\/infusion-tonique\/\">Kr\u00e4utertee TONIQUE<\/a>.<br \/>\nDer Kr\u00e4utertee TONIQUE vereint die Vorteile von Minze und Zitrusfr\u00fcchten zu einer Mischung, die Sie in Form bringt!<\/p>\n<p>&#8211; 6 Beutel <a href=\"https:\/\/linfuseur.com\/produit\/infusion-delice\/\">Kr\u00e4utertee D\u00c9LICE<\/a><br \/>\nDer Kr\u00e4utertee D\u00c9LICE mit seinen Noten von Eisenkraut und Majoran sorgt f\u00fcr wohlschmeckende, w\u00e4rmende Pausen.<\/p>\n<p>&#8211; 6 Beutel <a href=\"https:\/\/linfuseur.com\/produit\/infusion-detox\/\">Kr\u00e4utertee D\u00c9TOX<\/a><br \/>\nDer Kr\u00e4utertee D\u00c9TOX von L&#8217;infuseur ist eine entgiftende Verj\u00fcngungskur, um sich selbst zu verw\u00f6hnen.<\/p>\n<p><strong>Anwendungstipps<\/strong><br \/>\nVerwenden Sie 1 Beutel pro Tasse und geben Sie ihn in die Tasse, bevor Sie Ihr Wasser aufgie\u00dfen, das idealerweise bei 95 \u00b0C k\u00f6chelt. Lassen Sie den Tee 5 bis 7 Minuten ziehen.<br \/>\nDie Kr\u00e4utertees LIGNE, TONIQUE, DELICE und D\u00c9TOX k\u00f6nnen auch eisgek\u00fchlt zubereitet werden. Lassen Sie daf\u00fcr Ihren Tee abk\u00fchlen, bevor Sie ihn k\u00fchl stellen. Sie k\u00f6nnen auch einen kalten Aufguss machen, indem Sie den Tee 2 bis 3 Stunden bei Raumtemperatur ziehen lassen.<\/p>\n<p><strong>Allergene<\/strong><br \/>\nKann Spuren von Schalenfr\u00fcchten enthalten.<\/p>\n<p><strong>Aufbewahrung<\/strong><br \/>\nDie Box \u201ecollection d\u2019infusions\u201c sollte an einem k\u00fchlen und trockenen Ort aufbewahrt werden.<\/p>\n","protected":false},"excerpt":{"rendered":"<p>Zusammensetzung &#8211; 6 Beutel Kr\u00e4utertee LIGNE Dieser Kr\u00e4utertee mit Noten von Rooibos und Zitronengras ist eine Quelle des Wohlbefindens und sorgt daf\u00fcr, dass Sie den ganzen Tag hydriert und entschlackt bleiben. &#8211; 6 Beutel Kr\u00e4utertee CALME. Genie\u00dfen Sie die Noten von Honig, Orangenbl\u00fcte und Eisenkraut in dieser Mischung f\u00fcr eine sanfte und entspannende Pause. &#8211;Lire la suite<\/p>\n","protected":false},"featured_media":86453,"comment_status":"open","ping_status":"closed","template":"","meta":{"_acf_changed":false},"product_brand":[],"product_cat":[177,183,232,174,173,191,158,153,157,154],"product_tag":[],"giftcard-category":[],"class_list":{"0":"post-19516","1":"product","2":"type-product","3":"status-publish","4":"has-post-thumbnail","6":"product_cat-best-dad-de","7":"product_cat-boxen","8":"product_cat-fall-must-have--de","9":"product_cat-green-easter-de","10":"product_cat-herbstauswahl","11":"product_cat-love-mama-de","12":"product_cat-collection-de","13":"product_cat-selection-de-noel","14":"product_cat-infuseur-de","15":"product_cat-krautertees","17":"first","18":"instock","19":"taxable","20":"shipping-taxable","21":"purchasable","22":"product-type-variable","23":"has-default-attributes","24":"wvs-pro-product","25":"wvs-pro-before-cart-button"},"acf":[],"yoast_head":"<!-- This site is optimized with the Yoast SEO plugin v26.8 - https:\/\/yoast.com\/product\/yoast-seo-wordpress\/ -->\n<title>Das Set \u201eCollection d&#039;infusions\u201c - L&#039;infuseur Paris<\/title>\n<meta name=\"description\" content=\"Ein luxuri\u00f6ses Kr\u00e4utertee-Set in limitierter Auflage, um neue Energie zu tanken. Sie enth\u00e4lt die 6 Signature-Nummern von L&#039;infuseur. Ideal f\u00fcr die Weihnachtszeit.\" \/>\n<meta name=\"robots\" content=\"index, follow, max-snippet:-1, max-image-preview:large, max-video-preview:-1\" \/>\n<link rel=\"canonical\" href=\"https:\/\/linfuseur.com\/de\/produit\/box-kollektion-krautertees\/\" \/>\n<meta property=\"og:locale\" content=\"de_DE\" \/>\n<meta property=\"og:type\" content=\"article\" \/>\n<meta property=\"og:title\" content=\"Das Set \u201eCollection d&#039;infusions\u201c - L&#039;infuseur Paris\" \/>\n<meta property=\"og:description\" content=\"Ein luxuri\u00f6ses Kr\u00e4utertee-Set in limitierter Auflage, um neue Energie zu tanken. Sie enth\u00e4lt die 6 Signature-Nummern von L&#039;infuseur. Ideal f\u00fcr die Weihnachtszeit.\" \/>\n<meta property=\"og:url\" content=\"https:\/\/linfuseur.com\/de\/produit\/box-kollektion-krautertees\/\" \/>\n<meta property=\"og:site_name\" content=\"L&#039;infuseur Paris\" \/>\n<meta property=\"article:modified_time\" content=\"2026-03-11T14:58:07+00:00\" \/>\n<meta property=\"og:image\" content=\"https:\/\/linfuseur.com\/wp-content\/uploads\/2020\/11\/coffret-collection-infusions-packshot.jpg\" \/>\n\t<meta property=\"og:image:width\" content=\"1600\" \/>\n\t<meta property=\"og:image:height\" content=\"1600\" \/>\n\t<meta property=\"og:image:type\" content=\"image\/jpeg\" \/>\n<meta name=\"twitter:label1\" content=\"Gesch\u00e4tzte Lesezeit\" \/>\n\t<meta name=\"twitter:data1\" content=\"1\u00a0Minute\" \/>\n<script type=\"application\/ld+json\" class=\"yoast-schema-graph\">{\"@context\":\"https:\/\/schema.org\",\"@graph\":[{\"@type\":\"WebPage\",\"@id\":\"https:\/\/linfuseur.com\/de\/produit\/box-kollektion-krautertees\/\",\"url\":\"https:\/\/linfuseur.com\/de\/produit\/box-kollektion-krautertees\/\",\"name\":\"Das Set \u201eCollection d'infusions\u201c - L&#039;infuseur Paris\",\"isPartOf\":{\"@id\":\"https:\/\/linfuseur.com\/de\/#website\"},\"primaryImageOfPage\":{\"@id\":\"https:\/\/linfuseur.com\/de\/produit\/box-kollektion-krautertees\/#primaryimage\"},\"image\":{\"@id\":\"https:\/\/linfuseur.com\/de\/produit\/box-kollektion-krautertees\/#primaryimage\"},\"thumbnailUrl\":\"https:\/\/linfuseur.com\/wp-content\/uploads\/2020\/11\/coffret-collection-infusions-packshot.jpg\",\"datePublished\":\"2020-11-09T17:51:59+00:00\",\"dateModified\":\"2026-03-11T14:58:07+00:00\",\"description\":\"Ein luxuri\u00f6ses Kr\u00e4utertee-Set in limitierter Auflage, um neue Energie zu tanken. Sie enth\u00e4lt die 6 Signature-Nummern von L'infuseur. Ideal f\u00fcr die Weihnachtszeit.\",\"breadcrumb\":{\"@id\":\"https:\/\/linfuseur.com\/de\/produit\/box-kollektion-krautertees\/#breadcrumb\"},\"inLanguage\":\"de\",\"potentialAction\":[{\"@type\":\"ReadAction\",\"target\":[\"https:\/\/linfuseur.com\/de\/produit\/box-kollektion-krautertees\/\"]}]},{\"@type\":\"ImageObject\",\"inLanguage\":\"de\",\"@id\":\"https:\/\/linfuseur.com\/de\/produit\/box-kollektion-krautertees\/#primaryimage\",\"url\":\"https:\/\/linfuseur.com\/wp-content\/uploads\/2020\/11\/coffret-collection-infusions-packshot.jpg\",\"contentUrl\":\"https:\/\/linfuseur.com\/wp-content\/uploads\/2020\/11\/coffret-collection-infusions-packshot.jpg\",\"width\":1600,\"height\":1600,\"caption\":\"coffret collection d'infusion l'infuseur\"},{\"@type\":\"BreadcrumbList\",\"@id\":\"https:\/\/linfuseur.com\/de\/produit\/box-kollektion-krautertees\/#breadcrumb\",\"itemListElement\":[{\"@type\":\"ListItem\",\"position\":1,\"name\":\"Home\",\"item\":\"https:\/\/linfuseur.com\/de\/\"},{\"@type\":\"ListItem\",\"position\":2,\"name\":\"Shop\",\"item\":\"https:\/\/linfuseur.com\/de\/shop\/\"},{\"@type\":\"ListItem\",\"position\":3,\"name\":\"Best dad\",\"item\":\"https:\/\/linfuseur.com\/de\/categorie-produit\/best-dad-de\/\"},{\"@type\":\"ListItem\",\"position\":4,\"name\":\"Das Set \u201eCollection d&#8217;infusions\u201c\"}]},{\"@type\":\"WebSite\",\"@id\":\"https:\/\/linfuseur.com\/de\/#website\",\"url\":\"https:\/\/linfuseur.com\/de\/\",\"name\":\"L'infuseur Paris\",\"description\":\"L&#039;infuseur Paris - Collection d&#039;infusions\",\"potentialAction\":[{\"@type\":\"SearchAction\",\"target\":{\"@type\":\"EntryPoint\",\"urlTemplate\":\"https:\/\/linfuseur.com\/de\/?s={search_term_string}\"},\"query-input\":{\"@type\":\"PropertyValueSpecification\",\"valueRequired\":true,\"valueName\":\"search_term_string\"}}],\"inLanguage\":\"de\"}]}<\/script>\n<!-- \/ Yoast SEO plugin. -->","yoast_head_json":{"title":"Das Set \u201eCollection d'infusions\u201c - L&#039;infuseur Paris","description":"Ein luxuri\u00f6ses Kr\u00e4utertee-Set in limitierter Auflage, um neue Energie zu tanken. Sie enth\u00e4lt die 6 Signature-Nummern von L'infuseur. Ideal f\u00fcr die Weihnachtszeit.","robots":{"index":"index","follow":"follow","max-snippet":"max-snippet:-1","max-image-preview":"max-image-preview:large","max-video-preview":"max-video-preview:-1"},"canonical":"https:\/\/linfuseur.com\/de\/produit\/box-kollektion-krautertees\/","og_locale":"de_DE","og_type":"article","og_title":"Das Set \u201eCollection d'infusions\u201c - L&#039;infuseur Paris","og_description":"Ein luxuri\u00f6ses Kr\u00e4utertee-Set in limitierter Auflage, um neue Energie zu tanken. Sie enth\u00e4lt die 6 Signature-Nummern von L'infuseur. Ideal f\u00fcr die Weihnachtszeit.","og_url":"https:\/\/linfuseur.com\/de\/produit\/box-kollektion-krautertees\/","og_site_name":"L&#039;infuseur Paris","article_modified_time":"2026-03-11T14:58:07+00:00","og_image":[{"width":1600,"height":1600,"url":"https:\/\/linfuseur.com\/wp-content\/uploads\/2020\/11\/coffret-collection-infusions-packshot.jpg","type":"image\/jpeg"}],"twitter_misc":{"Gesch\u00e4tzte Lesezeit":"1\u00a0Minute"},"schema":{"@context":"https:\/\/schema.org","@graph":[{"@type":"WebPage","@id":"https:\/\/linfuseur.com\/de\/produit\/box-kollektion-krautertees\/","url":"https:\/\/linfuseur.com\/de\/produit\/box-kollektion-krautertees\/","name":"Das Set \u201eCollection d'infusions\u201c - L&#039;infuseur Paris","isPartOf":{"@id":"https:\/\/linfuseur.com\/de\/#website"},"primaryImageOfPage":{"@id":"https:\/\/linfuseur.com\/de\/produit\/box-kollektion-krautertees\/#primaryimage"},"image":{"@id":"https:\/\/linfuseur.com\/de\/produit\/box-kollektion-krautertees\/#primaryimage"},"thumbnailUrl":"https:\/\/linfuseur.com\/wp-content\/uploads\/2020\/11\/coffret-collection-infusions-packshot.jpg","datePublished":"2020-11-09T17:51:59+00:00","dateModified":"2026-03-11T14:58:07+00:00","description":"Ein luxuri\u00f6ses Kr\u00e4utertee-Set in limitierter Auflage, um neue Energie zu tanken. Sie enth\u00e4lt die 6 Signature-Nummern von L'infuseur. Ideal f\u00fcr die Weihnachtszeit.","breadcrumb":{"@id":"https:\/\/linfuseur.com\/de\/produit\/box-kollektion-krautertees\/#breadcrumb"},"inLanguage":"de","potentialAction":[{"@type":"ReadAction","target":["https:\/\/linfuseur.com\/de\/produit\/box-kollektion-krautertees\/"]}]},{"@type":"ImageObject","inLanguage":"de","@id":"https:\/\/linfuseur.com\/de\/produit\/box-kollektion-krautertees\/#primaryimage","url":"https:\/\/linfuseur.com\/wp-content\/uploads\/2020\/11\/coffret-collection-infusions-packshot.jpg","contentUrl":"https:\/\/linfuseur.com\/wp-content\/uploads\/2020\/11\/coffret-collection-infusions-packshot.jpg","width":1600,"height":1600,"caption":"coffret collection d'infusion l'infuseur"},{"@type":"BreadcrumbList","@id":"https:\/\/linfuseur.com\/de\/produit\/box-kollektion-krautertees\/#breadcrumb","itemListElement":[{"@type":"ListItem","position":1,"name":"Home","item":"https:\/\/linfuseur.com\/de\/"},{"@type":"ListItem","position":2,"name":"Shop","item":"https:\/\/linfuseur.com\/de\/shop\/"},{"@type":"ListItem","position":3,"name":"Best dad","item":"https:\/\/linfuseur.com\/de\/categorie-produit\/best-dad-de\/"},{"@type":"ListItem","position":4,"name":"Das Set \u201eCollection d&#8217;infusions\u201c"}]},{"@type":"WebSite","@id":"https:\/\/linfuseur.com\/de\/#website","url":"https:\/\/linfuseur.com\/de\/","name":"L'infuseur Paris","description":"L&#039;infuseur Paris - Collection d&#039;infusions","potentialAction":[{"@type":"SearchAction","target":{"@type":"EntryPoint","urlTemplate":"https:\/\/linfuseur.com\/de\/?s={search_term_string}"},"query-input":{"@type":"PropertyValueSpecification","valueRequired":true,"valueName":"search_term_string"}}],"inLanguage":"de"}]}},"_links":{"self":[{"href":"https:\/\/linfuseur.com\/de\/wp-json\/wp\/v2\/product\/19516","targetHints":{"allow":["GET"]}}],"collection":[{"href":"https:\/\/linfuseur.com\/de\/wp-json\/wp\/v2\/product"}],"about":[{"href":"https:\/\/linfuseur.com\/de\/wp-json\/wp\/v2\/types\/product"}],"replies":[{"embeddable":true,"href":"https:\/\/linfuseur.com\/de\/wp-json\/wp\/v2\/comments?post=19516"}],"wp:featuredmedia":[{"embeddable":true,"href":"https:\/\/linfuseur.com\/de\/wp-json\/wp\/v2\/media\/86453"}],"wp:attachment":[{"href":"https:\/\/linfuseur.com\/de\/wp-json\/wp\/v2\/media?parent=19516"}],"wp:term":[{"taxonomy":"product_brand","embeddable":true,"href":"https:\/\/linfuseur.com\/de\/wp-json\/wp\/v2\/product_brand?post=19516"},{"taxonomy":"product_cat","embeddable":true,"href":"https:\/\/linfuseur.com\/de\/wp-json\/wp\/v2\/product_cat?post=19516"},{"taxonomy":"product_tag","embeddable":true,"href":"https:\/\/linfuseur.com\/de\/wp-json\/wp\/v2\/product_tag?post=19516"},{"taxonomy":"giftcard-category","embeddable":true,"href":"https:\/\/linfuseur.com\/de\/wp-json\/wp\/v2\/giftcard-category?post=19516"}],"curies":[{"name":"wp","href":"https:\/\/api.w.org\/{rel}","templated":true}]}}