{"id":19520,"date":"2023-07-11T08:10:24","date_gmt":"2023-07-11T08:10:24","guid":{"rendered":"https:\/\/linfuseur.com\/produit\/19520\/"},"modified":"2026-01-30T16:50:57","modified_gmt":"2026-01-30T16:50:57","slug":"krautertee-delice-paris","status":"publish","type":"product","link":"https:\/\/linfuseur.com\/de\/produit\/krautertee-delice-paris\/","title":{"rendered":"Kr\u00e4utertee D\u00e9lice Paris"},"content":{"rendered":"<p><strong>Merkmale:<\/strong><br \/>\n&#8211; Ohne Teein<br \/>\n&#8211; Kann hei\u00df oder kalt zubereitet werden<br \/>\n&#8211; Noten: Eisenkraut &#8211; Majoran<br \/>\n&#8211; Der Kr\u00e4utertee D\u00c9LICE kann morgens, tags\u00fcber oder abends aufgebr\u00fcht werden.<\/p>\n<p><strong>Anwendungstipps:<\/strong><br \/>\nF\u00fcr einen Gourmet-Moment mit dem Kr\u00e4utertee D\u00e9lice geben Sie einen Teel\u00f6ffel des Kr\u00e4utertees hinein, bevor Sie ihn filtern, oder Sie verwenden einen Beutel pro Tasse, bevor Sie ihn 5-7 Minuten in 95 \u00baC warmem Wasser ziehen lassen.<\/p>\n<p>F\u00fcr ein leckeres, eisgek\u00fchltes Getr\u00e4nk k\u00f6nnen Sie Ihren Tee abk\u00fchlen lassen, bevor Sie ihn in den K\u00fchlschrank stellen. Sie k\u00f6nnen auch einen milderen kalten Aufguss zubereiten, indem Sie 2 bis 3 Stunden bei Raumtemperatur ziehen lassen.<\/p>\n<p><strong>Allergene<\/strong><br \/>\nKann Spuren von Schalenfr\u00fcchten und Milch enthalten<\/p>\n<p><strong>Aufbewahrung<\/strong><br \/>\nDieses Produkt sollte an einem k\u00fchlen und trockenen Ort aufbewahrt werden.<\/p>\n","protected":false},"excerpt":{"rendered":"<p>Merkmale: &#8211; Ohne Teein &#8211; Kann hei\u00df oder kalt zubereitet werden &#8211; Noten: Eisenkraut &#8211; Majoran &#8211; Der Kr\u00e4utertee D\u00c9LICE kann morgens, tags\u00fcber oder abends aufgebr\u00fcht werden. Anwendungstipps: F\u00fcr einen Gourmet-Moment mit dem Kr\u00e4utertee D\u00e9lice geben Sie einen Teel\u00f6ffel des Kr\u00e4utertees hinein, bevor Sie ihn filtern, oder Sie verwenden einen Beutel pro Tasse, bevor SieLire la suite<\/p>\n","protected":false},"featured_media":18439,"comment_status":"open","ping_status":"closed","template":"","meta":{"_acf_changed":false},"product_brand":[],"product_cat":[172,183,191,158,153,157,154],"product_tag":[],"giftcard-category":[],"class_list":{"0":"post-19520","1":"product","2":"type-product","3":"status-publish","4":"has-post-thumbnail","6":"product_cat-auswahl","7":"product_cat-boxen","8":"product_cat-love-mama-de","9":"product_cat-collection-de","10":"product_cat-selection-de-noel","11":"product_cat-infuseur-de","12":"product_cat-krautertees","14":"first","15":"instock","16":"taxable","17":"shipping-taxable","18":"purchasable","19":"product-type-variable","20":"has-default-attributes","21":"wvs-pro-product","22":"wvs-pro-before-cart-button"},"acf":[],"yoast_head":"<!-- This site is optimized with the Yoast SEO plugin v26.8 - https:\/\/yoast.com\/product\/yoast-seo-wordpress\/ -->\n<title>Kr\u00e4utertee D\u00e9lice Paris - L&#039;infuseur Paris<\/title>\n<meta name=\"robots\" content=\"index, follow, max-snippet:-1, max-image-preview:large, max-video-preview:-1\" \/>\n<link rel=\"canonical\" href=\"https:\/\/linfuseur.com\/de\/produit\/krautertee-delice-paris\/\" \/>\n<meta property=\"og:locale\" content=\"de_DE\" \/>\n<meta property=\"og:type\" content=\"article\" \/>\n<meta property=\"og:title\" content=\"Kr\u00e4utertee D\u00e9lice Paris - L&#039;infuseur Paris\" \/>\n<meta property=\"og:description\" content=\"Merkmale: &#8211; Ohne Teein &#8211; Kann hei\u00df oder kalt zubereitet werden &#8211; Noten: Eisenkraut &#8211; Majoran &#8211; Der Kr\u00e4utertee D\u00c9LICE kann morgens, tags\u00fcber oder abends aufgebr\u00fcht werden. Anwendungstipps: F\u00fcr einen Gourmet-Moment mit dem Kr\u00e4utertee D\u00e9lice geben Sie einen Teel\u00f6ffel des Kr\u00e4utertees hinein, bevor Sie ihn filtern, oder Sie verwenden einen Beutel pro Tasse, bevor SieLire la suite\" \/>\n<meta property=\"og:url\" content=\"https:\/\/linfuseur.com\/de\/produit\/krautertee-delice-paris\/\" \/>\n<meta property=\"og:site_name\" content=\"L&#039;infuseur Paris\" \/>\n<meta property=\"article:modified_time\" content=\"2026-01-30T16:50:57+00:00\" \/>\n<meta property=\"og:image\" content=\"https:\/\/linfuseur.com\/wp-content\/uploads\/2023\/07\/infusion-delice-paris-linfuseur.jpg\" \/>\n\t<meta property=\"og:image:width\" content=\"1600\" \/>\n\t<meta property=\"og:image:height\" content=\"1600\" \/>\n\t<meta property=\"og:image:type\" content=\"image\/jpeg\" \/>\n<meta name=\"twitter:label1\" content=\"Gesch\u00e4tzte Lesezeit\" \/>\n\t<meta name=\"twitter:data1\" content=\"1\u00a0Minute\" \/>\n<script type=\"application\/ld+json\" class=\"yoast-schema-graph\">{\"@context\":\"https:\/\/schema.org\",\"@graph\":[{\"@type\":\"WebPage\",\"@id\":\"https:\/\/linfuseur.com\/de\/produit\/krautertee-delice-paris\/\",\"url\":\"https:\/\/linfuseur.com\/de\/produit\/krautertee-delice-paris\/\",\"name\":\"Kr\u00e4utertee D\u00e9lice Paris - L&#039;infuseur Paris\",\"isPartOf\":{\"@id\":\"https:\/\/linfuseur.com\/de\/#website\"},\"primaryImageOfPage\":{\"@id\":\"https:\/\/linfuseur.com\/de\/produit\/krautertee-delice-paris\/#primaryimage\"},\"image\":{\"@id\":\"https:\/\/linfuseur.com\/de\/produit\/krautertee-delice-paris\/#primaryimage\"},\"thumbnailUrl\":\"https:\/\/linfuseur.com\/wp-content\/uploads\/2023\/07\/infusion-delice-paris-linfuseur.jpg\",\"datePublished\":\"2023-07-11T08:10:24+00:00\",\"dateModified\":\"2026-01-30T16:50:57+00:00\",\"breadcrumb\":{\"@id\":\"https:\/\/linfuseur.com\/de\/produit\/krautertee-delice-paris\/#breadcrumb\"},\"inLanguage\":\"de\",\"potentialAction\":[{\"@type\":\"ReadAction\",\"target\":[\"https:\/\/linfuseur.com\/de\/produit\/krautertee-delice-paris\/\"]}]},{\"@type\":\"ImageObject\",\"inLanguage\":\"de\",\"@id\":\"https:\/\/linfuseur.com\/de\/produit\/krautertee-delice-paris\/#primaryimage\",\"url\":\"https:\/\/linfuseur.com\/wp-content\/uploads\/2023\/07\/infusion-delice-paris-linfuseur.jpg\",\"contentUrl\":\"https:\/\/linfuseur.com\/wp-content\/uploads\/2023\/07\/infusion-delice-paris-linfuseur.jpg\",\"width\":1600,\"height\":1600,\"caption\":\"kr\u00e4utertee d\u00e9lice paris l'infuseur\"},{\"@type\":\"BreadcrumbList\",\"@id\":\"https:\/\/linfuseur.com\/de\/produit\/krautertee-delice-paris\/#breadcrumb\",\"itemListElement\":[{\"@type\":\"ListItem\",\"position\":1,\"name\":\"Home\",\"item\":\"https:\/\/linfuseur.com\/de\/\"},{\"@type\":\"ListItem\",\"position\":2,\"name\":\"Shop\",\"item\":\"https:\/\/linfuseur.com\/de\/shop\/\"},{\"@type\":\"ListItem\",\"position\":3,\"name\":\"Auswahl\",\"item\":\"https:\/\/linfuseur.com\/de\/categorie-produit\/auswahl\/\"},{\"@type\":\"ListItem\",\"position\":4,\"name\":\"Kr\u00e4utertee D\u00e9lice Paris\"}]},{\"@type\":\"WebSite\",\"@id\":\"https:\/\/linfuseur.com\/de\/#website\",\"url\":\"https:\/\/linfuseur.com\/de\/\",\"name\":\"L'infuseur Paris\",\"description\":\"L&#039;infuseur Paris - Collection d&#039;infusions\",\"potentialAction\":[{\"@type\":\"SearchAction\",\"target\":{\"@type\":\"EntryPoint\",\"urlTemplate\":\"https:\/\/linfuseur.com\/de\/?s={search_term_string}\"},\"query-input\":{\"@type\":\"PropertyValueSpecification\",\"valueRequired\":true,\"valueName\":\"search_term_string\"}}],\"inLanguage\":\"de\"}]}<\/script>\n<!-- \/ Yoast SEO plugin. -->","yoast_head_json":{"title":"Kr\u00e4utertee D\u00e9lice Paris - L&#039;infuseur Paris","robots":{"index":"index","follow":"follow","max-snippet":"max-snippet:-1","max-image-preview":"max-image-preview:large","max-video-preview":"max-video-preview:-1"},"canonical":"https:\/\/linfuseur.com\/de\/produit\/krautertee-delice-paris\/","og_locale":"de_DE","og_type":"article","og_title":"Kr\u00e4utertee D\u00e9lice Paris - L&#039;infuseur Paris","og_description":"Merkmale: &#8211; Ohne Teein &#8211; Kann hei\u00df oder kalt zubereitet werden &#8211; Noten: Eisenkraut &#8211; Majoran &#8211; Der Kr\u00e4utertee D\u00c9LICE kann morgens, tags\u00fcber oder abends aufgebr\u00fcht werden. Anwendungstipps: F\u00fcr einen Gourmet-Moment mit dem Kr\u00e4utertee D\u00e9lice geben Sie einen Teel\u00f6ffel des Kr\u00e4utertees hinein, bevor Sie ihn filtern, oder Sie verwenden einen Beutel pro Tasse, bevor SieLire la suite","og_url":"https:\/\/linfuseur.com\/de\/produit\/krautertee-delice-paris\/","og_site_name":"L&#039;infuseur Paris","article_modified_time":"2026-01-30T16:50:57+00:00","og_image":[{"width":1600,"height":1600,"url":"https:\/\/linfuseur.com\/wp-content\/uploads\/2023\/07\/infusion-delice-paris-linfuseur.jpg","type":"image\/jpeg"}],"twitter_misc":{"Gesch\u00e4tzte Lesezeit":"1\u00a0Minute"},"schema":{"@context":"https:\/\/schema.org","@graph":[{"@type":"WebPage","@id":"https:\/\/linfuseur.com\/de\/produit\/krautertee-delice-paris\/","url":"https:\/\/linfuseur.com\/de\/produit\/krautertee-delice-paris\/","name":"Kr\u00e4utertee D\u00e9lice Paris - L&#039;infuseur Paris","isPartOf":{"@id":"https:\/\/linfuseur.com\/de\/#website"},"primaryImageOfPage":{"@id":"https:\/\/linfuseur.com\/de\/produit\/krautertee-delice-paris\/#primaryimage"},"image":{"@id":"https:\/\/linfuseur.com\/de\/produit\/krautertee-delice-paris\/#primaryimage"},"thumbnailUrl":"https:\/\/linfuseur.com\/wp-content\/uploads\/2023\/07\/infusion-delice-paris-linfuseur.jpg","datePublished":"2023-07-11T08:10:24+00:00","dateModified":"2026-01-30T16:50:57+00:00","breadcrumb":{"@id":"https:\/\/linfuseur.com\/de\/produit\/krautertee-delice-paris\/#breadcrumb"},"inLanguage":"de","potentialAction":[{"@type":"ReadAction","target":["https:\/\/linfuseur.com\/de\/produit\/krautertee-delice-paris\/"]}]},{"@type":"ImageObject","inLanguage":"de","@id":"https:\/\/linfuseur.com\/de\/produit\/krautertee-delice-paris\/#primaryimage","url":"https:\/\/linfuseur.com\/wp-content\/uploads\/2023\/07\/infusion-delice-paris-linfuseur.jpg","contentUrl":"https:\/\/linfuseur.com\/wp-content\/uploads\/2023\/07\/infusion-delice-paris-linfuseur.jpg","width":1600,"height":1600,"caption":"kr\u00e4utertee d\u00e9lice paris l'infuseur"},{"@type":"BreadcrumbList","@id":"https:\/\/linfuseur.com\/de\/produit\/krautertee-delice-paris\/#breadcrumb","itemListElement":[{"@type":"ListItem","position":1,"name":"Home","item":"https:\/\/linfuseur.com\/de\/"},{"@type":"ListItem","position":2,"name":"Shop","item":"https:\/\/linfuseur.com\/de\/shop\/"},{"@type":"ListItem","position":3,"name":"Auswahl","item":"https:\/\/linfuseur.com\/de\/categorie-produit\/auswahl\/"},{"@type":"ListItem","position":4,"name":"Kr\u00e4utertee D\u00e9lice Paris"}]},{"@type":"WebSite","@id":"https:\/\/linfuseur.com\/de\/#website","url":"https:\/\/linfuseur.com\/de\/","name":"L'infuseur Paris","description":"L&#039;infuseur Paris - Collection d&#039;infusions","potentialAction":[{"@type":"SearchAction","target":{"@type":"EntryPoint","urlTemplate":"https:\/\/linfuseur.com\/de\/?s={search_term_string}"},"query-input":{"@type":"PropertyValueSpecification","valueRequired":true,"valueName":"search_term_string"}}],"inLanguage":"de"}]}},"_links":{"self":[{"href":"https:\/\/linfuseur.com\/de\/wp-json\/wp\/v2\/product\/19520","targetHints":{"allow":["GET"]}}],"collection":[{"href":"https:\/\/linfuseur.com\/de\/wp-json\/wp\/v2\/product"}],"about":[{"href":"https:\/\/linfuseur.com\/de\/wp-json\/wp\/v2\/types\/product"}],"replies":[{"embeddable":true,"href":"https:\/\/linfuseur.com\/de\/wp-json\/wp\/v2\/comments?post=19520"}],"wp:featuredmedia":[{"embeddable":true,"href":"https:\/\/linfuseur.com\/de\/wp-json\/wp\/v2\/media\/18439"}],"wp:attachment":[{"href":"https:\/\/linfuseur.com\/de\/wp-json\/wp\/v2\/media?parent=19520"}],"wp:term":[{"taxonomy":"product_brand","embeddable":true,"href":"https:\/\/linfuseur.com\/de\/wp-json\/wp\/v2\/product_brand?post=19520"},{"taxonomy":"product_cat","embeddable":true,"href":"https:\/\/linfuseur.com\/de\/wp-json\/wp\/v2\/product_cat?post=19520"},{"taxonomy":"product_tag","embeddable":true,"href":"https:\/\/linfuseur.com\/de\/wp-json\/wp\/v2\/product_tag?post=19520"},{"taxonomy":"giftcard-category","embeddable":true,"href":"https:\/\/linfuseur.com\/de\/wp-json\/wp\/v2\/giftcard-category?post=19520"}],"curies":[{"name":"wp","href":"https:\/\/api.w.org\/{rel}","templated":true}]}}