{"id":19530,"date":"2022-12-28T14:10:26","date_gmt":"2022-12-28T14:10:26","guid":{"rendered":"https:\/\/linfuseur.com\/produit\/19530\/"},"modified":"2026-01-30T16:51:04","modified_gmt":"2026-01-30T16:51:04","slug":"kit-dry-detox","status":"publish","type":"product","link":"https:\/\/linfuseur.com\/de\/produit\/kit-dry-detox\/","title":{"rendered":"Set dry &amp; d\u00e9tox"},"content":{"rendered":"<p><strong>Zusammensetzung<\/strong><\/p>\n<ul>\n<li> <span style=\"font-weight: 400;\">20 Beutel Gr\u00fcner Tee Ingwer Nr. 23 : <\/span>Gr\u00fcner Sencha-Tee, Gr\u00fcner Tee aus Yunnan, Ingwer, Wacholder, Apfelst\u00fccke.<\/li>\n<li> <span style=\"font-weight: 400;\">40 Beutel Kr\u00e4utertee D\u00e9tox Nr. 6: <\/span>Apfelst\u00fccke, Zitronengras, Wacholderbeeren, Hibiskus, Schwarze Johannisbeere, Brennnessel, Gr\u00fcner Mate, nat\u00fcrliches Aroma der Schwarzen Johannisbeere.<\/li>\n<\/ul>\n<p><strong>Anwendungstipps<\/strong><\/p>\n<p><span style=\"font-weight: 400;\">F\u00fcr eine erfolgreiche Dry &amp; Detox-Routine nehmen Sie 1 Beutel Gr\u00fcner Tee Ingwer und 2 Beutel D\u00e9tox in Ihrem Beutel mit:<\/span><\/p>\n<ul>\n<li><span style=\"font-weight: 400;\">Bereiten Sie morgens oder am Vormittag den Gr\u00fcnen Tee Ingwer zu: Ein gr\u00fcner Bio-Tee mit Ingwerst\u00fccken, die aufgrund ihrer Qualit\u00e4t und ihrer antioxidativen Vorteile ausgew\u00e4hlt wurden. Er wird Ihnen helfen, mit einem guten Gef\u00fchl in den Tag zu starten und von Anfang an eine gesunde Routine zu etablieren.  <\/span><\/li>\n<li>Bereiten Sie am Nachmittag den Kr\u00e4utertee D\u00e9tox zu, um dem Verlangen nach Zucker zuvorzukommen und eine gesunde Pause einzulegen. Er ist Ihr Joker, sobald Sie Lust auf etwas S\u00fc\u00dfes bekommen, und unterst\u00fctzt Sie bei der Ausscheidung von Giftstoffen.<\/li>\n<\/ul>\n<p><span style=\"font-weight: 400;\">Um den Gr\u00fcnen Tee Ingwer zu genie\u00dfen: Geben Sie 1 Beutel in eine Tasse und gie\u00dfen Sie Ihr zwischen 75&nbsp;\u00b0C und 95&nbsp;\u00b0C k\u00f6chelndes Wasser dar\u00fcber. Lassen Sie den Tee 3 Minuten ziehen.<\/span><\/p>\n<p><span style=\"font-weight: 400;\">F\u00fcr einen Kr\u00e4utertee D\u00e9tox nehmen Sie 1 Aufgussbeutel pro Tasse, bevor Sie Ihr k\u00f6chelndes Wasser (95 \u00baC) dazugeben. Lassen Sie den Tee 7 Minuten ziehen.<\/span><\/p>\n<p>Sie k\u00f6nnen problemlos einen neuen Aufguss mit hei\u00dfem Wasser mit demselben Beutel zubereiten, wenn Sie bei jeder Pause mehr als eine Tasse trinken m\u00f6chten.<\/p>\n<p><strong>Allergene<\/strong><\/p>\n<p><span style=\"font-weight: 400;\">Der Gr\u00fcne Tee Ingwer und D\u00e9tox k\u00f6nnen Spuren von Schalenfr\u00fcchten enthalten.<\/span><\/p>\n<p><strong>Aufbewahrung<\/strong><\/p>\n<p><span style=\"font-weight: 400;\">Die Box \u201ekit dry &amp; detox\u201c sollte an einem k\u00fchlen und trockenen Ort aufbewahrt werden.<\/span><\/p>\n","protected":false},"excerpt":{"rendered":"<p>Zusammensetzung 20 Beutel Gr\u00fcner Tee Ingwer Nr. 23 : Gr\u00fcner Sencha-Tee, Gr\u00fcner Tee aus Yunnan, Ingwer, Wacholder, Apfelst\u00fccke. 40 Beutel Kr\u00e4utertee D\u00e9tox Nr. 6: Apfelst\u00fccke, Zitronengras, Wacholderbeeren, Hibiskus, Schwarze Johannisbeere, Brennnessel, Gr\u00fcner Mate, nat\u00fcrliches Aroma der Schwarzen Johannisbeere. Anwendungstipps F\u00fcr eine erfolgreiche Dry &amp; Detox-Routine nehmen Sie 1 Beutel Gr\u00fcner Tee Ingwer und 2 BeutelLire la suite<\/p>\n","protected":false},"featured_media":18253,"comment_status":"open","ping_status":"closed","template":"","meta":{"_acf_changed":false},"product_brand":[],"product_cat":[183,201,202,190,189,153,157,245],"product_tag":[],"giftcard-category":[],"class_list":{"0":"post-19530","1":"product","2":"type-product","3":"status-publish","4":"has-post-thumbnail","6":"product_cat-boxen","7":"product_cat-detox-de","8":"product_cat-detox-im-herbst","9":"product_cat-dry-detox-de","10":"product_cat-spring-detox-de","11":"product_cat-selection-de-noel","12":"product_cat-infuseur-de","13":"product_cat-reinigen-und-entgiften","15":"first","16":"instock","17":"taxable","18":"shipping-taxable","19":"purchasable","20":"product-type-variable","21":"has-default-attributes","22":"wvs-pro-product","23":"wvs-pro-before-cart-button"},"acf":[],"yoast_head":"<!-- This site is optimized with the Yoast SEO plugin v26.8 - https:\/\/yoast.com\/product\/yoast-seo-wordpress\/ -->\n<title>Set dry &amp; d\u00e9tox - L&#039;infuseur Paris<\/title>\n<meta name=\"robots\" content=\"index, follow, max-snippet:-1, max-image-preview:large, max-video-preview:-1\" \/>\n<link rel=\"canonical\" href=\"https:\/\/linfuseur.com\/de\/produit\/kit-dry-detox\/\" \/>\n<meta property=\"og:locale\" content=\"de_DE\" \/>\n<meta property=\"og:type\" content=\"article\" \/>\n<meta property=\"og:title\" content=\"Set dry &amp; d\u00e9tox - L&#039;infuseur Paris\" \/>\n<meta property=\"og:description\" content=\"Zusammensetzung 20 Beutel Gr\u00fcner Tee Ingwer Nr. 23 : Gr\u00fcner Sencha-Tee, Gr\u00fcner Tee aus Yunnan, Ingwer, Wacholder, Apfelst\u00fccke. 40 Beutel Kr\u00e4utertee D\u00e9tox Nr. 6: Apfelst\u00fccke, Zitronengras, Wacholderbeeren, Hibiskus, Schwarze Johannisbeere, Brennnessel, Gr\u00fcner Mate, nat\u00fcrliches Aroma der Schwarzen Johannisbeere. Anwendungstipps F\u00fcr eine erfolgreiche Dry &amp; Detox-Routine nehmen Sie 1 Beutel Gr\u00fcner Tee Ingwer und 2 BeutelLire la suite\" \/>\n<meta property=\"og:url\" content=\"https:\/\/linfuseur.com\/de\/produit\/kit-dry-detox\/\" \/>\n<meta property=\"og:site_name\" content=\"L&#039;infuseur Paris\" \/>\n<meta property=\"article:modified_time\" content=\"2026-01-30T16:51:04+00:00\" \/>\n<meta property=\"og:image\" content=\"https:\/\/linfuseur.com\/wp-content\/uploads\/2022\/12\/coffret-dry-detox-linfuseur-3.jpg\" \/>\n\t<meta property=\"og:image:width\" content=\"1600\" \/>\n\t<meta property=\"og:image:height\" content=\"1600\" \/>\n\t<meta property=\"og:image:type\" content=\"image\/jpeg\" \/>\n<meta name=\"twitter:label1\" content=\"Gesch\u00e4tzte Lesezeit\" \/>\n\t<meta name=\"twitter:data1\" content=\"1\u00a0Minute\" \/>\n<script type=\"application\/ld+json\" class=\"yoast-schema-graph\">{\"@context\":\"https:\/\/schema.org\",\"@graph\":[{\"@type\":\"WebPage\",\"@id\":\"https:\/\/linfuseur.com\/de\/produit\/kit-dry-detox\/\",\"url\":\"https:\/\/linfuseur.com\/de\/produit\/kit-dry-detox\/\",\"name\":\"Set dry &amp; d\u00e9tox - L&#039;infuseur Paris\",\"isPartOf\":{\"@id\":\"https:\/\/linfuseur.com\/de\/#website\"},\"primaryImageOfPage\":{\"@id\":\"https:\/\/linfuseur.com\/de\/produit\/kit-dry-detox\/#primaryimage\"},\"image\":{\"@id\":\"https:\/\/linfuseur.com\/de\/produit\/kit-dry-detox\/#primaryimage\"},\"thumbnailUrl\":\"https:\/\/linfuseur.com\/wp-content\/uploads\/2022\/12\/coffret-dry-detox-linfuseur-3.jpg\",\"datePublished\":\"2022-12-28T14:10:26+00:00\",\"dateModified\":\"2026-01-30T16:51:04+00:00\",\"breadcrumb\":{\"@id\":\"https:\/\/linfuseur.com\/de\/produit\/kit-dry-detox\/#breadcrumb\"},\"inLanguage\":\"de\",\"potentialAction\":[{\"@type\":\"ReadAction\",\"target\":[\"https:\/\/linfuseur.com\/de\/produit\/kit-dry-detox\/\"]}]},{\"@type\":\"ImageObject\",\"inLanguage\":\"de\",\"@id\":\"https:\/\/linfuseur.com\/de\/produit\/kit-dry-detox\/#primaryimage\",\"url\":\"https:\/\/linfuseur.com\/wp-content\/uploads\/2022\/12\/coffret-dry-detox-linfuseur-3.jpg\",\"contentUrl\":\"https:\/\/linfuseur.com\/wp-content\/uploads\/2022\/12\/coffret-dry-detox-linfuseur-3.jpg\",\"width\":1600,\"height\":1600},{\"@type\":\"BreadcrumbList\",\"@id\":\"https:\/\/linfuseur.com\/de\/produit\/kit-dry-detox\/#breadcrumb\",\"itemListElement\":[{\"@type\":\"ListItem\",\"position\":1,\"name\":\"Home\",\"item\":\"https:\/\/linfuseur.com\/de\/\"},{\"@type\":\"ListItem\",\"position\":2,\"name\":\"Shop\",\"item\":\"https:\/\/linfuseur.com\/de\/shop\/\"},{\"@type\":\"ListItem\",\"position\":3,\"name\":\"Boxen\",\"item\":\"https:\/\/linfuseur.com\/de\/categorie-produit\/boxen\/\"},{\"@type\":\"ListItem\",\"position\":4,\"name\":\"Set dry &amp; d\u00e9tox\"}]},{\"@type\":\"WebSite\",\"@id\":\"https:\/\/linfuseur.com\/de\/#website\",\"url\":\"https:\/\/linfuseur.com\/de\/\",\"name\":\"L'infuseur Paris\",\"description\":\"L&#039;infuseur Paris - Collection d&#039;infusions\",\"potentialAction\":[{\"@type\":\"SearchAction\",\"target\":{\"@type\":\"EntryPoint\",\"urlTemplate\":\"https:\/\/linfuseur.com\/de\/?s={search_term_string}\"},\"query-input\":{\"@type\":\"PropertyValueSpecification\",\"valueRequired\":true,\"valueName\":\"search_term_string\"}}],\"inLanguage\":\"de\"}]}<\/script>\n<!-- \/ Yoast SEO plugin. -->","yoast_head_json":{"title":"Set dry &amp; d\u00e9tox - L&#039;infuseur Paris","robots":{"index":"index","follow":"follow","max-snippet":"max-snippet:-1","max-image-preview":"max-image-preview:large","max-video-preview":"max-video-preview:-1"},"canonical":"https:\/\/linfuseur.com\/de\/produit\/kit-dry-detox\/","og_locale":"de_DE","og_type":"article","og_title":"Set dry &amp; d\u00e9tox - L&#039;infuseur Paris","og_description":"Zusammensetzung 20 Beutel Gr\u00fcner Tee Ingwer Nr. 23 : Gr\u00fcner Sencha-Tee, Gr\u00fcner Tee aus Yunnan, Ingwer, Wacholder, Apfelst\u00fccke. 40 Beutel Kr\u00e4utertee D\u00e9tox Nr. 6: Apfelst\u00fccke, Zitronengras, Wacholderbeeren, Hibiskus, Schwarze Johannisbeere, Brennnessel, Gr\u00fcner Mate, nat\u00fcrliches Aroma der Schwarzen Johannisbeere. Anwendungstipps F\u00fcr eine erfolgreiche Dry &amp; Detox-Routine nehmen Sie 1 Beutel Gr\u00fcner Tee Ingwer und 2 BeutelLire la suite","og_url":"https:\/\/linfuseur.com\/de\/produit\/kit-dry-detox\/","og_site_name":"L&#039;infuseur Paris","article_modified_time":"2026-01-30T16:51:04+00:00","og_image":[{"width":1600,"height":1600,"url":"https:\/\/linfuseur.com\/wp-content\/uploads\/2022\/12\/coffret-dry-detox-linfuseur-3.jpg","type":"image\/jpeg"}],"twitter_misc":{"Gesch\u00e4tzte Lesezeit":"1\u00a0Minute"},"schema":{"@context":"https:\/\/schema.org","@graph":[{"@type":"WebPage","@id":"https:\/\/linfuseur.com\/de\/produit\/kit-dry-detox\/","url":"https:\/\/linfuseur.com\/de\/produit\/kit-dry-detox\/","name":"Set dry &amp; d\u00e9tox - L&#039;infuseur Paris","isPartOf":{"@id":"https:\/\/linfuseur.com\/de\/#website"},"primaryImageOfPage":{"@id":"https:\/\/linfuseur.com\/de\/produit\/kit-dry-detox\/#primaryimage"},"image":{"@id":"https:\/\/linfuseur.com\/de\/produit\/kit-dry-detox\/#primaryimage"},"thumbnailUrl":"https:\/\/linfuseur.com\/wp-content\/uploads\/2022\/12\/coffret-dry-detox-linfuseur-3.jpg","datePublished":"2022-12-28T14:10:26+00:00","dateModified":"2026-01-30T16:51:04+00:00","breadcrumb":{"@id":"https:\/\/linfuseur.com\/de\/produit\/kit-dry-detox\/#breadcrumb"},"inLanguage":"de","potentialAction":[{"@type":"ReadAction","target":["https:\/\/linfuseur.com\/de\/produit\/kit-dry-detox\/"]}]},{"@type":"ImageObject","inLanguage":"de","@id":"https:\/\/linfuseur.com\/de\/produit\/kit-dry-detox\/#primaryimage","url":"https:\/\/linfuseur.com\/wp-content\/uploads\/2022\/12\/coffret-dry-detox-linfuseur-3.jpg","contentUrl":"https:\/\/linfuseur.com\/wp-content\/uploads\/2022\/12\/coffret-dry-detox-linfuseur-3.jpg","width":1600,"height":1600},{"@type":"BreadcrumbList","@id":"https:\/\/linfuseur.com\/de\/produit\/kit-dry-detox\/#breadcrumb","itemListElement":[{"@type":"ListItem","position":1,"name":"Home","item":"https:\/\/linfuseur.com\/de\/"},{"@type":"ListItem","position":2,"name":"Shop","item":"https:\/\/linfuseur.com\/de\/shop\/"},{"@type":"ListItem","position":3,"name":"Boxen","item":"https:\/\/linfuseur.com\/de\/categorie-produit\/boxen\/"},{"@type":"ListItem","position":4,"name":"Set dry &amp; d\u00e9tox"}]},{"@type":"WebSite","@id":"https:\/\/linfuseur.com\/de\/#website","url":"https:\/\/linfuseur.com\/de\/","name":"L'infuseur Paris","description":"L&#039;infuseur Paris - Collection d&#039;infusions","potentialAction":[{"@type":"SearchAction","target":{"@type":"EntryPoint","urlTemplate":"https:\/\/linfuseur.com\/de\/?s={search_term_string}"},"query-input":{"@type":"PropertyValueSpecification","valueRequired":true,"valueName":"search_term_string"}}],"inLanguage":"de"}]}},"_links":{"self":[{"href":"https:\/\/linfuseur.com\/de\/wp-json\/wp\/v2\/product\/19530","targetHints":{"allow":["GET"]}}],"collection":[{"href":"https:\/\/linfuseur.com\/de\/wp-json\/wp\/v2\/product"}],"about":[{"href":"https:\/\/linfuseur.com\/de\/wp-json\/wp\/v2\/types\/product"}],"replies":[{"embeddable":true,"href":"https:\/\/linfuseur.com\/de\/wp-json\/wp\/v2\/comments?post=19530"}],"wp:featuredmedia":[{"embeddable":true,"href":"https:\/\/linfuseur.com\/de\/wp-json\/wp\/v2\/media\/18253"}],"wp:attachment":[{"href":"https:\/\/linfuseur.com\/de\/wp-json\/wp\/v2\/media?parent=19530"}],"wp:term":[{"taxonomy":"product_brand","embeddable":true,"href":"https:\/\/linfuseur.com\/de\/wp-json\/wp\/v2\/product_brand?post=19530"},{"taxonomy":"product_cat","embeddable":true,"href":"https:\/\/linfuseur.com\/de\/wp-json\/wp\/v2\/product_cat?post=19530"},{"taxonomy":"product_tag","embeddable":true,"href":"https:\/\/linfuseur.com\/de\/wp-json\/wp\/v2\/product_tag?post=19530"},{"taxonomy":"giftcard-category","embeddable":true,"href":"https:\/\/linfuseur.com\/de\/wp-json\/wp\/v2\/giftcard-category?post=19530"}],"curies":[{"name":"wp","href":"https:\/\/api.w.org\/{rel}","templated":true}]}}