{"id":19545,"date":"2020-08-11T14:51:24","date_gmt":"2020-08-11T14:51:24","guid":{"rendered":"https:\/\/linfuseur.com\/produit\/19545\/"},"modified":"2026-04-07T06:12:50","modified_gmt":"2026-04-07T06:12:50","slug":"gruntee-minze","status":"publish","type":"product","link":"https:\/\/linfuseur.com\/de\/produit\/gruntee-minze\/","title":{"rendered":"21 Gr\u00fcner Tee Minze"},"content":{"rendered":"<p><b>Anwendungstipps<\/b><br \/>\nF\u00fcr eine erfrischende und aufmunternde Pause empfiehlt Ihnen L&#8217;infuseur, einen Teel\u00f6ffel Tee zu verwenden. Filtern Sie ihn dann. Ansonsten nehmen Sie 1 Beutel pro Tasse und gie\u00dfen dann k\u00f6chelndes Wasser (75\u201395 \u00b0C) auf und lassen Sie den Tee 3\u20135 Minuten lang ziehen.<\/p>\n<p><b>Allergene<\/b><br \/>\nKann Spuren von Schalenfr\u00fcchten enthalten<\/p>\n","protected":false},"excerpt":{"rendered":"<p>Anwendungstipps F\u00fcr eine erfrischende und aufmunternde Pause empfiehlt Ihnen L&#8217;infuseur, einen Teel\u00f6ffel Tee zu verwenden. Filtern Sie ihn dann. Ansonsten nehmen Sie 1 Beutel pro Tasse und gie\u00dfen dann k\u00f6chelndes Wasser (75\u201395 \u00b0C) auf und lassen Sie den Tee 3\u20135 Minuten lang ziehen. Allergene Kann Spuren von Schalenfr\u00fcchten enthalten<\/p>\n","protected":false},"featured_media":17571,"comment_status":"open","ping_status":"closed","template":"","meta":{"_acf_changed":false},"product_brand":[],"product_cat":[190,174,189,186,158,157],"product_tag":[],"giftcard-category":[],"class_list":{"0":"post-19545","1":"product","2":"type-product","3":"status-publish","4":"has-post-thumbnail","6":"product_cat-dry-detox-de","7":"product_cat-green-easter-de","8":"product_cat-spring-detox-de","9":"product_cat-tees","10":"product_cat-collection-de","11":"product_cat-infuseur-de","13":"first","14":"instock","15":"taxable","16":"shipping-taxable","17":"purchasable","18":"product-type-variable","19":"has-default-attributes","20":"wvs-pro-product","21":"wvs-pro-before-cart-button"},"acf":[],"yoast_head":"<!-- This site is optimized with the Yoast SEO plugin v26.8 - https:\/\/yoast.com\/product\/yoast-seo-wordpress\/ -->\n<title>Gr\u00fcner Tee BIO-Minze - Erfrischend und lecker - L&#039;infuseur Paris<\/title>\n<meta name=\"description\" content=\"Der gr\u00fcne Tee Bio-Minze in der Neuinterpretation von L&#039;infuseur l\u00f6scht den Durst, erfrischt und versorgt Sie mit seinen antioxidativen Vorteilen.\" \/>\n<meta name=\"robots\" content=\"index, follow, max-snippet:-1, max-image-preview:large, max-video-preview:-1\" \/>\n<link rel=\"canonical\" href=\"https:\/\/linfuseur.com\/de\/produit\/gruntee-minze\/\" \/>\n<meta property=\"og:locale\" content=\"de_DE\" \/>\n<meta property=\"og:type\" content=\"article\" \/>\n<meta property=\"og:title\" content=\"Gr\u00fcner Tee BIO-Minze - Erfrischend und lecker - L&#039;infuseur Paris\" \/>\n<meta property=\"og:description\" content=\"Der gr\u00fcne Tee Bio-Minze in der Neuinterpretation von L&#039;infuseur l\u00f6scht den Durst, erfrischt und versorgt Sie mit seinen antioxidativen Vorteilen.\" \/>\n<meta property=\"og:url\" content=\"https:\/\/linfuseur.com\/de\/produit\/gruntee-minze\/\" \/>\n<meta property=\"og:site_name\" content=\"L&#039;infuseur Paris\" \/>\n<meta property=\"article:modified_time\" content=\"2026-04-07T06:12:50+00:00\" \/>\n<meta property=\"og:image\" content=\"https:\/\/linfuseur.com\/wp-content\/uploads\/2021\/11\/the-vert-menthe-vrac-linfuseur.jpg\" \/>\n\t<meta property=\"og:image:width\" content=\"1600\" \/>\n\t<meta property=\"og:image:height\" content=\"1600\" \/>\n\t<meta property=\"og:image:type\" content=\"image\/jpeg\" \/>\n<script type=\"application\/ld+json\" class=\"yoast-schema-graph\">{\"@context\":\"https:\/\/schema.org\",\"@graph\":[{\"@type\":\"WebPage\",\"@id\":\"https:\/\/linfuseur.com\/de\/produit\/gruntee-minze\/\",\"url\":\"https:\/\/linfuseur.com\/de\/produit\/gruntee-minze\/\",\"name\":\"Gr\u00fcner Tee BIO-Minze - Erfrischend und lecker - L'infuseur Paris\",\"isPartOf\":{\"@id\":\"https:\/\/linfuseur.com\/de\/#website\"},\"primaryImageOfPage\":{\"@id\":\"https:\/\/linfuseur.com\/de\/produit\/gruntee-minze\/#primaryimage\"},\"image\":{\"@id\":\"https:\/\/linfuseur.com\/de\/produit\/gruntee-minze\/#primaryimage\"},\"thumbnailUrl\":\"https:\/\/linfuseur.com\/wp-content\/uploads\/2021\/11\/the-vert-menthe-vrac-linfuseur.jpg\",\"datePublished\":\"2020-08-11T14:51:24+00:00\",\"dateModified\":\"2026-04-07T06:12:50+00:00\",\"description\":\"Der gr\u00fcne Tee Bio-Minze in der Neuinterpretation von L'infuseur l\u00f6scht den Durst, erfrischt und versorgt Sie mit seinen antioxidativen Vorteilen.\",\"breadcrumb\":{\"@id\":\"https:\/\/linfuseur.com\/de\/produit\/gruntee-minze\/#breadcrumb\"},\"inLanguage\":\"de\",\"potentialAction\":[{\"@type\":\"ReadAction\",\"target\":[\"https:\/\/linfuseur.com\/de\/produit\/gruntee-minze\/\"]}]},{\"@type\":\"ImageObject\",\"inLanguage\":\"de\",\"@id\":\"https:\/\/linfuseur.com\/de\/produit\/gruntee-minze\/#primaryimage\",\"url\":\"https:\/\/linfuseur.com\/wp-content\/uploads\/2021\/11\/the-vert-menthe-vrac-linfuseur.jpg\",\"contentUrl\":\"https:\/\/linfuseur.com\/wp-content\/uploads\/2021\/11\/the-vert-menthe-vrac-linfuseur.jpg\",\"width\":1600,\"height\":1600,\"caption\":\"gr\u00fcntee minze lose l'infuseur\"},{\"@type\":\"BreadcrumbList\",\"@id\":\"https:\/\/linfuseur.com\/de\/produit\/gruntee-minze\/#breadcrumb\",\"itemListElement\":[{\"@type\":\"ListItem\",\"position\":1,\"name\":\"Home\",\"item\":\"https:\/\/linfuseur.com\/de\/\"},{\"@type\":\"ListItem\",\"position\":2,\"name\":\"Shop\",\"item\":\"https:\/\/linfuseur.com\/de\/shop\/\"},{\"@type\":\"ListItem\",\"position\":3,\"name\":\"Tees\",\"item\":\"https:\/\/linfuseur.com\/de\/categorie-produit\/tees\/\"},{\"@type\":\"ListItem\",\"position\":4,\"name\":\"21 Gr\u00fcner Tee Minze\"}]},{\"@type\":\"WebSite\",\"@id\":\"https:\/\/linfuseur.com\/de\/#website\",\"url\":\"https:\/\/linfuseur.com\/de\/\",\"name\":\"L'infuseur Paris\",\"description\":\"L&#039;infuseur Paris - Collection d&#039;infusions\",\"potentialAction\":[{\"@type\":\"SearchAction\",\"target\":{\"@type\":\"EntryPoint\",\"urlTemplate\":\"https:\/\/linfuseur.com\/de\/?s={search_term_string}\"},\"query-input\":{\"@type\":\"PropertyValueSpecification\",\"valueRequired\":true,\"valueName\":\"search_term_string\"}}],\"inLanguage\":\"de\"}]}<\/script>\n<!-- \/ Yoast SEO plugin. -->","yoast_head_json":{"title":"Gr\u00fcner Tee BIO-Minze - Erfrischend und lecker - L'infuseur Paris","description":"Der gr\u00fcne Tee Bio-Minze in der Neuinterpretation von L'infuseur l\u00f6scht den Durst, erfrischt und versorgt Sie mit seinen antioxidativen Vorteilen.","robots":{"index":"index","follow":"follow","max-snippet":"max-snippet:-1","max-image-preview":"max-image-preview:large","max-video-preview":"max-video-preview:-1"},"canonical":"https:\/\/linfuseur.com\/de\/produit\/gruntee-minze\/","og_locale":"de_DE","og_type":"article","og_title":"Gr\u00fcner Tee BIO-Minze - Erfrischend und lecker - L'infuseur Paris","og_description":"Der gr\u00fcne Tee Bio-Minze in der Neuinterpretation von L'infuseur l\u00f6scht den Durst, erfrischt und versorgt Sie mit seinen antioxidativen Vorteilen.","og_url":"https:\/\/linfuseur.com\/de\/produit\/gruntee-minze\/","og_site_name":"L&#039;infuseur Paris","article_modified_time":"2026-04-07T06:12:50+00:00","og_image":[{"width":1600,"height":1600,"url":"https:\/\/linfuseur.com\/wp-content\/uploads\/2021\/11\/the-vert-menthe-vrac-linfuseur.jpg","type":"image\/jpeg"}],"schema":{"@context":"https:\/\/schema.org","@graph":[{"@type":"WebPage","@id":"https:\/\/linfuseur.com\/de\/produit\/gruntee-minze\/","url":"https:\/\/linfuseur.com\/de\/produit\/gruntee-minze\/","name":"Gr\u00fcner Tee BIO-Minze - Erfrischend und lecker - L'infuseur Paris","isPartOf":{"@id":"https:\/\/linfuseur.com\/de\/#website"},"primaryImageOfPage":{"@id":"https:\/\/linfuseur.com\/de\/produit\/gruntee-minze\/#primaryimage"},"image":{"@id":"https:\/\/linfuseur.com\/de\/produit\/gruntee-minze\/#primaryimage"},"thumbnailUrl":"https:\/\/linfuseur.com\/wp-content\/uploads\/2021\/11\/the-vert-menthe-vrac-linfuseur.jpg","datePublished":"2020-08-11T14:51:24+00:00","dateModified":"2026-04-07T06:12:50+00:00","description":"Der gr\u00fcne Tee Bio-Minze in der Neuinterpretation von L'infuseur l\u00f6scht den Durst, erfrischt und versorgt Sie mit seinen antioxidativen Vorteilen.","breadcrumb":{"@id":"https:\/\/linfuseur.com\/de\/produit\/gruntee-minze\/#breadcrumb"},"inLanguage":"de","potentialAction":[{"@type":"ReadAction","target":["https:\/\/linfuseur.com\/de\/produit\/gruntee-minze\/"]}]},{"@type":"ImageObject","inLanguage":"de","@id":"https:\/\/linfuseur.com\/de\/produit\/gruntee-minze\/#primaryimage","url":"https:\/\/linfuseur.com\/wp-content\/uploads\/2021\/11\/the-vert-menthe-vrac-linfuseur.jpg","contentUrl":"https:\/\/linfuseur.com\/wp-content\/uploads\/2021\/11\/the-vert-menthe-vrac-linfuseur.jpg","width":1600,"height":1600,"caption":"gr\u00fcntee minze lose l'infuseur"},{"@type":"BreadcrumbList","@id":"https:\/\/linfuseur.com\/de\/produit\/gruntee-minze\/#breadcrumb","itemListElement":[{"@type":"ListItem","position":1,"name":"Home","item":"https:\/\/linfuseur.com\/de\/"},{"@type":"ListItem","position":2,"name":"Shop","item":"https:\/\/linfuseur.com\/de\/shop\/"},{"@type":"ListItem","position":3,"name":"Tees","item":"https:\/\/linfuseur.com\/de\/categorie-produit\/tees\/"},{"@type":"ListItem","position":4,"name":"21 Gr\u00fcner Tee Minze"}]},{"@type":"WebSite","@id":"https:\/\/linfuseur.com\/de\/#website","url":"https:\/\/linfuseur.com\/de\/","name":"L'infuseur Paris","description":"L&#039;infuseur Paris - Collection d&#039;infusions","potentialAction":[{"@type":"SearchAction","target":{"@type":"EntryPoint","urlTemplate":"https:\/\/linfuseur.com\/de\/?s={search_term_string}"},"query-input":{"@type":"PropertyValueSpecification","valueRequired":true,"valueName":"search_term_string"}}],"inLanguage":"de"}]}},"_links":{"self":[{"href":"https:\/\/linfuseur.com\/de\/wp-json\/wp\/v2\/product\/19545","targetHints":{"allow":["GET"]}}],"collection":[{"href":"https:\/\/linfuseur.com\/de\/wp-json\/wp\/v2\/product"}],"about":[{"href":"https:\/\/linfuseur.com\/de\/wp-json\/wp\/v2\/types\/product"}],"replies":[{"embeddable":true,"href":"https:\/\/linfuseur.com\/de\/wp-json\/wp\/v2\/comments?post=19545"}],"wp:featuredmedia":[{"embeddable":true,"href":"https:\/\/linfuseur.com\/de\/wp-json\/wp\/v2\/media\/17571"}],"wp:attachment":[{"href":"https:\/\/linfuseur.com\/de\/wp-json\/wp\/v2\/media?parent=19545"}],"wp:term":[{"taxonomy":"product_brand","embeddable":true,"href":"https:\/\/linfuseur.com\/de\/wp-json\/wp\/v2\/product_brand?post=19545"},{"taxonomy":"product_cat","embeddable":true,"href":"https:\/\/linfuseur.com\/de\/wp-json\/wp\/v2\/product_cat?post=19545"},{"taxonomy":"product_tag","embeddable":true,"href":"https:\/\/linfuseur.com\/de\/wp-json\/wp\/v2\/product_tag?post=19545"},{"taxonomy":"giftcard-category","embeddable":true,"href":"https:\/\/linfuseur.com\/de\/wp-json\/wp\/v2\/giftcard-category?post=19545"}],"curies":[{"name":"wp","href":"https:\/\/api.w.org\/{rel}","templated":true}]}}