{"id":19549,"date":"2022-11-28T14:11:18","date_gmt":"2022-11-28T14:11:18","guid":{"rendered":"https:\/\/linfuseur.com\/produit\/19549\/"},"modified":"2026-02-16T10:04:44","modified_gmt":"2026-02-16T10:04:44","slug":"box-teekollektion","status":"publish","type":"product","link":"https:\/\/linfuseur.com\/de\/produit\/box-teekollektion\/","title":{"rendered":"Teekollektion-Box"},"content":{"rendered":"<p><strong>Zusammensetzung:<\/strong><\/p>\n<ul>\n<li> <span style=\"font-weight: 400;\"> 6 Beutel Gr\u00fcner Tee Sencha<br \/>\n<\/span>Dieser Tee aus Japan ist eine Quelle des Wohlbefindens und hat entgiftende und antioxidative Eigenschaften.<\/li>\n<\/ul>\n<ul>\n<li> <span style=\"font-weight: 400;\"> 6 Teebeutel Gr\u00fcner Tee Minze<br \/>\n<\/span>Genie\u00dfen Sie die Noten von Anis, s\u00fc\u00dfer Minze und Ringelblumenbl\u00e4ttern dieser Mischung zum Entspannen oder nach einer Mahlzeit.<\/li>\n<\/ul>\n<ul>\n<li> <span style=\"font-weight: 400;\"> 6 Beutel Gr\u00fcner Tee mit Algen<br \/>\n<\/span>Mit dieser Mischung mit jodhaltigen Noten entgiften Sie Ihren K\u00f6rper auf sanfte Weise.<\/li>\n<\/ul>\n<ul>\n<li> <span style=\"font-weight: 400;\">6 Beutel Gr\u00fcner Tee Ingwer<br \/>\n<\/span>Der Bio-Gr\u00fcntee von L&#8217;infuseur mit Ingwer ist eine Quelle an Antioxidantien und bietet eine aromatische Mischung, die alle Ihre Sinne anregen wird.<\/li>\n<\/ul>\n<ul>\n<li> <span style=\"font-weight: 400;\"> 6 Teebeutel Wei\u00dfer Wintertee<br \/>\n<\/span> Der Genuss des Tees mit seinen zarten Orangennoten hilft, die antioxidativen Abwehrkr\u00e4fte der Haut zu st\u00e4rken und sch\u00fctzt unsere Zellen vor \u00e4u\u00dferen Einfl\u00fcssen, die f\u00fcr die Alterung verantwortlich sind.<\/li>\n<\/ul>\n<ul>\n<li> <span style=\"font-weight: 400;\"> 6 Beutel Wei\u00dfer Fr\u00fchlingstee<br \/>\n<\/span>Dieser Tee mit den Noten von Wei\u00dfem Tee, Rosenbl\u00e4ttern und Klatschmohn hilft, \u00fcbersch\u00fcssige Giftstoffe in unserem K\u00f6rper und besonders in unserer Haut zu regulieren.<\/li>\n<\/ul>\n<p><strong>Anwendungstipps:<\/strong><\/p>\n<p>Verwenden Sie 1 Beutel pro Tasse und geben Sie ihn in die Tasse, bevor Sie Ihr Wasser aufgie\u00dfen, das bei 75 bis 95 \u00b0C k\u00f6chelt. Lassen Sie den Tee 3 bis 5 Minuten ziehen.<\/p>\n<p><strong>Allergene:<\/strong><\/p>\n<p><span style=\"font-weight: 400;\">Kann Spuren von Schalenfr\u00fcchten in Wei\u00dfem Wintertee, Gr\u00fcnem Tee Minze, Gr\u00fcnem Tee mit Algen, Gr\u00fcnem Tee Ingwer enthalten.<\/span><\/p>\n<p><strong>Aufbewahrung:<\/strong><\/p>\n<p><span style=\"font-weight: 400;\">Die Box \u201eCollection de th\u00e9s\u201c sollte an einem k\u00fchlen und trockenen Ort aufbewahrt werden.<\/span><\/p>\n","protected":false},"excerpt":{"rendered":"<p>Zusammensetzung: 6 Beutel Gr\u00fcner Tee Sencha Dieser Tee aus Japan ist eine Quelle des Wohlbefindens und hat entgiftende und antioxidative Eigenschaften. 6 Teebeutel Gr\u00fcner Tee Minze Genie\u00dfen Sie die Noten von Anis, s\u00fc\u00dfer Minze und Ringelblumenbl\u00e4ttern dieser Mischung zum Entspannen oder nach einer Mahlzeit. 6 Beutel Gr\u00fcner Tee mit Algen Mit dieser Mischung mit jodhaltigenLire la suite<\/p>\n","protected":false},"featured_media":18181,"comment_status":"open","ping_status":"closed","template":"","meta":{"_acf_changed":false},"product_brand":[],"product_cat":[183,201,190,232,191,186,158,153,157,245],"product_tag":[],"giftcard-category":[],"class_list":{"0":"post-19549","1":"product","2":"type-product","3":"status-publish","4":"has-post-thumbnail","6":"product_cat-boxen","7":"product_cat-detox-de","8":"product_cat-dry-detox-de","9":"product_cat-fall-must-have--de","10":"product_cat-love-mama-de","11":"product_cat-tees","12":"product_cat-collection-de","13":"product_cat-selection-de-noel","14":"product_cat-infuseur-de","15":"product_cat-reinigen-und-entgiften","17":"first","18":"instock","19":"taxable","20":"shipping-taxable","21":"purchasable","22":"product-type-variable","23":"has-default-attributes","24":"wvs-pro-product","25":"wvs-pro-before-cart-button"},"acf":[],"yoast_head":"<!-- This site is optimized with the Yoast SEO plugin v26.8 - https:\/\/yoast.com\/product\/yoast-seo-wordpress\/ -->\n<title>Teekollektion-Box - L&#039;infuseur Paris<\/title>\n<meta name=\"robots\" content=\"index, follow, max-snippet:-1, max-image-preview:large, max-video-preview:-1\" \/>\n<link rel=\"canonical\" href=\"https:\/\/linfuseur.com\/de\/produit\/box-teekollektion\/\" \/>\n<meta property=\"og:locale\" content=\"de_DE\" \/>\n<meta property=\"og:type\" content=\"article\" \/>\n<meta property=\"og:title\" content=\"Teekollektion-Box - L&#039;infuseur Paris\" \/>\n<meta property=\"og:description\" content=\"Zusammensetzung: 6 Beutel Gr\u00fcner Tee Sencha Dieser Tee aus Japan ist eine Quelle des Wohlbefindens und hat entgiftende und antioxidative Eigenschaften. 6 Teebeutel Gr\u00fcner Tee Minze Genie\u00dfen Sie die Noten von Anis, s\u00fc\u00dfer Minze und Ringelblumenbl\u00e4ttern dieser Mischung zum Entspannen oder nach einer Mahlzeit. 6 Beutel Gr\u00fcner Tee mit Algen Mit dieser Mischung mit jodhaltigenLire la suite\" \/>\n<meta property=\"og:url\" content=\"https:\/\/linfuseur.com\/de\/produit\/box-teekollektion\/\" \/>\n<meta property=\"og:site_name\" content=\"L&#039;infuseur Paris\" \/>\n<meta property=\"article:modified_time\" content=\"2026-02-16T10:04:44+00:00\" \/>\n<meta property=\"og:image\" content=\"https:\/\/linfuseur.com\/wp-content\/uploads\/2022\/11\/coffret-collection-thes-verts-linfuseur.jpg\" \/>\n\t<meta property=\"og:image:width\" content=\"1600\" \/>\n\t<meta property=\"og:image:height\" content=\"1600\" \/>\n\t<meta property=\"og:image:type\" content=\"image\/jpeg\" \/>\n<meta name=\"twitter:label1\" content=\"Gesch\u00e4tzte Lesezeit\" \/>\n\t<meta name=\"twitter:data1\" content=\"1\u00a0Minute\" \/>\n<script type=\"application\/ld+json\" class=\"yoast-schema-graph\">{\"@context\":\"https:\/\/schema.org\",\"@graph\":[{\"@type\":\"WebPage\",\"@id\":\"https:\/\/linfuseur.com\/de\/produit\/box-teekollektion\/\",\"url\":\"https:\/\/linfuseur.com\/de\/produit\/box-teekollektion\/\",\"name\":\"Teekollektion-Box - L&#039;infuseur Paris\",\"isPartOf\":{\"@id\":\"https:\/\/linfuseur.com\/de\/#website\"},\"primaryImageOfPage\":{\"@id\":\"https:\/\/linfuseur.com\/de\/produit\/box-teekollektion\/#primaryimage\"},\"image\":{\"@id\":\"https:\/\/linfuseur.com\/de\/produit\/box-teekollektion\/#primaryimage\"},\"thumbnailUrl\":\"https:\/\/linfuseur.com\/wp-content\/uploads\/2022\/11\/coffret-collection-thes-verts-linfuseur.jpg\",\"datePublished\":\"2022-11-28T14:11:18+00:00\",\"dateModified\":\"2026-02-16T10:04:44+00:00\",\"breadcrumb\":{\"@id\":\"https:\/\/linfuseur.com\/de\/produit\/box-teekollektion\/#breadcrumb\"},\"inLanguage\":\"de\",\"potentialAction\":[{\"@type\":\"ReadAction\",\"target\":[\"https:\/\/linfuseur.com\/de\/produit\/box-teekollektion\/\"]}]},{\"@type\":\"ImageObject\",\"inLanguage\":\"de\",\"@id\":\"https:\/\/linfuseur.com\/de\/produit\/box-teekollektion\/#primaryimage\",\"url\":\"https:\/\/linfuseur.com\/wp-content\/uploads\/2022\/11\/coffret-collection-thes-verts-linfuseur.jpg\",\"contentUrl\":\"https:\/\/linfuseur.com\/wp-content\/uploads\/2022\/11\/coffret-collection-thes-verts-linfuseur.jpg\",\"width\":1600,\"height\":1600},{\"@type\":\"BreadcrumbList\",\"@id\":\"https:\/\/linfuseur.com\/de\/produit\/box-teekollektion\/#breadcrumb\",\"itemListElement\":[{\"@type\":\"ListItem\",\"position\":1,\"name\":\"Home\",\"item\":\"https:\/\/linfuseur.com\/de\/\"},{\"@type\":\"ListItem\",\"position\":2,\"name\":\"Shop\",\"item\":\"https:\/\/linfuseur.com\/de\/shop\/\"},{\"@type\":\"ListItem\",\"position\":3,\"name\":\"Boxen\",\"item\":\"https:\/\/linfuseur.com\/de\/categorie-produit\/boxen\/\"},{\"@type\":\"ListItem\",\"position\":4,\"name\":\"Teekollektion-Box\"}]},{\"@type\":\"WebSite\",\"@id\":\"https:\/\/linfuseur.com\/de\/#website\",\"url\":\"https:\/\/linfuseur.com\/de\/\",\"name\":\"L'infuseur Paris\",\"description\":\"L&#039;infuseur Paris - Collection d&#039;infusions\",\"potentialAction\":[{\"@type\":\"SearchAction\",\"target\":{\"@type\":\"EntryPoint\",\"urlTemplate\":\"https:\/\/linfuseur.com\/de\/?s={search_term_string}\"},\"query-input\":{\"@type\":\"PropertyValueSpecification\",\"valueRequired\":true,\"valueName\":\"search_term_string\"}}],\"inLanguage\":\"de\"}]}<\/script>\n<!-- \/ Yoast SEO plugin. -->","yoast_head_json":{"title":"Teekollektion-Box - L&#039;infuseur Paris","robots":{"index":"index","follow":"follow","max-snippet":"max-snippet:-1","max-image-preview":"max-image-preview:large","max-video-preview":"max-video-preview:-1"},"canonical":"https:\/\/linfuseur.com\/de\/produit\/box-teekollektion\/","og_locale":"de_DE","og_type":"article","og_title":"Teekollektion-Box - L&#039;infuseur Paris","og_description":"Zusammensetzung: 6 Beutel Gr\u00fcner Tee Sencha Dieser Tee aus Japan ist eine Quelle des Wohlbefindens und hat entgiftende und antioxidative Eigenschaften. 6 Teebeutel Gr\u00fcner Tee Minze Genie\u00dfen Sie die Noten von Anis, s\u00fc\u00dfer Minze und Ringelblumenbl\u00e4ttern dieser Mischung zum Entspannen oder nach einer Mahlzeit. 6 Beutel Gr\u00fcner Tee mit Algen Mit dieser Mischung mit jodhaltigenLire la suite","og_url":"https:\/\/linfuseur.com\/de\/produit\/box-teekollektion\/","og_site_name":"L&#039;infuseur Paris","article_modified_time":"2026-02-16T10:04:44+00:00","og_image":[{"width":1600,"height":1600,"url":"https:\/\/linfuseur.com\/wp-content\/uploads\/2022\/11\/coffret-collection-thes-verts-linfuseur.jpg","type":"image\/jpeg"}],"twitter_misc":{"Gesch\u00e4tzte Lesezeit":"1\u00a0Minute"},"schema":{"@context":"https:\/\/schema.org","@graph":[{"@type":"WebPage","@id":"https:\/\/linfuseur.com\/de\/produit\/box-teekollektion\/","url":"https:\/\/linfuseur.com\/de\/produit\/box-teekollektion\/","name":"Teekollektion-Box - L&#039;infuseur Paris","isPartOf":{"@id":"https:\/\/linfuseur.com\/de\/#website"},"primaryImageOfPage":{"@id":"https:\/\/linfuseur.com\/de\/produit\/box-teekollektion\/#primaryimage"},"image":{"@id":"https:\/\/linfuseur.com\/de\/produit\/box-teekollektion\/#primaryimage"},"thumbnailUrl":"https:\/\/linfuseur.com\/wp-content\/uploads\/2022\/11\/coffret-collection-thes-verts-linfuseur.jpg","datePublished":"2022-11-28T14:11:18+00:00","dateModified":"2026-02-16T10:04:44+00:00","breadcrumb":{"@id":"https:\/\/linfuseur.com\/de\/produit\/box-teekollektion\/#breadcrumb"},"inLanguage":"de","potentialAction":[{"@type":"ReadAction","target":["https:\/\/linfuseur.com\/de\/produit\/box-teekollektion\/"]}]},{"@type":"ImageObject","inLanguage":"de","@id":"https:\/\/linfuseur.com\/de\/produit\/box-teekollektion\/#primaryimage","url":"https:\/\/linfuseur.com\/wp-content\/uploads\/2022\/11\/coffret-collection-thes-verts-linfuseur.jpg","contentUrl":"https:\/\/linfuseur.com\/wp-content\/uploads\/2022\/11\/coffret-collection-thes-verts-linfuseur.jpg","width":1600,"height":1600},{"@type":"BreadcrumbList","@id":"https:\/\/linfuseur.com\/de\/produit\/box-teekollektion\/#breadcrumb","itemListElement":[{"@type":"ListItem","position":1,"name":"Home","item":"https:\/\/linfuseur.com\/de\/"},{"@type":"ListItem","position":2,"name":"Shop","item":"https:\/\/linfuseur.com\/de\/shop\/"},{"@type":"ListItem","position":3,"name":"Boxen","item":"https:\/\/linfuseur.com\/de\/categorie-produit\/boxen\/"},{"@type":"ListItem","position":4,"name":"Teekollektion-Box"}]},{"@type":"WebSite","@id":"https:\/\/linfuseur.com\/de\/#website","url":"https:\/\/linfuseur.com\/de\/","name":"L'infuseur Paris","description":"L&#039;infuseur Paris - Collection d&#039;infusions","potentialAction":[{"@type":"SearchAction","target":{"@type":"EntryPoint","urlTemplate":"https:\/\/linfuseur.com\/de\/?s={search_term_string}"},"query-input":{"@type":"PropertyValueSpecification","valueRequired":true,"valueName":"search_term_string"}}],"inLanguage":"de"}]}},"_links":{"self":[{"href":"https:\/\/linfuseur.com\/de\/wp-json\/wp\/v2\/product\/19549","targetHints":{"allow":["GET"]}}],"collection":[{"href":"https:\/\/linfuseur.com\/de\/wp-json\/wp\/v2\/product"}],"about":[{"href":"https:\/\/linfuseur.com\/de\/wp-json\/wp\/v2\/types\/product"}],"replies":[{"embeddable":true,"href":"https:\/\/linfuseur.com\/de\/wp-json\/wp\/v2\/comments?post=19549"}],"wp:featuredmedia":[{"embeddable":true,"href":"https:\/\/linfuseur.com\/de\/wp-json\/wp\/v2\/media\/18181"}],"wp:attachment":[{"href":"https:\/\/linfuseur.com\/de\/wp-json\/wp\/v2\/media?parent=19549"}],"wp:term":[{"taxonomy":"product_brand","embeddable":true,"href":"https:\/\/linfuseur.com\/de\/wp-json\/wp\/v2\/product_brand?post=19549"},{"taxonomy":"product_cat","embeddable":true,"href":"https:\/\/linfuseur.com\/de\/wp-json\/wp\/v2\/product_cat?post=19549"},{"taxonomy":"product_tag","embeddable":true,"href":"https:\/\/linfuseur.com\/de\/wp-json\/wp\/v2\/product_tag?post=19549"},{"taxonomy":"giftcard-category","embeddable":true,"href":"https:\/\/linfuseur.com\/de\/wp-json\/wp\/v2\/giftcard-category?post=19549"}],"curies":[{"name":"wp","href":"https:\/\/api.w.org\/{rel}","templated":true}]}}