{"id":19570,"date":"2020-08-11T12:49:47","date_gmt":"2020-08-11T12:49:47","guid":{"rendered":"https:\/\/linfuseur.com\/produit\/19570\/"},"modified":"2026-01-30T16:53:27","modified_gmt":"2026-01-30T16:53:27","slug":"gruntee-mit-algen","status":"publish","type":"product","link":"https:\/\/linfuseur.com\/de\/produit\/gruntee-mit-algen\/","title":{"rendered":"22 Gr\u00fcntee mit Algen"},"content":{"rendered":"<p><strong>Anwendungstipps<\/strong><br \/>\nGeben Sie einen Teel\u00f6ffel losen Tee in Ihren Infusor oder Ihre Teekanne. Ansonsten nehmen Sie 1 Beutel pro Tasse, den Sie 3 bis 5 Minuten in 75 \u00b0C hei\u00dfem Wasser ziehen lassen.<\/p>\n<p><strong>Allergene<\/strong><br \/>\nKann Spuren von Schalenfr\u00fcchten enthalten<\/p>\n","protected":false},"excerpt":{"rendered":"<p>Anwendungstipps Geben Sie einen Teel\u00f6ffel losen Tee in Ihren Infusor oder Ihre Teekanne. Ansonsten nehmen Sie 1 Beutel pro Tasse, den Sie 3 bis 5 Minuten in 75 \u00b0C hei\u00dfem Wasser ziehen lassen. Allergene Kann Spuren von Schalenfr\u00fcchten enthalten<\/p>\n","protected":false},"featured_media":17565,"comment_status":"open","ping_status":"closed","template":"","meta":{"_acf_changed":false},"product_brand":[],"product_cat":[201,202,190,189,186,158,157,245],"product_tag":[],"giftcard-category":[],"class_list":{"0":"post-19570","1":"product","2":"type-product","3":"status-publish","4":"has-post-thumbnail","6":"product_cat-detox-de","7":"product_cat-detox-im-herbst","8":"product_cat-dry-detox-de","9":"product_cat-spring-detox-de","10":"product_cat-tees","11":"product_cat-collection-de","12":"product_cat-infuseur-de","13":"product_cat-reinigen-und-entgiften","15":"first","16":"instock","17":"taxable","18":"shipping-taxable","19":"purchasable","20":"product-type-variable","21":"has-default-attributes","22":"wvs-pro-product","23":"wvs-pro-before-cart-button"},"acf":[],"yoast_head":"<!-- This site is optimized with the Yoast SEO plugin v26.8 - https:\/\/yoast.com\/product\/yoast-seo-wordpress\/ -->\n<title>Gr\u00fcner Tee mit BIO-Algen - Antioxidans - L&#039;infuseur Paris<\/title>\n<meta name=\"description\" content=\"Der gr\u00fcne Tee mit Algen von L&#039;infuseur und seinen jodhaltigen Noten l\u00e4dt Sie zu einer Reise ein und verw\u00f6hnt Sie dank seiner zahlreichen positiven Eigenschaften.\" \/>\n<meta name=\"robots\" content=\"index, follow, max-snippet:-1, max-image-preview:large, max-video-preview:-1\" \/>\n<link rel=\"canonical\" href=\"https:\/\/linfuseur.com\/de\/produit\/gruntee-mit-algen\/\" \/>\n<meta property=\"og:locale\" content=\"de_DE\" \/>\n<meta property=\"og:type\" content=\"article\" \/>\n<meta property=\"og:title\" content=\"Gr\u00fcner Tee mit BIO-Algen - Antioxidans - L&#039;infuseur Paris\" \/>\n<meta property=\"og:description\" content=\"Der gr\u00fcne Tee mit Algen von L&#039;infuseur und seinen jodhaltigen Noten l\u00e4dt Sie zu einer Reise ein und verw\u00f6hnt Sie dank seiner zahlreichen positiven Eigenschaften.\" \/>\n<meta property=\"og:url\" content=\"https:\/\/linfuseur.com\/de\/produit\/gruntee-mit-algen\/\" \/>\n<meta property=\"og:site_name\" content=\"L&#039;infuseur Paris\" \/>\n<meta property=\"article:modified_time\" content=\"2026-01-30T16:53:27+00:00\" \/>\n<meta property=\"og:image\" content=\"https:\/\/linfuseur.com\/wp-content\/uploads\/2021\/11\/the-vert-algues-vrac-linfuseur.jpg\" \/>\n\t<meta property=\"og:image:width\" content=\"1600\" \/>\n\t<meta property=\"og:image:height\" content=\"1600\" \/>\n\t<meta property=\"og:image:type\" content=\"image\/jpeg\" \/>\n<script type=\"application\/ld+json\" class=\"yoast-schema-graph\">{\"@context\":\"https:\/\/schema.org\",\"@graph\":[{\"@type\":\"WebPage\",\"@id\":\"https:\/\/linfuseur.com\/de\/produit\/gruntee-mit-algen\/\",\"url\":\"https:\/\/linfuseur.com\/de\/produit\/gruntee-mit-algen\/\",\"name\":\"Gr\u00fcner Tee mit BIO-Algen - Antioxidans - L&#039;infuseur Paris\",\"isPartOf\":{\"@id\":\"https:\/\/linfuseur.com\/de\/#website\"},\"primaryImageOfPage\":{\"@id\":\"https:\/\/linfuseur.com\/de\/produit\/gruntee-mit-algen\/#primaryimage\"},\"image\":{\"@id\":\"https:\/\/linfuseur.com\/de\/produit\/gruntee-mit-algen\/#primaryimage\"},\"thumbnailUrl\":\"https:\/\/linfuseur.com\/wp-content\/uploads\/2021\/11\/the-vert-algues-vrac-linfuseur.jpg\",\"datePublished\":\"2020-08-11T12:49:47+00:00\",\"dateModified\":\"2026-01-30T16:53:27+00:00\",\"description\":\"Der gr\u00fcne Tee mit Algen von L'infuseur und seinen jodhaltigen Noten l\u00e4dt Sie zu einer Reise ein und verw\u00f6hnt Sie dank seiner zahlreichen positiven Eigenschaften.\",\"breadcrumb\":{\"@id\":\"https:\/\/linfuseur.com\/de\/produit\/gruntee-mit-algen\/#breadcrumb\"},\"inLanguage\":\"de\",\"potentialAction\":[{\"@type\":\"ReadAction\",\"target\":[\"https:\/\/linfuseur.com\/de\/produit\/gruntee-mit-algen\/\"]}]},{\"@type\":\"ImageObject\",\"inLanguage\":\"de\",\"@id\":\"https:\/\/linfuseur.com\/de\/produit\/gruntee-mit-algen\/#primaryimage\",\"url\":\"https:\/\/linfuseur.com\/wp-content\/uploads\/2021\/11\/the-vert-algues-vrac-linfuseur.jpg\",\"contentUrl\":\"https:\/\/linfuseur.com\/wp-content\/uploads\/2021\/11\/the-vert-algues-vrac-linfuseur.jpg\",\"width\":1600,\"height\":1600,\"caption\":\"gr\u00fcntee mit algen lose l'infuseur\"},{\"@type\":\"BreadcrumbList\",\"@id\":\"https:\/\/linfuseur.com\/de\/produit\/gruntee-mit-algen\/#breadcrumb\",\"itemListElement\":[{\"@type\":\"ListItem\",\"position\":1,\"name\":\"Home\",\"item\":\"https:\/\/linfuseur.com\/de\/\"},{\"@type\":\"ListItem\",\"position\":2,\"name\":\"Shop\",\"item\":\"https:\/\/linfuseur.com\/de\/shop\/\"},{\"@type\":\"ListItem\",\"position\":3,\"name\":\"Detox\",\"item\":\"https:\/\/linfuseur.com\/de\/categorie-produit\/detox-de\/\"},{\"@type\":\"ListItem\",\"position\":4,\"name\":\"22 Gr\u00fcntee mit Algen\"}]},{\"@type\":\"WebSite\",\"@id\":\"https:\/\/linfuseur.com\/de\/#website\",\"url\":\"https:\/\/linfuseur.com\/de\/\",\"name\":\"L'infuseur Paris\",\"description\":\"L&#039;infuseur Paris - Collection d&#039;infusions\",\"potentialAction\":[{\"@type\":\"SearchAction\",\"target\":{\"@type\":\"EntryPoint\",\"urlTemplate\":\"https:\/\/linfuseur.com\/de\/?s={search_term_string}\"},\"query-input\":{\"@type\":\"PropertyValueSpecification\",\"valueRequired\":true,\"valueName\":\"search_term_string\"}}],\"inLanguage\":\"de\"}]}<\/script>\n<!-- \/ Yoast SEO plugin. -->","yoast_head_json":{"title":"Gr\u00fcner Tee mit BIO-Algen - Antioxidans - L&#039;infuseur Paris","description":"Der gr\u00fcne Tee mit Algen von L'infuseur und seinen jodhaltigen Noten l\u00e4dt Sie zu einer Reise ein und verw\u00f6hnt Sie dank seiner zahlreichen positiven Eigenschaften.","robots":{"index":"index","follow":"follow","max-snippet":"max-snippet:-1","max-image-preview":"max-image-preview:large","max-video-preview":"max-video-preview:-1"},"canonical":"https:\/\/linfuseur.com\/de\/produit\/gruntee-mit-algen\/","og_locale":"de_DE","og_type":"article","og_title":"Gr\u00fcner Tee mit BIO-Algen - Antioxidans - L&#039;infuseur Paris","og_description":"Der gr\u00fcne Tee mit Algen von L'infuseur und seinen jodhaltigen Noten l\u00e4dt Sie zu einer Reise ein und verw\u00f6hnt Sie dank seiner zahlreichen positiven Eigenschaften.","og_url":"https:\/\/linfuseur.com\/de\/produit\/gruntee-mit-algen\/","og_site_name":"L&#039;infuseur Paris","article_modified_time":"2026-01-30T16:53:27+00:00","og_image":[{"width":1600,"height":1600,"url":"https:\/\/linfuseur.com\/wp-content\/uploads\/2021\/11\/the-vert-algues-vrac-linfuseur.jpg","type":"image\/jpeg"}],"schema":{"@context":"https:\/\/schema.org","@graph":[{"@type":"WebPage","@id":"https:\/\/linfuseur.com\/de\/produit\/gruntee-mit-algen\/","url":"https:\/\/linfuseur.com\/de\/produit\/gruntee-mit-algen\/","name":"Gr\u00fcner Tee mit BIO-Algen - Antioxidans - L&#039;infuseur Paris","isPartOf":{"@id":"https:\/\/linfuseur.com\/de\/#website"},"primaryImageOfPage":{"@id":"https:\/\/linfuseur.com\/de\/produit\/gruntee-mit-algen\/#primaryimage"},"image":{"@id":"https:\/\/linfuseur.com\/de\/produit\/gruntee-mit-algen\/#primaryimage"},"thumbnailUrl":"https:\/\/linfuseur.com\/wp-content\/uploads\/2021\/11\/the-vert-algues-vrac-linfuseur.jpg","datePublished":"2020-08-11T12:49:47+00:00","dateModified":"2026-01-30T16:53:27+00:00","description":"Der gr\u00fcne Tee mit Algen von L'infuseur und seinen jodhaltigen Noten l\u00e4dt Sie zu einer Reise ein und verw\u00f6hnt Sie dank seiner zahlreichen positiven Eigenschaften.","breadcrumb":{"@id":"https:\/\/linfuseur.com\/de\/produit\/gruntee-mit-algen\/#breadcrumb"},"inLanguage":"de","potentialAction":[{"@type":"ReadAction","target":["https:\/\/linfuseur.com\/de\/produit\/gruntee-mit-algen\/"]}]},{"@type":"ImageObject","inLanguage":"de","@id":"https:\/\/linfuseur.com\/de\/produit\/gruntee-mit-algen\/#primaryimage","url":"https:\/\/linfuseur.com\/wp-content\/uploads\/2021\/11\/the-vert-algues-vrac-linfuseur.jpg","contentUrl":"https:\/\/linfuseur.com\/wp-content\/uploads\/2021\/11\/the-vert-algues-vrac-linfuseur.jpg","width":1600,"height":1600,"caption":"gr\u00fcntee mit algen lose l'infuseur"},{"@type":"BreadcrumbList","@id":"https:\/\/linfuseur.com\/de\/produit\/gruntee-mit-algen\/#breadcrumb","itemListElement":[{"@type":"ListItem","position":1,"name":"Home","item":"https:\/\/linfuseur.com\/de\/"},{"@type":"ListItem","position":2,"name":"Shop","item":"https:\/\/linfuseur.com\/de\/shop\/"},{"@type":"ListItem","position":3,"name":"Detox","item":"https:\/\/linfuseur.com\/de\/categorie-produit\/detox-de\/"},{"@type":"ListItem","position":4,"name":"22 Gr\u00fcntee mit Algen"}]},{"@type":"WebSite","@id":"https:\/\/linfuseur.com\/de\/#website","url":"https:\/\/linfuseur.com\/de\/","name":"L'infuseur Paris","description":"L&#039;infuseur Paris - Collection d&#039;infusions","potentialAction":[{"@type":"SearchAction","target":{"@type":"EntryPoint","urlTemplate":"https:\/\/linfuseur.com\/de\/?s={search_term_string}"},"query-input":{"@type":"PropertyValueSpecification","valueRequired":true,"valueName":"search_term_string"}}],"inLanguage":"de"}]}},"_links":{"self":[{"href":"https:\/\/linfuseur.com\/de\/wp-json\/wp\/v2\/product\/19570","targetHints":{"allow":["GET"]}}],"collection":[{"href":"https:\/\/linfuseur.com\/de\/wp-json\/wp\/v2\/product"}],"about":[{"href":"https:\/\/linfuseur.com\/de\/wp-json\/wp\/v2\/types\/product"}],"replies":[{"embeddable":true,"href":"https:\/\/linfuseur.com\/de\/wp-json\/wp\/v2\/comments?post=19570"}],"wp:featuredmedia":[{"embeddable":true,"href":"https:\/\/linfuseur.com\/de\/wp-json\/wp\/v2\/media\/17565"}],"wp:attachment":[{"href":"https:\/\/linfuseur.com\/de\/wp-json\/wp\/v2\/media?parent=19570"}],"wp:term":[{"taxonomy":"product_brand","embeddable":true,"href":"https:\/\/linfuseur.com\/de\/wp-json\/wp\/v2\/product_brand?post=19570"},{"taxonomy":"product_cat","embeddable":true,"href":"https:\/\/linfuseur.com\/de\/wp-json\/wp\/v2\/product_cat?post=19570"},{"taxonomy":"product_tag","embeddable":true,"href":"https:\/\/linfuseur.com\/de\/wp-json\/wp\/v2\/product_tag?post=19570"},{"taxonomy":"giftcard-category","embeddable":true,"href":"https:\/\/linfuseur.com\/de\/wp-json\/wp\/v2\/giftcard-category?post=19570"}],"curies":[{"name":"wp","href":"https:\/\/api.w.org\/{rel}","templated":true}]}}