{"id":19597,"date":"2020-08-13T17:55:03","date_gmt":"2020-08-13T17:55:03","guid":{"rendered":"https:\/\/linfuseur.com\/produit\/19597\/"},"modified":"2026-04-07T15:49:14","modified_gmt":"2026-04-07T15:49:14","slug":"detox-tee","status":"publish","type":"product","link":"https:\/\/linfuseur.com\/de\/produit\/detox-tee\/","title":{"rendered":"6 Detox"},"content":{"rendered":"<p>Entdecken Sie unsere Eistees, die ideal sind, um Sie durch den Sommer zu begleiten:<\/p>\n<div style=\"width: 600px;\" class=\"wp-video\"><video class=\"wp-video-shortcode\" id=\"video-19597-1\" width=\"600\" height=\"337\" poster=\"https:\/\/linfuseur.com\/wp-content\/uploads\/2023\/06\/Capture-decran-2023-06-15-a-17.45.02.png\" preload=\"metadata\" controls=\"controls\"><source type=\"video\/mp4\" src=\"https:\/\/linfuseur.com\/wp-content\/uploads\/2020\/08\/recette_infusion_glacee.mp4?_=1\" \/><a href=\"https:\/\/linfuseur.com\/wp-content\/uploads\/2020\/08\/recette_infusion_glacee.mp4\">https:\/\/linfuseur.com\/wp-content\/uploads\/2020\/08\/recette_infusion_glacee.mp4<\/a><\/video><\/div>\n<p><strong>Merkmale<\/strong><br \/>\nKann hei\u00df oder kalt genossen werden<br \/>\n&#8211; Noten: Schwarze Johannisbeere &#8211; Hibiskus &#8211; Zitronengras<br \/>\n&#8211; Kann korgens oder w\u00e4hrend des Tages genossen werden<\/p>\n<p><strong>Anwendungstipps<\/strong><br \/>\nF\u00fcr einen Detox-Tee \u00fcberbr\u00fchen Sie einen Teel\u00f6ffel Tee und filtern Sie ihn. Verwenden Sie ansonsten 1 Beutel pro Tasse, bevor Sie dein k\u00f6chelndes Wasser (95 \u00ba) hinzugeben. Lassen Sie den Tee schlie\u00dflich 5 bis 7 Minuten ziehen.<\/p>\n<p>Sie k\u00f6nnen sich auch f\u00fcr die kalte Variante dieses Tees entscheiden. Lassen Sie ihn dazu abk\u00fchlen, bevor Sie sie in den K\u00fchlschrank stellen. Eine andere Zubereitungsart f\u00fcr eine mildere Variante ist, den Tee 2\u20133 Stunden bei Zimmertemperatur ziehen zu lassen.<\/p>\n<p><strong>Allergene<\/strong><br \/>\nDieses Produkt kann Spuren von Schalenfr\u00fcchten enthalten.<\/p>\n<p><strong>Aufbewahrung<\/strong><br \/>\nLagern Sie Ihren Detox-Tee am besten an einem k\u00fchlen und trockenen Ort.<\/p>\n<p><strong>Informationen zur Mischung:<\/strong><br \/>\nDas Rezept f\u00fcr unsere Detox-Mischung Nr. 6 hat sich leicht ver\u00e4ndert. Um diesen Tee unbeschwert am sp\u00e4ten Nachmittag oder Abend trinken zu k\u00f6nnen, haben uns viele Kunden gebeten, den urspr\u00fcnglich in der Detox-Mischung enthaltenen Mate-Tee zu entfernen (-3 %). Der Geschmack und die Vorteile bleiben nat\u00fcrlich unver\u00e4ndert. Bei unseren Gro\u00dfpackungen enth\u00e4lt unsere Mischung bereits keinen gr\u00fcnen Mate mehr, in der Version mit 15 Beuteln erhalten Sie jedoch noch einige Monate lang unsere alte Mischung mit dem gr\u00fcnen Mate. Wir w\u00fcnschen Ihnen viel Spa\u00df beim Genie\u00dfen!<\/p>\n","protected":false},"excerpt":{"rendered":"<p>Entdecken Sie unsere Eistees, die ideal sind, um Sie durch den Sommer zu begleiten: Merkmale Kann hei\u00df oder kalt genossen werden &#8211; Noten: Schwarze Johannisbeere &#8211; Hibiskus &#8211; Zitronengras &#8211; Kann korgens oder w\u00e4hrend des Tages genossen werden Anwendungstipps F\u00fcr einen Detox-Tee \u00fcberbr\u00fchen Sie einen Teel\u00f6ffel Tee und filtern Sie ihn. Verwenden Sie ansonsten 1Lire la suite<\/p>\n","protected":false},"featured_media":51619,"comment_status":"open","ping_status":"closed","template":"","meta":{"_acf_changed":false},"product_brand":[],"product_cat":[201,202,190,178,189,264,158,153,157,154,245],"product_tag":[],"giftcard-category":[],"class_list":{"0":"post-19597","1":"product","2":"type-product","3":"status-publish","4":"has-post-thumbnail","6":"product_cat-detox-de","7":"product_cat-detox-im-herbst","8":"product_cat-dry-detox-de","9":"product_cat-eistee","10":"product_cat-spring-detox-de","11":"product_cat-wohlbefinden-lifestyle","12":"product_cat-collection-de","13":"product_cat-selection-de-noel","14":"product_cat-infuseur-de","15":"product_cat-krautertees","16":"product_cat-reinigen-und-entgiften","18":"first","19":"instock","20":"taxable","21":"shipping-taxable","22":"purchasable","23":"product-type-variable","24":"wvs-pro-product","25":"wvs-pro-before-cart-button"},"acf":[],"yoast_head":"<!-- This site is optimized with the Yoast SEO plugin v26.8 - https:\/\/yoast.com\/product\/yoast-seo-wordpress\/ -->\n<title>DETOX Kr\u00e4utertee - Antioxidativ und reinigend - L&#039;infuseur Paris<\/title>\n<meta name=\"description\" content=\"L&#039;infuseur revolutioniert den DETOX-Tee mit einer Mischung aus Pflanzen mit antioxidativen und reinigenden Eigenschaften, die wie eine wahre Verj\u00fcngungskur wirken.\" \/>\n<meta name=\"robots\" content=\"index, follow, max-snippet:-1, max-image-preview:large, max-video-preview:-1\" \/>\n<link rel=\"canonical\" href=\"https:\/\/linfuseur.com\/de\/produit\/detox-tee\/\" \/>\n<meta property=\"og:locale\" content=\"de_DE\" \/>\n<meta property=\"og:type\" content=\"article\" \/>\n<meta property=\"og:title\" content=\"DETOX Kr\u00e4utertee - Antioxidativ und reinigend - L&#039;infuseur Paris\" \/>\n<meta property=\"og:description\" content=\"L&#039;infuseur revolutioniert den DETOX-Tee mit einer Mischung aus Pflanzen mit antioxidativen und reinigenden Eigenschaften, die wie eine wahre Verj\u00fcngungskur wirken.\" \/>\n<meta property=\"og:url\" content=\"https:\/\/linfuseur.com\/de\/produit\/detox-tee\/\" \/>\n<meta property=\"og:site_name\" content=\"L&#039;infuseur Paris\" \/>\n<meta property=\"article:modified_time\" content=\"2026-04-07T15:49:14+00:00\" \/>\n<meta property=\"og:image\" content=\"https:\/\/linfuseur.com\/wp-content\/uploads\/2020\/08\/detox-summer-glacon.jpg\" \/>\n\t<meta property=\"og:image:width\" content=\"1500\" \/>\n\t<meta property=\"og:image:height\" content=\"1500\" \/>\n\t<meta property=\"og:image:type\" content=\"image\/jpeg\" \/>\n<meta name=\"twitter:label1\" content=\"Gesch\u00e4tzte Lesezeit\" \/>\n\t<meta name=\"twitter:data1\" content=\"1\u00a0Minute\" \/>\n<script type=\"application\/ld+json\" class=\"yoast-schema-graph\">{\"@context\":\"https:\/\/schema.org\",\"@graph\":[{\"@type\":\"WebPage\",\"@id\":\"https:\/\/linfuseur.com\/de\/produit\/detox-tee\/\",\"url\":\"https:\/\/linfuseur.com\/de\/produit\/detox-tee\/\",\"name\":\"DETOX Kr\u00e4utertee - Antioxidativ und reinigend - L&#039;infuseur Paris\",\"isPartOf\":{\"@id\":\"https:\/\/linfuseur.com\/de\/#website\"},\"primaryImageOfPage\":{\"@id\":\"https:\/\/linfuseur.com\/de\/produit\/detox-tee\/#primaryimage\"},\"image\":{\"@id\":\"https:\/\/linfuseur.com\/de\/produit\/detox-tee\/#primaryimage\"},\"thumbnailUrl\":\"https:\/\/linfuseur.com\/wp-content\/uploads\/2020\/08\/infusion-detox-vrac-25.jpg\",\"datePublished\":\"2020-08-13T17:55:03+00:00\",\"dateModified\":\"2026-04-07T15:49:14+00:00\",\"description\":\"L'infuseur revolutioniert den DETOX-Tee mit einer Mischung aus Pflanzen mit antioxidativen und reinigenden Eigenschaften, die wie eine wahre Verj\u00fcngungskur wirken.\",\"breadcrumb\":{\"@id\":\"https:\/\/linfuseur.com\/de\/produit\/detox-tee\/#breadcrumb\"},\"inLanguage\":\"de\",\"potentialAction\":[{\"@type\":\"ReadAction\",\"target\":[\"https:\/\/linfuseur.com\/de\/produit\/detox-tee\/\"]}]},{\"@type\":\"ImageObject\",\"inLanguage\":\"de\",\"@id\":\"https:\/\/linfuseur.com\/de\/produit\/detox-tee\/#primaryimage\",\"url\":\"https:\/\/linfuseur.com\/wp-content\/uploads\/2020\/08\/infusion-detox-vrac-25.jpg\",\"contentUrl\":\"https:\/\/linfuseur.com\/wp-content\/uploads\/2020\/08\/infusion-detox-vrac-25.jpg\",\"width\":1600,\"height\":1600},{\"@type\":\"BreadcrumbList\",\"@id\":\"https:\/\/linfuseur.com\/de\/produit\/detox-tee\/#breadcrumb\",\"itemListElement\":[{\"@type\":\"ListItem\",\"position\":1,\"name\":\"Home\",\"item\":\"https:\/\/linfuseur.com\/de\/\"},{\"@type\":\"ListItem\",\"position\":2,\"name\":\"Shop\",\"item\":\"https:\/\/linfuseur.com\/de\/shop\/\"},{\"@type\":\"ListItem\",\"position\":3,\"name\":\"Detox\",\"item\":\"https:\/\/linfuseur.com\/de\/categorie-produit\/detox-de\/\"},{\"@type\":\"ListItem\",\"position\":4,\"name\":\"6 Detox\"}]},{\"@type\":\"WebSite\",\"@id\":\"https:\/\/linfuseur.com\/de\/#website\",\"url\":\"https:\/\/linfuseur.com\/de\/\",\"name\":\"L'infuseur Paris\",\"description\":\"L&#039;infuseur Paris - Collection d&#039;infusions\",\"potentialAction\":[{\"@type\":\"SearchAction\",\"target\":{\"@type\":\"EntryPoint\",\"urlTemplate\":\"https:\/\/linfuseur.com\/de\/?s={search_term_string}\"},\"query-input\":{\"@type\":\"PropertyValueSpecification\",\"valueRequired\":true,\"valueName\":\"search_term_string\"}}],\"inLanguage\":\"de\"}]}<\/script>\n<!-- \/ Yoast SEO plugin. -->","yoast_head_json":{"title":"DETOX Kr\u00e4utertee - Antioxidativ und reinigend - L&#039;infuseur Paris","description":"L'infuseur revolutioniert den DETOX-Tee mit einer Mischung aus Pflanzen mit antioxidativen und reinigenden Eigenschaften, die wie eine wahre Verj\u00fcngungskur wirken.","robots":{"index":"index","follow":"follow","max-snippet":"max-snippet:-1","max-image-preview":"max-image-preview:large","max-video-preview":"max-video-preview:-1"},"canonical":"https:\/\/linfuseur.com\/de\/produit\/detox-tee\/","og_locale":"de_DE","og_type":"article","og_title":"DETOX Kr\u00e4utertee - Antioxidativ und reinigend - L&#039;infuseur Paris","og_description":"L'infuseur revolutioniert den DETOX-Tee mit einer Mischung aus Pflanzen mit antioxidativen und reinigenden Eigenschaften, die wie eine wahre Verj\u00fcngungskur wirken.","og_url":"https:\/\/linfuseur.com\/de\/produit\/detox-tee\/","og_site_name":"L&#039;infuseur Paris","article_modified_time":"2026-04-07T15:49:14+00:00","og_image":[{"width":1500,"height":1500,"url":"https:\/\/linfuseur.com\/wp-content\/uploads\/2020\/08\/detox-summer-glacon.jpg","type":"image\/jpeg"}],"twitter_misc":{"Gesch\u00e4tzte Lesezeit":"1\u00a0Minute"},"schema":{"@context":"https:\/\/schema.org","@graph":[{"@type":"WebPage","@id":"https:\/\/linfuseur.com\/de\/produit\/detox-tee\/","url":"https:\/\/linfuseur.com\/de\/produit\/detox-tee\/","name":"DETOX Kr\u00e4utertee - Antioxidativ und reinigend - L&#039;infuseur Paris","isPartOf":{"@id":"https:\/\/linfuseur.com\/de\/#website"},"primaryImageOfPage":{"@id":"https:\/\/linfuseur.com\/de\/produit\/detox-tee\/#primaryimage"},"image":{"@id":"https:\/\/linfuseur.com\/de\/produit\/detox-tee\/#primaryimage"},"thumbnailUrl":"https:\/\/linfuseur.com\/wp-content\/uploads\/2020\/08\/infusion-detox-vrac-25.jpg","datePublished":"2020-08-13T17:55:03+00:00","dateModified":"2026-04-07T15:49:14+00:00","description":"L'infuseur revolutioniert den DETOX-Tee mit einer Mischung aus Pflanzen mit antioxidativen und reinigenden Eigenschaften, die wie eine wahre Verj\u00fcngungskur wirken.","breadcrumb":{"@id":"https:\/\/linfuseur.com\/de\/produit\/detox-tee\/#breadcrumb"},"inLanguage":"de","potentialAction":[{"@type":"ReadAction","target":["https:\/\/linfuseur.com\/de\/produit\/detox-tee\/"]}]},{"@type":"ImageObject","inLanguage":"de","@id":"https:\/\/linfuseur.com\/de\/produit\/detox-tee\/#primaryimage","url":"https:\/\/linfuseur.com\/wp-content\/uploads\/2020\/08\/infusion-detox-vrac-25.jpg","contentUrl":"https:\/\/linfuseur.com\/wp-content\/uploads\/2020\/08\/infusion-detox-vrac-25.jpg","width":1600,"height":1600},{"@type":"BreadcrumbList","@id":"https:\/\/linfuseur.com\/de\/produit\/detox-tee\/#breadcrumb","itemListElement":[{"@type":"ListItem","position":1,"name":"Home","item":"https:\/\/linfuseur.com\/de\/"},{"@type":"ListItem","position":2,"name":"Shop","item":"https:\/\/linfuseur.com\/de\/shop\/"},{"@type":"ListItem","position":3,"name":"Detox","item":"https:\/\/linfuseur.com\/de\/categorie-produit\/detox-de\/"},{"@type":"ListItem","position":4,"name":"6 Detox"}]},{"@type":"WebSite","@id":"https:\/\/linfuseur.com\/de\/#website","url":"https:\/\/linfuseur.com\/de\/","name":"L'infuseur Paris","description":"L&#039;infuseur Paris - Collection d&#039;infusions","potentialAction":[{"@type":"SearchAction","target":{"@type":"EntryPoint","urlTemplate":"https:\/\/linfuseur.com\/de\/?s={search_term_string}"},"query-input":{"@type":"PropertyValueSpecification","valueRequired":true,"valueName":"search_term_string"}}],"inLanguage":"de"}]}},"_links":{"self":[{"href":"https:\/\/linfuseur.com\/de\/wp-json\/wp\/v2\/product\/19597","targetHints":{"allow":["GET"]}}],"collection":[{"href":"https:\/\/linfuseur.com\/de\/wp-json\/wp\/v2\/product"}],"about":[{"href":"https:\/\/linfuseur.com\/de\/wp-json\/wp\/v2\/types\/product"}],"replies":[{"embeddable":true,"href":"https:\/\/linfuseur.com\/de\/wp-json\/wp\/v2\/comments?post=19597"}],"wp:featuredmedia":[{"embeddable":true,"href":"https:\/\/linfuseur.com\/de\/wp-json\/wp\/v2\/media\/51619"}],"wp:attachment":[{"href":"https:\/\/linfuseur.com\/de\/wp-json\/wp\/v2\/media?parent=19597"}],"wp:term":[{"taxonomy":"product_brand","embeddable":true,"href":"https:\/\/linfuseur.com\/de\/wp-json\/wp\/v2\/product_brand?post=19597"},{"taxonomy":"product_cat","embeddable":true,"href":"https:\/\/linfuseur.com\/de\/wp-json\/wp\/v2\/product_cat?post=19597"},{"taxonomy":"product_tag","embeddable":true,"href":"https:\/\/linfuseur.com\/de\/wp-json\/wp\/v2\/product_tag?post=19597"},{"taxonomy":"giftcard-category","embeddable":true,"href":"https:\/\/linfuseur.com\/de\/wp-json\/wp\/v2\/giftcard-category?post=19597"}],"curies":[{"name":"wp","href":"https:\/\/api.w.org\/{rel}","templated":true}]}}