{"id":19600,"date":"2020-08-07T14:05:24","date_gmt":"2020-08-07T14:05:24","guid":{"rendered":"https:\/\/linfuseur.com\/produit\/19600\/"},"modified":"2026-02-02T09:38:02","modified_gmt":"2026-02-02T09:38:02","slug":"krautertee-tonique","status":"publish","type":"product","link":"https:\/\/linfuseur.com\/de\/produit\/krautertee-tonique\/","title":{"rendered":"4 Tonique"},"content":{"rendered":"<p><strong>Merkmale<\/strong><br \/>\n&#8211; Hei\u00df, k\u00fchl oder als Latte zu genie\u00dfen<br \/>\n&#8211; Noten: Minze &#8211; Zitrusfr\u00fcchte &#8211; Gew\u00fcrze<br \/>\n&#8211; Der Kr\u00e4utertee TONIQUE kann morgens und tags\u00fcber getrunken werden.<\/p>\n<p><strong>Anwendungstipps<\/strong><\/p>\n<p>Um die wohltuende Wirkung dieses Tees zu genie\u00dfen, geben Sie einen Teel\u00f6ffel der Kr\u00e4utermischung in Ihre Tasse. Filtern Sie den Tee. Andernfalls verwenden Sie 1 Beutel pro Tasse. Geben Sie Ihr k\u00f6chelndes Wasser hinzu, das idealerweise 95 \u00b0C hei\u00df ist. Lassen Sie den Tee 5 bis 7 Minuten ziehen.<\/p>\n<p>Diese Mischung schmeckt auch k\u00f6stlich als kalte Variante oder als Latte. Hier einige m\u00f6gliche Zubereitungsarten:<\/p>\n<ul>\n<li>Hei\u00dfer Aufguss, den Sie abk\u00fchlen lassen, bevor Sie ihn kaltstellen<\/li>\n<li>Kalter Aufguss f\u00fcr 2h bis 3h, bevor Sie ihn kaltstellen<\/li>\n<li>Frischer Aufguss on the rocks: Gie\u00dfen Sie den hei\u00dfen Aufguss in ein gro\u00dfes Glas mit Eisw\u00fcrfeln.<\/li>\n<li>Chai Latte mit \u00bd Tasse hei\u00dfem Tee und \u00bd Tasse Sojamilch (oder anderer Milch), die bei schwacher Hitze mit etwas Agavensirup erhitzt wurde. Sch\u00e4umen Sie die Milch auf, bevor Sie sie in die Tasse gie\u00dfen.<\/li>\n<\/ul>\n<p>Geben Sie f\u00fcr die kalten Versionen Minzbl\u00e4tter und etwas Zimt in die Latte.<\/p>\n<p><strong>Aufbewahrung<\/strong><br \/>\nUnsere Mischungen sollten an einem k\u00fchlen und trockenen Ort aufbewahrt werden.<\/p>\n","protected":false},"excerpt":{"rendered":"<p>Merkmale &#8211; Hei\u00df, k\u00fchl oder als Latte zu genie\u00dfen &#8211; Noten: Minze &#8211; Zitrusfr\u00fcchte &#8211; Gew\u00fcrze &#8211; Der Kr\u00e4utertee TONIQUE kann morgens und tags\u00fcber getrunken werden. Anwendungstipps Um die wohltuende Wirkung dieses Tees zu genie\u00dfen, geben Sie einen Teel\u00f6ffel der Kr\u00e4utermischung in Ihre Tasse. Filtern Sie den Tee. Andernfalls verwenden Sie 1 Beutel pro Tasse.Lire la suite<\/p>\n","protected":false},"featured_media":87158,"comment_status":"open","ping_status":"closed","template":"","meta":{"_acf_changed":false},"product_brand":[],"product_cat":[177,178,264,158,157,154],"product_tag":[],"giftcard-category":[],"class_list":{"0":"post-19600","1":"product","2":"type-product","3":"status-publish","4":"has-post-thumbnail","6":"product_cat-best-dad-de","7":"product_cat-eistee","8":"product_cat-wohlbefinden-lifestyle","9":"product_cat-collection-de","10":"product_cat-infuseur-de","11":"product_cat-krautertees","13":"first","14":"instock","15":"taxable","16":"shipping-taxable","17":"purchasable","18":"product-type-variable","19":"has-default-attributes","20":"wvs-pro-product","21":"wvs-pro-before-cart-button"},"acf":[],"yoast_head":"<!-- This site is optimized with the Yoast SEO plugin v26.8 - https:\/\/yoast.com\/product\/yoast-seo-wordpress\/ -->\n<title>Kr\u00e4utertee TONIQUE - Wohltuend und belebend - L&#039;infuseur Paris<\/title>\n<meta name=\"description\" content=\"Der Kr\u00e4utertee TONIQUE von L&#039;infuseur bringt Sie wieder in Form, indem er die Vorteile von Minze, Zitrusfr\u00fcchten und Ingwer miteinander kombiniert.\" \/>\n<meta name=\"robots\" content=\"index, follow, max-snippet:-1, max-image-preview:large, max-video-preview:-1\" \/>\n<link rel=\"canonical\" href=\"https:\/\/linfuseur.com\/de\/produit\/krautertee-tonique\/\" \/>\n<meta property=\"og:locale\" content=\"de_DE\" \/>\n<meta property=\"og:type\" content=\"article\" \/>\n<meta property=\"og:title\" content=\"Kr\u00e4utertee TONIQUE - Wohltuend und belebend - L&#039;infuseur Paris\" \/>\n<meta property=\"og:description\" content=\"Der Kr\u00e4utertee TONIQUE von L&#039;infuseur bringt Sie wieder in Form, indem er die Vorteile von Minze, Zitrusfr\u00fcchten und Ingwer miteinander kombiniert.\" \/>\n<meta property=\"og:url\" content=\"https:\/\/linfuseur.com\/de\/produit\/krautertee-tonique\/\" \/>\n<meta property=\"og:site_name\" content=\"L&#039;infuseur Paris\" \/>\n<meta property=\"article:modified_time\" content=\"2026-02-02T09:38:02+00:00\" \/>\n<meta property=\"og:image\" content=\"https:\/\/linfuseur.com\/wp-content\/uploads\/2020\/08\/infusion-tonique-vrac-linfuseur-25.jpg\" \/>\n\t<meta property=\"og:image:width\" content=\"1600\" \/>\n\t<meta property=\"og:image:height\" content=\"1600\" \/>\n\t<meta property=\"og:image:type\" content=\"image\/jpeg\" \/>\n<meta name=\"twitter:label1\" content=\"Gesch\u00e4tzte Lesezeit\" \/>\n\t<meta name=\"twitter:data1\" content=\"1\u00a0Minute\" \/>\n<script type=\"application\/ld+json\" class=\"yoast-schema-graph\">{\"@context\":\"https:\/\/schema.org\",\"@graph\":[{\"@type\":\"WebPage\",\"@id\":\"https:\/\/linfuseur.com\/de\/produit\/krautertee-tonique\/\",\"url\":\"https:\/\/linfuseur.com\/de\/produit\/krautertee-tonique\/\",\"name\":\"Kr\u00e4utertee TONIQUE - Wohltuend und belebend - L&#039;infuseur Paris\",\"isPartOf\":{\"@id\":\"https:\/\/linfuseur.com\/de\/#website\"},\"primaryImageOfPage\":{\"@id\":\"https:\/\/linfuseur.com\/de\/produit\/krautertee-tonique\/#primaryimage\"},\"image\":{\"@id\":\"https:\/\/linfuseur.com\/de\/produit\/krautertee-tonique\/#primaryimage\"},\"thumbnailUrl\":\"https:\/\/linfuseur.com\/wp-content\/uploads\/2020\/08\/infusion-tonique-vrac-linfuseur-25.jpg\",\"datePublished\":\"2020-08-07T14:05:24+00:00\",\"dateModified\":\"2026-02-02T09:38:02+00:00\",\"description\":\"Der Kr\u00e4utertee TONIQUE von L'infuseur bringt Sie wieder in Form, indem er die Vorteile von Minze, Zitrusfr\u00fcchten und Ingwer miteinander kombiniert.\",\"breadcrumb\":{\"@id\":\"https:\/\/linfuseur.com\/de\/produit\/krautertee-tonique\/#breadcrumb\"},\"inLanguage\":\"de\",\"potentialAction\":[{\"@type\":\"ReadAction\",\"target\":[\"https:\/\/linfuseur.com\/de\/produit\/krautertee-tonique\/\"]}]},{\"@type\":\"ImageObject\",\"inLanguage\":\"de\",\"@id\":\"https:\/\/linfuseur.com\/de\/produit\/krautertee-tonique\/#primaryimage\",\"url\":\"https:\/\/linfuseur.com\/wp-content\/uploads\/2020\/08\/infusion-tonique-vrac-linfuseur-25.jpg\",\"contentUrl\":\"https:\/\/linfuseur.com\/wp-content\/uploads\/2020\/08\/infusion-tonique-vrac-linfuseur-25.jpg\",\"width\":1600,\"height\":1600,\"caption\":\"infusion tonique vrac l'infuseur\"},{\"@type\":\"BreadcrumbList\",\"@id\":\"https:\/\/linfuseur.com\/de\/produit\/krautertee-tonique\/#breadcrumb\",\"itemListElement\":[{\"@type\":\"ListItem\",\"position\":1,\"name\":\"Home\",\"item\":\"https:\/\/linfuseur.com\/de\/\"},{\"@type\":\"ListItem\",\"position\":2,\"name\":\"Shop\",\"item\":\"https:\/\/linfuseur.com\/de\/shop\/\"},{\"@type\":\"ListItem\",\"position\":3,\"name\":\"Best dad\",\"item\":\"https:\/\/linfuseur.com\/de\/categorie-produit\/best-dad-de\/\"},{\"@type\":\"ListItem\",\"position\":4,\"name\":\"4 Tonique\"}]},{\"@type\":\"WebSite\",\"@id\":\"https:\/\/linfuseur.com\/de\/#website\",\"url\":\"https:\/\/linfuseur.com\/de\/\",\"name\":\"L'infuseur Paris\",\"description\":\"L&#039;infuseur Paris - Collection d&#039;infusions\",\"potentialAction\":[{\"@type\":\"SearchAction\",\"target\":{\"@type\":\"EntryPoint\",\"urlTemplate\":\"https:\/\/linfuseur.com\/de\/?s={search_term_string}\"},\"query-input\":{\"@type\":\"PropertyValueSpecification\",\"valueRequired\":true,\"valueName\":\"search_term_string\"}}],\"inLanguage\":\"de\"}]}<\/script>\n<!-- \/ Yoast SEO plugin. -->","yoast_head_json":{"title":"Kr\u00e4utertee TONIQUE - Wohltuend und belebend - L&#039;infuseur Paris","description":"Der Kr\u00e4utertee TONIQUE von L'infuseur bringt Sie wieder in Form, indem er die Vorteile von Minze, Zitrusfr\u00fcchten und Ingwer miteinander kombiniert.","robots":{"index":"index","follow":"follow","max-snippet":"max-snippet:-1","max-image-preview":"max-image-preview:large","max-video-preview":"max-video-preview:-1"},"canonical":"https:\/\/linfuseur.com\/de\/produit\/krautertee-tonique\/","og_locale":"de_DE","og_type":"article","og_title":"Kr\u00e4utertee TONIQUE - Wohltuend und belebend - L&#039;infuseur Paris","og_description":"Der Kr\u00e4utertee TONIQUE von L'infuseur bringt Sie wieder in Form, indem er die Vorteile von Minze, Zitrusfr\u00fcchten und Ingwer miteinander kombiniert.","og_url":"https:\/\/linfuseur.com\/de\/produit\/krautertee-tonique\/","og_site_name":"L&#039;infuseur Paris","article_modified_time":"2026-02-02T09:38:02+00:00","og_image":[{"width":1600,"height":1600,"url":"https:\/\/linfuseur.com\/wp-content\/uploads\/2020\/08\/infusion-tonique-vrac-linfuseur-25.jpg","type":"image\/jpeg"}],"twitter_misc":{"Gesch\u00e4tzte Lesezeit":"1\u00a0Minute"},"schema":{"@context":"https:\/\/schema.org","@graph":[{"@type":"WebPage","@id":"https:\/\/linfuseur.com\/de\/produit\/krautertee-tonique\/","url":"https:\/\/linfuseur.com\/de\/produit\/krautertee-tonique\/","name":"Kr\u00e4utertee TONIQUE - Wohltuend und belebend - L&#039;infuseur Paris","isPartOf":{"@id":"https:\/\/linfuseur.com\/de\/#website"},"primaryImageOfPage":{"@id":"https:\/\/linfuseur.com\/de\/produit\/krautertee-tonique\/#primaryimage"},"image":{"@id":"https:\/\/linfuseur.com\/de\/produit\/krautertee-tonique\/#primaryimage"},"thumbnailUrl":"https:\/\/linfuseur.com\/wp-content\/uploads\/2020\/08\/infusion-tonique-vrac-linfuseur-25.jpg","datePublished":"2020-08-07T14:05:24+00:00","dateModified":"2026-02-02T09:38:02+00:00","description":"Der Kr\u00e4utertee TONIQUE von L'infuseur bringt Sie wieder in Form, indem er die Vorteile von Minze, Zitrusfr\u00fcchten und Ingwer miteinander kombiniert.","breadcrumb":{"@id":"https:\/\/linfuseur.com\/de\/produit\/krautertee-tonique\/#breadcrumb"},"inLanguage":"de","potentialAction":[{"@type":"ReadAction","target":["https:\/\/linfuseur.com\/de\/produit\/krautertee-tonique\/"]}]},{"@type":"ImageObject","inLanguage":"de","@id":"https:\/\/linfuseur.com\/de\/produit\/krautertee-tonique\/#primaryimage","url":"https:\/\/linfuseur.com\/wp-content\/uploads\/2020\/08\/infusion-tonique-vrac-linfuseur-25.jpg","contentUrl":"https:\/\/linfuseur.com\/wp-content\/uploads\/2020\/08\/infusion-tonique-vrac-linfuseur-25.jpg","width":1600,"height":1600,"caption":"infusion tonique vrac l'infuseur"},{"@type":"BreadcrumbList","@id":"https:\/\/linfuseur.com\/de\/produit\/krautertee-tonique\/#breadcrumb","itemListElement":[{"@type":"ListItem","position":1,"name":"Home","item":"https:\/\/linfuseur.com\/de\/"},{"@type":"ListItem","position":2,"name":"Shop","item":"https:\/\/linfuseur.com\/de\/shop\/"},{"@type":"ListItem","position":3,"name":"Best dad","item":"https:\/\/linfuseur.com\/de\/categorie-produit\/best-dad-de\/"},{"@type":"ListItem","position":4,"name":"4 Tonique"}]},{"@type":"WebSite","@id":"https:\/\/linfuseur.com\/de\/#website","url":"https:\/\/linfuseur.com\/de\/","name":"L'infuseur Paris","description":"L&#039;infuseur Paris - Collection d&#039;infusions","potentialAction":[{"@type":"SearchAction","target":{"@type":"EntryPoint","urlTemplate":"https:\/\/linfuseur.com\/de\/?s={search_term_string}"},"query-input":{"@type":"PropertyValueSpecification","valueRequired":true,"valueName":"search_term_string"}}],"inLanguage":"de"}]}},"_links":{"self":[{"href":"https:\/\/linfuseur.com\/de\/wp-json\/wp\/v2\/product\/19600","targetHints":{"allow":["GET"]}}],"collection":[{"href":"https:\/\/linfuseur.com\/de\/wp-json\/wp\/v2\/product"}],"about":[{"href":"https:\/\/linfuseur.com\/de\/wp-json\/wp\/v2\/types\/product"}],"replies":[{"embeddable":true,"href":"https:\/\/linfuseur.com\/de\/wp-json\/wp\/v2\/comments?post=19600"}],"wp:featuredmedia":[{"embeddable":true,"href":"https:\/\/linfuseur.com\/de\/wp-json\/wp\/v2\/media\/87158"}],"wp:attachment":[{"href":"https:\/\/linfuseur.com\/de\/wp-json\/wp\/v2\/media?parent=19600"}],"wp:term":[{"taxonomy":"product_brand","embeddable":true,"href":"https:\/\/linfuseur.com\/de\/wp-json\/wp\/v2\/product_brand?post=19600"},{"taxonomy":"product_cat","embeddable":true,"href":"https:\/\/linfuseur.com\/de\/wp-json\/wp\/v2\/product_cat?post=19600"},{"taxonomy":"product_tag","embeddable":true,"href":"https:\/\/linfuseur.com\/de\/wp-json\/wp\/v2\/product_tag?post=19600"},{"taxonomy":"giftcard-category","embeddable":true,"href":"https:\/\/linfuseur.com\/de\/wp-json\/wp\/v2\/giftcard-category?post=19600"}],"curies":[{"name":"wp","href":"https:\/\/api.w.org\/{rel}","templated":true}]}}