{"id":19603,"date":"2020-10-25T09:54:58","date_gmt":"2020-10-25T09:54:58","guid":{"rendered":"https:\/\/linfuseur.com\/produit\/19603\/"},"modified":"2026-01-30T16:53:25","modified_gmt":"2026-01-30T16:53:25","slug":"mama-time-stilltee-linfuseur","status":"publish","type":"product","link":"https:\/\/linfuseur.com\/de\/produit\/mama-time-stilltee-linfuseur\/","title":{"rendered":"Mama Time Bio Nr. 9"},"content":{"rendered":"<p><strong>Merkmale<\/strong><br \/>\n&#8211; Ohne Teein<br \/>\n&#8211;  Kann hei\u00df oder kalt genossen werden<br \/>\n&#8211; Der Mama Time Stilltee kann morgens, tags\u00fcber oder abends getrunken werden.<\/p>\n<p><strong>Anwendungstipps<\/strong><br \/>\nG\u00f6nnen Sie sich eine Pause mit dem Tee Mama Time, indem Sie einen Teel\u00f6ffel (2 gr) der losen Mischung pro Tasse (250 ml) in 95 \u00baC hei\u00dfem Wasser 5 bis 7 Minuten ziehen lassen, bevor Sie den w\u00e4rmenden Tee servierengenie\u00dfen.<br \/>\nDie positive Wirkung wird durch den Konsum von 3 Tassen \u00e0 2 gr pro Tag erzielt, was vor allem dem K\u00fcmmel zu verdanken ist.<\/p>\n<p><strong>Allergene<\/strong><br \/>\nDas Getr\u00e4nk Mama Time kann Spuren von Schalenfr\u00fcchten enthalten.<\/p>\n<p><strong>Kleine Erinnerungen \u2026<\/strong><br \/>\nGalaktogene (die Produktion von Muttermilch f\u00f6rdernde) Lebensmittel sind zum Stillen nicht unbedingt erforderlich. Stilltee ist kein Ersatz f\u00fcr eine gute Stillpraxis Ihres Babys. Der Mama-Time-Tee ist eher eine kleine Hilfe und eine M\u00f6glichkeit, sich ausreichend mit Fl\u00fcssigkeit zu versorgen.<br \/>\nWie lange es dauert, bis diese Mischung wirkt, ist von Frau zu Frau unterschiedlich. Bei einigen k\u00f6nnen sofort Ergebnisse zu bemerken sein, w\u00e4hrend bei anderen manchmal mehrere Tage vergehen. Studien zeigen, dass die Wirkung im Durchschnitt nach 7 Tagen Anwendung in Kombination mit guten Stillpraktiken deutlich wird. Der Tee sollte nat\u00fcrlich im Rahmen einer abwechslungsreichen und ausgewogenen Ern\u00e4hrung und einer gesunden Lebensweise verzehrt werden.<br \/>\nEine weitere Wirkung des K\u00fcmmels ist, dass er die Verdauung und die Verdauungsfunktionen f\u00f6rdert.<\/p>\n<p>Z\u00f6gern Sie nicht, mir Ihre eigenen Erfahrungen auf <a href=\"https:\/\/www.instagram.com\/linfuseur\/\">Instagram<\/a> oder auf <a href=\"mailto:contact@linfuseur.com\">contact@linfuseur.com<\/a> mitzuteilen.<\/p>\n","protected":false},"excerpt":{"rendered":"<p>Merkmale &#8211; Ohne Teein &#8211; Kann hei\u00df oder kalt genossen werden &#8211; Der Mama Time Stilltee kann morgens, tags\u00fcber oder abends getrunken werden. Anwendungstipps G\u00f6nnen Sie sich eine Pause mit dem Tee Mama Time, indem Sie einen Teel\u00f6ffel (2 gr) der losen Mischung pro Tasse (250 ml) in 95 \u00baC hei\u00dfem Wasser 5 bis 7Lire la suite<\/p>\n","protected":false},"featured_media":17537,"comment_status":"closed","ping_status":"closed","template":"","meta":{"_acf_changed":false},"product_brand":[],"product_cat":[191,168,158,157,154],"product_tag":[],"giftcard-category":[],"class_list":{"0":"post-19603","1":"product","2":"type-product","3":"status-publish","4":"has-post-thumbnail","6":"product_cat-love-mama-de","7":"product_cat-super-mum-de","8":"product_cat-collection-de","9":"product_cat-infuseur-de","10":"product_cat-krautertees","12":"first","13":"outofstock","14":"taxable","15":"shipping-taxable","16":"purchasable","17":"product-type-variable","18":"has-default-attributes","19":"wvs-pro-product","20":"wvs-pro-before-cart-button"},"acf":[],"yoast_head":"<!-- This site is optimized with the Yoast SEO plugin v26.8 - https:\/\/yoast.com\/product\/yoast-seo-wordpress\/ -->\n<title>Mama Time Bio Nr. 9 L&#039;infuseur x Jolly Mama - L\u2019infuseur<\/title>\n<meta name=\"description\" content=\"Mama Time ist ein Bio-Stilltee f\u00fcr stillende M\u00fctter, der aus der Zusammenarbeit zwischen L&#039;Infuseur und Jolly Mama entstanden ist.\" \/>\n<meta name=\"robots\" content=\"index, follow, max-snippet:-1, max-image-preview:large, max-video-preview:-1\" \/>\n<link rel=\"canonical\" href=\"https:\/\/linfuseur.com\/de\/produit\/mama-time-stilltee-linfuseur\/\" \/>\n<meta property=\"og:locale\" content=\"de_DE\" \/>\n<meta property=\"og:type\" content=\"article\" \/>\n<meta property=\"og:title\" content=\"Mama Time Bio Nr. 9 L&#039;infuseur x Jolly Mama - L\u2019infuseur\" \/>\n<meta property=\"og:description\" content=\"Mama Time ist ein Bio-Stilltee f\u00fcr stillende M\u00fctter, der aus der Zusammenarbeit zwischen L&#039;Infuseur und Jolly Mama entstanden ist.\" \/>\n<meta property=\"og:url\" content=\"https:\/\/linfuseur.com\/de\/produit\/mama-time-stilltee-linfuseur\/\" \/>\n<meta property=\"og:site_name\" content=\"L&#039;infuseur Paris\" \/>\n<meta property=\"article:modified_time\" content=\"2026-01-30T16:53:25+00:00\" \/>\n<meta property=\"og:image\" content=\"https:\/\/linfuseur.com\/wp-content\/uploads\/2020\/10\/infusion-jolly-mama-allaitement-linfuseur.jpg\" \/>\n\t<meta property=\"og:image:width\" content=\"1600\" \/>\n\t<meta property=\"og:image:height\" content=\"1600\" \/>\n\t<meta property=\"og:image:type\" content=\"image\/jpeg\" \/>\n<meta name=\"twitter:label1\" content=\"Gesch\u00e4tzte Lesezeit\" \/>\n\t<meta name=\"twitter:data1\" content=\"1\u00a0Minute\" \/>\n<script type=\"application\/ld+json\" class=\"yoast-schema-graph\">{\"@context\":\"https:\/\/schema.org\",\"@graph\":[{\"@type\":\"WebPage\",\"@id\":\"https:\/\/linfuseur.com\/de\/produit\/mama-time-stilltee-linfuseur\/\",\"url\":\"https:\/\/linfuseur.com\/de\/produit\/mama-time-stilltee-linfuseur\/\",\"name\":\"Mama Time Bio Nr. 9 L'infuseur x Jolly Mama - L\u2019infuseur\",\"isPartOf\":{\"@id\":\"https:\/\/linfuseur.com\/de\/#website\"},\"primaryImageOfPage\":{\"@id\":\"https:\/\/linfuseur.com\/de\/produit\/mama-time-stilltee-linfuseur\/#primaryimage\"},\"image\":{\"@id\":\"https:\/\/linfuseur.com\/de\/produit\/mama-time-stilltee-linfuseur\/#primaryimage\"},\"thumbnailUrl\":\"https:\/\/linfuseur.com\/wp-content\/uploads\/2020\/10\/infusion-jolly-mama-allaitement-linfuseur.jpg\",\"datePublished\":\"2020-10-25T09:54:58+00:00\",\"dateModified\":\"2026-01-30T16:53:25+00:00\",\"description\":\"Mama Time ist ein Bio-Stilltee f\u00fcr stillende M\u00fctter, der aus der Zusammenarbeit zwischen L'Infuseur und Jolly Mama entstanden ist.\",\"breadcrumb\":{\"@id\":\"https:\/\/linfuseur.com\/de\/produit\/mama-time-stilltee-linfuseur\/#breadcrumb\"},\"inLanguage\":\"de\",\"potentialAction\":[{\"@type\":\"ReadAction\",\"target\":[\"https:\/\/linfuseur.com\/de\/produit\/mama-time-stilltee-linfuseur\/\"]}]},{\"@type\":\"ImageObject\",\"inLanguage\":\"de\",\"@id\":\"https:\/\/linfuseur.com\/de\/produit\/mama-time-stilltee-linfuseur\/#primaryimage\",\"url\":\"https:\/\/linfuseur.com\/wp-content\/uploads\/2020\/10\/infusion-jolly-mama-allaitement-linfuseur.jpg\",\"contentUrl\":\"https:\/\/linfuseur.com\/wp-content\/uploads\/2020\/10\/infusion-jolly-mama-allaitement-linfuseur.jpg\",\"width\":1600,\"height\":1600,\"caption\":\"stilltee l'infuseur\"},{\"@type\":\"BreadcrumbList\",\"@id\":\"https:\/\/linfuseur.com\/de\/produit\/mama-time-stilltee-linfuseur\/#breadcrumb\",\"itemListElement\":[{\"@type\":\"ListItem\",\"position\":1,\"name\":\"Home\",\"item\":\"https:\/\/linfuseur.com\/de\/\"},{\"@type\":\"ListItem\",\"position\":2,\"name\":\"Shop\",\"item\":\"https:\/\/linfuseur.com\/de\/shop\/\"},{\"@type\":\"ListItem\",\"position\":3,\"name\":\"Love mama\",\"item\":\"https:\/\/linfuseur.com\/de\/categorie-produit\/love-mama-de\/\"},{\"@type\":\"ListItem\",\"position\":4,\"name\":\"Mama Time Bio Nr. 9\"}]},{\"@type\":\"WebSite\",\"@id\":\"https:\/\/linfuseur.com\/de\/#website\",\"url\":\"https:\/\/linfuseur.com\/de\/\",\"name\":\"L'infuseur Paris\",\"description\":\"L&#039;infuseur Paris - Collection d&#039;infusions\",\"potentialAction\":[{\"@type\":\"SearchAction\",\"target\":{\"@type\":\"EntryPoint\",\"urlTemplate\":\"https:\/\/linfuseur.com\/de\/?s={search_term_string}\"},\"query-input\":{\"@type\":\"PropertyValueSpecification\",\"valueRequired\":true,\"valueName\":\"search_term_string\"}}],\"inLanguage\":\"de\"}]}<\/script>\n<!-- \/ Yoast SEO plugin. -->","yoast_head_json":{"title":"Mama Time Bio Nr. 9 L'infuseur x Jolly Mama - L\u2019infuseur","description":"Mama Time ist ein Bio-Stilltee f\u00fcr stillende M\u00fctter, der aus der Zusammenarbeit zwischen L'Infuseur und Jolly Mama entstanden ist.","robots":{"index":"index","follow":"follow","max-snippet":"max-snippet:-1","max-image-preview":"max-image-preview:large","max-video-preview":"max-video-preview:-1"},"canonical":"https:\/\/linfuseur.com\/de\/produit\/mama-time-stilltee-linfuseur\/","og_locale":"de_DE","og_type":"article","og_title":"Mama Time Bio Nr. 9 L'infuseur x Jolly Mama - L\u2019infuseur","og_description":"Mama Time ist ein Bio-Stilltee f\u00fcr stillende M\u00fctter, der aus der Zusammenarbeit zwischen L'Infuseur und Jolly Mama entstanden ist.","og_url":"https:\/\/linfuseur.com\/de\/produit\/mama-time-stilltee-linfuseur\/","og_site_name":"L&#039;infuseur Paris","article_modified_time":"2026-01-30T16:53:25+00:00","og_image":[{"width":1600,"height":1600,"url":"https:\/\/linfuseur.com\/wp-content\/uploads\/2020\/10\/infusion-jolly-mama-allaitement-linfuseur.jpg","type":"image\/jpeg"}],"twitter_misc":{"Gesch\u00e4tzte Lesezeit":"1\u00a0Minute"},"schema":{"@context":"https:\/\/schema.org","@graph":[{"@type":"WebPage","@id":"https:\/\/linfuseur.com\/de\/produit\/mama-time-stilltee-linfuseur\/","url":"https:\/\/linfuseur.com\/de\/produit\/mama-time-stilltee-linfuseur\/","name":"Mama Time Bio Nr. 9 L'infuseur x Jolly Mama - L\u2019infuseur","isPartOf":{"@id":"https:\/\/linfuseur.com\/de\/#website"},"primaryImageOfPage":{"@id":"https:\/\/linfuseur.com\/de\/produit\/mama-time-stilltee-linfuseur\/#primaryimage"},"image":{"@id":"https:\/\/linfuseur.com\/de\/produit\/mama-time-stilltee-linfuseur\/#primaryimage"},"thumbnailUrl":"https:\/\/linfuseur.com\/wp-content\/uploads\/2020\/10\/infusion-jolly-mama-allaitement-linfuseur.jpg","datePublished":"2020-10-25T09:54:58+00:00","dateModified":"2026-01-30T16:53:25+00:00","description":"Mama Time ist ein Bio-Stilltee f\u00fcr stillende M\u00fctter, der aus der Zusammenarbeit zwischen L'Infuseur und Jolly Mama entstanden ist.","breadcrumb":{"@id":"https:\/\/linfuseur.com\/de\/produit\/mama-time-stilltee-linfuseur\/#breadcrumb"},"inLanguage":"de","potentialAction":[{"@type":"ReadAction","target":["https:\/\/linfuseur.com\/de\/produit\/mama-time-stilltee-linfuseur\/"]}]},{"@type":"ImageObject","inLanguage":"de","@id":"https:\/\/linfuseur.com\/de\/produit\/mama-time-stilltee-linfuseur\/#primaryimage","url":"https:\/\/linfuseur.com\/wp-content\/uploads\/2020\/10\/infusion-jolly-mama-allaitement-linfuseur.jpg","contentUrl":"https:\/\/linfuseur.com\/wp-content\/uploads\/2020\/10\/infusion-jolly-mama-allaitement-linfuseur.jpg","width":1600,"height":1600,"caption":"stilltee l'infuseur"},{"@type":"BreadcrumbList","@id":"https:\/\/linfuseur.com\/de\/produit\/mama-time-stilltee-linfuseur\/#breadcrumb","itemListElement":[{"@type":"ListItem","position":1,"name":"Home","item":"https:\/\/linfuseur.com\/de\/"},{"@type":"ListItem","position":2,"name":"Shop","item":"https:\/\/linfuseur.com\/de\/shop\/"},{"@type":"ListItem","position":3,"name":"Love mama","item":"https:\/\/linfuseur.com\/de\/categorie-produit\/love-mama-de\/"},{"@type":"ListItem","position":4,"name":"Mama Time Bio Nr. 9"}]},{"@type":"WebSite","@id":"https:\/\/linfuseur.com\/de\/#website","url":"https:\/\/linfuseur.com\/de\/","name":"L'infuseur Paris","description":"L&#039;infuseur Paris - Collection d&#039;infusions","potentialAction":[{"@type":"SearchAction","target":{"@type":"EntryPoint","urlTemplate":"https:\/\/linfuseur.com\/de\/?s={search_term_string}"},"query-input":{"@type":"PropertyValueSpecification","valueRequired":true,"valueName":"search_term_string"}}],"inLanguage":"de"}]}},"_links":{"self":[{"href":"https:\/\/linfuseur.com\/de\/wp-json\/wp\/v2\/product\/19603","targetHints":{"allow":["GET"]}}],"collection":[{"href":"https:\/\/linfuseur.com\/de\/wp-json\/wp\/v2\/product"}],"about":[{"href":"https:\/\/linfuseur.com\/de\/wp-json\/wp\/v2\/types\/product"}],"replies":[{"embeddable":true,"href":"https:\/\/linfuseur.com\/de\/wp-json\/wp\/v2\/comments?post=19603"}],"wp:featuredmedia":[{"embeddable":true,"href":"https:\/\/linfuseur.com\/de\/wp-json\/wp\/v2\/media\/17537"}],"wp:attachment":[{"href":"https:\/\/linfuseur.com\/de\/wp-json\/wp\/v2\/media?parent=19603"}],"wp:term":[{"taxonomy":"product_brand","embeddable":true,"href":"https:\/\/linfuseur.com\/de\/wp-json\/wp\/v2\/product_brand?post=19603"},{"taxonomy":"product_cat","embeddable":true,"href":"https:\/\/linfuseur.com\/de\/wp-json\/wp\/v2\/product_cat?post=19603"},{"taxonomy":"product_tag","embeddable":true,"href":"https:\/\/linfuseur.com\/de\/wp-json\/wp\/v2\/product_tag?post=19603"},{"taxonomy":"giftcard-category","embeddable":true,"href":"https:\/\/linfuseur.com\/de\/wp-json\/wp\/v2\/giftcard-category?post=19603"}],"curies":[{"name":"wp","href":"https:\/\/api.w.org\/{rel}","templated":true}]}}