{"id":19611,"date":"2020-08-07T14:24:19","date_gmt":"2020-08-07T14:24:19","guid":{"rendered":"https:\/\/linfuseur.com\/produit\/19611\/"},"modified":"2026-01-30T16:53:30","modified_gmt":"2026-01-30T16:53:30","slug":"krautertee-ligne","status":"publish","type":"product","link":"https:\/\/linfuseur.com\/de\/produit\/krautertee-ligne\/","title":{"rendered":"1 Ligne"},"content":{"rendered":"<p><strong>Merkmale<\/strong><br \/>\n&#8211; Hei\u00df oder kalt<br \/>\n&#8211; Noten: Zitronengras &#8211; Rooibos<br \/>\n&#8211; Der Kr\u00e4utertee LIGNE kann morgens, tags\u00fcber und abends genossen werden.<\/p>\n<p><strong>Anwendungstipps<\/strong><\/p>\n<p>Geben Sie einen Teel\u00f6ffel des Aufgusses in eine Teekanne. Lassen Sie den Tee 5 bis 7 Minuten ziehen, bevor Sie ihn filtern. Alternativ k\u00f6nnen Sie auch 1 Beutel pro Tasse verwenden. Die ideale Wassertemperatur f\u00fcr diesen Tee ist 95&nbsp;\u00b0C.<\/p>\n<p>F\u00fcr einen kalten Aufguss empfehlen wir 3 Essl\u00f6ffel losen Tee mit 1L Wasser zuzubereiten. 1,5 Stunden k\u00fchl stellen, dann abseihen und in eine h\u00fcbsche Karaffe gie\u00dfen.<\/p>\n<p><strong>Allergene<\/strong><br \/>\nKann Spuren von Schalenfr\u00fcchten enthalten<\/p>\n","protected":false},"excerpt":{"rendered":"<p>Merkmale &#8211; Hei\u00df oder kalt &#8211; Noten: Zitronengras &#8211; Rooibos &#8211; Der Kr\u00e4utertee LIGNE kann morgens, tags\u00fcber und abends genossen werden. Anwendungstipps Geben Sie einen Teel\u00f6ffel des Aufgusses in eine Teekanne. Lassen Sie den Tee 5 bis 7 Minuten ziehen, bevor Sie ihn filtern. Alternativ k\u00f6nnen Sie auch 1 Beutel pro Tasse verwenden. Die idealeLire la suite<\/p>\n","protected":false},"featured_media":86467,"comment_status":"open","ping_status":"closed","template":"","meta":{"_acf_changed":false},"product_brand":[],"product_cat":[201,202,178,264,158,157,154,245],"product_tag":[],"giftcard-category":[],"class_list":{"0":"post-19611","1":"product","2":"type-product","3":"status-publish","4":"has-post-thumbnail","6":"product_cat-detox-de","7":"product_cat-detox-im-herbst","8":"product_cat-eistee","9":"product_cat-wohlbefinden-lifestyle","10":"product_cat-collection-de","11":"product_cat-infuseur-de","12":"product_cat-krautertees","13":"product_cat-reinigen-und-entgiften","15":"first","16":"instock","17":"taxable","18":"shipping-taxable","19":"purchasable","20":"product-type-variable","21":"has-default-attributes","22":"wvs-pro-product","23":"wvs-pro-before-cart-button"},"acf":[],"yoast_head":"<!-- This site is optimized with the Yoast SEO plugin v26.8 - https:\/\/yoast.com\/product\/yoast-seo-wordpress\/ -->\n<title>Kr\u00e4ztertee Ligne - Wohltuend und hydratisierend - L&#039;infuseur Paris<\/title>\n<meta name=\"description\" content=\"Der Kr\u00e4utertee LIGNE von L&#039;infuseur ist eine Quelle des Wohlbefindens. Hei\u00df oder eisgek\u00fchlt genossen sorgt er den ganzen Tag \u00fcber f\u00fcr Fl\u00fcssigkeitszufuhr und Entschlackung.\" \/>\n<meta name=\"robots\" content=\"index, follow, max-snippet:-1, max-image-preview:large, max-video-preview:-1\" \/>\n<link rel=\"canonical\" href=\"https:\/\/linfuseur.com\/de\/produit\/krautertee-ligne\/\" \/>\n<meta property=\"og:locale\" content=\"de_DE\" \/>\n<meta property=\"og:type\" content=\"article\" \/>\n<meta property=\"og:title\" content=\"Kr\u00e4ztertee Ligne - Wohltuend und hydratisierend - L&#039;infuseur Paris\" \/>\n<meta property=\"og:description\" content=\"Der Kr\u00e4utertee LIGNE von L&#039;infuseur ist eine Quelle des Wohlbefindens. Hei\u00df oder eisgek\u00fchlt genossen sorgt er den ganzen Tag \u00fcber f\u00fcr Fl\u00fcssigkeitszufuhr und Entschlackung.\" \/>\n<meta property=\"og:url\" content=\"https:\/\/linfuseur.com\/de\/produit\/krautertee-ligne\/\" \/>\n<meta property=\"og:site_name\" content=\"L&#039;infuseur Paris\" \/>\n<meta property=\"article:modified_time\" content=\"2026-01-30T16:53:30+00:00\" \/>\n<meta property=\"og:image\" content=\"https:\/\/linfuseur.com\/wp-content\/uploads\/2020\/08\/infusion-ligne-vrac-linfuseur-25.jpg\" \/>\n\t<meta property=\"og:image:width\" content=\"1600\" \/>\n\t<meta property=\"og:image:height\" content=\"1600\" \/>\n\t<meta property=\"og:image:type\" content=\"image\/jpeg\" \/>\n<meta name=\"twitter:label1\" content=\"Gesch\u00e4tzte Lesezeit\" \/>\n\t<meta name=\"twitter:data1\" content=\"1\u00a0Minute\" \/>\n<script type=\"application\/ld+json\" class=\"yoast-schema-graph\">{\"@context\":\"https:\/\/schema.org\",\"@graph\":[{\"@type\":\"WebPage\",\"@id\":\"https:\/\/linfuseur.com\/de\/produit\/krautertee-ligne\/\",\"url\":\"https:\/\/linfuseur.com\/de\/produit\/krautertee-ligne\/\",\"name\":\"Kr\u00e4ztertee Ligne - Wohltuend und hydratisierend - L&#039;infuseur Paris\",\"isPartOf\":{\"@id\":\"https:\/\/linfuseur.com\/de\/#website\"},\"primaryImageOfPage\":{\"@id\":\"https:\/\/linfuseur.com\/de\/produit\/krautertee-ligne\/#primaryimage\"},\"image\":{\"@id\":\"https:\/\/linfuseur.com\/de\/produit\/krautertee-ligne\/#primaryimage\"},\"thumbnailUrl\":\"https:\/\/linfuseur.com\/wp-content\/uploads\/2020\/08\/infusion-ligne-vrac-linfuseur-25.jpg\",\"datePublished\":\"2020-08-07T14:24:19+00:00\",\"dateModified\":\"2026-01-30T16:53:30+00:00\",\"description\":\"Der Kr\u00e4utertee LIGNE von L'infuseur ist eine Quelle des Wohlbefindens. Hei\u00df oder eisgek\u00fchlt genossen sorgt er den ganzen Tag \u00fcber f\u00fcr Fl\u00fcssigkeitszufuhr und Entschlackung.\",\"breadcrumb\":{\"@id\":\"https:\/\/linfuseur.com\/de\/produit\/krautertee-ligne\/#breadcrumb\"},\"inLanguage\":\"de\",\"potentialAction\":[{\"@type\":\"ReadAction\",\"target\":[\"https:\/\/linfuseur.com\/de\/produit\/krautertee-ligne\/\"]}]},{\"@type\":\"ImageObject\",\"inLanguage\":\"de\",\"@id\":\"https:\/\/linfuseur.com\/de\/produit\/krautertee-ligne\/#primaryimage\",\"url\":\"https:\/\/linfuseur.com\/wp-content\/uploads\/2020\/08\/infusion-ligne-vrac-linfuseur-25.jpg\",\"contentUrl\":\"https:\/\/linfuseur.com\/wp-content\/uploads\/2020\/08\/infusion-ligne-vrac-linfuseur-25.jpg\",\"width\":1600,\"height\":1600,\"caption\":\"infusion ligne vrac l'infuseur\"},{\"@type\":\"BreadcrumbList\",\"@id\":\"https:\/\/linfuseur.com\/de\/produit\/krautertee-ligne\/#breadcrumb\",\"itemListElement\":[{\"@type\":\"ListItem\",\"position\":1,\"name\":\"Home\",\"item\":\"https:\/\/linfuseur.com\/de\/\"},{\"@type\":\"ListItem\",\"position\":2,\"name\":\"Shop\",\"item\":\"https:\/\/linfuseur.com\/de\/shop\/\"},{\"@type\":\"ListItem\",\"position\":3,\"name\":\"Detox\",\"item\":\"https:\/\/linfuseur.com\/de\/categorie-produit\/detox-de\/\"},{\"@type\":\"ListItem\",\"position\":4,\"name\":\"1 Ligne\"}]},{\"@type\":\"WebSite\",\"@id\":\"https:\/\/linfuseur.com\/de\/#website\",\"url\":\"https:\/\/linfuseur.com\/de\/\",\"name\":\"L'infuseur Paris\",\"description\":\"L&#039;infuseur Paris - Collection d&#039;infusions\",\"potentialAction\":[{\"@type\":\"SearchAction\",\"target\":{\"@type\":\"EntryPoint\",\"urlTemplate\":\"https:\/\/linfuseur.com\/de\/?s={search_term_string}\"},\"query-input\":{\"@type\":\"PropertyValueSpecification\",\"valueRequired\":true,\"valueName\":\"search_term_string\"}}],\"inLanguage\":\"de\"}]}<\/script>\n<!-- \/ Yoast SEO plugin. -->","yoast_head_json":{"title":"Kr\u00e4ztertee Ligne - Wohltuend und hydratisierend - L&#039;infuseur Paris","description":"Der Kr\u00e4utertee LIGNE von L'infuseur ist eine Quelle des Wohlbefindens. Hei\u00df oder eisgek\u00fchlt genossen sorgt er den ganzen Tag \u00fcber f\u00fcr Fl\u00fcssigkeitszufuhr und Entschlackung.","robots":{"index":"index","follow":"follow","max-snippet":"max-snippet:-1","max-image-preview":"max-image-preview:large","max-video-preview":"max-video-preview:-1"},"canonical":"https:\/\/linfuseur.com\/de\/produit\/krautertee-ligne\/","og_locale":"de_DE","og_type":"article","og_title":"Kr\u00e4ztertee Ligne - Wohltuend und hydratisierend - L&#039;infuseur Paris","og_description":"Der Kr\u00e4utertee LIGNE von L'infuseur ist eine Quelle des Wohlbefindens. Hei\u00df oder eisgek\u00fchlt genossen sorgt er den ganzen Tag \u00fcber f\u00fcr Fl\u00fcssigkeitszufuhr und Entschlackung.","og_url":"https:\/\/linfuseur.com\/de\/produit\/krautertee-ligne\/","og_site_name":"L&#039;infuseur Paris","article_modified_time":"2026-01-30T16:53:30+00:00","og_image":[{"width":1600,"height":1600,"url":"https:\/\/linfuseur.com\/wp-content\/uploads\/2020\/08\/infusion-ligne-vrac-linfuseur-25.jpg","type":"image\/jpeg"}],"twitter_misc":{"Gesch\u00e4tzte Lesezeit":"1\u00a0Minute"},"schema":{"@context":"https:\/\/schema.org","@graph":[{"@type":"WebPage","@id":"https:\/\/linfuseur.com\/de\/produit\/krautertee-ligne\/","url":"https:\/\/linfuseur.com\/de\/produit\/krautertee-ligne\/","name":"Kr\u00e4ztertee Ligne - Wohltuend und hydratisierend - L&#039;infuseur Paris","isPartOf":{"@id":"https:\/\/linfuseur.com\/de\/#website"},"primaryImageOfPage":{"@id":"https:\/\/linfuseur.com\/de\/produit\/krautertee-ligne\/#primaryimage"},"image":{"@id":"https:\/\/linfuseur.com\/de\/produit\/krautertee-ligne\/#primaryimage"},"thumbnailUrl":"https:\/\/linfuseur.com\/wp-content\/uploads\/2020\/08\/infusion-ligne-vrac-linfuseur-25.jpg","datePublished":"2020-08-07T14:24:19+00:00","dateModified":"2026-01-30T16:53:30+00:00","description":"Der Kr\u00e4utertee LIGNE von L'infuseur ist eine Quelle des Wohlbefindens. Hei\u00df oder eisgek\u00fchlt genossen sorgt er den ganzen Tag \u00fcber f\u00fcr Fl\u00fcssigkeitszufuhr und Entschlackung.","breadcrumb":{"@id":"https:\/\/linfuseur.com\/de\/produit\/krautertee-ligne\/#breadcrumb"},"inLanguage":"de","potentialAction":[{"@type":"ReadAction","target":["https:\/\/linfuseur.com\/de\/produit\/krautertee-ligne\/"]}]},{"@type":"ImageObject","inLanguage":"de","@id":"https:\/\/linfuseur.com\/de\/produit\/krautertee-ligne\/#primaryimage","url":"https:\/\/linfuseur.com\/wp-content\/uploads\/2020\/08\/infusion-ligne-vrac-linfuseur-25.jpg","contentUrl":"https:\/\/linfuseur.com\/wp-content\/uploads\/2020\/08\/infusion-ligne-vrac-linfuseur-25.jpg","width":1600,"height":1600,"caption":"infusion ligne vrac l'infuseur"},{"@type":"BreadcrumbList","@id":"https:\/\/linfuseur.com\/de\/produit\/krautertee-ligne\/#breadcrumb","itemListElement":[{"@type":"ListItem","position":1,"name":"Home","item":"https:\/\/linfuseur.com\/de\/"},{"@type":"ListItem","position":2,"name":"Shop","item":"https:\/\/linfuseur.com\/de\/shop\/"},{"@type":"ListItem","position":3,"name":"Detox","item":"https:\/\/linfuseur.com\/de\/categorie-produit\/detox-de\/"},{"@type":"ListItem","position":4,"name":"1 Ligne"}]},{"@type":"WebSite","@id":"https:\/\/linfuseur.com\/de\/#website","url":"https:\/\/linfuseur.com\/de\/","name":"L'infuseur Paris","description":"L&#039;infuseur Paris - Collection d&#039;infusions","potentialAction":[{"@type":"SearchAction","target":{"@type":"EntryPoint","urlTemplate":"https:\/\/linfuseur.com\/de\/?s={search_term_string}"},"query-input":{"@type":"PropertyValueSpecification","valueRequired":true,"valueName":"search_term_string"}}],"inLanguage":"de"}]}},"_links":{"self":[{"href":"https:\/\/linfuseur.com\/de\/wp-json\/wp\/v2\/product\/19611","targetHints":{"allow":["GET"]}}],"collection":[{"href":"https:\/\/linfuseur.com\/de\/wp-json\/wp\/v2\/product"}],"about":[{"href":"https:\/\/linfuseur.com\/de\/wp-json\/wp\/v2\/types\/product"}],"replies":[{"embeddable":true,"href":"https:\/\/linfuseur.com\/de\/wp-json\/wp\/v2\/comments?post=19611"}],"wp:featuredmedia":[{"embeddable":true,"href":"https:\/\/linfuseur.com\/de\/wp-json\/wp\/v2\/media\/86467"}],"wp:attachment":[{"href":"https:\/\/linfuseur.com\/de\/wp-json\/wp\/v2\/media?parent=19611"}],"wp:term":[{"taxonomy":"product_brand","embeddable":true,"href":"https:\/\/linfuseur.com\/de\/wp-json\/wp\/v2\/product_brand?post=19611"},{"taxonomy":"product_cat","embeddable":true,"href":"https:\/\/linfuseur.com\/de\/wp-json\/wp\/v2\/product_cat?post=19611"},{"taxonomy":"product_tag","embeddable":true,"href":"https:\/\/linfuseur.com\/de\/wp-json\/wp\/v2\/product_tag?post=19611"},{"taxonomy":"giftcard-category","embeddable":true,"href":"https:\/\/linfuseur.com\/de\/wp-json\/wp\/v2\/giftcard-category?post=19611"}],"curies":[{"name":"wp","href":"https:\/\/api.w.org\/{rel}","templated":true}]}}