{"id":19623,"date":"2020-11-09T16:39:05","date_gmt":"2020-11-09T16:39:05","guid":{"rendered":"https:\/\/linfuseur.com\/produit\/19623\/"},"modified":"2026-01-30T16:53:23","modified_gmt":"2026-01-30T16:53:23","slug":"set-krautertee-lose-456","status":"publish","type":"product","link":"https:\/\/linfuseur.com\/de\/produit\/set-krautertee-lose-456\/","title":{"rendered":"Set 456"},"content":{"rendered":"<p>Diese Geschenkbox enth\u00e4lt:<\/p>\n<p><b>1 Packung Kr\u00e4utertee Tonique Nr. 4 (90 g)<br \/>\nZusammensetzung:<\/b> S\u00fc\u00dfe Minze, Orangenschalen, Ingwer, Zitronenschalen, Zimt, Gr\u00fcner Mate, Ginseng, Gew\u00fcrznelken<br \/>\nMit Teein<\/p>\n<p><b>1 Packung Kr\u00e4utertee D\u00e9lice Nr. 5 (60 g)<br \/>\nZusammensetzung:<\/b> Eisenkraut, Majoran, Rosenbl\u00fctenbl\u00e4tter, Kakaost\u00fccke, Mohnbl\u00fctenbl\u00e4tter, Rote Weinrebe, nat\u00fcrliches Orangenaroma, Ringelblumen- und Kornblumenbl\u00fctenbl\u00e4tter<br \/>\nOhne Teein<\/p>\n<p><b>1 Packung Kr\u00e4utertee D\u00e9tox Nr. 6 (80 g)<br \/>\nZusammensetzung:<\/b> Apfelst\u00fccke, Zitronengras, Wacholderbeeren, Hibiskus, Schwarze Johannisbeere, Brennnessel, nat\u00fcrliches Aroma der Schwarzen Johannisbeere<br \/>\nDas Rezept f\u00fcr unsere Detox-Mischung Nr. 6 hat sich leicht ver\u00e4ndert. Um diesen Tee unbeschwert am sp\u00e4ten Nachmittag oder Abend trinken zu k\u00f6nnen, haben uns viele Kunden gebeten, den urspr\u00fcnglich in der Detox-Mischung enthaltenen Mate-Tee zu entfernen (-3 %). Der Geschmack und die Vorteile bleiben nat\u00fcrlich unver\u00e4ndert.<br \/>\nOhne Teein<\/p>\n<p><b>Hergestellt in Frankreich<\/b><\/p>\n","protected":false},"excerpt":{"rendered":"<p>Diese Geschenkbox enth\u00e4lt: 1 Packung Kr\u00e4utertee Tonique Nr. 4 (90 g) Zusammensetzung: S\u00fc\u00dfe Minze, Orangenschalen, Ingwer, Zitronenschalen, Zimt, Gr\u00fcner Mate, Ginseng, Gew\u00fcrznelken Mit Teein 1 Packung Kr\u00e4utertee D\u00e9lice Nr. 5 (60 g) Zusammensetzung: Eisenkraut, Majoran, Rosenbl\u00fctenbl\u00e4tter, Kakaost\u00fccke, Mohnbl\u00fctenbl\u00e4tter, Rote Weinrebe, nat\u00fcrliches Orangenaroma, Ringelblumen- und Kornblumenbl\u00fctenbl\u00e4tter Ohne Teein 1 Packung Kr\u00e4utertee D\u00e9tox Nr. 6 (80 g)Lire la suite<\/p>\n","protected":false},"featured_media":87152,"comment_status":"open","ping_status":"closed","template":"","meta":{"_acf_changed":false},"product_brand":[],"product_cat":[177,183,191,153,157,154],"product_tag":[],"giftcard-category":[],"class_list":{"0":"post-19623","1":"product","2":"type-product","3":"status-publish","4":"has-post-thumbnail","6":"product_cat-best-dad-de","7":"product_cat-boxen","8":"product_cat-love-mama-de","9":"product_cat-selection-de-noel","10":"product_cat-infuseur-de","11":"product_cat-krautertees","13":"first","14":"instock","15":"taxable","16":"shipping-taxable","17":"purchasable","18":"product-type-variable","19":"has-default-attributes","20":"wvs-pro-product","21":"wvs-pro-before-cart-button"},"acf":[],"yoast_head":"<!-- This site is optimized with the Yoast SEO plugin v26.8 - https:\/\/yoast.com\/product\/yoast-seo-wordpress\/ -->\n<title>Kr\u00e4utertee-Set 456 - L&#039;infuseur Paris<\/title>\n<meta name=\"description\" content=\"Kr\u00e4utertee-Set 456\" \/>\n<meta name=\"robots\" content=\"index, follow, max-snippet:-1, max-image-preview:large, max-video-preview:-1\" \/>\n<link rel=\"canonical\" href=\"https:\/\/linfuseur.com\/de\/produit\/set-krautertee-lose-456\/\" \/>\n<meta property=\"og:locale\" content=\"de_DE\" \/>\n<meta property=\"og:type\" content=\"article\" \/>\n<meta property=\"og:title\" content=\"Kr\u00e4utertee-Set 456 - L&#039;infuseur Paris\" \/>\n<meta property=\"og:description\" content=\"Kr\u00e4utertee-Set 456\" \/>\n<meta property=\"og:url\" content=\"https:\/\/linfuseur.com\/de\/produit\/set-krautertee-lose-456\/\" \/>\n<meta property=\"og:site_name\" content=\"L&#039;infuseur Paris\" \/>\n<meta property=\"article:modified_time\" content=\"2026-01-30T16:53:23+00:00\" \/>\n<meta property=\"og:image\" content=\"https:\/\/linfuseur.com\/wp-content\/uploads\/2020\/11\/coffret-infusion-456-25.jpg\" \/>\n\t<meta property=\"og:image:width\" content=\"1200\" \/>\n\t<meta property=\"og:image:height\" content=\"1200\" \/>\n\t<meta property=\"og:image:type\" content=\"image\/jpeg\" \/>\n<meta name=\"twitter:label1\" content=\"Gesch\u00e4tzte Lesezeit\" \/>\n\t<meta name=\"twitter:data1\" content=\"1\u00a0Minute\" \/>\n<script type=\"application\/ld+json\" class=\"yoast-schema-graph\">{\"@context\":\"https:\/\/schema.org\",\"@graph\":[{\"@type\":\"WebPage\",\"@id\":\"https:\/\/linfuseur.com\/de\/produit\/set-krautertee-lose-456\/\",\"url\":\"https:\/\/linfuseur.com\/de\/produit\/set-krautertee-lose-456\/\",\"name\":\"Kr\u00e4utertee-Set 456 - L&#039;infuseur Paris\",\"isPartOf\":{\"@id\":\"https:\/\/linfuseur.com\/de\/#website\"},\"primaryImageOfPage\":{\"@id\":\"https:\/\/linfuseur.com\/de\/produit\/set-krautertee-lose-456\/#primaryimage\"},\"image\":{\"@id\":\"https:\/\/linfuseur.com\/de\/produit\/set-krautertee-lose-456\/#primaryimage\"},\"thumbnailUrl\":\"https:\/\/linfuseur.com\/wp-content\/uploads\/2020\/11\/coffret-infusion-456-25.jpg\",\"datePublished\":\"2020-11-09T16:39:05+00:00\",\"dateModified\":\"2026-01-30T16:53:23+00:00\",\"description\":\"Kr\u00e4utertee-Set 456\",\"breadcrumb\":{\"@id\":\"https:\/\/linfuseur.com\/de\/produit\/set-krautertee-lose-456\/#breadcrumb\"},\"inLanguage\":\"de\",\"potentialAction\":[{\"@type\":\"ReadAction\",\"target\":[\"https:\/\/linfuseur.com\/de\/produit\/set-krautertee-lose-456\/\"]}]},{\"@type\":\"ImageObject\",\"inLanguage\":\"de\",\"@id\":\"https:\/\/linfuseur.com\/de\/produit\/set-krautertee-lose-456\/#primaryimage\",\"url\":\"https:\/\/linfuseur.com\/wp-content\/uploads\/2020\/11\/coffret-infusion-456-25.jpg\",\"contentUrl\":\"https:\/\/linfuseur.com\/wp-content\/uploads\/2020\/11\/coffret-infusion-456-25.jpg\",\"width\":1200,\"height\":1200,\"caption\":\"coffret infusions 4 5 6 l'infuseur\"},{\"@type\":\"BreadcrumbList\",\"@id\":\"https:\/\/linfuseur.com\/de\/produit\/set-krautertee-lose-456\/#breadcrumb\",\"itemListElement\":[{\"@type\":\"ListItem\",\"position\":1,\"name\":\"Home\",\"item\":\"https:\/\/linfuseur.com\/de\/\"},{\"@type\":\"ListItem\",\"position\":2,\"name\":\"Shop\",\"item\":\"https:\/\/linfuseur.com\/de\/shop\/\"},{\"@type\":\"ListItem\",\"position\":3,\"name\":\"Best dad\",\"item\":\"https:\/\/linfuseur.com\/de\/categorie-produit\/best-dad-de\/\"},{\"@type\":\"ListItem\",\"position\":4,\"name\":\"Set 456\"}]},{\"@type\":\"WebSite\",\"@id\":\"https:\/\/linfuseur.com\/de\/#website\",\"url\":\"https:\/\/linfuseur.com\/de\/\",\"name\":\"L'infuseur Paris\",\"description\":\"L&#039;infuseur Paris - Collection d&#039;infusions\",\"potentialAction\":[{\"@type\":\"SearchAction\",\"target\":{\"@type\":\"EntryPoint\",\"urlTemplate\":\"https:\/\/linfuseur.com\/de\/?s={search_term_string}\"},\"query-input\":{\"@type\":\"PropertyValueSpecification\",\"valueRequired\":true,\"valueName\":\"search_term_string\"}}],\"inLanguage\":\"de\"}]}<\/script>\n<!-- \/ Yoast SEO plugin. -->","yoast_head_json":{"title":"Kr\u00e4utertee-Set 456 - L&#039;infuseur Paris","description":"Kr\u00e4utertee-Set 456","robots":{"index":"index","follow":"follow","max-snippet":"max-snippet:-1","max-image-preview":"max-image-preview:large","max-video-preview":"max-video-preview:-1"},"canonical":"https:\/\/linfuseur.com\/de\/produit\/set-krautertee-lose-456\/","og_locale":"de_DE","og_type":"article","og_title":"Kr\u00e4utertee-Set 456 - L&#039;infuseur Paris","og_description":"Kr\u00e4utertee-Set 456","og_url":"https:\/\/linfuseur.com\/de\/produit\/set-krautertee-lose-456\/","og_site_name":"L&#039;infuseur Paris","article_modified_time":"2026-01-30T16:53:23+00:00","og_image":[{"width":1200,"height":1200,"url":"https:\/\/linfuseur.com\/wp-content\/uploads\/2020\/11\/coffret-infusion-456-25.jpg","type":"image\/jpeg"}],"twitter_misc":{"Gesch\u00e4tzte Lesezeit":"1\u00a0Minute"},"schema":{"@context":"https:\/\/schema.org","@graph":[{"@type":"WebPage","@id":"https:\/\/linfuseur.com\/de\/produit\/set-krautertee-lose-456\/","url":"https:\/\/linfuseur.com\/de\/produit\/set-krautertee-lose-456\/","name":"Kr\u00e4utertee-Set 456 - L&#039;infuseur Paris","isPartOf":{"@id":"https:\/\/linfuseur.com\/de\/#website"},"primaryImageOfPage":{"@id":"https:\/\/linfuseur.com\/de\/produit\/set-krautertee-lose-456\/#primaryimage"},"image":{"@id":"https:\/\/linfuseur.com\/de\/produit\/set-krautertee-lose-456\/#primaryimage"},"thumbnailUrl":"https:\/\/linfuseur.com\/wp-content\/uploads\/2020\/11\/coffret-infusion-456-25.jpg","datePublished":"2020-11-09T16:39:05+00:00","dateModified":"2026-01-30T16:53:23+00:00","description":"Kr\u00e4utertee-Set 456","breadcrumb":{"@id":"https:\/\/linfuseur.com\/de\/produit\/set-krautertee-lose-456\/#breadcrumb"},"inLanguage":"de","potentialAction":[{"@type":"ReadAction","target":["https:\/\/linfuseur.com\/de\/produit\/set-krautertee-lose-456\/"]}]},{"@type":"ImageObject","inLanguage":"de","@id":"https:\/\/linfuseur.com\/de\/produit\/set-krautertee-lose-456\/#primaryimage","url":"https:\/\/linfuseur.com\/wp-content\/uploads\/2020\/11\/coffret-infusion-456-25.jpg","contentUrl":"https:\/\/linfuseur.com\/wp-content\/uploads\/2020\/11\/coffret-infusion-456-25.jpg","width":1200,"height":1200,"caption":"coffret infusions 4 5 6 l'infuseur"},{"@type":"BreadcrumbList","@id":"https:\/\/linfuseur.com\/de\/produit\/set-krautertee-lose-456\/#breadcrumb","itemListElement":[{"@type":"ListItem","position":1,"name":"Home","item":"https:\/\/linfuseur.com\/de\/"},{"@type":"ListItem","position":2,"name":"Shop","item":"https:\/\/linfuseur.com\/de\/shop\/"},{"@type":"ListItem","position":3,"name":"Best dad","item":"https:\/\/linfuseur.com\/de\/categorie-produit\/best-dad-de\/"},{"@type":"ListItem","position":4,"name":"Set 456"}]},{"@type":"WebSite","@id":"https:\/\/linfuseur.com\/de\/#website","url":"https:\/\/linfuseur.com\/de\/","name":"L'infuseur Paris","description":"L&#039;infuseur Paris - Collection d&#039;infusions","potentialAction":[{"@type":"SearchAction","target":{"@type":"EntryPoint","urlTemplate":"https:\/\/linfuseur.com\/de\/?s={search_term_string}"},"query-input":{"@type":"PropertyValueSpecification","valueRequired":true,"valueName":"search_term_string"}}],"inLanguage":"de"}]}},"_links":{"self":[{"href":"https:\/\/linfuseur.com\/de\/wp-json\/wp\/v2\/product\/19623","targetHints":{"allow":["GET"]}}],"collection":[{"href":"https:\/\/linfuseur.com\/de\/wp-json\/wp\/v2\/product"}],"about":[{"href":"https:\/\/linfuseur.com\/de\/wp-json\/wp\/v2\/types\/product"}],"replies":[{"embeddable":true,"href":"https:\/\/linfuseur.com\/de\/wp-json\/wp\/v2\/comments?post=19623"}],"wp:featuredmedia":[{"embeddable":true,"href":"https:\/\/linfuseur.com\/de\/wp-json\/wp\/v2\/media\/87152"}],"wp:attachment":[{"href":"https:\/\/linfuseur.com\/de\/wp-json\/wp\/v2\/media?parent=19623"}],"wp:term":[{"taxonomy":"product_brand","embeddable":true,"href":"https:\/\/linfuseur.com\/de\/wp-json\/wp\/v2\/product_brand?post=19623"},{"taxonomy":"product_cat","embeddable":true,"href":"https:\/\/linfuseur.com\/de\/wp-json\/wp\/v2\/product_cat?post=19623"},{"taxonomy":"product_tag","embeddable":true,"href":"https:\/\/linfuseur.com\/de\/wp-json\/wp\/v2\/product_tag?post=19623"},{"taxonomy":"giftcard-category","embeddable":true,"href":"https:\/\/linfuseur.com\/de\/wp-json\/wp\/v2\/giftcard-category?post=19623"}],"curies":[{"name":"wp","href":"https:\/\/api.w.org\/{rel}","templated":true}]}}