{"id":19624,"date":"2020-11-09T17:50:15","date_gmt":"2020-11-09T17:50:15","guid":{"rendered":"https:\/\/linfuseur.com\/produit\/19624\/"},"modified":"2026-01-30T16:53:24","modified_gmt":"2026-01-30T16:53:24","slug":"set-krautertee-lose-123","status":"publish","type":"product","link":"https:\/\/linfuseur.com\/de\/produit\/set-krautertee-lose-123\/","title":{"rendered":"SET 123"},"content":{"rendered":"<p>Diese Geschenkbox enth\u00e4lt:<\/p>\n<p><b>1 Packung Kr\u00e4utertee Ligne Nr. 1 (80 g)<br \/>\nZusammensetzung:<\/b> Zitronengras, Chicor\u00e9e, Rooibos, Ananas, L\u00f6wenzahn, Orangenschalen, Lakritze, nat\u00fcrliches Mandarinenaroma<br \/>\nOhne Teein<\/p>\n<p><b>1 Packung Kr\u00e4utertee Calme Nr. 2 (80 g)<br \/>\nZusammensetzung:<\/b> Honeybush, Orangenschalen, Zitronengras, Eisenkraut, Orangenbl\u00fctenbl\u00e4tter, S\u00fc\u00dfer Fenchel, Schwarzk\u00fcmmel, Kornblumenbl\u00fctenbl\u00e4tter, Nat\u00fcrliches Orangenbl\u00fctenaroma, Lavendelbl\u00fcten<br \/>\nOhne Teein<\/p>\n<p><b>1 Packung Kr\u00e4utertee Digestif Nr. 3 (80 g)<br \/>\nZusammensetzung:<\/b> Rosmarin, Salbei, Thymian der Provence, Pfefferminze, Anis, Lakritze, Basilikum, Zimt, Rosenknospen, Rosenbl\u00e4tter, \u00e4therisches \u00d6l aus Bergamotte<br \/>\nOhne Teein<\/p>\n<p><b>Hergestellt in Frankreich.<\/b><\/p>\n","protected":false},"excerpt":{"rendered":"<p>Diese Geschenkbox enth\u00e4lt: 1 Packung Kr\u00e4utertee Ligne Nr. 1 (80 g) Zusammensetzung: Zitronengras, Chicor\u00e9e, Rooibos, Ananas, L\u00f6wenzahn, Orangenschalen, Lakritze, nat\u00fcrliches Mandarinenaroma Ohne Teein 1 Packung Kr\u00e4utertee Calme Nr. 2 (80 g) Zusammensetzung: Honeybush, Orangenschalen, Zitronengras, Eisenkraut, Orangenbl\u00fctenbl\u00e4tter, S\u00fc\u00dfer Fenchel, Schwarzk\u00fcmmel, Kornblumenbl\u00fctenbl\u00e4tter, Nat\u00fcrliches Orangenbl\u00fctenaroma, Lavendelbl\u00fcten Ohne Teein 1 Packung Kr\u00e4utertee Digestif Nr. 3 (80 g) Zusammensetzung:Lire la suite<\/p>\n","protected":false},"featured_media":86470,"comment_status":"open","ping_status":"closed","template":"","meta":{"_acf_changed":false},"product_brand":[],"product_cat":[183,201,191,157,154,245],"product_tag":[],"giftcard-category":[],"class_list":{"0":"post-19624","1":"product","2":"type-product","3":"status-publish","4":"has-post-thumbnail","6":"product_cat-boxen","7":"product_cat-detox-de","8":"product_cat-love-mama-de","9":"product_cat-infuseur-de","10":"product_cat-krautertees","11":"product_cat-reinigen-und-entgiften","13":"first","14":"instock","15":"taxable","16":"shipping-taxable","17":"purchasable","18":"product-type-variable","19":"has-default-attributes","20":"wvs-pro-product","21":"wvs-pro-before-cart-button"},"acf":[],"yoast_head":"<!-- This site is optimized with the Yoast SEO plugin v26.8 - https:\/\/yoast.com\/product\/yoast-seo-wordpress\/ -->\n<title>Set loser Kr\u00e4utertee 123 - L&#039;infuseur Paris<\/title>\n<meta name=\"robots\" content=\"index, follow, max-snippet:-1, max-image-preview:large, max-video-preview:-1\" \/>\n<link rel=\"canonical\" href=\"https:\/\/linfuseur.com\/de\/produit\/set-krautertee-lose-123\/\" \/>\n<meta property=\"og:locale\" content=\"de_DE\" \/>\n<meta property=\"og:type\" content=\"article\" \/>\n<meta property=\"og:title\" content=\"Set loser Kr\u00e4utertee 123 - L&#039;infuseur Paris\" \/>\n<meta property=\"og:description\" content=\"Diese Geschenkbox enth\u00e4lt: 1 Packung Kr\u00e4utertee Ligne Nr. 1 (80 g) Zusammensetzung: Zitronengras, Chicor\u00e9e, Rooibos, Ananas, L\u00f6wenzahn, Orangenschalen, Lakritze, nat\u00fcrliches Mandarinenaroma Ohne Teein 1 Packung Kr\u00e4utertee Calme Nr. 2 (80 g) Zusammensetzung: Honeybush, Orangenschalen, Zitronengras, Eisenkraut, Orangenbl\u00fctenbl\u00e4tter, S\u00fc\u00dfer Fenchel, Schwarzk\u00fcmmel, Kornblumenbl\u00fctenbl\u00e4tter, Nat\u00fcrliches Orangenbl\u00fctenaroma, Lavendelbl\u00fcten Ohne Teein 1 Packung Kr\u00e4utertee Digestif Nr. 3 (80 g) Zusammensetzung:Lire la suite\" \/>\n<meta property=\"og:url\" content=\"https:\/\/linfuseur.com\/de\/produit\/set-krautertee-lose-123\/\" \/>\n<meta property=\"og:site_name\" content=\"L&#039;infuseur Paris\" \/>\n<meta property=\"article:modified_time\" content=\"2026-01-30T16:53:24+00:00\" \/>\n<meta property=\"og:image\" content=\"https:\/\/linfuseur.com\/wp-content\/uploads\/2020\/11\/coffret-infusion-ligne-calme-digestif-linfuseur-25.jpg\" \/>\n\t<meta property=\"og:image:width\" content=\"1600\" \/>\n\t<meta property=\"og:image:height\" content=\"1600\" \/>\n\t<meta property=\"og:image:type\" content=\"image\/jpeg\" \/>\n<script type=\"application\/ld+json\" class=\"yoast-schema-graph\">{\"@context\":\"https:\/\/schema.org\",\"@graph\":[{\"@type\":\"WebPage\",\"@id\":\"https:\/\/linfuseur.com\/de\/produit\/set-krautertee-lose-123\/\",\"url\":\"https:\/\/linfuseur.com\/de\/produit\/set-krautertee-lose-123\/\",\"name\":\"Set loser Kr\u00e4utertee 123 - L&#039;infuseur Paris\",\"isPartOf\":{\"@id\":\"https:\/\/linfuseur.com\/de\/#website\"},\"primaryImageOfPage\":{\"@id\":\"https:\/\/linfuseur.com\/de\/produit\/set-krautertee-lose-123\/#primaryimage\"},\"image\":{\"@id\":\"https:\/\/linfuseur.com\/de\/produit\/set-krautertee-lose-123\/#primaryimage\"},\"thumbnailUrl\":\"https:\/\/linfuseur.com\/wp-content\/uploads\/2020\/11\/coffret-infusion-ligne-calme-digestif-linfuseur-25.jpg\",\"datePublished\":\"2020-11-09T17:50:15+00:00\",\"dateModified\":\"2026-01-30T16:53:24+00:00\",\"breadcrumb\":{\"@id\":\"https:\/\/linfuseur.com\/de\/produit\/set-krautertee-lose-123\/#breadcrumb\"},\"inLanguage\":\"de\",\"potentialAction\":[{\"@type\":\"ReadAction\",\"target\":[\"https:\/\/linfuseur.com\/de\/produit\/set-krautertee-lose-123\/\"]}]},{\"@type\":\"ImageObject\",\"inLanguage\":\"de\",\"@id\":\"https:\/\/linfuseur.com\/de\/produit\/set-krautertee-lose-123\/#primaryimage\",\"url\":\"https:\/\/linfuseur.com\/wp-content\/uploads\/2020\/11\/coffret-infusion-ligne-calme-digestif-linfuseur-25.jpg\",\"contentUrl\":\"https:\/\/linfuseur.com\/wp-content\/uploads\/2020\/11\/coffret-infusion-ligne-calme-digestif-linfuseur-25.jpg\",\"width\":1600,\"height\":1600,\"caption\":\"coffret infusions 1 2 3 l'infuseur\"},{\"@type\":\"BreadcrumbList\",\"@id\":\"https:\/\/linfuseur.com\/de\/produit\/set-krautertee-lose-123\/#breadcrumb\",\"itemListElement\":[{\"@type\":\"ListItem\",\"position\":1,\"name\":\"Home\",\"item\":\"https:\/\/linfuseur.com\/de\/\"},{\"@type\":\"ListItem\",\"position\":2,\"name\":\"Shop\",\"item\":\"https:\/\/linfuseur.com\/de\/shop\/\"},{\"@type\":\"ListItem\",\"position\":3,\"name\":\"Boxen\",\"item\":\"https:\/\/linfuseur.com\/de\/categorie-produit\/boxen\/\"},{\"@type\":\"ListItem\",\"position\":4,\"name\":\"SET 123\"}]},{\"@type\":\"WebSite\",\"@id\":\"https:\/\/linfuseur.com\/de\/#website\",\"url\":\"https:\/\/linfuseur.com\/de\/\",\"name\":\"L'infuseur Paris\",\"description\":\"L&#039;infuseur Paris - Collection d&#039;infusions\",\"potentialAction\":[{\"@type\":\"SearchAction\",\"target\":{\"@type\":\"EntryPoint\",\"urlTemplate\":\"https:\/\/linfuseur.com\/de\/?s={search_term_string}\"},\"query-input\":{\"@type\":\"PropertyValueSpecification\",\"valueRequired\":true,\"valueName\":\"search_term_string\"}}],\"inLanguage\":\"de\"}]}<\/script>\n<!-- \/ Yoast SEO plugin. -->","yoast_head_json":{"title":"Set loser Kr\u00e4utertee 123 - L&#039;infuseur Paris","robots":{"index":"index","follow":"follow","max-snippet":"max-snippet:-1","max-image-preview":"max-image-preview:large","max-video-preview":"max-video-preview:-1"},"canonical":"https:\/\/linfuseur.com\/de\/produit\/set-krautertee-lose-123\/","og_locale":"de_DE","og_type":"article","og_title":"Set loser Kr\u00e4utertee 123 - L&#039;infuseur Paris","og_description":"Diese Geschenkbox enth\u00e4lt: 1 Packung Kr\u00e4utertee Ligne Nr. 1 (80 g) Zusammensetzung: Zitronengras, Chicor\u00e9e, Rooibos, Ananas, L\u00f6wenzahn, Orangenschalen, Lakritze, nat\u00fcrliches Mandarinenaroma Ohne Teein 1 Packung Kr\u00e4utertee Calme Nr. 2 (80 g) Zusammensetzung: Honeybush, Orangenschalen, Zitronengras, Eisenkraut, Orangenbl\u00fctenbl\u00e4tter, S\u00fc\u00dfer Fenchel, Schwarzk\u00fcmmel, Kornblumenbl\u00fctenbl\u00e4tter, Nat\u00fcrliches Orangenbl\u00fctenaroma, Lavendelbl\u00fcten Ohne Teein 1 Packung Kr\u00e4utertee Digestif Nr. 3 (80 g) Zusammensetzung:Lire la suite","og_url":"https:\/\/linfuseur.com\/de\/produit\/set-krautertee-lose-123\/","og_site_name":"L&#039;infuseur Paris","article_modified_time":"2026-01-30T16:53:24+00:00","og_image":[{"width":1600,"height":1600,"url":"https:\/\/linfuseur.com\/wp-content\/uploads\/2020\/11\/coffret-infusion-ligne-calme-digestif-linfuseur-25.jpg","type":"image\/jpeg"}],"schema":{"@context":"https:\/\/schema.org","@graph":[{"@type":"WebPage","@id":"https:\/\/linfuseur.com\/de\/produit\/set-krautertee-lose-123\/","url":"https:\/\/linfuseur.com\/de\/produit\/set-krautertee-lose-123\/","name":"Set loser Kr\u00e4utertee 123 - L&#039;infuseur Paris","isPartOf":{"@id":"https:\/\/linfuseur.com\/de\/#website"},"primaryImageOfPage":{"@id":"https:\/\/linfuseur.com\/de\/produit\/set-krautertee-lose-123\/#primaryimage"},"image":{"@id":"https:\/\/linfuseur.com\/de\/produit\/set-krautertee-lose-123\/#primaryimage"},"thumbnailUrl":"https:\/\/linfuseur.com\/wp-content\/uploads\/2020\/11\/coffret-infusion-ligne-calme-digestif-linfuseur-25.jpg","datePublished":"2020-11-09T17:50:15+00:00","dateModified":"2026-01-30T16:53:24+00:00","breadcrumb":{"@id":"https:\/\/linfuseur.com\/de\/produit\/set-krautertee-lose-123\/#breadcrumb"},"inLanguage":"de","potentialAction":[{"@type":"ReadAction","target":["https:\/\/linfuseur.com\/de\/produit\/set-krautertee-lose-123\/"]}]},{"@type":"ImageObject","inLanguage":"de","@id":"https:\/\/linfuseur.com\/de\/produit\/set-krautertee-lose-123\/#primaryimage","url":"https:\/\/linfuseur.com\/wp-content\/uploads\/2020\/11\/coffret-infusion-ligne-calme-digestif-linfuseur-25.jpg","contentUrl":"https:\/\/linfuseur.com\/wp-content\/uploads\/2020\/11\/coffret-infusion-ligne-calme-digestif-linfuseur-25.jpg","width":1600,"height":1600,"caption":"coffret infusions 1 2 3 l'infuseur"},{"@type":"BreadcrumbList","@id":"https:\/\/linfuseur.com\/de\/produit\/set-krautertee-lose-123\/#breadcrumb","itemListElement":[{"@type":"ListItem","position":1,"name":"Home","item":"https:\/\/linfuseur.com\/de\/"},{"@type":"ListItem","position":2,"name":"Shop","item":"https:\/\/linfuseur.com\/de\/shop\/"},{"@type":"ListItem","position":3,"name":"Boxen","item":"https:\/\/linfuseur.com\/de\/categorie-produit\/boxen\/"},{"@type":"ListItem","position":4,"name":"SET 123"}]},{"@type":"WebSite","@id":"https:\/\/linfuseur.com\/de\/#website","url":"https:\/\/linfuseur.com\/de\/","name":"L'infuseur Paris","description":"L&#039;infuseur Paris - Collection d&#039;infusions","potentialAction":[{"@type":"SearchAction","target":{"@type":"EntryPoint","urlTemplate":"https:\/\/linfuseur.com\/de\/?s={search_term_string}"},"query-input":{"@type":"PropertyValueSpecification","valueRequired":true,"valueName":"search_term_string"}}],"inLanguage":"de"}]}},"_links":{"self":[{"href":"https:\/\/linfuseur.com\/de\/wp-json\/wp\/v2\/product\/19624","targetHints":{"allow":["GET"]}}],"collection":[{"href":"https:\/\/linfuseur.com\/de\/wp-json\/wp\/v2\/product"}],"about":[{"href":"https:\/\/linfuseur.com\/de\/wp-json\/wp\/v2\/types\/product"}],"replies":[{"embeddable":true,"href":"https:\/\/linfuseur.com\/de\/wp-json\/wp\/v2\/comments?post=19624"}],"wp:featuredmedia":[{"embeddable":true,"href":"https:\/\/linfuseur.com\/de\/wp-json\/wp\/v2\/media\/86470"}],"wp:attachment":[{"href":"https:\/\/linfuseur.com\/de\/wp-json\/wp\/v2\/media?parent=19624"}],"wp:term":[{"taxonomy":"product_brand","embeddable":true,"href":"https:\/\/linfuseur.com\/de\/wp-json\/wp\/v2\/product_brand?post=19624"},{"taxonomy":"product_cat","embeddable":true,"href":"https:\/\/linfuseur.com\/de\/wp-json\/wp\/v2\/product_cat?post=19624"},{"taxonomy":"product_tag","embeddable":true,"href":"https:\/\/linfuseur.com\/de\/wp-json\/wp\/v2\/product_tag?post=19624"},{"taxonomy":"giftcard-category","embeddable":true,"href":"https:\/\/linfuseur.com\/de\/wp-json\/wp\/v2\/giftcard-category?post=19624"}],"curies":[{"name":"wp","href":"https:\/\/api.w.org\/{rel}","templated":true}]}}