{"id":19626,"date":"2020-08-07T14:15:28","date_gmt":"2020-08-07T14:15:28","guid":{"rendered":"https:\/\/linfuseur.com\/produit\/19626\/"},"modified":"2026-03-16T09:29:57","modified_gmt":"2026-03-16T09:29:57","slug":"krautertee-digestif","status":"publish","type":"product","link":"https:\/\/linfuseur.com\/de\/produit\/krautertee-digestif\/","title":{"rendered":"3 Digestif"},"content":{"rendered":"<p><strong>Merkmale<\/strong><br \/>\n&#8211; Ohne Teein<br \/>\n&#8211; Wird hei\u00df genossen<br \/>\n&#8211; Noten: Thymian &#8211; Rosmarin<br \/>\n&#8211; Kann am Morgen, am Tag und am Abend genossen werden<\/p>\n<p><strong>Anwendungstipps<\/strong><br \/>\nUm die wohltuende Wirkung dieses Tees zu genie\u00dfen, geben Sie einen Teel\u00f6ffel der Kr\u00e4utermischung in Ihre Tasse. Filtern Sie ihn dann. Ansonsten k\u00f6nnen Sie unseren Kr\u00e4utertee mit 1 Beutel pro Tasse zubereiten. Geben Sie Ihr k\u00f6chelndes Wasser hinzu, das idealerweise 95 \u00b0C hei\u00df ist. Lassen Sie den Tee 5 bis 7 Minuten ziehen.<\/p>\n<p><strong>Aufbewahrung<\/strong><br \/>\nUnsere Mischungen sollten an einem k\u00fchlen und trockenen Ort aufbewahrt werden.<\/p>\n","protected":false},"excerpt":{"rendered":"<p>Merkmale &#8211; Ohne Teein &#8211; Wird hei\u00df genossen &#8211; Noten: Thymian &#8211; Rosmarin &#8211; Kann am Morgen, am Tag und am Abend genossen werden Anwendungstipps Um die wohltuende Wirkung dieses Tees zu genie\u00dfen, geben Sie einen Teel\u00f6ffel der Kr\u00e4utermischung in Ihre Tasse. Filtern Sie ihn dann. Ansonsten k\u00f6nnen Sie unseren Kr\u00e4utertee mit 1 Beutel proLire la suite<\/p>\n","protected":false},"featured_media":86478,"comment_status":"open","ping_status":"closed","template":"","meta":{"_acf_changed":false},"product_brand":[],"product_cat":[201,202,158,157,154,245],"product_tag":[],"giftcard-category":[],"class_list":{"0":"post-19626","1":"product","2":"type-product","3":"status-publish","4":"has-post-thumbnail","6":"product_cat-detox-de","7":"product_cat-detox-im-herbst","8":"product_cat-collection-de","9":"product_cat-infuseur-de","10":"product_cat-krautertees","11":"product_cat-reinigen-und-entgiften","13":"first","14":"instock","15":"taxable","16":"shipping-taxable","17":"purchasable","18":"product-type-variable","19":"has-default-attributes","20":"wvs-pro-product","21":"wvs-pro-before-cart-button"},"acf":[],"yoast_head":"<!-- This site is optimized with the Yoast SEO plugin v26.8 - https:\/\/yoast.com\/product\/yoast-seo-wordpress\/ -->\n<title>Kr\u00e4utertee DIGESTIF - Beruhigend und verdauungsf\u00f6rdernd %%page% - L&#039;infuseur Paris<\/title>\n<meta name=\"description\" content=\"Der Kr\u00e4utertee DIGESTIF von L&#039;infuseur sorgt mit seiner Mischung aus hochwertigen Pflanzen f\u00fcr Genuss und Wohlbefinden nach dem Essen.\" \/>\n<meta name=\"robots\" content=\"index, follow, max-snippet:-1, max-image-preview:large, max-video-preview:-1\" \/>\n<link rel=\"canonical\" href=\"https:\/\/linfuseur.com\/de\/produit\/krautertee-digestif\/\" \/>\n<meta property=\"og:locale\" content=\"de_DE\" \/>\n<meta property=\"og:type\" content=\"article\" \/>\n<meta property=\"og:title\" content=\"Kr\u00e4utertee DIGESTIF - Beruhigend und verdauungsf\u00f6rdernd %%page% - L&#039;infuseur Paris\" \/>\n<meta property=\"og:description\" content=\"Der Kr\u00e4utertee DIGESTIF von L&#039;infuseur sorgt mit seiner Mischung aus hochwertigen Pflanzen f\u00fcr Genuss und Wohlbefinden nach dem Essen.\" \/>\n<meta property=\"og:url\" content=\"https:\/\/linfuseur.com\/de\/produit\/krautertee-digestif\/\" \/>\n<meta property=\"og:site_name\" content=\"L&#039;infuseur Paris\" \/>\n<meta property=\"article:modified_time\" content=\"2026-03-16T09:29:57+00:00\" \/>\n<meta property=\"og:image\" content=\"https:\/\/linfuseur.com\/wp-content\/uploads\/2020\/08\/infusion-digestif-vrac-linfuseur-25.jpg\" \/>\n\t<meta property=\"og:image:width\" content=\"1600\" \/>\n\t<meta property=\"og:image:height\" content=\"1600\" \/>\n\t<meta property=\"og:image:type\" content=\"image\/jpeg\" \/>\n<script type=\"application\/ld+json\" class=\"yoast-schema-graph\">{\"@context\":\"https:\/\/schema.org\",\"@graph\":[{\"@type\":\"WebPage\",\"@id\":\"https:\/\/linfuseur.com\/de\/produit\/krautertee-digestif\/\",\"url\":\"https:\/\/linfuseur.com\/de\/produit\/krautertee-digestif\/\",\"name\":\"Kr\u00e4utertee DIGESTIF - Beruhigend und verdauungsf\u00f6rdernd %%page% - L&#039;infuseur Paris\",\"isPartOf\":{\"@id\":\"https:\/\/linfuseur.com\/de\/#website\"},\"primaryImageOfPage\":{\"@id\":\"https:\/\/linfuseur.com\/de\/produit\/krautertee-digestif\/#primaryimage\"},\"image\":{\"@id\":\"https:\/\/linfuseur.com\/de\/produit\/krautertee-digestif\/#primaryimage\"},\"thumbnailUrl\":\"https:\/\/linfuseur.com\/wp-content\/uploads\/2020\/08\/infusion-digestif-vrac-linfuseur-25.jpg\",\"datePublished\":\"2020-08-07T14:15:28+00:00\",\"dateModified\":\"2026-03-16T09:29:57+00:00\",\"description\":\"Der Kr\u00e4utertee DIGESTIF von L'infuseur sorgt mit seiner Mischung aus hochwertigen Pflanzen f\u00fcr Genuss und Wohlbefinden nach dem Essen.\",\"breadcrumb\":{\"@id\":\"https:\/\/linfuseur.com\/de\/produit\/krautertee-digestif\/#breadcrumb\"},\"inLanguage\":\"de\",\"potentialAction\":[{\"@type\":\"ReadAction\",\"target\":[\"https:\/\/linfuseur.com\/de\/produit\/krautertee-digestif\/\"]}]},{\"@type\":\"ImageObject\",\"inLanguage\":\"de\",\"@id\":\"https:\/\/linfuseur.com\/de\/produit\/krautertee-digestif\/#primaryimage\",\"url\":\"https:\/\/linfuseur.com\/wp-content\/uploads\/2020\/08\/infusion-digestif-vrac-linfuseur-25.jpg\",\"contentUrl\":\"https:\/\/linfuseur.com\/wp-content\/uploads\/2020\/08\/infusion-digestif-vrac-linfuseur-25.jpg\",\"width\":1600,\"height\":1600,\"caption\":\"infusion digestif vrac l'infuseur\"},{\"@type\":\"BreadcrumbList\",\"@id\":\"https:\/\/linfuseur.com\/de\/produit\/krautertee-digestif\/#breadcrumb\",\"itemListElement\":[{\"@type\":\"ListItem\",\"position\":1,\"name\":\"Home\",\"item\":\"https:\/\/linfuseur.com\/de\/\"},{\"@type\":\"ListItem\",\"position\":2,\"name\":\"Shop\",\"item\":\"https:\/\/linfuseur.com\/de\/shop\/\"},{\"@type\":\"ListItem\",\"position\":3,\"name\":\"Detox\",\"item\":\"https:\/\/linfuseur.com\/de\/categorie-produit\/detox-de\/\"},{\"@type\":\"ListItem\",\"position\":4,\"name\":\"3 Digestif\"}]},{\"@type\":\"WebSite\",\"@id\":\"https:\/\/linfuseur.com\/de\/#website\",\"url\":\"https:\/\/linfuseur.com\/de\/\",\"name\":\"L'infuseur Paris\",\"description\":\"L&#039;infuseur Paris - Collection d&#039;infusions\",\"potentialAction\":[{\"@type\":\"SearchAction\",\"target\":{\"@type\":\"EntryPoint\",\"urlTemplate\":\"https:\/\/linfuseur.com\/de\/?s={search_term_string}\"},\"query-input\":{\"@type\":\"PropertyValueSpecification\",\"valueRequired\":true,\"valueName\":\"search_term_string\"}}],\"inLanguage\":\"de\"}]}<\/script>\n<!-- \/ Yoast SEO plugin. -->","yoast_head_json":{"title":"Kr\u00e4utertee DIGESTIF - Beruhigend und verdauungsf\u00f6rdernd %%page% - L&#039;infuseur Paris","description":"Der Kr\u00e4utertee DIGESTIF von L'infuseur sorgt mit seiner Mischung aus hochwertigen Pflanzen f\u00fcr Genuss und Wohlbefinden nach dem Essen.","robots":{"index":"index","follow":"follow","max-snippet":"max-snippet:-1","max-image-preview":"max-image-preview:large","max-video-preview":"max-video-preview:-1"},"canonical":"https:\/\/linfuseur.com\/de\/produit\/krautertee-digestif\/","og_locale":"de_DE","og_type":"article","og_title":"Kr\u00e4utertee DIGESTIF - Beruhigend und verdauungsf\u00f6rdernd %%page% - L&#039;infuseur Paris","og_description":"Der Kr\u00e4utertee DIGESTIF von L'infuseur sorgt mit seiner Mischung aus hochwertigen Pflanzen f\u00fcr Genuss und Wohlbefinden nach dem Essen.","og_url":"https:\/\/linfuseur.com\/de\/produit\/krautertee-digestif\/","og_site_name":"L&#039;infuseur Paris","article_modified_time":"2026-03-16T09:29:57+00:00","og_image":[{"width":1600,"height":1600,"url":"https:\/\/linfuseur.com\/wp-content\/uploads\/2020\/08\/infusion-digestif-vrac-linfuseur-25.jpg","type":"image\/jpeg"}],"schema":{"@context":"https:\/\/schema.org","@graph":[{"@type":"WebPage","@id":"https:\/\/linfuseur.com\/de\/produit\/krautertee-digestif\/","url":"https:\/\/linfuseur.com\/de\/produit\/krautertee-digestif\/","name":"Kr\u00e4utertee DIGESTIF - Beruhigend und verdauungsf\u00f6rdernd %%page% - L&#039;infuseur Paris","isPartOf":{"@id":"https:\/\/linfuseur.com\/de\/#website"},"primaryImageOfPage":{"@id":"https:\/\/linfuseur.com\/de\/produit\/krautertee-digestif\/#primaryimage"},"image":{"@id":"https:\/\/linfuseur.com\/de\/produit\/krautertee-digestif\/#primaryimage"},"thumbnailUrl":"https:\/\/linfuseur.com\/wp-content\/uploads\/2020\/08\/infusion-digestif-vrac-linfuseur-25.jpg","datePublished":"2020-08-07T14:15:28+00:00","dateModified":"2026-03-16T09:29:57+00:00","description":"Der Kr\u00e4utertee DIGESTIF von L'infuseur sorgt mit seiner Mischung aus hochwertigen Pflanzen f\u00fcr Genuss und Wohlbefinden nach dem Essen.","breadcrumb":{"@id":"https:\/\/linfuseur.com\/de\/produit\/krautertee-digestif\/#breadcrumb"},"inLanguage":"de","potentialAction":[{"@type":"ReadAction","target":["https:\/\/linfuseur.com\/de\/produit\/krautertee-digestif\/"]}]},{"@type":"ImageObject","inLanguage":"de","@id":"https:\/\/linfuseur.com\/de\/produit\/krautertee-digestif\/#primaryimage","url":"https:\/\/linfuseur.com\/wp-content\/uploads\/2020\/08\/infusion-digestif-vrac-linfuseur-25.jpg","contentUrl":"https:\/\/linfuseur.com\/wp-content\/uploads\/2020\/08\/infusion-digestif-vrac-linfuseur-25.jpg","width":1600,"height":1600,"caption":"infusion digestif vrac l'infuseur"},{"@type":"BreadcrumbList","@id":"https:\/\/linfuseur.com\/de\/produit\/krautertee-digestif\/#breadcrumb","itemListElement":[{"@type":"ListItem","position":1,"name":"Home","item":"https:\/\/linfuseur.com\/de\/"},{"@type":"ListItem","position":2,"name":"Shop","item":"https:\/\/linfuseur.com\/de\/shop\/"},{"@type":"ListItem","position":3,"name":"Detox","item":"https:\/\/linfuseur.com\/de\/categorie-produit\/detox-de\/"},{"@type":"ListItem","position":4,"name":"3 Digestif"}]},{"@type":"WebSite","@id":"https:\/\/linfuseur.com\/de\/#website","url":"https:\/\/linfuseur.com\/de\/","name":"L'infuseur Paris","description":"L&#039;infuseur Paris - Collection d&#039;infusions","potentialAction":[{"@type":"SearchAction","target":{"@type":"EntryPoint","urlTemplate":"https:\/\/linfuseur.com\/de\/?s={search_term_string}"},"query-input":{"@type":"PropertyValueSpecification","valueRequired":true,"valueName":"search_term_string"}}],"inLanguage":"de"}]}},"_links":{"self":[{"href":"https:\/\/linfuseur.com\/de\/wp-json\/wp\/v2\/product\/19626","targetHints":{"allow":["GET"]}}],"collection":[{"href":"https:\/\/linfuseur.com\/de\/wp-json\/wp\/v2\/product"}],"about":[{"href":"https:\/\/linfuseur.com\/de\/wp-json\/wp\/v2\/types\/product"}],"replies":[{"embeddable":true,"href":"https:\/\/linfuseur.com\/de\/wp-json\/wp\/v2\/comments?post=19626"}],"wp:featuredmedia":[{"embeddable":true,"href":"https:\/\/linfuseur.com\/de\/wp-json\/wp\/v2\/media\/86478"}],"wp:attachment":[{"href":"https:\/\/linfuseur.com\/de\/wp-json\/wp\/v2\/media?parent=19626"}],"wp:term":[{"taxonomy":"product_brand","embeddable":true,"href":"https:\/\/linfuseur.com\/de\/wp-json\/wp\/v2\/product_brand?post=19626"},{"taxonomy":"product_cat","embeddable":true,"href":"https:\/\/linfuseur.com\/de\/wp-json\/wp\/v2\/product_cat?post=19626"},{"taxonomy":"product_tag","embeddable":true,"href":"https:\/\/linfuseur.com\/de\/wp-json\/wp\/v2\/product_tag?post=19626"},{"taxonomy":"giftcard-category","embeddable":true,"href":"https:\/\/linfuseur.com\/de\/wp-json\/wp\/v2\/giftcard-category?post=19626"}],"curies":[{"name":"wp","href":"https:\/\/api.w.org\/{rel}","templated":true}]}}