{"id":19631,"date":"2020-12-14T14:10:16","date_gmt":"2020-12-14T14:10:16","guid":{"rendered":"https:\/\/linfuseur.com\/produit\/19631\/"},"modified":"2026-01-30T16:53:22","modified_gmt":"2026-01-30T16:53:22","slug":"buch-linfuseur","status":"publish","type":"product","link":"https:\/\/linfuseur.com\/de\/produit\/buch-linfuseur\/","title":{"rendered":"Das Buch"},"content":{"rendered":"","protected":false},"excerpt":{"rendered":"","protected":false},"featured_media":17563,"comment_status":"open","ping_status":"closed","template":"","meta":{"_acf_changed":false},"product_brand":[],"product_cat":[215,264,175,153],"product_tag":[],"giftcard-category":[],"class_list":{"0":"post-19631","1":"product","2":"type-product","3":"status-publish","4":"has-post-thumbnail","6":"product_cat-auswahl-fur-feiertage","7":"product_cat-wohlbefinden-lifestyle","8":"product_cat-zubehor","9":"product_cat-selection-de-noel","11":"first","12":"instock","13":"taxable","14":"shipping-taxable","15":"purchasable","16":"product-type-variable","17":"has-default-attributes","18":"wvs-pro-product","19":"wvs-pro-before-cart-button"},"acf":[],"yoast_head":"<!-- This site is optimized with the Yoast SEO plugin v26.8 - https:\/\/yoast.com\/product\/yoast-seo-wordpress\/ -->\n<title>Das Buch \u201eFaites entrer les infusions dans votre vie\u201c - L&#039;infuseur Paris<\/title>\n<meta name=\"description\" content=\"Das Buch von L&#039;infuseur: \u201eFaites entrer les infusions dans votre vie\u201c - 40 Rezepte f\u00fcr Kr\u00e4utertees, die Sie zu Hause zubereiten k\u00f6nnen: Detox, Schlaf, Verdauung, Vitalit\u00e4t.\" \/>\n<meta name=\"robots\" content=\"index, follow, max-snippet:-1, max-image-preview:large, max-video-preview:-1\" \/>\n<link rel=\"canonical\" href=\"https:\/\/linfuseur.com\/de\/produit\/buch-linfuseur\/\" \/>\n<meta property=\"og:locale\" content=\"de_DE\" \/>\n<meta property=\"og:type\" content=\"article\" \/>\n<meta property=\"og:title\" content=\"Das Buch \u201eFaites entrer les infusions dans votre vie\u201c - L&#039;infuseur Paris\" \/>\n<meta property=\"og:description\" content=\"Das Buch von L&#039;infuseur: \u201eFaites entrer les infusions dans votre vie\u201c - 40 Rezepte f\u00fcr Kr\u00e4utertees, die Sie zu Hause zubereiten k\u00f6nnen: Detox, Schlaf, Verdauung, Vitalit\u00e4t.\" \/>\n<meta property=\"og:url\" content=\"https:\/\/linfuseur.com\/de\/produit\/buch-linfuseur\/\" \/>\n<meta property=\"og:site_name\" content=\"L&#039;infuseur Paris\" \/>\n<meta property=\"article:modified_time\" content=\"2026-01-30T16:53:22+00:00\" \/>\n<meta property=\"og:image\" content=\"https:\/\/linfuseur.com\/wp-content\/uploads\/2020\/12\/le-livre-linfuseur.jpg\" \/>\n\t<meta property=\"og:image:width\" content=\"1600\" \/>\n\t<meta property=\"og:image:height\" content=\"1600\" \/>\n\t<meta property=\"og:image:type\" content=\"image\/jpeg\" \/>\n<script type=\"application\/ld+json\" class=\"yoast-schema-graph\">{\"@context\":\"https:\/\/schema.org\",\"@graph\":[{\"@type\":\"WebPage\",\"@id\":\"https:\/\/linfuseur.com\/de\/produit\/buch-linfuseur\/\",\"url\":\"https:\/\/linfuseur.com\/de\/produit\/buch-linfuseur\/\",\"name\":\"Das Buch \u201eFaites entrer les infusions dans votre vie\u201c - L&#039;infuseur Paris\",\"isPartOf\":{\"@id\":\"https:\/\/linfuseur.com\/de\/#website\"},\"primaryImageOfPage\":{\"@id\":\"https:\/\/linfuseur.com\/de\/produit\/buch-linfuseur\/#primaryimage\"},\"image\":{\"@id\":\"https:\/\/linfuseur.com\/de\/produit\/buch-linfuseur\/#primaryimage\"},\"thumbnailUrl\":\"https:\/\/linfuseur.com\/wp-content\/uploads\/2020\/12\/le-livre-linfuseur.jpg\",\"datePublished\":\"2020-12-14T14:10:16+00:00\",\"dateModified\":\"2026-01-30T16:53:22+00:00\",\"description\":\"Das Buch von L'infuseur: \u201eFaites entrer les infusions dans votre vie\u201c - 40 Rezepte f\u00fcr Kr\u00e4utertees, die Sie zu Hause zubereiten k\u00f6nnen: Detox, Schlaf, Verdauung, Vitalit\u00e4t.\",\"breadcrumb\":{\"@id\":\"https:\/\/linfuseur.com\/de\/produit\/buch-linfuseur\/#breadcrumb\"},\"inLanguage\":\"de\",\"potentialAction\":[{\"@type\":\"ReadAction\",\"target\":[\"https:\/\/linfuseur.com\/de\/produit\/buch-linfuseur\/\"]}]},{\"@type\":\"ImageObject\",\"inLanguage\":\"de\",\"@id\":\"https:\/\/linfuseur.com\/de\/produit\/buch-linfuseur\/#primaryimage\",\"url\":\"https:\/\/linfuseur.com\/wp-content\/uploads\/2020\/12\/le-livre-linfuseur.jpg\",\"contentUrl\":\"https:\/\/linfuseur.com\/wp-content\/uploads\/2020\/12\/le-livre-linfuseur.jpg\",\"width\":1600,\"height\":1600,\"caption\":\"Das Buch von l'infuseur\"},{\"@type\":\"BreadcrumbList\",\"@id\":\"https:\/\/linfuseur.com\/de\/produit\/buch-linfuseur\/#breadcrumb\",\"itemListElement\":[{\"@type\":\"ListItem\",\"position\":1,\"name\":\"Home\",\"item\":\"https:\/\/linfuseur.com\/de\/\"},{\"@type\":\"ListItem\",\"position\":2,\"name\":\"Shop\",\"item\":\"https:\/\/linfuseur.com\/de\/shop\/\"},{\"@type\":\"ListItem\",\"position\":3,\"name\":\"Auswahl f\u00fcr Feiertage\",\"item\":\"https:\/\/linfuseur.com\/de\/categorie-produit\/auswahl-fur-feiertage\/\"},{\"@type\":\"ListItem\",\"position\":4,\"name\":\"Das Buch\"}]},{\"@type\":\"WebSite\",\"@id\":\"https:\/\/linfuseur.com\/de\/#website\",\"url\":\"https:\/\/linfuseur.com\/de\/\",\"name\":\"L'infuseur Paris\",\"description\":\"L&#039;infuseur Paris - Collection d&#039;infusions\",\"potentialAction\":[{\"@type\":\"SearchAction\",\"target\":{\"@type\":\"EntryPoint\",\"urlTemplate\":\"https:\/\/linfuseur.com\/de\/?s={search_term_string}\"},\"query-input\":{\"@type\":\"PropertyValueSpecification\",\"valueRequired\":true,\"valueName\":\"search_term_string\"}}],\"inLanguage\":\"de\"}]}<\/script>\n<!-- \/ Yoast SEO plugin. -->","yoast_head_json":{"title":"Das Buch \u201eFaites entrer les infusions dans votre vie\u201c - L&#039;infuseur Paris","description":"Das Buch von L'infuseur: \u201eFaites entrer les infusions dans votre vie\u201c - 40 Rezepte f\u00fcr Kr\u00e4utertees, die Sie zu Hause zubereiten k\u00f6nnen: Detox, Schlaf, Verdauung, Vitalit\u00e4t.","robots":{"index":"index","follow":"follow","max-snippet":"max-snippet:-1","max-image-preview":"max-image-preview:large","max-video-preview":"max-video-preview:-1"},"canonical":"https:\/\/linfuseur.com\/de\/produit\/buch-linfuseur\/","og_locale":"de_DE","og_type":"article","og_title":"Das Buch \u201eFaites entrer les infusions dans votre vie\u201c - L&#039;infuseur Paris","og_description":"Das Buch von L'infuseur: \u201eFaites entrer les infusions dans votre vie\u201c - 40 Rezepte f\u00fcr Kr\u00e4utertees, die Sie zu Hause zubereiten k\u00f6nnen: Detox, Schlaf, Verdauung, Vitalit\u00e4t.","og_url":"https:\/\/linfuseur.com\/de\/produit\/buch-linfuseur\/","og_site_name":"L&#039;infuseur Paris","article_modified_time":"2026-01-30T16:53:22+00:00","og_image":[{"width":1600,"height":1600,"url":"https:\/\/linfuseur.com\/wp-content\/uploads\/2020\/12\/le-livre-linfuseur.jpg","type":"image\/jpeg"}],"schema":{"@context":"https:\/\/schema.org","@graph":[{"@type":"WebPage","@id":"https:\/\/linfuseur.com\/de\/produit\/buch-linfuseur\/","url":"https:\/\/linfuseur.com\/de\/produit\/buch-linfuseur\/","name":"Das Buch \u201eFaites entrer les infusions dans votre vie\u201c - L&#039;infuseur Paris","isPartOf":{"@id":"https:\/\/linfuseur.com\/de\/#website"},"primaryImageOfPage":{"@id":"https:\/\/linfuseur.com\/de\/produit\/buch-linfuseur\/#primaryimage"},"image":{"@id":"https:\/\/linfuseur.com\/de\/produit\/buch-linfuseur\/#primaryimage"},"thumbnailUrl":"https:\/\/linfuseur.com\/wp-content\/uploads\/2020\/12\/le-livre-linfuseur.jpg","datePublished":"2020-12-14T14:10:16+00:00","dateModified":"2026-01-30T16:53:22+00:00","description":"Das Buch von L'infuseur: \u201eFaites entrer les infusions dans votre vie\u201c - 40 Rezepte f\u00fcr Kr\u00e4utertees, die Sie zu Hause zubereiten k\u00f6nnen: Detox, Schlaf, Verdauung, Vitalit\u00e4t.","breadcrumb":{"@id":"https:\/\/linfuseur.com\/de\/produit\/buch-linfuseur\/#breadcrumb"},"inLanguage":"de","potentialAction":[{"@type":"ReadAction","target":["https:\/\/linfuseur.com\/de\/produit\/buch-linfuseur\/"]}]},{"@type":"ImageObject","inLanguage":"de","@id":"https:\/\/linfuseur.com\/de\/produit\/buch-linfuseur\/#primaryimage","url":"https:\/\/linfuseur.com\/wp-content\/uploads\/2020\/12\/le-livre-linfuseur.jpg","contentUrl":"https:\/\/linfuseur.com\/wp-content\/uploads\/2020\/12\/le-livre-linfuseur.jpg","width":1600,"height":1600,"caption":"Das Buch von l'infuseur"},{"@type":"BreadcrumbList","@id":"https:\/\/linfuseur.com\/de\/produit\/buch-linfuseur\/#breadcrumb","itemListElement":[{"@type":"ListItem","position":1,"name":"Home","item":"https:\/\/linfuseur.com\/de\/"},{"@type":"ListItem","position":2,"name":"Shop","item":"https:\/\/linfuseur.com\/de\/shop\/"},{"@type":"ListItem","position":3,"name":"Auswahl f\u00fcr Feiertage","item":"https:\/\/linfuseur.com\/de\/categorie-produit\/auswahl-fur-feiertage\/"},{"@type":"ListItem","position":4,"name":"Das Buch"}]},{"@type":"WebSite","@id":"https:\/\/linfuseur.com\/de\/#website","url":"https:\/\/linfuseur.com\/de\/","name":"L'infuseur Paris","description":"L&#039;infuseur Paris - Collection d&#039;infusions","potentialAction":[{"@type":"SearchAction","target":{"@type":"EntryPoint","urlTemplate":"https:\/\/linfuseur.com\/de\/?s={search_term_string}"},"query-input":{"@type":"PropertyValueSpecification","valueRequired":true,"valueName":"search_term_string"}}],"inLanguage":"de"}]}},"_links":{"self":[{"href":"https:\/\/linfuseur.com\/de\/wp-json\/wp\/v2\/product\/19631","targetHints":{"allow":["GET"]}}],"collection":[{"href":"https:\/\/linfuseur.com\/de\/wp-json\/wp\/v2\/product"}],"about":[{"href":"https:\/\/linfuseur.com\/de\/wp-json\/wp\/v2\/types\/product"}],"replies":[{"embeddable":true,"href":"https:\/\/linfuseur.com\/de\/wp-json\/wp\/v2\/comments?post=19631"}],"wp:featuredmedia":[{"embeddable":true,"href":"https:\/\/linfuseur.com\/de\/wp-json\/wp\/v2\/media\/17563"}],"wp:attachment":[{"href":"https:\/\/linfuseur.com\/de\/wp-json\/wp\/v2\/media?parent=19631"}],"wp:term":[{"taxonomy":"product_brand","embeddable":true,"href":"https:\/\/linfuseur.com\/de\/wp-json\/wp\/v2\/product_brand?post=19631"},{"taxonomy":"product_cat","embeddable":true,"href":"https:\/\/linfuseur.com\/de\/wp-json\/wp\/v2\/product_cat?post=19631"},{"taxonomy":"product_tag","embeddable":true,"href":"https:\/\/linfuseur.com\/de\/wp-json\/wp\/v2\/product_tag?post=19631"},{"taxonomy":"giftcard-category","embeddable":true,"href":"https:\/\/linfuseur.com\/de\/wp-json\/wp\/v2\/giftcard-category?post=19631"}],"curies":[{"name":"wp","href":"https:\/\/api.w.org\/{rel}","templated":true}]}}