{"id":20001,"date":"2023-06-14T13:32:35","date_gmt":"2023-06-14T13:32:35","guid":{"rendered":"https:\/\/linfuseur.com\/?post_type=product&#038;p=20001"},"modified":"2026-01-30T16:50:58","modified_gmt":"2026-01-30T16:50:58","slug":"paket-eistee","status":"publish","type":"product","link":"https:\/\/linfuseur.com\/de\/produit\/paket-eistee\/","title":{"rendered":"Eistee-Paket"},"content":{"rendered":"<p><strong>Dieses Set enth\u00e4lt:<\/strong><\/p>\n<p>&#8211; 1 Beutel von L\u2019infuseur<\/p>\n<p>&#8211; 3 Doypacks Tee Ligne Nr. 1 (13 g):<br \/>\nNote: Zitronengras \u2013 Rooibos<br \/>\nOhne Teein<br \/>\nHei\u00df oder kalt<br \/>\nMorgens \/ tags\u00fcber \/ abends<br \/>\n5 &#8211; 95&nbsp;\u00b0C<\/p>\n<p>&#8211; 3 Doypacks Tee Detox Nr. 6 (13 g):<br \/>\nNote: Schwarze Johannisbeere \u2013 Hibiskus \u2013 Zitronengras<br \/>\nHei\u00df oder kalt<br \/>\nMorgens \/ tags\u00fcber<br \/>\n5 bis 7 min &#8211; 95&nbsp;\u00b0C<\/p>\n<p><strong>Anwendungstipps<\/strong><br \/>\nF\u00fcr einen Eistee 1 Beutel losen Tee und 1 Liter Wasser in ein Gef\u00e4\u00df Ihrer Wahl gie\u00dfen und gut umr\u00fchren. 1,5 Stunden im K\u00fchlschrank ziehen lassen, dann filtern. Eisgek\u00fchlt mit ein paar Eisw\u00fcrfeln, einer Zitronenscheibe und frischer Minze servieren.<\/p>\n","protected":false},"excerpt":{"rendered":"<p>Dieses Set enth\u00e4lt: &#8211; 1 Beutel von L\u2019infuseur &#8211; 3 Doypacks Tee Ligne Nr. 1 (13 g): Note: Zitronengras \u2013 Rooibos Ohne Teein Hei\u00df oder kalt Morgens \/ tags\u00fcber \/ abends 5 &#8211; 95&nbsp;\u00b0C &#8211; 3 Doypacks Tee Detox Nr. 6 (13 g): Note: Schwarze Johannisbeere \u2013 Hibiskus \u2013 Zitronengras Hei\u00df oder kalt Morgens \/Lire la suite<\/p>\n","protected":false},"featured_media":90746,"comment_status":"closed","ping_status":"closed","template":"","meta":{"_acf_changed":false},"product_brand":[],"product_cat":[178],"product_tag":[],"giftcard-category":[],"class_list":{"0":"post-20001","1":"product","2":"type-product","3":"status-publish","4":"has-post-thumbnail","6":"product_cat-eistee","8":"first","9":"instock","10":"taxable","11":"shipping-taxable","12":"purchasable","13":"product-type-variable","14":"has-default-attributes","15":"wvs-pro-product","16":"wvs-pro-before-cart-button"},"acf":[],"yoast_head":"<!-- This site is optimized with the Yoast SEO plugin v26.8 - https:\/\/yoast.com\/product\/yoast-seo-wordpress\/ -->\n<title>Eistee-Paket - L&#039;infuseur Paris<\/title>\n<meta name=\"robots\" content=\"index, follow, max-snippet:-1, max-image-preview:large, max-video-preview:-1\" \/>\n<link rel=\"canonical\" href=\"https:\/\/linfuseur.com\/de\/produit\/paket-eistee\/\" \/>\n<meta property=\"og:locale\" content=\"de_DE\" \/>\n<meta property=\"og:type\" content=\"article\" \/>\n<meta property=\"og:title\" content=\"Eistee-Paket - L&#039;infuseur Paris\" \/>\n<meta property=\"og:description\" content=\"Dieses Set enth\u00e4lt: &#8211; 1 Beutel von L\u2019infuseur &#8211; 3 Doypacks Tee Ligne Nr. 1 (13 g): Note: Zitronengras \u2013 Rooibos Ohne Teein Hei\u00df oder kalt Morgens \/ tags\u00fcber \/ abends 5 &#8211; 95&nbsp;\u00b0C &#8211; 3 Doypacks Tee Detox Nr. 6 (13 g): Note: Schwarze Johannisbeere \u2013 Hibiskus \u2013 Zitronengras Hei\u00df oder kalt Morgens \/Lire la suite\" \/>\n<meta property=\"og:url\" content=\"https:\/\/linfuseur.com\/de\/produit\/paket-eistee\/\" \/>\n<meta property=\"og:site_name\" content=\"L&#039;infuseur Paris\" \/>\n<meta property=\"article:modified_time\" content=\"2026-01-30T16:50:58+00:00\" \/>\n<meta property=\"og:image\" content=\"https:\/\/linfuseur.com\/wp-content\/uploads\/2025\/06\/kit-infusion-glacee-2025.jpg\" \/>\n\t<meta property=\"og:image:width\" content=\"1200\" \/>\n\t<meta property=\"og:image:height\" content=\"1200\" \/>\n\t<meta property=\"og:image:type\" content=\"image\/jpeg\" \/>\n<script type=\"application\/ld+json\" class=\"yoast-schema-graph\">{\"@context\":\"https:\/\/schema.org\",\"@graph\":[{\"@type\":\"WebPage\",\"@id\":\"https:\/\/linfuseur.com\/de\/produit\/paket-eistee\/\",\"url\":\"https:\/\/linfuseur.com\/de\/produit\/paket-eistee\/\",\"name\":\"Eistee-Paket - L&#039;infuseur Paris\",\"isPartOf\":{\"@id\":\"https:\/\/linfuseur.com\/de\/#website\"},\"primaryImageOfPage\":{\"@id\":\"https:\/\/linfuseur.com\/de\/produit\/paket-eistee\/#primaryimage\"},\"image\":{\"@id\":\"https:\/\/linfuseur.com\/de\/produit\/paket-eistee\/#primaryimage\"},\"thumbnailUrl\":\"https:\/\/linfuseur.com\/wp-content\/uploads\/2025\/06\/kit-infusion-glacee-2025.jpg\",\"datePublished\":\"2023-06-14T13:32:35+00:00\",\"dateModified\":\"2026-01-30T16:50:58+00:00\",\"breadcrumb\":{\"@id\":\"https:\/\/linfuseur.com\/de\/produit\/paket-eistee\/#breadcrumb\"},\"inLanguage\":\"de\",\"potentialAction\":[{\"@type\":\"ReadAction\",\"target\":[\"https:\/\/linfuseur.com\/de\/produit\/paket-eistee\/\"]}]},{\"@type\":\"ImageObject\",\"inLanguage\":\"de\",\"@id\":\"https:\/\/linfuseur.com\/de\/produit\/paket-eistee\/#primaryimage\",\"url\":\"https:\/\/linfuseur.com\/wp-content\/uploads\/2025\/06\/kit-infusion-glacee-2025.jpg\",\"contentUrl\":\"https:\/\/linfuseur.com\/wp-content\/uploads\/2025\/06\/kit-infusion-glacee-2025.jpg\",\"width\":1200,\"height\":1200,\"caption\":\"kit infusion glac\u00e9e l'infuseur\"},{\"@type\":\"BreadcrumbList\",\"@id\":\"https:\/\/linfuseur.com\/de\/produit\/paket-eistee\/#breadcrumb\",\"itemListElement\":[{\"@type\":\"ListItem\",\"position\":1,\"name\":\"Home\",\"item\":\"https:\/\/linfuseur.com\/de\/\"},{\"@type\":\"ListItem\",\"position\":2,\"name\":\"Shop\",\"item\":\"https:\/\/linfuseur.com\/de\/shop\/\"},{\"@type\":\"ListItem\",\"position\":3,\"name\":\"EISTEE\",\"item\":\"https:\/\/linfuseur.com\/de\/categorie-produit\/eistee\/\"},{\"@type\":\"ListItem\",\"position\":4,\"name\":\"Eistee-Paket\"}]},{\"@type\":\"WebSite\",\"@id\":\"https:\/\/linfuseur.com\/de\/#website\",\"url\":\"https:\/\/linfuseur.com\/de\/\",\"name\":\"L'infuseur Paris\",\"description\":\"L&#039;infuseur Paris - Collection d&#039;infusions\",\"potentialAction\":[{\"@type\":\"SearchAction\",\"target\":{\"@type\":\"EntryPoint\",\"urlTemplate\":\"https:\/\/linfuseur.com\/de\/?s={search_term_string}\"},\"query-input\":{\"@type\":\"PropertyValueSpecification\",\"valueRequired\":true,\"valueName\":\"search_term_string\"}}],\"inLanguage\":\"de\"}]}<\/script>\n<!-- \/ Yoast SEO plugin. -->","yoast_head_json":{"title":"Eistee-Paket - L&#039;infuseur Paris","robots":{"index":"index","follow":"follow","max-snippet":"max-snippet:-1","max-image-preview":"max-image-preview:large","max-video-preview":"max-video-preview:-1"},"canonical":"https:\/\/linfuseur.com\/de\/produit\/paket-eistee\/","og_locale":"de_DE","og_type":"article","og_title":"Eistee-Paket - L&#039;infuseur Paris","og_description":"Dieses Set enth\u00e4lt: &#8211; 1 Beutel von L\u2019infuseur &#8211; 3 Doypacks Tee Ligne Nr. 1 (13 g): Note: Zitronengras \u2013 Rooibos Ohne Teein Hei\u00df oder kalt Morgens \/ tags\u00fcber \/ abends 5 &#8211; 95&nbsp;\u00b0C &#8211; 3 Doypacks Tee Detox Nr. 6 (13 g): Note: Schwarze Johannisbeere \u2013 Hibiskus \u2013 Zitronengras Hei\u00df oder kalt Morgens \/Lire la suite","og_url":"https:\/\/linfuseur.com\/de\/produit\/paket-eistee\/","og_site_name":"L&#039;infuseur Paris","article_modified_time":"2026-01-30T16:50:58+00:00","og_image":[{"width":1200,"height":1200,"url":"https:\/\/linfuseur.com\/wp-content\/uploads\/2025\/06\/kit-infusion-glacee-2025.jpg","type":"image\/jpeg"}],"schema":{"@context":"https:\/\/schema.org","@graph":[{"@type":"WebPage","@id":"https:\/\/linfuseur.com\/de\/produit\/paket-eistee\/","url":"https:\/\/linfuseur.com\/de\/produit\/paket-eistee\/","name":"Eistee-Paket - L&#039;infuseur Paris","isPartOf":{"@id":"https:\/\/linfuseur.com\/de\/#website"},"primaryImageOfPage":{"@id":"https:\/\/linfuseur.com\/de\/produit\/paket-eistee\/#primaryimage"},"image":{"@id":"https:\/\/linfuseur.com\/de\/produit\/paket-eistee\/#primaryimage"},"thumbnailUrl":"https:\/\/linfuseur.com\/wp-content\/uploads\/2025\/06\/kit-infusion-glacee-2025.jpg","datePublished":"2023-06-14T13:32:35+00:00","dateModified":"2026-01-30T16:50:58+00:00","breadcrumb":{"@id":"https:\/\/linfuseur.com\/de\/produit\/paket-eistee\/#breadcrumb"},"inLanguage":"de","potentialAction":[{"@type":"ReadAction","target":["https:\/\/linfuseur.com\/de\/produit\/paket-eistee\/"]}]},{"@type":"ImageObject","inLanguage":"de","@id":"https:\/\/linfuseur.com\/de\/produit\/paket-eistee\/#primaryimage","url":"https:\/\/linfuseur.com\/wp-content\/uploads\/2025\/06\/kit-infusion-glacee-2025.jpg","contentUrl":"https:\/\/linfuseur.com\/wp-content\/uploads\/2025\/06\/kit-infusion-glacee-2025.jpg","width":1200,"height":1200,"caption":"kit infusion glac\u00e9e l'infuseur"},{"@type":"BreadcrumbList","@id":"https:\/\/linfuseur.com\/de\/produit\/paket-eistee\/#breadcrumb","itemListElement":[{"@type":"ListItem","position":1,"name":"Home","item":"https:\/\/linfuseur.com\/de\/"},{"@type":"ListItem","position":2,"name":"Shop","item":"https:\/\/linfuseur.com\/de\/shop\/"},{"@type":"ListItem","position":3,"name":"EISTEE","item":"https:\/\/linfuseur.com\/de\/categorie-produit\/eistee\/"},{"@type":"ListItem","position":4,"name":"Eistee-Paket"}]},{"@type":"WebSite","@id":"https:\/\/linfuseur.com\/de\/#website","url":"https:\/\/linfuseur.com\/de\/","name":"L'infuseur Paris","description":"L&#039;infuseur Paris - Collection d&#039;infusions","potentialAction":[{"@type":"SearchAction","target":{"@type":"EntryPoint","urlTemplate":"https:\/\/linfuseur.com\/de\/?s={search_term_string}"},"query-input":{"@type":"PropertyValueSpecification","valueRequired":true,"valueName":"search_term_string"}}],"inLanguage":"de"}]}},"_links":{"self":[{"href":"https:\/\/linfuseur.com\/de\/wp-json\/wp\/v2\/product\/20001","targetHints":{"allow":["GET"]}}],"collection":[{"href":"https:\/\/linfuseur.com\/de\/wp-json\/wp\/v2\/product"}],"about":[{"href":"https:\/\/linfuseur.com\/de\/wp-json\/wp\/v2\/types\/product"}],"replies":[{"embeddable":true,"href":"https:\/\/linfuseur.com\/de\/wp-json\/wp\/v2\/comments?post=20001"}],"wp:featuredmedia":[{"embeddable":true,"href":"https:\/\/linfuseur.com\/de\/wp-json\/wp\/v2\/media\/90746"}],"wp:attachment":[{"href":"https:\/\/linfuseur.com\/de\/wp-json\/wp\/v2\/media?parent=20001"}],"wp:term":[{"taxonomy":"product_brand","embeddable":true,"href":"https:\/\/linfuseur.com\/de\/wp-json\/wp\/v2\/product_brand?post=20001"},{"taxonomy":"product_cat","embeddable":true,"href":"https:\/\/linfuseur.com\/de\/wp-json\/wp\/v2\/product_cat?post=20001"},{"taxonomy":"product_tag","embeddable":true,"href":"https:\/\/linfuseur.com\/de\/wp-json\/wp\/v2\/product_tag?post=20001"},{"taxonomy":"giftcard-category","embeddable":true,"href":"https:\/\/linfuseur.com\/de\/wp-json\/wp\/v2\/giftcard-category?post=20001"}],"curies":[{"name":"wp","href":"https:\/\/api.w.org\/{rel}","templated":true}]}}