{"id":22606,"date":"2023-12-29T09:15:09","date_gmt":"2023-12-29T09:15:09","guid":{"rendered":"https:\/\/linfuseur.com\/produit\/duo-detox\/"},"modified":"2026-01-30T16:50:36","modified_gmt":"2026-01-30T16:50:36","slug":"duo-detox","status":"publish","type":"product","link":"https:\/\/linfuseur.com\/de\/produit\/duo-detox\/","title":{"rendered":"DUO DETOX"},"content":{"rendered":"<p><strong>Dieses Set enth\u00e4lt:<\/strong><br \/>\n1 Packung DETOX-TEE (80&nbsp;g)<br \/>\nZusammensetzung: Apfelst\u00fccke, Zitronengras, Wacholderbeeren, Hibiskus, Schwarze Johannisbeere, Brennnessel, nat\u00fcrliches Aroma der Schwarzen Johannisbeere<br \/>\n1 Flasche Apfelessig ARCHIE (500&nbsp;ml)<br \/>\nBiologischer Apfelessig mit seiner Essigmutter, nicht gefiltert, nicht pasteurisiert, hergestellt aus \u00c4pfeln aus biologischem Anbau (zertifiziert von Ecocert).<br \/>\nDie Essigmutter des Apfelessigs ist die Wolke, die am Boden der Flasche schwebt. Sie entsteht auf nat\u00fcrliche Weise, wenn der Apfelwein zu Essig wird, und enth\u00e4lt ein Kondensat aus guten Bakterien, N\u00e4hrstoffen, Mineralien und Vitaminen. Dies ist ein Zeichen daf\u00fcr, dass das Produkt lebendig, rein und voller wunderbarer Vorteile f\u00fcr den K\u00f6rper ist.<\/p>\n<p><strong>Anwendungstipps:<\/strong><br \/>\nLassen Sie Ihren Tee 5 bis 7 Minuten bei 95&nbsp;\u00b0C ziehen und gie\u00dfen Sie ihn dann in die Tasse.<br \/>\nVerd\u00fcnnen Sie bis zu dreimal t\u00e4glich einen Essl\u00f6ffel mit einem Glas Wasser.<br \/>\n&#8211; morgens: f\u00fcr einen Energiekick und zur St\u00e4rkung des Immunsystems<br \/>\n&#8211; vor dem Essen: zur Regulierung des Blutzuckerspiegels und zur Unterst\u00fctzung der Gewichtsabnahme<br \/>\n&#8211; nach dem Essen: f\u00fcr eine bessere Verdauung und zur Vermeidung von Bl\u00e4hungen<br \/>\n&#8211; vor dem Schlafengehen: um beim Einschlafen zu helfen und die Verdauung zu f\u00f6rdern<\/p>\n<p><strong>Allergene:<\/strong><br \/>\nKann Spuren von Schalenfr\u00fcchten enthalten<\/p>\n","protected":false},"excerpt":{"rendered":"<p>Dieses Set enth\u00e4lt: 1 Packung DETOX-TEE (80&nbsp;g) Zusammensetzung: Apfelst\u00fccke, Zitronengras, Wacholderbeeren, Hibiskus, Schwarze Johannisbeere, Brennnessel, nat\u00fcrliches Aroma der Schwarzen Johannisbeere 1 Flasche Apfelessig ARCHIE (500&nbsp;ml) Biologischer Apfelessig mit seiner Essigmutter, nicht gefiltert, nicht pasteurisiert, hergestellt aus \u00c4pfeln aus biologischem Anbau (zertifiziert von Ecocert). Die Essigmutter des Apfelessigs ist die Wolke, die am Boden der FlascheLire la suite<\/p>\n","protected":false},"featured_media":79585,"comment_status":"open","ping_status":"closed","template":"","meta":{"_acf_changed":false},"product_brand":[],"product_cat":[201,264,166,153,154,245],"product_tag":[],"giftcard-category":[],"class_list":{"0":"post-22606","1":"product","2":"type-product","3":"status-publish","4":"has-post-thumbnail","6":"product_cat-detox-de","7":"product_cat-wohlbefinden-lifestyle","8":"product_cat-wohlbefinden","9":"product_cat-selection-de-noel","10":"product_cat-krautertees","11":"product_cat-reinigen-und-entgiften","13":"first","14":"instock","15":"taxable","16":"shipping-taxable","17":"purchasable","18":"product-type-variable","19":"has-default-attributes","20":"wvs-pro-product","21":"wvs-pro-before-cart-button"},"acf":[],"yoast_head":"<!-- This site is optimized with the Yoast SEO plugin v26.8 - https:\/\/yoast.com\/product\/yoast-seo-wordpress\/ -->\n<title>DUO DETOX - L&#039;infuseur Paris<\/title>\n<meta name=\"robots\" content=\"index, follow, max-snippet:-1, max-image-preview:large, max-video-preview:-1\" \/>\n<link rel=\"canonical\" href=\"https:\/\/linfuseur.com\/de\/produit\/duo-detox\/\" \/>\n<meta property=\"og:locale\" content=\"de_DE\" \/>\n<meta property=\"og:type\" content=\"article\" \/>\n<meta property=\"og:title\" content=\"DUO DETOX - L&#039;infuseur Paris\" \/>\n<meta property=\"og:description\" content=\"Dieses Set enth\u00e4lt: 1 Packung DETOX-TEE (80&nbsp;g) Zusammensetzung: Apfelst\u00fccke, Zitronengras, Wacholderbeeren, Hibiskus, Schwarze Johannisbeere, Brennnessel, nat\u00fcrliches Aroma der Schwarzen Johannisbeere 1 Flasche Apfelessig ARCHIE (500&nbsp;ml) Biologischer Apfelessig mit seiner Essigmutter, nicht gefiltert, nicht pasteurisiert, hergestellt aus \u00c4pfeln aus biologischem Anbau (zertifiziert von Ecocert). Die Essigmutter des Apfelessigs ist die Wolke, die am Boden der FlascheLire la suite\" \/>\n<meta property=\"og:url\" content=\"https:\/\/linfuseur.com\/de\/produit\/duo-detox\/\" \/>\n<meta property=\"og:site_name\" content=\"L&#039;infuseur Paris\" \/>\n<meta property=\"article:modified_time\" content=\"2026-01-30T16:50:36+00:00\" \/>\n<meta property=\"og:image\" content=\"https:\/\/linfuseur.com\/wp-content\/uploads\/2023\/12\/duo-detox-archie-linfuseur-2-25.jpg\" \/>\n\t<meta property=\"og:image:width\" content=\"640\" \/>\n\t<meta property=\"og:image:height\" content=\"640\" \/>\n\t<meta property=\"og:image:type\" content=\"image\/jpeg\" \/>\n<meta name=\"twitter:label1\" content=\"Gesch\u00e4tzte Lesezeit\" \/>\n\t<meta name=\"twitter:data1\" content=\"1\u00a0Minute\" \/>\n<script type=\"application\/ld+json\" class=\"yoast-schema-graph\">{\"@context\":\"https:\/\/schema.org\",\"@graph\":[{\"@type\":\"WebPage\",\"@id\":\"https:\/\/linfuseur.com\/de\/produit\/duo-detox\/\",\"url\":\"https:\/\/linfuseur.com\/de\/produit\/duo-detox\/\",\"name\":\"DUO DETOX - L&#039;infuseur Paris\",\"isPartOf\":{\"@id\":\"https:\/\/linfuseur.com\/de\/#website\"},\"primaryImageOfPage\":{\"@id\":\"https:\/\/linfuseur.com\/de\/produit\/duo-detox\/#primaryimage\"},\"image\":{\"@id\":\"https:\/\/linfuseur.com\/de\/produit\/duo-detox\/#primaryimage\"},\"thumbnailUrl\":\"https:\/\/linfuseur.com\/wp-content\/uploads\/2023\/12\/duo-detox-archie-linfuseur-2-25.jpg\",\"datePublished\":\"2023-12-29T09:15:09+00:00\",\"dateModified\":\"2026-01-30T16:50:36+00:00\",\"breadcrumb\":{\"@id\":\"https:\/\/linfuseur.com\/de\/produit\/duo-detox\/#breadcrumb\"},\"inLanguage\":\"de\",\"potentialAction\":[{\"@type\":\"ReadAction\",\"target\":[\"https:\/\/linfuseur.com\/de\/produit\/duo-detox\/\"]}]},{\"@type\":\"ImageObject\",\"inLanguage\":\"de\",\"@id\":\"https:\/\/linfuseur.com\/de\/produit\/duo-detox\/#primaryimage\",\"url\":\"https:\/\/linfuseur.com\/wp-content\/uploads\/2023\/12\/duo-detox-archie-linfuseur-2-25.jpg\",\"contentUrl\":\"https:\/\/linfuseur.com\/wp-content\/uploads\/2023\/12\/duo-detox-archie-linfuseur-2-25.jpg\",\"width\":640,\"height\":640,\"caption\":\"duo d\u00e9tox archie x l'infuseur\"},{\"@type\":\"BreadcrumbList\",\"@id\":\"https:\/\/linfuseur.com\/de\/produit\/duo-detox\/#breadcrumb\",\"itemListElement\":[{\"@type\":\"ListItem\",\"position\":1,\"name\":\"Home\",\"item\":\"https:\/\/linfuseur.com\/de\/\"},{\"@type\":\"ListItem\",\"position\":2,\"name\":\"Shop\",\"item\":\"https:\/\/linfuseur.com\/de\/shop\/\"},{\"@type\":\"ListItem\",\"position\":3,\"name\":\"Detox\",\"item\":\"https:\/\/linfuseur.com\/de\/categorie-produit\/detox-de\/\"},{\"@type\":\"ListItem\",\"position\":4,\"name\":\"DUO DETOX\"}]},{\"@type\":\"WebSite\",\"@id\":\"https:\/\/linfuseur.com\/de\/#website\",\"url\":\"https:\/\/linfuseur.com\/de\/\",\"name\":\"L'infuseur Paris\",\"description\":\"L&#039;infuseur Paris - Collection d&#039;infusions\",\"potentialAction\":[{\"@type\":\"SearchAction\",\"target\":{\"@type\":\"EntryPoint\",\"urlTemplate\":\"https:\/\/linfuseur.com\/de\/?s={search_term_string}\"},\"query-input\":{\"@type\":\"PropertyValueSpecification\",\"valueRequired\":true,\"valueName\":\"search_term_string\"}}],\"inLanguage\":\"de\"}]}<\/script>\n<!-- \/ Yoast SEO plugin. -->","yoast_head_json":{"title":"DUO DETOX - L&#039;infuseur Paris","robots":{"index":"index","follow":"follow","max-snippet":"max-snippet:-1","max-image-preview":"max-image-preview:large","max-video-preview":"max-video-preview:-1"},"canonical":"https:\/\/linfuseur.com\/de\/produit\/duo-detox\/","og_locale":"de_DE","og_type":"article","og_title":"DUO DETOX - L&#039;infuseur Paris","og_description":"Dieses Set enth\u00e4lt: 1 Packung DETOX-TEE (80&nbsp;g) Zusammensetzung: Apfelst\u00fccke, Zitronengras, Wacholderbeeren, Hibiskus, Schwarze Johannisbeere, Brennnessel, nat\u00fcrliches Aroma der Schwarzen Johannisbeere 1 Flasche Apfelessig ARCHIE (500&nbsp;ml) Biologischer Apfelessig mit seiner Essigmutter, nicht gefiltert, nicht pasteurisiert, hergestellt aus \u00c4pfeln aus biologischem Anbau (zertifiziert von Ecocert). Die Essigmutter des Apfelessigs ist die Wolke, die am Boden der FlascheLire la suite","og_url":"https:\/\/linfuseur.com\/de\/produit\/duo-detox\/","og_site_name":"L&#039;infuseur Paris","article_modified_time":"2026-01-30T16:50:36+00:00","og_image":[{"width":640,"height":640,"url":"https:\/\/linfuseur.com\/wp-content\/uploads\/2023\/12\/duo-detox-archie-linfuseur-2-25.jpg","type":"image\/jpeg"}],"twitter_misc":{"Gesch\u00e4tzte Lesezeit":"1\u00a0Minute"},"schema":{"@context":"https:\/\/schema.org","@graph":[{"@type":"WebPage","@id":"https:\/\/linfuseur.com\/de\/produit\/duo-detox\/","url":"https:\/\/linfuseur.com\/de\/produit\/duo-detox\/","name":"DUO DETOX - L&#039;infuseur Paris","isPartOf":{"@id":"https:\/\/linfuseur.com\/de\/#website"},"primaryImageOfPage":{"@id":"https:\/\/linfuseur.com\/de\/produit\/duo-detox\/#primaryimage"},"image":{"@id":"https:\/\/linfuseur.com\/de\/produit\/duo-detox\/#primaryimage"},"thumbnailUrl":"https:\/\/linfuseur.com\/wp-content\/uploads\/2023\/12\/duo-detox-archie-linfuseur-2-25.jpg","datePublished":"2023-12-29T09:15:09+00:00","dateModified":"2026-01-30T16:50:36+00:00","breadcrumb":{"@id":"https:\/\/linfuseur.com\/de\/produit\/duo-detox\/#breadcrumb"},"inLanguage":"de","potentialAction":[{"@type":"ReadAction","target":["https:\/\/linfuseur.com\/de\/produit\/duo-detox\/"]}]},{"@type":"ImageObject","inLanguage":"de","@id":"https:\/\/linfuseur.com\/de\/produit\/duo-detox\/#primaryimage","url":"https:\/\/linfuseur.com\/wp-content\/uploads\/2023\/12\/duo-detox-archie-linfuseur-2-25.jpg","contentUrl":"https:\/\/linfuseur.com\/wp-content\/uploads\/2023\/12\/duo-detox-archie-linfuseur-2-25.jpg","width":640,"height":640,"caption":"duo d\u00e9tox archie x l'infuseur"},{"@type":"BreadcrumbList","@id":"https:\/\/linfuseur.com\/de\/produit\/duo-detox\/#breadcrumb","itemListElement":[{"@type":"ListItem","position":1,"name":"Home","item":"https:\/\/linfuseur.com\/de\/"},{"@type":"ListItem","position":2,"name":"Shop","item":"https:\/\/linfuseur.com\/de\/shop\/"},{"@type":"ListItem","position":3,"name":"Detox","item":"https:\/\/linfuseur.com\/de\/categorie-produit\/detox-de\/"},{"@type":"ListItem","position":4,"name":"DUO DETOX"}]},{"@type":"WebSite","@id":"https:\/\/linfuseur.com\/de\/#website","url":"https:\/\/linfuseur.com\/de\/","name":"L'infuseur Paris","description":"L&#039;infuseur Paris - Collection d&#039;infusions","potentialAction":[{"@type":"SearchAction","target":{"@type":"EntryPoint","urlTemplate":"https:\/\/linfuseur.com\/de\/?s={search_term_string}"},"query-input":{"@type":"PropertyValueSpecification","valueRequired":true,"valueName":"search_term_string"}}],"inLanguage":"de"}]}},"_links":{"self":[{"href":"https:\/\/linfuseur.com\/de\/wp-json\/wp\/v2\/product\/22606","targetHints":{"allow":["GET"]}}],"collection":[{"href":"https:\/\/linfuseur.com\/de\/wp-json\/wp\/v2\/product"}],"about":[{"href":"https:\/\/linfuseur.com\/de\/wp-json\/wp\/v2\/types\/product"}],"replies":[{"embeddable":true,"href":"https:\/\/linfuseur.com\/de\/wp-json\/wp\/v2\/comments?post=22606"}],"wp:featuredmedia":[{"embeddable":true,"href":"https:\/\/linfuseur.com\/de\/wp-json\/wp\/v2\/media\/79585"}],"wp:attachment":[{"href":"https:\/\/linfuseur.com\/de\/wp-json\/wp\/v2\/media?parent=22606"}],"wp:term":[{"taxonomy":"product_brand","embeddable":true,"href":"https:\/\/linfuseur.com\/de\/wp-json\/wp\/v2\/product_brand?post=22606"},{"taxonomy":"product_cat","embeddable":true,"href":"https:\/\/linfuseur.com\/de\/wp-json\/wp\/v2\/product_cat?post=22606"},{"taxonomy":"product_tag","embeddable":true,"href":"https:\/\/linfuseur.com\/de\/wp-json\/wp\/v2\/product_tag?post=22606"},{"taxonomy":"giftcard-category","embeddable":true,"href":"https:\/\/linfuseur.com\/de\/wp-json\/wp\/v2\/giftcard-category?post=22606"}],"curies":[{"name":"wp","href":"https:\/\/api.w.org\/{rel}","templated":true}]}}