{"id":22609,"date":"2023-10-04T13:49:57","date_gmt":"2023-10-04T13:49:57","guid":{"rendered":"https:\/\/linfuseur.com\/produit\/aufgussbruehe-aufguss-bruehe-bio-lauch-ingwer\/"},"modified":"2026-03-31T22:51:28","modified_gmt":"2026-03-31T22:51:28","slug":"aufgussbruhe-aufguss-bruhe-bio-lauch-ingwer","status":"publish","type":"product","link":"https:\/\/linfuseur.com\/de\/produit\/aufgussbruhe-aufguss-bruhe-bio-lauch-ingwer\/","title":{"rendered":"Aufgussbr\u00fche Bio Lauch Ingwer"},"content":{"rendered":"<p><strong>Eigenschaften:<\/strong><br \/>\n&#8211; Geschmack: Apfel, Lauch, Ingwer, Petersilie, Zitronenschalen<br \/>\n&#8211; Einheitsgr\u00f6\u00dfe von 15 Beuteln<br \/>\n&#8211; Beutel aus Holzzellulose und Filter aus Zuckerrohrst\u00e4rke<br \/>\n&#8211; morgens, mittags und abends schl\u00fcrfen<\/p>\n<p><strong>Anwendungstipps<\/strong><br \/>\nF\u00fcr einen Genussmoment nehmen Sie 1 Beutel pro Tasse, gie\u00dfen siedendes Wasser (95&nbsp;\u00b0C) auf und lassen 7 bis 10 Minuten ziehen. F\u00fcr einen st\u00e4rkeren Ingwergeschmack empfehlen wir Ihnen eine Ziehzeit von mindestens 10 Minuten.<\/p>\n<p><strong>Allergene<\/strong><br \/>\nKann Spuren von Sellerie und Senf enthalten.<\/p>\n<p><strong>Aufbewahrung<\/strong><br \/>\nDieses Produkt sollte an einem k\u00fchlen und trockenen Ort aufbewahrt werden.<\/p>\n<p><strong>Hergestellt in Frankreich<\/strong> \ud83c\uddeb\ud83c\uddf7<\/p>\n","protected":false},"excerpt":{"rendered":"<p>Eigenschaften: &#8211; Geschmack: Apfel, Lauch, Ingwer, Petersilie, Zitronenschalen &#8211; Einheitsgr\u00f6\u00dfe von 15 Beuteln &#8211; Beutel aus Holzzellulose und Filter aus Zuckerrohrst\u00e4rke &#8211; morgens, mittags und abends schl\u00fcrfen Anwendungstipps F\u00fcr einen Genussmoment nehmen Sie 1 Beutel pro Tasse, gie\u00dfen siedendes Wasser (95&nbsp;\u00b0C) auf und lassen 7 bis 10 Minuten ziehen. F\u00fcr einen st\u00e4rkeren Ingwergeschmack empfehlen wirLire la suite<\/p>\n","protected":false},"featured_media":40496,"comment_status":"open","ping_status":"closed","template":"","meta":{"_acf_changed":false},"product_brand":[],"product_cat":[252,201,232,166,264,158,153,157,154,245],"product_tag":[],"giftcard-category":[],"class_list":{"0":"post-22609","1":"product","2":"type-product","3":"status-publish","4":"has-post-thumbnail","6":"product_cat-bruhe","7":"product_cat-detox-de","8":"product_cat-fall-must-have--de","9":"product_cat-wohlbefinden","10":"product_cat-wohlbefinden-lifestyle","11":"product_cat-collection-de","12":"product_cat-selection-de-noel","13":"product_cat-infuseur-de","14":"product_cat-krautertees","15":"product_cat-reinigen-und-entgiften","17":"first","18":"instock","19":"taxable","20":"shipping-taxable","21":"purchasable","22":"product-type-variable","23":"has-default-attributes","24":"wvs-pro-product","25":"wvs-pro-before-cart-button"},"acf":[],"yoast_head":"<!-- This site is optimized with the Yoast SEO plugin v26.8 - https:\/\/yoast.com\/product\/yoast-seo-wordpress\/ -->\n<title>Aufgussbr\u00fche Bio Lauch Ingwer - L&#039;infuseur Paris<\/title>\n<meta name=\"robots\" content=\"index, follow, max-snippet:-1, max-image-preview:large, max-video-preview:-1\" \/>\n<link rel=\"canonical\" href=\"https:\/\/linfuseur.com\/de\/produit\/aufgussbruhe-aufguss-bruhe-bio-lauch-ingwer\/\" \/>\n<meta property=\"og:locale\" content=\"de_DE\" \/>\n<meta property=\"og:type\" content=\"article\" \/>\n<meta property=\"og:title\" content=\"Aufgussbr\u00fche Bio Lauch Ingwer - L&#039;infuseur Paris\" \/>\n<meta property=\"og:description\" content=\"Eigenschaften: &#8211; Geschmack: Apfel, Lauch, Ingwer, Petersilie, Zitronenschalen &#8211; Einheitsgr\u00f6\u00dfe von 15 Beuteln &#8211; Beutel aus Holzzellulose und Filter aus Zuckerrohrst\u00e4rke &#8211; morgens, mittags und abends schl\u00fcrfen Anwendungstipps F\u00fcr einen Genussmoment nehmen Sie 1 Beutel pro Tasse, gie\u00dfen siedendes Wasser (95&nbsp;\u00b0C) auf und lassen 7 bis 10 Minuten ziehen. F\u00fcr einen st\u00e4rkeren Ingwergeschmack empfehlen wirLire la suite\" \/>\n<meta property=\"og:url\" content=\"https:\/\/linfuseur.com\/de\/produit\/aufgussbruhe-aufguss-bruhe-bio-lauch-ingwer\/\" \/>\n<meta property=\"og:site_name\" content=\"L&#039;infuseur Paris\" \/>\n<meta property=\"article:modified_time\" content=\"2026-03-31T22:51:28+00:00\" \/>\n<meta property=\"og:image\" content=\"https:\/\/linfuseur.com\/wp-content\/uploads\/2024\/09\/bouillon-linfuseur-poireau-sachet-2.jpg\" \/>\n\t<meta property=\"og:image:width\" content=\"1600\" \/>\n\t<meta property=\"og:image:height\" content=\"1600\" \/>\n\t<meta property=\"og:image:type\" content=\"image\/jpeg\" \/>\n<meta name=\"twitter:label1\" content=\"Gesch\u00e4tzte Lesezeit\" \/>\n\t<meta name=\"twitter:data1\" content=\"1\u00a0Minute\" \/>\n<script type=\"application\/ld+json\" class=\"yoast-schema-graph\">{\"@context\":\"https:\/\/schema.org\",\"@graph\":[{\"@type\":\"WebPage\",\"@id\":\"https:\/\/linfuseur.com\/de\/produit\/aufgussbruhe-aufguss-bruhe-bio-lauch-ingwer\/\",\"url\":\"https:\/\/linfuseur.com\/de\/produit\/aufgussbruhe-aufguss-bruhe-bio-lauch-ingwer\/\",\"name\":\"Aufgussbr\u00fche Bio Lauch Ingwer - L&#039;infuseur Paris\",\"isPartOf\":{\"@id\":\"https:\/\/linfuseur.com\/de\/#website\"},\"primaryImageOfPage\":{\"@id\":\"https:\/\/linfuseur.com\/de\/produit\/aufgussbruhe-aufguss-bruhe-bio-lauch-ingwer\/#primaryimage\"},\"image\":{\"@id\":\"https:\/\/linfuseur.com\/de\/produit\/aufgussbruhe-aufguss-bruhe-bio-lauch-ingwer\/#primaryimage\"},\"thumbnailUrl\":\"https:\/\/linfuseur.com\/wp-content\/uploads\/2024\/09\/bouillon-linfuseur-poireau-sachet-2.jpg\",\"datePublished\":\"2023-10-04T13:49:57+00:00\",\"dateModified\":\"2026-03-31T22:51:28+00:00\",\"breadcrumb\":{\"@id\":\"https:\/\/linfuseur.com\/de\/produit\/aufgussbruhe-aufguss-bruhe-bio-lauch-ingwer\/#breadcrumb\"},\"inLanguage\":\"de\",\"potentialAction\":[{\"@type\":\"ReadAction\",\"target\":[\"https:\/\/linfuseur.com\/de\/produit\/aufgussbruhe-aufguss-bruhe-bio-lauch-ingwer\/\"]}]},{\"@type\":\"ImageObject\",\"inLanguage\":\"de\",\"@id\":\"https:\/\/linfuseur.com\/de\/produit\/aufgussbruhe-aufguss-bruhe-bio-lauch-ingwer\/#primaryimage\",\"url\":\"https:\/\/linfuseur.com\/wp-content\/uploads\/2024\/09\/bouillon-linfuseur-poireau-sachet-2.jpg\",\"contentUrl\":\"https:\/\/linfuseur.com\/wp-content\/uploads\/2024\/09\/bouillon-linfuseur-poireau-sachet-2.jpg\",\"width\":1600,\"height\":1600,\"caption\":\"bouillon infus\u00e9e poireau gingembre bio de L'infuseur\"},{\"@type\":\"BreadcrumbList\",\"@id\":\"https:\/\/linfuseur.com\/de\/produit\/aufgussbruhe-aufguss-bruhe-bio-lauch-ingwer\/#breadcrumb\",\"itemListElement\":[{\"@type\":\"ListItem\",\"position\":1,\"name\":\"Home\",\"item\":\"https:\/\/linfuseur.com\/de\/\"},{\"@type\":\"ListItem\",\"position\":2,\"name\":\"Shop\",\"item\":\"https:\/\/linfuseur.com\/de\/shop\/\"},{\"@type\":\"ListItem\",\"position\":3,\"name\":\"Br\u00fchen\",\"item\":\"https:\/\/linfuseur.com\/de\/categorie-produit\/bruhe\/\"},{\"@type\":\"ListItem\",\"position\":4,\"name\":\"Aufgussbr\u00fche Bio Lauch Ingwer\"}]},{\"@type\":\"WebSite\",\"@id\":\"https:\/\/linfuseur.com\/de\/#website\",\"url\":\"https:\/\/linfuseur.com\/de\/\",\"name\":\"L'infuseur Paris\",\"description\":\"L&#039;infuseur Paris - Collection d&#039;infusions\",\"potentialAction\":[{\"@type\":\"SearchAction\",\"target\":{\"@type\":\"EntryPoint\",\"urlTemplate\":\"https:\/\/linfuseur.com\/de\/?s={search_term_string}\"},\"query-input\":{\"@type\":\"PropertyValueSpecification\",\"valueRequired\":true,\"valueName\":\"search_term_string\"}}],\"inLanguage\":\"de\"}]}<\/script>\n<!-- \/ Yoast SEO plugin. -->","yoast_head_json":{"title":"Aufgussbr\u00fche Bio Lauch Ingwer - L&#039;infuseur Paris","robots":{"index":"index","follow":"follow","max-snippet":"max-snippet:-1","max-image-preview":"max-image-preview:large","max-video-preview":"max-video-preview:-1"},"canonical":"https:\/\/linfuseur.com\/de\/produit\/aufgussbruhe-aufguss-bruhe-bio-lauch-ingwer\/","og_locale":"de_DE","og_type":"article","og_title":"Aufgussbr\u00fche Bio Lauch Ingwer - L&#039;infuseur Paris","og_description":"Eigenschaften: &#8211; Geschmack: Apfel, Lauch, Ingwer, Petersilie, Zitronenschalen &#8211; Einheitsgr\u00f6\u00dfe von 15 Beuteln &#8211; Beutel aus Holzzellulose und Filter aus Zuckerrohrst\u00e4rke &#8211; morgens, mittags und abends schl\u00fcrfen Anwendungstipps F\u00fcr einen Genussmoment nehmen Sie 1 Beutel pro Tasse, gie\u00dfen siedendes Wasser (95&nbsp;\u00b0C) auf und lassen 7 bis 10 Minuten ziehen. F\u00fcr einen st\u00e4rkeren Ingwergeschmack empfehlen wirLire la suite","og_url":"https:\/\/linfuseur.com\/de\/produit\/aufgussbruhe-aufguss-bruhe-bio-lauch-ingwer\/","og_site_name":"L&#039;infuseur Paris","article_modified_time":"2026-03-31T22:51:28+00:00","og_image":[{"width":1600,"height":1600,"url":"https:\/\/linfuseur.com\/wp-content\/uploads\/2024\/09\/bouillon-linfuseur-poireau-sachet-2.jpg","type":"image\/jpeg"}],"twitter_misc":{"Gesch\u00e4tzte Lesezeit":"1\u00a0Minute"},"schema":{"@context":"https:\/\/schema.org","@graph":[{"@type":"WebPage","@id":"https:\/\/linfuseur.com\/de\/produit\/aufgussbruhe-aufguss-bruhe-bio-lauch-ingwer\/","url":"https:\/\/linfuseur.com\/de\/produit\/aufgussbruhe-aufguss-bruhe-bio-lauch-ingwer\/","name":"Aufgussbr\u00fche Bio Lauch Ingwer - L&#039;infuseur Paris","isPartOf":{"@id":"https:\/\/linfuseur.com\/de\/#website"},"primaryImageOfPage":{"@id":"https:\/\/linfuseur.com\/de\/produit\/aufgussbruhe-aufguss-bruhe-bio-lauch-ingwer\/#primaryimage"},"image":{"@id":"https:\/\/linfuseur.com\/de\/produit\/aufgussbruhe-aufguss-bruhe-bio-lauch-ingwer\/#primaryimage"},"thumbnailUrl":"https:\/\/linfuseur.com\/wp-content\/uploads\/2024\/09\/bouillon-linfuseur-poireau-sachet-2.jpg","datePublished":"2023-10-04T13:49:57+00:00","dateModified":"2026-03-31T22:51:28+00:00","breadcrumb":{"@id":"https:\/\/linfuseur.com\/de\/produit\/aufgussbruhe-aufguss-bruhe-bio-lauch-ingwer\/#breadcrumb"},"inLanguage":"de","potentialAction":[{"@type":"ReadAction","target":["https:\/\/linfuseur.com\/de\/produit\/aufgussbruhe-aufguss-bruhe-bio-lauch-ingwer\/"]}]},{"@type":"ImageObject","inLanguage":"de","@id":"https:\/\/linfuseur.com\/de\/produit\/aufgussbruhe-aufguss-bruhe-bio-lauch-ingwer\/#primaryimage","url":"https:\/\/linfuseur.com\/wp-content\/uploads\/2024\/09\/bouillon-linfuseur-poireau-sachet-2.jpg","contentUrl":"https:\/\/linfuseur.com\/wp-content\/uploads\/2024\/09\/bouillon-linfuseur-poireau-sachet-2.jpg","width":1600,"height":1600,"caption":"bouillon infus\u00e9e poireau gingembre bio de L'infuseur"},{"@type":"BreadcrumbList","@id":"https:\/\/linfuseur.com\/de\/produit\/aufgussbruhe-aufguss-bruhe-bio-lauch-ingwer\/#breadcrumb","itemListElement":[{"@type":"ListItem","position":1,"name":"Home","item":"https:\/\/linfuseur.com\/de\/"},{"@type":"ListItem","position":2,"name":"Shop","item":"https:\/\/linfuseur.com\/de\/shop\/"},{"@type":"ListItem","position":3,"name":"Br\u00fchen","item":"https:\/\/linfuseur.com\/de\/categorie-produit\/bruhe\/"},{"@type":"ListItem","position":4,"name":"Aufgussbr\u00fche Bio Lauch Ingwer"}]},{"@type":"WebSite","@id":"https:\/\/linfuseur.com\/de\/#website","url":"https:\/\/linfuseur.com\/de\/","name":"L'infuseur Paris","description":"L&#039;infuseur Paris - Collection d&#039;infusions","potentialAction":[{"@type":"SearchAction","target":{"@type":"EntryPoint","urlTemplate":"https:\/\/linfuseur.com\/de\/?s={search_term_string}"},"query-input":{"@type":"PropertyValueSpecification","valueRequired":true,"valueName":"search_term_string"}}],"inLanguage":"de"}]}},"_links":{"self":[{"href":"https:\/\/linfuseur.com\/de\/wp-json\/wp\/v2\/product\/22609","targetHints":{"allow":["GET"]}}],"collection":[{"href":"https:\/\/linfuseur.com\/de\/wp-json\/wp\/v2\/product"}],"about":[{"href":"https:\/\/linfuseur.com\/de\/wp-json\/wp\/v2\/types\/product"}],"replies":[{"embeddable":true,"href":"https:\/\/linfuseur.com\/de\/wp-json\/wp\/v2\/comments?post=22609"}],"wp:featuredmedia":[{"embeddable":true,"href":"https:\/\/linfuseur.com\/de\/wp-json\/wp\/v2\/media\/40496"}],"wp:attachment":[{"href":"https:\/\/linfuseur.com\/de\/wp-json\/wp\/v2\/media?parent=22609"}],"wp:term":[{"taxonomy":"product_brand","embeddable":true,"href":"https:\/\/linfuseur.com\/de\/wp-json\/wp\/v2\/product_brand?post=22609"},{"taxonomy":"product_cat","embeddable":true,"href":"https:\/\/linfuseur.com\/de\/wp-json\/wp\/v2\/product_cat?post=22609"},{"taxonomy":"product_tag","embeddable":true,"href":"https:\/\/linfuseur.com\/de\/wp-json\/wp\/v2\/product_tag?post=22609"},{"taxonomy":"giftcard-category","embeddable":true,"href":"https:\/\/linfuseur.com\/de\/wp-json\/wp\/v2\/giftcard-category?post=22609"}],"curies":[{"name":"wp","href":"https:\/\/api.w.org\/{rel}","templated":true}]}}