{"id":22841,"date":"2024-01-08T15:08:26","date_gmt":"2024-01-08T15:08:26","guid":{"rendered":"https:\/\/linfuseur.com\/produit\/set-kur-bruehe-15-days\/"},"modified":"2026-01-30T16:50:35","modified_gmt":"2026-01-30T16:50:35","slug":"set-kur-bruhe-15-days","status":"publish","type":"product","link":"https:\/\/linfuseur.com\/de\/produit\/set-kur-bruhe-15-days\/","title":{"rendered":"Set Br\u00fche-Kur 15 Tage"},"content":{"rendered":"<p><strong>Dieses Set enth\u00e4lt:<\/strong><\/p>\n<p><strong>1 Packung BR\u00dcHE BIO-LAUCH UND INGWER (15 Beutel)<\/strong><br \/>\n\u2013 Geschmack: Apfel, Lauch, Ingwer, Petersilie, Zitronenschalen<br \/>\n\u2013 Einheitsgr\u00f6\u00dfe von 15 Beuteln<br \/>\n\u2013 Beutel aus Holzzellulose und Filter aus Zuckerrohrst\u00e4rke<br \/>\n\u2013 morgens, mittags und abends schl\u00fcrfen<br \/>\nInhalt: Apfel, Lauch, Ingwer, Petersilie, Zitrone<\/p>\n<p><strong>2 Schalen aus Porzellan AMBRE HERVO<\/strong><br \/>\nWei\u00df glasierte Porzellanschalen mit blauen Punkten.<br \/>\nMikrowellen- und sp\u00fclmaschinengeeignet.<br \/>\nVon Hand gefertigt, Made in France.<\/p>\n<p><strong>Anwendungstipps:<\/strong><br \/>\nF\u00fcr einen Genussmoment nehmen Sie 1 Beutel pro Tasse, gie\u00dfen siedendes Wasser (95&nbsp;\u00b0C) auf und<br \/>\nlassen 7 bis 10 Minuten ziehen. F\u00fcr einen st\u00e4rkeren Ingwergeschmack empfehlen wir Ihnen<br \/>\neine Ziehzeit von mindestens 10 Minuten.<\/p>\n<p><strong>Aufbewahrung:<\/strong><br \/>\nDieses Produkt sollte an einem k\u00fchlen und trockenen Ort aufbewahrt werden.<\/p>\n<p><strong>Allergene:<\/strong><br \/>\nKann Spuren von Sellerie und Senf enthalten.<\/p>\n","protected":false},"excerpt":{"rendered":"<p>Dieses Set enth\u00e4lt: 1 Packung BR\u00dcHE BIO-LAUCH UND INGWER (15 Beutel) \u2013 Geschmack: Apfel, Lauch, Ingwer, Petersilie, Zitronenschalen \u2013 Einheitsgr\u00f6\u00dfe von 15 Beuteln \u2013 Beutel aus Holzzellulose und Filter aus Zuckerrohrst\u00e4rke \u2013 morgens, mittags und abends schl\u00fcrfen Inhalt: Apfel, Lauch, Ingwer, Petersilie, Zitrone 2 Schalen aus Porzellan AMBRE HERVO Wei\u00df glasierte Porzellanschalen mit blauen Punkten.Lire la suite<\/p>\n","protected":false},"featured_media":21888,"comment_status":"open","ping_status":"closed","template":"","meta":{"_acf_changed":false},"product_brand":[],"product_cat":[172,183,252,201,191,166,153,245],"product_tag":[],"giftcard-category":[],"class_list":{"0":"post-22841","1":"product","2":"type-product","3":"status-publish","4":"has-post-thumbnail","6":"product_cat-auswahl","7":"product_cat-boxen","8":"product_cat-bruhe","9":"product_cat-detox-de","10":"product_cat-love-mama-de","11":"product_cat-wohlbefinden","12":"product_cat-selection-de-noel","13":"product_cat-reinigen-und-entgiften","15":"first","16":"instock","17":"taxable","18":"shipping-taxable","19":"purchasable","20":"product-type-variable","21":"has-default-attributes","22":"wvs-pro-product","23":"wvs-pro-before-cart-button"},"acf":[],"yoast_head":"<!-- This site is optimized with the Yoast SEO plugin v26.8 - https:\/\/yoast.com\/product\/yoast-seo-wordpress\/ -->\n<title>Set Br\u00fche-Kur 15 Tage - L&#039;infuseur Paris<\/title>\n<meta name=\"robots\" content=\"index, follow, max-snippet:-1, max-image-preview:large, max-video-preview:-1\" \/>\n<link rel=\"canonical\" href=\"https:\/\/linfuseur.com\/de\/produit\/set-kur-bruhe-15-days\/\" \/>\n<meta property=\"og:locale\" content=\"de_DE\" \/>\n<meta property=\"og:type\" content=\"article\" \/>\n<meta property=\"og:title\" content=\"Set Br\u00fche-Kur 15 Tage - L&#039;infuseur Paris\" \/>\n<meta property=\"og:description\" content=\"Dieses Set enth\u00e4lt: 1 Packung BR\u00dcHE BIO-LAUCH UND INGWER (15 Beutel) \u2013 Geschmack: Apfel, Lauch, Ingwer, Petersilie, Zitronenschalen \u2013 Einheitsgr\u00f6\u00dfe von 15 Beuteln \u2013 Beutel aus Holzzellulose und Filter aus Zuckerrohrst\u00e4rke \u2013 morgens, mittags und abends schl\u00fcrfen Inhalt: Apfel, Lauch, Ingwer, Petersilie, Zitrone 2 Schalen aus Porzellan AMBRE HERVO Wei\u00df glasierte Porzellanschalen mit blauen Punkten.Lire la suite\" \/>\n<meta property=\"og:url\" content=\"https:\/\/linfuseur.com\/de\/produit\/set-kur-bruhe-15-days\/\" \/>\n<meta property=\"og:site_name\" content=\"L&#039;infuseur Paris\" \/>\n<meta property=\"article:modified_time\" content=\"2026-01-30T16:50:35+00:00\" \/>\n<meta property=\"og:image\" content=\"https:\/\/linfuseur.com\/wp-content\/uploads\/2024\/01\/coffret-bouillon-bols-linfuseur.jpg\" \/>\n\t<meta property=\"og:image:width\" content=\"1080\" \/>\n\t<meta property=\"og:image:height\" content=\"1080\" \/>\n\t<meta property=\"og:image:type\" content=\"image\/jpeg\" \/>\n<meta name=\"twitter:label1\" content=\"Gesch\u00e4tzte Lesezeit\" \/>\n\t<meta name=\"twitter:data1\" content=\"1\u00a0Minute\" \/>\n<script type=\"application\/ld+json\" class=\"yoast-schema-graph\">{\"@context\":\"https:\/\/schema.org\",\"@graph\":[{\"@type\":\"WebPage\",\"@id\":\"https:\/\/linfuseur.com\/de\/produit\/set-kur-bruhe-15-days\/\",\"url\":\"https:\/\/linfuseur.com\/de\/produit\/set-kur-bruhe-15-days\/\",\"name\":\"Set Br\u00fche-Kur 15 Tage - L&#039;infuseur Paris\",\"isPartOf\":{\"@id\":\"https:\/\/linfuseur.com\/de\/#website\"},\"primaryImageOfPage\":{\"@id\":\"https:\/\/linfuseur.com\/de\/produit\/set-kur-bruhe-15-days\/#primaryimage\"},\"image\":{\"@id\":\"https:\/\/linfuseur.com\/de\/produit\/set-kur-bruhe-15-days\/#primaryimage\"},\"thumbnailUrl\":\"https:\/\/linfuseur.com\/wp-content\/uploads\/2024\/01\/coffret-bouillon-bols-linfuseur.jpg\",\"datePublished\":\"2024-01-08T15:08:26+00:00\",\"dateModified\":\"2026-01-30T16:50:35+00:00\",\"breadcrumb\":{\"@id\":\"https:\/\/linfuseur.com\/de\/produit\/set-kur-bruhe-15-days\/#breadcrumb\"},\"inLanguage\":\"de\",\"potentialAction\":[{\"@type\":\"ReadAction\",\"target\":[\"https:\/\/linfuseur.com\/de\/produit\/set-kur-bruhe-15-days\/\"]}]},{\"@type\":\"ImageObject\",\"inLanguage\":\"de\",\"@id\":\"https:\/\/linfuseur.com\/de\/produit\/set-kur-bruhe-15-days\/#primaryimage\",\"url\":\"https:\/\/linfuseur.com\/wp-content\/uploads\/2024\/01\/coffret-bouillon-bols-linfuseur.jpg\",\"contentUrl\":\"https:\/\/linfuseur.com\/wp-content\/uploads\/2024\/01\/coffret-bouillon-bols-linfuseur.jpg\",\"width\":1080,\"height\":1080,\"caption\":\"Set Br\u00fche und 2 Schalen l'infuseur\"},{\"@type\":\"BreadcrumbList\",\"@id\":\"https:\/\/linfuseur.com\/de\/produit\/set-kur-bruhe-15-days\/#breadcrumb\",\"itemListElement\":[{\"@type\":\"ListItem\",\"position\":1,\"name\":\"Home\",\"item\":\"https:\/\/linfuseur.com\/de\/\"},{\"@type\":\"ListItem\",\"position\":2,\"name\":\"Shop\",\"item\":\"https:\/\/linfuseur.com\/de\/shop\/\"},{\"@type\":\"ListItem\",\"position\":3,\"name\":\"Auswahl\",\"item\":\"https:\/\/linfuseur.com\/de\/categorie-produit\/auswahl\/\"},{\"@type\":\"ListItem\",\"position\":4,\"name\":\"Set Br\u00fche-Kur 15 Tage\"}]},{\"@type\":\"WebSite\",\"@id\":\"https:\/\/linfuseur.com\/de\/#website\",\"url\":\"https:\/\/linfuseur.com\/de\/\",\"name\":\"L'infuseur Paris\",\"description\":\"L&#039;infuseur Paris - Collection d&#039;infusions\",\"potentialAction\":[{\"@type\":\"SearchAction\",\"target\":{\"@type\":\"EntryPoint\",\"urlTemplate\":\"https:\/\/linfuseur.com\/de\/?s={search_term_string}\"},\"query-input\":{\"@type\":\"PropertyValueSpecification\",\"valueRequired\":true,\"valueName\":\"search_term_string\"}}],\"inLanguage\":\"de\"}]}<\/script>\n<!-- \/ Yoast SEO plugin. -->","yoast_head_json":{"title":"Set Br\u00fche-Kur 15 Tage - L&#039;infuseur Paris","robots":{"index":"index","follow":"follow","max-snippet":"max-snippet:-1","max-image-preview":"max-image-preview:large","max-video-preview":"max-video-preview:-1"},"canonical":"https:\/\/linfuseur.com\/de\/produit\/set-kur-bruhe-15-days\/","og_locale":"de_DE","og_type":"article","og_title":"Set Br\u00fche-Kur 15 Tage - L&#039;infuseur Paris","og_description":"Dieses Set enth\u00e4lt: 1 Packung BR\u00dcHE BIO-LAUCH UND INGWER (15 Beutel) \u2013 Geschmack: Apfel, Lauch, Ingwer, Petersilie, Zitronenschalen \u2013 Einheitsgr\u00f6\u00dfe von 15 Beuteln \u2013 Beutel aus Holzzellulose und Filter aus Zuckerrohrst\u00e4rke \u2013 morgens, mittags und abends schl\u00fcrfen Inhalt: Apfel, Lauch, Ingwer, Petersilie, Zitrone 2 Schalen aus Porzellan AMBRE HERVO Wei\u00df glasierte Porzellanschalen mit blauen Punkten.Lire la suite","og_url":"https:\/\/linfuseur.com\/de\/produit\/set-kur-bruhe-15-days\/","og_site_name":"L&#039;infuseur Paris","article_modified_time":"2026-01-30T16:50:35+00:00","og_image":[{"width":1080,"height":1080,"url":"https:\/\/linfuseur.com\/wp-content\/uploads\/2024\/01\/coffret-bouillon-bols-linfuseur.jpg","type":"image\/jpeg"}],"twitter_misc":{"Gesch\u00e4tzte Lesezeit":"1\u00a0Minute"},"schema":{"@context":"https:\/\/schema.org","@graph":[{"@type":"WebPage","@id":"https:\/\/linfuseur.com\/de\/produit\/set-kur-bruhe-15-days\/","url":"https:\/\/linfuseur.com\/de\/produit\/set-kur-bruhe-15-days\/","name":"Set Br\u00fche-Kur 15 Tage - L&#039;infuseur Paris","isPartOf":{"@id":"https:\/\/linfuseur.com\/de\/#website"},"primaryImageOfPage":{"@id":"https:\/\/linfuseur.com\/de\/produit\/set-kur-bruhe-15-days\/#primaryimage"},"image":{"@id":"https:\/\/linfuseur.com\/de\/produit\/set-kur-bruhe-15-days\/#primaryimage"},"thumbnailUrl":"https:\/\/linfuseur.com\/wp-content\/uploads\/2024\/01\/coffret-bouillon-bols-linfuseur.jpg","datePublished":"2024-01-08T15:08:26+00:00","dateModified":"2026-01-30T16:50:35+00:00","breadcrumb":{"@id":"https:\/\/linfuseur.com\/de\/produit\/set-kur-bruhe-15-days\/#breadcrumb"},"inLanguage":"de","potentialAction":[{"@type":"ReadAction","target":["https:\/\/linfuseur.com\/de\/produit\/set-kur-bruhe-15-days\/"]}]},{"@type":"ImageObject","inLanguage":"de","@id":"https:\/\/linfuseur.com\/de\/produit\/set-kur-bruhe-15-days\/#primaryimage","url":"https:\/\/linfuseur.com\/wp-content\/uploads\/2024\/01\/coffret-bouillon-bols-linfuseur.jpg","contentUrl":"https:\/\/linfuseur.com\/wp-content\/uploads\/2024\/01\/coffret-bouillon-bols-linfuseur.jpg","width":1080,"height":1080,"caption":"Set Br\u00fche und 2 Schalen l'infuseur"},{"@type":"BreadcrumbList","@id":"https:\/\/linfuseur.com\/de\/produit\/set-kur-bruhe-15-days\/#breadcrumb","itemListElement":[{"@type":"ListItem","position":1,"name":"Home","item":"https:\/\/linfuseur.com\/de\/"},{"@type":"ListItem","position":2,"name":"Shop","item":"https:\/\/linfuseur.com\/de\/shop\/"},{"@type":"ListItem","position":3,"name":"Auswahl","item":"https:\/\/linfuseur.com\/de\/categorie-produit\/auswahl\/"},{"@type":"ListItem","position":4,"name":"Set Br\u00fche-Kur 15 Tage"}]},{"@type":"WebSite","@id":"https:\/\/linfuseur.com\/de\/#website","url":"https:\/\/linfuseur.com\/de\/","name":"L'infuseur Paris","description":"L&#039;infuseur Paris - Collection d&#039;infusions","potentialAction":[{"@type":"SearchAction","target":{"@type":"EntryPoint","urlTemplate":"https:\/\/linfuseur.com\/de\/?s={search_term_string}"},"query-input":{"@type":"PropertyValueSpecification","valueRequired":true,"valueName":"search_term_string"}}],"inLanguage":"de"}]}},"_links":{"self":[{"href":"https:\/\/linfuseur.com\/de\/wp-json\/wp\/v2\/product\/22841","targetHints":{"allow":["GET"]}}],"collection":[{"href":"https:\/\/linfuseur.com\/de\/wp-json\/wp\/v2\/product"}],"about":[{"href":"https:\/\/linfuseur.com\/de\/wp-json\/wp\/v2\/types\/product"}],"replies":[{"embeddable":true,"href":"https:\/\/linfuseur.com\/de\/wp-json\/wp\/v2\/comments?post=22841"}],"wp:featuredmedia":[{"embeddable":true,"href":"https:\/\/linfuseur.com\/de\/wp-json\/wp\/v2\/media\/21888"}],"wp:attachment":[{"href":"https:\/\/linfuseur.com\/de\/wp-json\/wp\/v2\/media?parent=22841"}],"wp:term":[{"taxonomy":"product_brand","embeddable":true,"href":"https:\/\/linfuseur.com\/de\/wp-json\/wp\/v2\/product_brand?post=22841"},{"taxonomy":"product_cat","embeddable":true,"href":"https:\/\/linfuseur.com\/de\/wp-json\/wp\/v2\/product_cat?post=22841"},{"taxonomy":"product_tag","embeddable":true,"href":"https:\/\/linfuseur.com\/de\/wp-json\/wp\/v2\/product_tag?post=22841"},{"taxonomy":"giftcard-category","embeddable":true,"href":"https:\/\/linfuseur.com\/de\/wp-json\/wp\/v2\/giftcard-category?post=22841"}],"curies":[{"name":"wp","href":"https:\/\/api.w.org\/{rel}","templated":true}]}}