{"id":22842,"date":"2024-02-13T08:41:42","date_gmt":"2024-02-13T08:41:42","guid":{"rendered":"https:\/\/linfuseur.com\/produit\/chai-tee\/"},"modified":"2026-01-30T16:50:31","modified_gmt":"2026-01-30T16:50:31","slug":"chai-tee","status":"publish","type":"product","link":"https:\/\/linfuseur.com\/de\/produit\/chai-tee\/","title":{"rendered":"Chai-Tee Nr. 17"},"content":{"rendered":"<p><strong>Anwendungstipps<\/strong><br \/>\nF\u00fcr eine erfrischende und st\u00e4rkende Pause empfiehlt Ihnen L\u2019infuseur die Dosis von einem Teel\u00f6ffel.<br \/>\nFiltern Sie den Tee.<br \/>\nAnsonsten geben Sie 1 Beutel pro Tasse hinzu und gie\u00dfen dann k\u00f6chelndes Wasser (95\u00b0C) auf, um den Tee 3 bis 5 Minuten ziehen zu lassen.<\/p>\n<p><strong>Allergene<\/strong><br \/>\nKann Spuren von Schalenfr\u00fcchten enthalten<\/p>\n<p><strong>Aufbewahrung<\/strong><br \/>\nDas Produkt ist an einem k\u00fchlen und trockenen Ort aufzubewahren.<\/p>\n","protected":false},"excerpt":{"rendered":"<p>Anwendungstipps F\u00fcr eine erfrischende und st\u00e4rkende Pause empfiehlt Ihnen L\u2019infuseur die Dosis von einem Teel\u00f6ffel. Filtern Sie den Tee. Ansonsten geben Sie 1 Beutel pro Tasse hinzu und gie\u00dfen dann k\u00f6chelndes Wasser (95\u00b0C) auf, um den Tee 3 bis 5 Minuten ziehen zu lassen. Allergene Kann Spuren von Schalenfr\u00fcchten enthalten Aufbewahrung Das Produkt ist anLire la suite<\/p>\n","protected":false},"featured_media":23130,"comment_status":"open","ping_status":"closed","template":"","meta":{"_acf_changed":false},"product_brand":[],"product_cat":[186,158,153,157],"product_tag":[],"giftcard-category":[],"class_list":{"0":"post-22842","1":"product","2":"type-product","3":"status-publish","4":"has-post-thumbnail","6":"product_cat-tees","7":"product_cat-collection-de","8":"product_cat-selection-de-noel","9":"product_cat-infuseur-de","11":"first","12":"instock","13":"taxable","14":"shipping-taxable","15":"purchasable","16":"product-type-variable","17":"has-default-attributes","18":"wvs-pro-product","19":"wvs-pro-before-cart-button"},"acf":[],"yoast_head":"<!-- This site is optimized with the Yoast SEO plugin v26.8 - https:\/\/yoast.com\/product\/yoast-seo-wordpress\/ -->\n<title>Chai-Tee<\/title>\n<meta name=\"robots\" content=\"index, follow, max-snippet:-1, max-image-preview:large, max-video-preview:-1\" \/>\n<link rel=\"canonical\" href=\"https:\/\/linfuseur.com\/de\/produit\/chai-tee\/\" \/>\n<meta property=\"og:locale\" content=\"de_DE\" \/>\n<meta property=\"og:type\" content=\"article\" \/>\n<meta property=\"og:title\" content=\"Chai-Tee\" \/>\n<meta property=\"og:description\" content=\"Anwendungstipps F\u00fcr eine erfrischende und st\u00e4rkende Pause empfiehlt Ihnen L\u2019infuseur die Dosis von einem Teel\u00f6ffel. Filtern Sie den Tee. Ansonsten geben Sie 1 Beutel pro Tasse hinzu und gie\u00dfen dann k\u00f6chelndes Wasser (95\u00b0C) auf, um den Tee 3 bis 5 Minuten ziehen zu lassen. Allergene Kann Spuren von Schalenfr\u00fcchten enthalten Aufbewahrung Das Produkt ist anLire la suite\" \/>\n<meta property=\"og:url\" content=\"https:\/\/linfuseur.com\/de\/produit\/chai-tee\/\" \/>\n<meta property=\"og:site_name\" content=\"L&#039;infuseur Paris\" \/>\n<meta property=\"article:modified_time\" content=\"2026-01-30T16:50:31+00:00\" \/>\n<meta property=\"og:image\" content=\"https:\/\/linfuseur.com\/wp-content\/uploads\/2024\/03\/the-chai-linfuseur-new-pack.jpg\" \/>\n\t<meta property=\"og:image:width\" content=\"1080\" \/>\n\t<meta property=\"og:image:height\" content=\"1080\" \/>\n\t<meta property=\"og:image:type\" content=\"image\/jpeg\" \/>\n<meta name=\"twitter:label1\" content=\"Gesch\u00e4tzte Lesezeit\" \/>\n\t<meta name=\"twitter:data1\" content=\"1\u00a0Minute\" \/>\n<script type=\"application\/ld+json\" class=\"yoast-schema-graph\">{\"@context\":\"https:\/\/schema.org\",\"@graph\":[{\"@type\":\"WebPage\",\"@id\":\"https:\/\/linfuseur.com\/de\/produit\/chai-tee\/\",\"url\":\"https:\/\/linfuseur.com\/de\/produit\/chai-tee\/\",\"name\":\"Chai-Tee\",\"isPartOf\":{\"@id\":\"https:\/\/linfuseur.com\/de\/#website\"},\"primaryImageOfPage\":{\"@id\":\"https:\/\/linfuseur.com\/de\/produit\/chai-tee\/#primaryimage\"},\"image\":{\"@id\":\"https:\/\/linfuseur.com\/de\/produit\/chai-tee\/#primaryimage\"},\"thumbnailUrl\":\"https:\/\/linfuseur.com\/wp-content\/uploads\/2024\/03\/the-chai-linfuseur-new-pack.jpg\",\"datePublished\":\"2024-02-13T08:41:42+00:00\",\"dateModified\":\"2026-01-30T16:50:31+00:00\",\"breadcrumb\":{\"@id\":\"https:\/\/linfuseur.com\/de\/produit\/chai-tee\/#breadcrumb\"},\"inLanguage\":\"de\",\"potentialAction\":[{\"@type\":\"ReadAction\",\"target\":[\"https:\/\/linfuseur.com\/de\/produit\/chai-tee\/\"]}]},{\"@type\":\"ImageObject\",\"inLanguage\":\"de\",\"@id\":\"https:\/\/linfuseur.com\/de\/produit\/chai-tee\/#primaryimage\",\"url\":\"https:\/\/linfuseur.com\/wp-content\/uploads\/2024\/03\/the-chai-linfuseur-new-pack.jpg\",\"contentUrl\":\"https:\/\/linfuseur.com\/wp-content\/uploads\/2024\/03\/the-chai-linfuseur-new-pack.jpg\",\"width\":1080,\"height\":1080,\"caption\":\"the chai l'infuseur\"},{\"@type\":\"BreadcrumbList\",\"@id\":\"https:\/\/linfuseur.com\/de\/produit\/chai-tee\/#breadcrumb\",\"itemListElement\":[{\"@type\":\"ListItem\",\"position\":1,\"name\":\"Home\",\"item\":\"https:\/\/linfuseur.com\/de\/\"},{\"@type\":\"ListItem\",\"position\":2,\"name\":\"Shop\",\"item\":\"https:\/\/linfuseur.com\/de\/shop\/\"},{\"@type\":\"ListItem\",\"position\":3,\"name\":\"Tees\",\"item\":\"https:\/\/linfuseur.com\/de\/categorie-produit\/tees\/\"},{\"@type\":\"ListItem\",\"position\":4,\"name\":\"Chai-Tee Nr. 17\"}]},{\"@type\":\"WebSite\",\"@id\":\"https:\/\/linfuseur.com\/de\/#website\",\"url\":\"https:\/\/linfuseur.com\/de\/\",\"name\":\"L'infuseur Paris\",\"description\":\"L&#039;infuseur Paris - Collection d&#039;infusions\",\"potentialAction\":[{\"@type\":\"SearchAction\",\"target\":{\"@type\":\"EntryPoint\",\"urlTemplate\":\"https:\/\/linfuseur.com\/de\/?s={search_term_string}\"},\"query-input\":{\"@type\":\"PropertyValueSpecification\",\"valueRequired\":true,\"valueName\":\"search_term_string\"}}],\"inLanguage\":\"de\"}]}<\/script>\n<!-- \/ Yoast SEO plugin. -->","yoast_head_json":{"title":"Chai-Tee","robots":{"index":"index","follow":"follow","max-snippet":"max-snippet:-1","max-image-preview":"max-image-preview:large","max-video-preview":"max-video-preview:-1"},"canonical":"https:\/\/linfuseur.com\/de\/produit\/chai-tee\/","og_locale":"de_DE","og_type":"article","og_title":"Chai-Tee","og_description":"Anwendungstipps F\u00fcr eine erfrischende und st\u00e4rkende Pause empfiehlt Ihnen L\u2019infuseur die Dosis von einem Teel\u00f6ffel. Filtern Sie den Tee. Ansonsten geben Sie 1 Beutel pro Tasse hinzu und gie\u00dfen dann k\u00f6chelndes Wasser (95\u00b0C) auf, um den Tee 3 bis 5 Minuten ziehen zu lassen. Allergene Kann Spuren von Schalenfr\u00fcchten enthalten Aufbewahrung Das Produkt ist anLire la suite","og_url":"https:\/\/linfuseur.com\/de\/produit\/chai-tee\/","og_site_name":"L&#039;infuseur Paris","article_modified_time":"2026-01-30T16:50:31+00:00","og_image":[{"width":1080,"height":1080,"url":"https:\/\/linfuseur.com\/wp-content\/uploads\/2024\/03\/the-chai-linfuseur-new-pack.jpg","type":"image\/jpeg"}],"twitter_misc":{"Gesch\u00e4tzte Lesezeit":"1\u00a0Minute"},"schema":{"@context":"https:\/\/schema.org","@graph":[{"@type":"WebPage","@id":"https:\/\/linfuseur.com\/de\/produit\/chai-tee\/","url":"https:\/\/linfuseur.com\/de\/produit\/chai-tee\/","name":"Chai-Tee","isPartOf":{"@id":"https:\/\/linfuseur.com\/de\/#website"},"primaryImageOfPage":{"@id":"https:\/\/linfuseur.com\/de\/produit\/chai-tee\/#primaryimage"},"image":{"@id":"https:\/\/linfuseur.com\/de\/produit\/chai-tee\/#primaryimage"},"thumbnailUrl":"https:\/\/linfuseur.com\/wp-content\/uploads\/2024\/03\/the-chai-linfuseur-new-pack.jpg","datePublished":"2024-02-13T08:41:42+00:00","dateModified":"2026-01-30T16:50:31+00:00","breadcrumb":{"@id":"https:\/\/linfuseur.com\/de\/produit\/chai-tee\/#breadcrumb"},"inLanguage":"de","potentialAction":[{"@type":"ReadAction","target":["https:\/\/linfuseur.com\/de\/produit\/chai-tee\/"]}]},{"@type":"ImageObject","inLanguage":"de","@id":"https:\/\/linfuseur.com\/de\/produit\/chai-tee\/#primaryimage","url":"https:\/\/linfuseur.com\/wp-content\/uploads\/2024\/03\/the-chai-linfuseur-new-pack.jpg","contentUrl":"https:\/\/linfuseur.com\/wp-content\/uploads\/2024\/03\/the-chai-linfuseur-new-pack.jpg","width":1080,"height":1080,"caption":"the chai l'infuseur"},{"@type":"BreadcrumbList","@id":"https:\/\/linfuseur.com\/de\/produit\/chai-tee\/#breadcrumb","itemListElement":[{"@type":"ListItem","position":1,"name":"Home","item":"https:\/\/linfuseur.com\/de\/"},{"@type":"ListItem","position":2,"name":"Shop","item":"https:\/\/linfuseur.com\/de\/shop\/"},{"@type":"ListItem","position":3,"name":"Tees","item":"https:\/\/linfuseur.com\/de\/categorie-produit\/tees\/"},{"@type":"ListItem","position":4,"name":"Chai-Tee Nr. 17"}]},{"@type":"WebSite","@id":"https:\/\/linfuseur.com\/de\/#website","url":"https:\/\/linfuseur.com\/de\/","name":"L'infuseur Paris","description":"L&#039;infuseur Paris - Collection d&#039;infusions","potentialAction":[{"@type":"SearchAction","target":{"@type":"EntryPoint","urlTemplate":"https:\/\/linfuseur.com\/de\/?s={search_term_string}"},"query-input":{"@type":"PropertyValueSpecification","valueRequired":true,"valueName":"search_term_string"}}],"inLanguage":"de"}]}},"_links":{"self":[{"href":"https:\/\/linfuseur.com\/de\/wp-json\/wp\/v2\/product\/22842","targetHints":{"allow":["GET"]}}],"collection":[{"href":"https:\/\/linfuseur.com\/de\/wp-json\/wp\/v2\/product"}],"about":[{"href":"https:\/\/linfuseur.com\/de\/wp-json\/wp\/v2\/types\/product"}],"replies":[{"embeddable":true,"href":"https:\/\/linfuseur.com\/de\/wp-json\/wp\/v2\/comments?post=22842"}],"wp:featuredmedia":[{"embeddable":true,"href":"https:\/\/linfuseur.com\/de\/wp-json\/wp\/v2\/media\/23130"}],"wp:attachment":[{"href":"https:\/\/linfuseur.com\/de\/wp-json\/wp\/v2\/media?parent=22842"}],"wp:term":[{"taxonomy":"product_brand","embeddable":true,"href":"https:\/\/linfuseur.com\/de\/wp-json\/wp\/v2\/product_brand?post=22842"},{"taxonomy":"product_cat","embeddable":true,"href":"https:\/\/linfuseur.com\/de\/wp-json\/wp\/v2\/product_cat?post=22842"},{"taxonomy":"product_tag","embeddable":true,"href":"https:\/\/linfuseur.com\/de\/wp-json\/wp\/v2\/product_tag?post=22842"},{"taxonomy":"giftcard-category","embeddable":true,"href":"https:\/\/linfuseur.com\/de\/wp-json\/wp\/v2\/giftcard-category?post=22842"}],"curies":[{"name":"wp","href":"https:\/\/api.w.org\/{rel}","templated":true}]}}