{"id":22845,"date":"2024-01-31T10:18:08","date_gmt":"2024-01-31T10:18:08","guid":{"rendered":"https:\/\/linfuseur.com\/produit\/linfuseur-teekanne-850ml\/"},"modified":"2026-01-30T16:50:33","modified_gmt":"2026-01-30T16:50:33","slug":"linfuseur-teekanne-850ml","status":"publish","type":"product","link":"https:\/\/linfuseur.com\/de\/produit\/linfuseur-teekanne-850ml\/","title":{"rendered":"L\u2019infuseur \u2013 Teekanne 850&nbsp;ml"},"content":{"rendered":"<p><strong>Materialien:<\/strong><br \/>\nTeekanne aus Glas mit einem Deckel und einem Filter aus rostfreiem Stahl<\/p>\n<p><strong>Anwendungstipps:<\/strong><br \/>\nHitzebest\u00e4ndig: max. 120&nbsp;\u00b0C\/248&nbsp;\u00b0F<br \/>\nMikrowellengeeignet (ohne den Filter) und sp\u00fclmaschinenfest<br \/>\nVermeiden Sie pl\u00f6tzliche Temperatur\u00e4nderungen<br \/>\nNicht ohne Wasser darin erhitzen<\/p>\n","protected":false},"excerpt":{"rendered":"<p>Materialien: Teekanne aus Glas mit einem Deckel und einem Filter aus rostfreiem Stahl Anwendungstipps: Hitzebest\u00e4ndig: max. 120&nbsp;\u00b0C\/248&nbsp;\u00b0F Mikrowellengeeignet (ohne den Filter) und sp\u00fclmaschinenfest Vermeiden Sie pl\u00f6tzliche Temperatur\u00e4nderungen Nicht ohne Wasser darin erhitzen<\/p>\n","protected":false},"featured_media":22445,"comment_status":"open","ping_status":"closed","template":"","meta":{"_acf_changed":false},"product_brand":[],"product_cat":[264,175],"product_tag":[],"giftcard-category":[],"class_list":{"0":"post-22845","1":"product","2":"type-product","3":"status-publish","4":"has-post-thumbnail","6":"product_cat-wohlbefinden-lifestyle","7":"product_cat-zubehor","9":"first","10":"instock","11":"taxable","12":"shipping-taxable","13":"purchasable","14":"product-type-variable","15":"has-default-attributes","16":"wvs-pro-product","17":"wvs-pro-before-cart-button"},"acf":[],"yoast_head":"<!-- This site is optimized with the Yoast SEO plugin v26.8 - https:\/\/yoast.com\/product\/yoast-seo-wordpress\/ -->\n<title>L\u2019infuseur \u2013 Teekanne 850&nbsp;ml - L&#039;infuseur Paris<\/title>\n<meta name=\"robots\" content=\"index, follow, max-snippet:-1, max-image-preview:large, max-video-preview:-1\" \/>\n<link rel=\"canonical\" href=\"https:\/\/linfuseur.com\/de\/produit\/linfuseur-teekanne-850ml\/\" \/>\n<meta property=\"og:locale\" content=\"de_DE\" \/>\n<meta property=\"og:type\" content=\"article\" \/>\n<meta property=\"og:title\" content=\"L\u2019infuseur \u2013 Teekanne 850&nbsp;ml - L&#039;infuseur Paris\" \/>\n<meta property=\"og:description\" content=\"Materialien: Teekanne aus Glas mit einem Deckel und einem Filter aus rostfreiem Stahl Anwendungstipps: Hitzebest\u00e4ndig: max. 120&nbsp;\u00b0C\/248&nbsp;\u00b0F Mikrowellengeeignet (ohne den Filter) und sp\u00fclmaschinenfest Vermeiden Sie pl\u00f6tzliche Temperatur\u00e4nderungen Nicht ohne Wasser darin erhitzen\" \/>\n<meta property=\"og:url\" content=\"https:\/\/linfuseur.com\/de\/produit\/linfuseur-teekanne-850ml\/\" \/>\n<meta property=\"og:site_name\" content=\"L&#039;infuseur Paris\" \/>\n<meta property=\"article:modified_time\" content=\"2026-01-30T16:50:33+00:00\" \/>\n<meta property=\"og:image\" content=\"https:\/\/linfuseur.com\/wp-content\/uploads\/2024\/01\/grande-theiere-kinto.jpg\" \/>\n\t<meta property=\"og:image:width\" content=\"1600\" \/>\n\t<meta property=\"og:image:height\" content=\"1600\" \/>\n\t<meta property=\"og:image:type\" content=\"image\/jpeg\" \/>\n<script type=\"application\/ld+json\" class=\"yoast-schema-graph\">{\"@context\":\"https:\/\/schema.org\",\"@graph\":[{\"@type\":\"WebPage\",\"@id\":\"https:\/\/linfuseur.com\/de\/produit\/linfuseur-teekanne-850ml\/\",\"url\":\"https:\/\/linfuseur.com\/de\/produit\/linfuseur-teekanne-850ml\/\",\"name\":\"L\u2019infuseur \u2013 Teekanne 850&nbsp;ml - L&#039;infuseur Paris\",\"isPartOf\":{\"@id\":\"https:\/\/linfuseur.com\/de\/#website\"},\"primaryImageOfPage\":{\"@id\":\"https:\/\/linfuseur.com\/de\/produit\/linfuseur-teekanne-850ml\/#primaryimage\"},\"image\":{\"@id\":\"https:\/\/linfuseur.com\/de\/produit\/linfuseur-teekanne-850ml\/#primaryimage\"},\"thumbnailUrl\":\"https:\/\/linfuseur.com\/wp-content\/uploads\/2024\/01\/grande-theiere-kinto.jpg\",\"datePublished\":\"2024-01-31T10:18:08+00:00\",\"dateModified\":\"2026-01-30T16:50:33+00:00\",\"breadcrumb\":{\"@id\":\"https:\/\/linfuseur.com\/de\/produit\/linfuseur-teekanne-850ml\/#breadcrumb\"},\"inLanguage\":\"de\",\"potentialAction\":[{\"@type\":\"ReadAction\",\"target\":[\"https:\/\/linfuseur.com\/de\/produit\/linfuseur-teekanne-850ml\/\"]}]},{\"@type\":\"ImageObject\",\"inLanguage\":\"de\",\"@id\":\"https:\/\/linfuseur.com\/de\/produit\/linfuseur-teekanne-850ml\/#primaryimage\",\"url\":\"https:\/\/linfuseur.com\/wp-content\/uploads\/2024\/01\/grande-theiere-kinto.jpg\",\"contentUrl\":\"https:\/\/linfuseur.com\/wp-content\/uploads\/2024\/01\/grande-theiere-kinto.jpg\",\"width\":1600,\"height\":1600,\"caption\":\"Teekanne 850&nbsp;ml Kinto mit Sieb\"},{\"@type\":\"BreadcrumbList\",\"@id\":\"https:\/\/linfuseur.com\/de\/produit\/linfuseur-teekanne-850ml\/#breadcrumb\",\"itemListElement\":[{\"@type\":\"ListItem\",\"position\":1,\"name\":\"Home\",\"item\":\"https:\/\/linfuseur.com\/de\/\"},{\"@type\":\"ListItem\",\"position\":2,\"name\":\"Shop\",\"item\":\"https:\/\/linfuseur.com\/de\/shop\/\"},{\"@type\":\"ListItem\",\"position\":3,\"name\":\"Wohlbefinden\",\"item\":\"https:\/\/linfuseur.com\/de\/categorie-produit\/wohlbefinden-lifestyle\/\"},{\"@type\":\"ListItem\",\"position\":4,\"name\":\"L\u2019infuseur \u2013 Teekanne 850&nbsp;ml\"}]},{\"@type\":\"WebSite\",\"@id\":\"https:\/\/linfuseur.com\/de\/#website\",\"url\":\"https:\/\/linfuseur.com\/de\/\",\"name\":\"L'infuseur Paris\",\"description\":\"L&#039;infuseur Paris - Collection d&#039;infusions\",\"potentialAction\":[{\"@type\":\"SearchAction\",\"target\":{\"@type\":\"EntryPoint\",\"urlTemplate\":\"https:\/\/linfuseur.com\/de\/?s={search_term_string}\"},\"query-input\":{\"@type\":\"PropertyValueSpecification\",\"valueRequired\":true,\"valueName\":\"search_term_string\"}}],\"inLanguage\":\"de\"}]}<\/script>\n<!-- \/ Yoast SEO plugin. -->","yoast_head_json":{"title":"L\u2019infuseur \u2013 Teekanne 850&nbsp;ml - L&#039;infuseur Paris","robots":{"index":"index","follow":"follow","max-snippet":"max-snippet:-1","max-image-preview":"max-image-preview:large","max-video-preview":"max-video-preview:-1"},"canonical":"https:\/\/linfuseur.com\/de\/produit\/linfuseur-teekanne-850ml\/","og_locale":"de_DE","og_type":"article","og_title":"L\u2019infuseur \u2013 Teekanne 850&nbsp;ml - L&#039;infuseur Paris","og_description":"Materialien: Teekanne aus Glas mit einem Deckel und einem Filter aus rostfreiem Stahl Anwendungstipps: Hitzebest\u00e4ndig: max. 120&nbsp;\u00b0C\/248&nbsp;\u00b0F Mikrowellengeeignet (ohne den Filter) und sp\u00fclmaschinenfest Vermeiden Sie pl\u00f6tzliche Temperatur\u00e4nderungen Nicht ohne Wasser darin erhitzen","og_url":"https:\/\/linfuseur.com\/de\/produit\/linfuseur-teekanne-850ml\/","og_site_name":"L&#039;infuseur Paris","article_modified_time":"2026-01-30T16:50:33+00:00","og_image":[{"width":1600,"height":1600,"url":"https:\/\/linfuseur.com\/wp-content\/uploads\/2024\/01\/grande-theiere-kinto.jpg","type":"image\/jpeg"}],"schema":{"@context":"https:\/\/schema.org","@graph":[{"@type":"WebPage","@id":"https:\/\/linfuseur.com\/de\/produit\/linfuseur-teekanne-850ml\/","url":"https:\/\/linfuseur.com\/de\/produit\/linfuseur-teekanne-850ml\/","name":"L\u2019infuseur \u2013 Teekanne 850&nbsp;ml - L&#039;infuseur Paris","isPartOf":{"@id":"https:\/\/linfuseur.com\/de\/#website"},"primaryImageOfPage":{"@id":"https:\/\/linfuseur.com\/de\/produit\/linfuseur-teekanne-850ml\/#primaryimage"},"image":{"@id":"https:\/\/linfuseur.com\/de\/produit\/linfuseur-teekanne-850ml\/#primaryimage"},"thumbnailUrl":"https:\/\/linfuseur.com\/wp-content\/uploads\/2024\/01\/grande-theiere-kinto.jpg","datePublished":"2024-01-31T10:18:08+00:00","dateModified":"2026-01-30T16:50:33+00:00","breadcrumb":{"@id":"https:\/\/linfuseur.com\/de\/produit\/linfuseur-teekanne-850ml\/#breadcrumb"},"inLanguage":"de","potentialAction":[{"@type":"ReadAction","target":["https:\/\/linfuseur.com\/de\/produit\/linfuseur-teekanne-850ml\/"]}]},{"@type":"ImageObject","inLanguage":"de","@id":"https:\/\/linfuseur.com\/de\/produit\/linfuseur-teekanne-850ml\/#primaryimage","url":"https:\/\/linfuseur.com\/wp-content\/uploads\/2024\/01\/grande-theiere-kinto.jpg","contentUrl":"https:\/\/linfuseur.com\/wp-content\/uploads\/2024\/01\/grande-theiere-kinto.jpg","width":1600,"height":1600,"caption":"Teekanne 850&nbsp;ml Kinto mit Sieb"},{"@type":"BreadcrumbList","@id":"https:\/\/linfuseur.com\/de\/produit\/linfuseur-teekanne-850ml\/#breadcrumb","itemListElement":[{"@type":"ListItem","position":1,"name":"Home","item":"https:\/\/linfuseur.com\/de\/"},{"@type":"ListItem","position":2,"name":"Shop","item":"https:\/\/linfuseur.com\/de\/shop\/"},{"@type":"ListItem","position":3,"name":"Wohlbefinden","item":"https:\/\/linfuseur.com\/de\/categorie-produit\/wohlbefinden-lifestyle\/"},{"@type":"ListItem","position":4,"name":"L\u2019infuseur \u2013 Teekanne 850&nbsp;ml"}]},{"@type":"WebSite","@id":"https:\/\/linfuseur.com\/de\/#website","url":"https:\/\/linfuseur.com\/de\/","name":"L'infuseur Paris","description":"L&#039;infuseur Paris - Collection d&#039;infusions","potentialAction":[{"@type":"SearchAction","target":{"@type":"EntryPoint","urlTemplate":"https:\/\/linfuseur.com\/de\/?s={search_term_string}"},"query-input":{"@type":"PropertyValueSpecification","valueRequired":true,"valueName":"search_term_string"}}],"inLanguage":"de"}]}},"_links":{"self":[{"href":"https:\/\/linfuseur.com\/de\/wp-json\/wp\/v2\/product\/22845","targetHints":{"allow":["GET"]}}],"collection":[{"href":"https:\/\/linfuseur.com\/de\/wp-json\/wp\/v2\/product"}],"about":[{"href":"https:\/\/linfuseur.com\/de\/wp-json\/wp\/v2\/types\/product"}],"replies":[{"embeddable":true,"href":"https:\/\/linfuseur.com\/de\/wp-json\/wp\/v2\/comments?post=22845"}],"wp:featuredmedia":[{"embeddable":true,"href":"https:\/\/linfuseur.com\/de\/wp-json\/wp\/v2\/media\/22445"}],"wp:attachment":[{"href":"https:\/\/linfuseur.com\/de\/wp-json\/wp\/v2\/media?parent=22845"}],"wp:term":[{"taxonomy":"product_brand","embeddable":true,"href":"https:\/\/linfuseur.com\/de\/wp-json\/wp\/v2\/product_brand?post=22845"},{"taxonomy":"product_cat","embeddable":true,"href":"https:\/\/linfuseur.com\/de\/wp-json\/wp\/v2\/product_cat?post=22845"},{"taxonomy":"product_tag","embeddable":true,"href":"https:\/\/linfuseur.com\/de\/wp-json\/wp\/v2\/product_tag?post=22845"},{"taxonomy":"giftcard-category","embeddable":true,"href":"https:\/\/linfuseur.com\/de\/wp-json\/wp\/v2\/giftcard-category?post=22845"}],"curies":[{"name":"wp","href":"https:\/\/api.w.org\/{rel}","templated":true}]}}