{"id":30158,"date":"2024-09-16T08:25:53","date_gmt":"2024-09-16T08:25:53","guid":{"rendered":"https:\/\/linfuseur.com\/produit\/bruehe-tomate-sellerie-bio\/"},"modified":"2026-04-09T19:15:13","modified_gmt":"2026-04-09T19:15:13","slug":"bruhe-tomate-sellerie-bio","status":"publish","type":"product","link":"https:\/\/linfuseur.com\/de\/produit\/bruhe-tomate-sellerie-bio\/","title":{"rendered":"Bio-Gem\u00fcsebr\u00fche Tomate-Sellerie"},"content":{"rendered":"<p><strong>Zubereitung  <\/strong><br \/>\nF\u00fcr das beste Geschmackserlebnis gie\u00dfen Sie einen Beutel in einer Tasse mit 95&nbsp;\u00b0C hei\u00dfem Wasser auf und lassen die Br\u00fche etwa 7 bis 10&nbsp;Minuten lang ziehen.<br \/>\nZudem k\u00f6nnen Sie Ihre Lieblingsgerichte noch leckerer machen, indem Sie beim Zubereiten einen Beutel dieser Br\u00fche hinzugeben.<\/p>\n<p><strong>Allergene<\/strong><br \/>\nDieses Produkt enth\u00e4lt Sellerie.<\/p>\n<p><strong>Aufbewahrung<\/strong><br \/>\nLagern Sie das Produkt an einem k\u00fchlen und trockenen Ort.<\/p>\n","protected":false},"excerpt":{"rendered":"<p>Zubereitung F\u00fcr das beste Geschmackserlebnis gie\u00dfen Sie einen Beutel in einer Tasse mit 95&nbsp;\u00b0C hei\u00dfem Wasser auf und lassen die Br\u00fche etwa 7 bis 10&nbsp;Minuten lang ziehen. Zudem k\u00f6nnen Sie Ihre Lieblingsgerichte noch leckerer machen, indem Sie beim Zubereiten einen Beutel dieser Br\u00fche hinzugeben. Allergene Dieses Produkt enth\u00e4lt Sellerie. Aufbewahrung Lagern Sie das Produkt anLire la suite<\/p>\n","protected":false},"featured_media":40502,"comment_status":"open","ping_status":"closed","template":"","meta":{"_acf_changed":false},"product_brand":[],"product_cat":[252,264,153,157,154],"product_tag":[],"giftcard-category":[],"class_list":{"0":"post-30158","1":"product","2":"type-product","3":"status-publish","4":"has-post-thumbnail","6":"product_cat-bruhe","7":"product_cat-wohlbefinden-lifestyle","8":"product_cat-selection-de-noel","9":"product_cat-infuseur-de","10":"product_cat-krautertees","12":"first","13":"instock","14":"taxable","15":"shipping-taxable","16":"purchasable","17":"product-type-variable","18":"has-default-attributes","19":"wvs-pro-product","20":"wvs-pro-before-cart-button"},"acf":[],"yoast_head":"<!-- This site is optimized with the Yoast SEO plugin v26.8 - https:\/\/yoast.com\/product\/yoast-seo-wordpress\/ -->\n<title>Bio-Gem\u00fcsebr\u00fche Tomate-Sellerie - L&#039;infuseur Paris<\/title>\n<meta name=\"robots\" content=\"index, follow, max-snippet:-1, max-image-preview:large, max-video-preview:-1\" \/>\n<link rel=\"canonical\" href=\"https:\/\/linfuseur.com\/de\/produit\/bruhe-tomate-sellerie-bio\/\" \/>\n<meta property=\"og:locale\" content=\"de_DE\" \/>\n<meta property=\"og:type\" content=\"article\" \/>\n<meta property=\"og:title\" content=\"Bio-Gem\u00fcsebr\u00fche Tomate-Sellerie - L&#039;infuseur Paris\" \/>\n<meta property=\"og:description\" content=\"Zubereitung F\u00fcr das beste Geschmackserlebnis gie\u00dfen Sie einen Beutel in einer Tasse mit 95&nbsp;\u00b0C hei\u00dfem Wasser auf und lassen die Br\u00fche etwa 7 bis 10&nbsp;Minuten lang ziehen. Zudem k\u00f6nnen Sie Ihre Lieblingsgerichte noch leckerer machen, indem Sie beim Zubereiten einen Beutel dieser Br\u00fche hinzugeben. Allergene Dieses Produkt enth\u00e4lt Sellerie. Aufbewahrung Lagern Sie das Produkt anLire la suite\" \/>\n<meta property=\"og:url\" content=\"https:\/\/linfuseur.com\/de\/produit\/bruhe-tomate-sellerie-bio\/\" \/>\n<meta property=\"og:site_name\" content=\"L&#039;infuseur Paris\" \/>\n<meta property=\"article:modified_time\" content=\"2026-04-09T19:15:13+00:00\" \/>\n<meta property=\"og:image\" content=\"https:\/\/linfuseur.com\/wp-content\/uploads\/2024\/09\/bouillon-linfuseur-tomate-sachet.jpg\" \/>\n\t<meta property=\"og:image:width\" content=\"1600\" \/>\n\t<meta property=\"og:image:height\" content=\"1600\" \/>\n\t<meta property=\"og:image:type\" content=\"image\/jpeg\" \/>\n<script type=\"application\/ld+json\" class=\"yoast-schema-graph\">{\"@context\":\"https:\/\/schema.org\",\"@graph\":[{\"@type\":\"WebPage\",\"@id\":\"https:\/\/linfuseur.com\/de\/produit\/bruhe-tomate-sellerie-bio\/\",\"url\":\"https:\/\/linfuseur.com\/de\/produit\/bruhe-tomate-sellerie-bio\/\",\"name\":\"Bio-Gem\u00fcsebr\u00fche Tomate-Sellerie - L&#039;infuseur Paris\",\"isPartOf\":{\"@id\":\"https:\/\/linfuseur.com\/de\/#website\"},\"primaryImageOfPage\":{\"@id\":\"https:\/\/linfuseur.com\/de\/produit\/bruhe-tomate-sellerie-bio\/#primaryimage\"},\"image\":{\"@id\":\"https:\/\/linfuseur.com\/de\/produit\/bruhe-tomate-sellerie-bio\/#primaryimage\"},\"thumbnailUrl\":\"https:\/\/linfuseur.com\/wp-content\/uploads\/2024\/09\/bouillon-linfuseur-tomate-sachet.jpg\",\"datePublished\":\"2024-09-16T08:25:53+00:00\",\"dateModified\":\"2026-04-09T19:15:13+00:00\",\"breadcrumb\":{\"@id\":\"https:\/\/linfuseur.com\/de\/produit\/bruhe-tomate-sellerie-bio\/#breadcrumb\"},\"inLanguage\":\"de\",\"potentialAction\":[{\"@type\":\"ReadAction\",\"target\":[\"https:\/\/linfuseur.com\/de\/produit\/bruhe-tomate-sellerie-bio\/\"]}]},{\"@type\":\"ImageObject\",\"inLanguage\":\"de\",\"@id\":\"https:\/\/linfuseur.com\/de\/produit\/bruhe-tomate-sellerie-bio\/#primaryimage\",\"url\":\"https:\/\/linfuseur.com\/wp-content\/uploads\/2024\/09\/bouillon-linfuseur-tomate-sachet.jpg\",\"contentUrl\":\"https:\/\/linfuseur.com\/wp-content\/uploads\/2024\/09\/bouillon-linfuseur-tomate-sachet.jpg\",\"width\":1600,\"height\":1600,\"caption\":\"bouillon tomate celeri L'infuseur\"},{\"@type\":\"BreadcrumbList\",\"@id\":\"https:\/\/linfuseur.com\/de\/produit\/bruhe-tomate-sellerie-bio\/#breadcrumb\",\"itemListElement\":[{\"@type\":\"ListItem\",\"position\":1,\"name\":\"Home\",\"item\":\"https:\/\/linfuseur.com\/de\/\"},{\"@type\":\"ListItem\",\"position\":2,\"name\":\"Shop\",\"item\":\"https:\/\/linfuseur.com\/de\/shop\/\"},{\"@type\":\"ListItem\",\"position\":3,\"name\":\"Br\u00fchen\",\"item\":\"https:\/\/linfuseur.com\/de\/categorie-produit\/bruhe\/\"},{\"@type\":\"ListItem\",\"position\":4,\"name\":\"Bio-Gem\u00fcsebr\u00fche Tomate-Sellerie\"}]},{\"@type\":\"WebSite\",\"@id\":\"https:\/\/linfuseur.com\/de\/#website\",\"url\":\"https:\/\/linfuseur.com\/de\/\",\"name\":\"L'infuseur Paris\",\"description\":\"L&#039;infuseur Paris - Collection d&#039;infusions\",\"potentialAction\":[{\"@type\":\"SearchAction\",\"target\":{\"@type\":\"EntryPoint\",\"urlTemplate\":\"https:\/\/linfuseur.com\/de\/?s={search_term_string}\"},\"query-input\":{\"@type\":\"PropertyValueSpecification\",\"valueRequired\":true,\"valueName\":\"search_term_string\"}}],\"inLanguage\":\"de\"}]}<\/script>\n<!-- \/ Yoast SEO plugin. -->","yoast_head_json":{"title":"Bio-Gem\u00fcsebr\u00fche Tomate-Sellerie - L&#039;infuseur Paris","robots":{"index":"index","follow":"follow","max-snippet":"max-snippet:-1","max-image-preview":"max-image-preview:large","max-video-preview":"max-video-preview:-1"},"canonical":"https:\/\/linfuseur.com\/de\/produit\/bruhe-tomate-sellerie-bio\/","og_locale":"de_DE","og_type":"article","og_title":"Bio-Gem\u00fcsebr\u00fche Tomate-Sellerie - L&#039;infuseur Paris","og_description":"Zubereitung F\u00fcr das beste Geschmackserlebnis gie\u00dfen Sie einen Beutel in einer Tasse mit 95&nbsp;\u00b0C hei\u00dfem Wasser auf und lassen die Br\u00fche etwa 7 bis 10&nbsp;Minuten lang ziehen. Zudem k\u00f6nnen Sie Ihre Lieblingsgerichte noch leckerer machen, indem Sie beim Zubereiten einen Beutel dieser Br\u00fche hinzugeben. Allergene Dieses Produkt enth\u00e4lt Sellerie. Aufbewahrung Lagern Sie das Produkt anLire la suite","og_url":"https:\/\/linfuseur.com\/de\/produit\/bruhe-tomate-sellerie-bio\/","og_site_name":"L&#039;infuseur Paris","article_modified_time":"2026-04-09T19:15:13+00:00","og_image":[{"width":1600,"height":1600,"url":"https:\/\/linfuseur.com\/wp-content\/uploads\/2024\/09\/bouillon-linfuseur-tomate-sachet.jpg","type":"image\/jpeg"}],"schema":{"@context":"https:\/\/schema.org","@graph":[{"@type":"WebPage","@id":"https:\/\/linfuseur.com\/de\/produit\/bruhe-tomate-sellerie-bio\/","url":"https:\/\/linfuseur.com\/de\/produit\/bruhe-tomate-sellerie-bio\/","name":"Bio-Gem\u00fcsebr\u00fche Tomate-Sellerie - L&#039;infuseur Paris","isPartOf":{"@id":"https:\/\/linfuseur.com\/de\/#website"},"primaryImageOfPage":{"@id":"https:\/\/linfuseur.com\/de\/produit\/bruhe-tomate-sellerie-bio\/#primaryimage"},"image":{"@id":"https:\/\/linfuseur.com\/de\/produit\/bruhe-tomate-sellerie-bio\/#primaryimage"},"thumbnailUrl":"https:\/\/linfuseur.com\/wp-content\/uploads\/2024\/09\/bouillon-linfuseur-tomate-sachet.jpg","datePublished":"2024-09-16T08:25:53+00:00","dateModified":"2026-04-09T19:15:13+00:00","breadcrumb":{"@id":"https:\/\/linfuseur.com\/de\/produit\/bruhe-tomate-sellerie-bio\/#breadcrumb"},"inLanguage":"de","potentialAction":[{"@type":"ReadAction","target":["https:\/\/linfuseur.com\/de\/produit\/bruhe-tomate-sellerie-bio\/"]}]},{"@type":"ImageObject","inLanguage":"de","@id":"https:\/\/linfuseur.com\/de\/produit\/bruhe-tomate-sellerie-bio\/#primaryimage","url":"https:\/\/linfuseur.com\/wp-content\/uploads\/2024\/09\/bouillon-linfuseur-tomate-sachet.jpg","contentUrl":"https:\/\/linfuseur.com\/wp-content\/uploads\/2024\/09\/bouillon-linfuseur-tomate-sachet.jpg","width":1600,"height":1600,"caption":"bouillon tomate celeri L'infuseur"},{"@type":"BreadcrumbList","@id":"https:\/\/linfuseur.com\/de\/produit\/bruhe-tomate-sellerie-bio\/#breadcrumb","itemListElement":[{"@type":"ListItem","position":1,"name":"Home","item":"https:\/\/linfuseur.com\/de\/"},{"@type":"ListItem","position":2,"name":"Shop","item":"https:\/\/linfuseur.com\/de\/shop\/"},{"@type":"ListItem","position":3,"name":"Br\u00fchen","item":"https:\/\/linfuseur.com\/de\/categorie-produit\/bruhe\/"},{"@type":"ListItem","position":4,"name":"Bio-Gem\u00fcsebr\u00fche Tomate-Sellerie"}]},{"@type":"WebSite","@id":"https:\/\/linfuseur.com\/de\/#website","url":"https:\/\/linfuseur.com\/de\/","name":"L'infuseur Paris","description":"L&#039;infuseur Paris - Collection d&#039;infusions","potentialAction":[{"@type":"SearchAction","target":{"@type":"EntryPoint","urlTemplate":"https:\/\/linfuseur.com\/de\/?s={search_term_string}"},"query-input":{"@type":"PropertyValueSpecification","valueRequired":true,"valueName":"search_term_string"}}],"inLanguage":"de"}]}},"_links":{"self":[{"href":"https:\/\/linfuseur.com\/de\/wp-json\/wp\/v2\/product\/30158","targetHints":{"allow":["GET"]}}],"collection":[{"href":"https:\/\/linfuseur.com\/de\/wp-json\/wp\/v2\/product"}],"about":[{"href":"https:\/\/linfuseur.com\/de\/wp-json\/wp\/v2\/types\/product"}],"replies":[{"embeddable":true,"href":"https:\/\/linfuseur.com\/de\/wp-json\/wp\/v2\/comments?post=30158"}],"wp:featuredmedia":[{"embeddable":true,"href":"https:\/\/linfuseur.com\/de\/wp-json\/wp\/v2\/media\/40502"}],"wp:attachment":[{"href":"https:\/\/linfuseur.com\/de\/wp-json\/wp\/v2\/media?parent=30158"}],"wp:term":[{"taxonomy":"product_brand","embeddable":true,"href":"https:\/\/linfuseur.com\/de\/wp-json\/wp\/v2\/product_brand?post=30158"},{"taxonomy":"product_cat","embeddable":true,"href":"https:\/\/linfuseur.com\/de\/wp-json\/wp\/v2\/product_cat?post=30158"},{"taxonomy":"product_tag","embeddable":true,"href":"https:\/\/linfuseur.com\/de\/wp-json\/wp\/v2\/product_tag?post=30158"},{"taxonomy":"giftcard-category","embeddable":true,"href":"https:\/\/linfuseur.com\/de\/wp-json\/wp\/v2\/giftcard-category?post=30158"}],"curies":[{"name":"wp","href":"https:\/\/api.w.org\/{rel}","templated":true}]}}